{"id":11,"date":"2024-04-14T18:44:50","date_gmt":"2024-04-14T18:44:50","guid":{"rendered":"https:\/\/mood.webgiantdemo.se\/?page_id=11"},"modified":"2025-08-07T12:47:49","modified_gmt":"2025-08-07T12:47:49","slug":"branscher","status":"publish","type":"page","link":"https:\/\/moodnordic.se\/en\/branscher\/","title":{"rendered":"Industries - Audiovisual solutions for businesses"},"content":{"rendered":"<h1>\n<h1>A BUSINESS PARTNER FOR ALL<\/h2>\n<\/h1>\n<hr>\n<div>\n<p>Transform your environment with sound, scent and digital impressions - create an experience that is noticed and remembered<br \/>At Mood Nordic, we know that first impressions are crucial - and that the right atmosphere affects emotions, behavior and business results. That's why we offer the most complete and integrated background music, scent marketing and digital signage solutions on the market - tailored to your unique environment.<\/p>\n<p>We help businesses across all industries transform their spaces into places people enjoy, stay longer in - and return to. Whether you run a shop, hotel, restaurant, office, car showroom, gym or public space, we know how to create the right atmosphere that strengthens your brand and influences your customers' experience.<\/p>\n<div><span style=\"font-size: large;\">We offer:<\/span><\/div>\n<ul>\n<li><span style=\"font-size: large;\">Professional sound systems &amp; background music - choose the right sound profile for every space and time of day.<\/span><\/li>\n<li><span style=\"font-size: large;\">Fragrance Solutions that reinforce the brand - subtle, exclusive scents that create emotional connections.<\/span><\/li>\n<li><span style=\"font-size: large;\">Digital signage - powerful visual communication for offers, branding and customer flow management.<\/span><\/li>\n<\/ul>\n<p><span style=\"font-size: large;\">We are a full-service provider - from concept to operation. We take responsibility for the whole process:<\/span><\/p>\n<ul>\n<li><span style=\"font-size: large;\">Strategy &amp; design<\/span><\/li>\n<li><span style=\"font-size: large;\">Installation &amp; technical solution<\/span><\/li>\n<li><span style=\"font-size: large;\">Content production and adaptation<\/span><\/li>\n<li><span style=\"font-size: large;\">Local service &amp; fast support<\/span><\/li>\n<\/ul>\n<div><span style=\"font-size: large;\">All so you can focus on your business - while we optimize the atmosphere.<\/p>\n<p><b>We are ready - are you?<\/b><\/span><\/div>\n<div><span style=\"font-size: large;\"><b><\/b>Whatever your industry, we'll help you create the right atmosphere.<br \/>Can't find your industry? No problem - our solutions are always customized.<br \/>Contact us today, and we will develop a free proposal for your particular environment.<b><\/b><\/span><\/div>\n<div class=\"jfk-bubble gtx-bubble\" role=\"alertdialog\" aria-describedby=\"bubble-6\" style=\"visibility: visible; left: 126px; top: 32px; opacity: 1;\">\n<div class=\"jfk-bubble-closebtn-id jfk-bubble-closebtn\" aria-label=\"Close\" role=\"button\" tabindex=\"0\"><\/div>\n<div class=\"jfk-bubble-arrow-id jfk-bubble-arrow jfk-bubble-arrowdown\" style=\"left: 131.195px;\">\n<div class=\"jfk-bubble-arrowimplbefore\"><\/div>\n<div class=\"jfk-bubble-arrowimplafter\"><\/div>\n<\/div>\n<\/div>\n<\/div>\n<ul>\n<li>\n        <a href=\"\/en\/branscher\/bilbranschen-audiovisuella-losningar\/\">The car industry<\/a>\n    <\/li>\n<li>\n        <a href=\"\/en\/branscher\/finans\/\">Finance<\/a>\n    <\/li>\n<li>\n        <a href=\"\/en\/branscher\/traning\/\">Training<\/a>\n    <\/li>\n<li>\n        <a href=\"\/en\/branscher\/livsmedelsbutik\/\">Grocery stores<\/a>\n    <\/li>\n<li>\n        <a href=\"\/en\/branscher\/vard\/\">Health care<\/a>\n    <\/li>\n<li>\n        <a href=\"\/en\/branscher\/hotell\/\">Hotels<\/a>\n    <\/li>\n<li>\n        <a href=\"\/en\/snabbmatsrestaurang\/\">Fast food restaurants<\/a>\n    <\/li>\n<li>\n        <a href=\"\/en\/branscher\/restaurang\/\">Restaurant<\/a>\n    <\/li>\n<li>\n        <a href=\"\/en\/branscher\/detaljhandel\/\">Retail trade<\/a>\n    <\/li>\n<li>\n        <a href=\"\/en\/branscher\/salong-spa\/\">Salon &amp; Spa<\/a>\n    <\/li>\n<\/ul>\n<h2>CONTACT US<\/h2>\n<div>\n<div class=\"et_pb_module et_pb_text et_pb_text_9  et_pb_text_align_center et_pb_bg_layout_dark\">\n<div class=\"et_pb_text_inner\">\n<p class=\"intro\">Enhance your customer experience with Mood Nordic's powerful solutions.<\/p>\n<\/div>\n<\/div>\n<div class=\"et_pb_module et_pb_code et_pb_code_1\">\n<div class=\"et_pb_code_inner\">\n<form id=\"mktoForm_1462\" __bizdiag=\"196355617\" __biza=\"WJ__\" novalidate=\"novalidate\" class=\"mktoForm mktoHasWidth mktoLayoutLeft\" action=\"\">\n<div class=\"mktoFormRow\">\n<div class=\"mktoFieldDescriptor mktoFormCol\">\n<div class=\"mktoOffset\"><\/div>\n<div class=\"mktoFieldWrap mktoRequiredField\"><\/div>\n<\/div>\n<\/div>\n<input type=\"hidden\" name=\"trp-form-language\" value=\"en\"\/><\/form>\n<\/div>\n<\/div>\n<\/div>\n<div>\n<div class=\"wpcf7 no-js\" id=\"wpcf7-f289-o1\" lang=\"sv-SE\" dir=\"ltr\" data-wpcf7-id=\"289\">\n<div class=\"screen-reader-response\"><p role=\"status\" aria-live=\"polite\" aria-atomic=\"true\"><\/p> <ul><\/ul><\/div>\n<form action=\"\/en\/wp-json\/wp\/v2\/pages\/11#wpcf7-f289-o1\" method=\"post\" class=\"wpcf7-form init\" aria-label=\"Kontaktformul\u00e4r\" novalidate=\"novalidate\" data-status=\"init\" data-trp-original-action=\"\/en\/wp-json\/wp\/v2\/pages\/11#wpcf7-f289-o1\">\n<div style=\"display: none;\">\n<input type=\"hidden\" name=\"_wpcf7\" value=\"289\" \/>\n<input type=\"hidden\" name=\"_wpcf7_version\" value=\"6.0.6\" \/>\n<input type=\"hidden\" name=\"_wpcf7_locale\" value=\"sv_SE\" \/>\n<input type=\"hidden\" name=\"_wpcf7_unit_tag\" value=\"wpcf7-f289-o1\" \/>\n<input type=\"hidden\" name=\"_wpcf7_container_post\" value=\"0\" \/>\n<input type=\"hidden\" name=\"_wpcf7_posted_data_hash\" value=\"\" \/>\n<\/div>\n<div class=\"uk-margin\">\n\t<div class=\"uk-grid-small uk-child-width-1-2@s\" uk-grid>\n\t\t<p><span class=\"wpcf7-form-control-wrap\" data-name=\"your-first-name\"><input size=\"40\" maxlength=\"400\" class=\"wpcf7-form-control wpcf7-text wpcf7-validates-as-required uk-input\" aria-required=\"true\" aria-invalid=\"false\" placeholder=\"First name\" value=\"\" type=\"text\" name=\"your-first-name\" \/><\/span>\n\t\t<\/p>\n\t\t<p><span class=\"wpcf7-form-control-wrap\" data-name=\"your-last-name\"><input size=\"40\" maxlength=\"400\" class=\"wpcf7-form-control wpcf7-text wpcf7-validates-as-required uk-input\" aria-required=\"true\" aria-invalid=\"false\" placeholder=\"Surname\" value=\"\" type=\"text\" name=\"your-last-name\" \/><\/span>\n\t\t<\/p>\n\t<\/div>\n<\/div>\n<div class=\"uk-margin\">\n\t<div class=\"uk-grid-small uk-child-width-1-2@s\" uk-grid>\n\t\t<p><span class=\"wpcf7-form-control-wrap\" data-name=\"your-email\"><input size=\"40\" maxlength=\"400\" class=\"wpcf7-form-control wpcf7-email wpcf7-validates-as-required wpcf7-text wpcf7-validates-as-email uk-input\" aria-required=\"true\" aria-invalid=\"false\" placeholder=\"E-mail address\" value=\"\" type=\"email\" name=\"your-email\" \/><\/span>\n\t\t<\/p>\n\t\t<p><span class=\"wpcf7-form-control-wrap\" data-name=\"your-phone\"><input size=\"40\" maxlength=\"400\" class=\"wpcf7-form-control wpcf7-tel wpcf7-text wpcf7-validates-as-tel uk-input\" aria-invalid=\"false\" placeholder=\"Tel\" value=\"\" type=\"tel\" name=\"your-phone\" \/><\/span>\n\t\t<\/p>\n\t<\/div>\n<\/div>\n<div class=\"uk-margin\">\n\t<div class=\"uk-grid-small uk-child-width-1-2@s\" uk-grid>\n\t\t<p><span class=\"wpcf7-form-control-wrap\" data-name=\"your-company\"><input size=\"40\" maxlength=\"400\" class=\"wpcf7-form-control wpcf7-text uk-input\" aria-invalid=\"false\" placeholder=\"Company\" value=\"\" type=\"text\" name=\"your-company\" \/><\/span>\n\t\t<\/p>\n\t\t<p><span class=\"wpcf7-form-control-wrap\" data-name=\"your-postal-code\"><input size=\"40\" maxlength=\"400\" class=\"wpcf7-form-control wpcf7-text uk-input\" aria-invalid=\"false\" placeholder=\"Postal code\" value=\"\" type=\"text\" name=\"your-postal-code\" \/><\/span>\n\t\t<\/p>\n\t<\/div>\n<\/div>\n<div class=\"uk-margin\">\n\t<p><span class=\"wpcf7-form-control-wrap\" data-name=\"your-message\"><textarea cols=\"40\" rows=\"3\" maxlength=\"2000\" class=\"wpcf7-form-control wpcf7-textarea uk-textarea\" aria-invalid=\"false\" placeholder=\"Your message\" name=\"your-message\"><\/textarea><\/span>\n\t<\/p>\n<\/div>\n<input class=\"wpcf7-form-control wpcf7-hidden\" value=\"\" type=\"hidden\" name=\"page-url\" \/>\n<div class=\"uk-margin uk-text-center\">\n\t<p><input class=\"wpcf7-form-control wpcf7-submit has-spinner uk-button uk-button-primary\" type=\"submit\" value=\"SEND FORM\" \/>\n\t<\/p>\n<\/div><div class=\"wpcf7-response-output\" aria-hidden=\"true\"><\/div>\n<input type=\"hidden\" name=\"trp-form-language\" value=\"en\"\/><\/form>\n<\/div>\n<\/div>\n<p><!--more--><br \/>\n<!-- {\"type\":\"layout\",\"children\":[{\"type\":\"section\",\"props\":{\"image\":\"wp-content\\\/uploads\\\/2024\\\/08\\\/push-play.jpg\",\"image_position\":\"top-center\",\"image_size\":\"cover\",\"media_focal_point\":\"top-right\",\"style\":\"default\",\"title_breakpoint\":\"xl\",\"title_position\":\"top-left\",\"title_rotation\":\"left\",\"vertical_align\":\"middle\",\"width\":\"default\"},\"children\":[{\"type\":\"row\",\"children\":[{\"type\":\"column\",\"props\":{\"image_position\":\"center-center\",\"position_sticky_breakpoint\":\"m\"},\"children\":[{\"type\":\"headline\",\"props\":{\"content\":\"\n\n<h1>EN AFF\\u00c4RSPARTNER F\\u00d6R ALLA<\\\/h2>\",\"title_element\":\"h1\"}}]}]},{\"type\":\"row\",\"children\":[{\"type\":\"column\",\"props\":{\"image_position\":\"center-center\",\"position_sticky_breakpoint\":\"m\"},\"children\":[{\"type\":\"divider\",\"props\":{\"divider_element\":\"hr\",\"divider_style\":\"small\"}}]}]},{\"type\":\"row\",\"children\":[{\"type\":\"column\",\"props\":{\"image_position\":\"center-center\",\"position_sticky_breakpoint\":\"m\",\"width_medium\":\"1-2\"},\"children\":[{\"type\":\"text\",\"props\":{\"column_breakpoint\":\"m\",\"content\":\"\n\n<p>F\\u00f6rvandla din milj\\u00f6 med ljud, doft och digitala intryck \\u2013 skapa en upplevelse som m\\u00e4rks och minns<br \\\/>P\\u00e5 Mood Nordic vet vi att f\\u00f6rsta intrycket \\u00e4r avg\\u00f6rande \\u2013 och att r\\u00e4tt atmosf\\u00e4r p\\u00e5verkar b\\u00e5de k\\u00e4nslor, beteenden och aff\\u00e4rsresultat. D\\u00e4rf\\u00f6r erbjuder vi marknadens mest kompletta och integrerade l\\u00f6sningar inom bakgrundsmusik, doftmarknadsf\\u00f6ring och digital skyltning \\u2013 skr\\u00e4ddarsydda f\\u00f6r din unika milj\\u00f6.<\\\/p>\\n\n\n<p>Vi hj\\u00e4lper f\\u00f6retag inom alla branscher att f\\u00f6rvandla sina lokaler till platser m\\u00e4nniskor trivs i, stannar l\\u00e4ngre i \\u2013 och \\u00e5terv\\u00e4nder till. Vare sig du driver butik, hotell, restaurang, kontor, bilhall, gym eller ett offentligt utrymme, s\\u00e5 vet vi hur man skapar r\\u00e4tt st\\u00e4mning som st\\u00e4rker ditt varum\\u00e4rke och p\\u00e5verkar dina kunders upplevelse.<\\\/p>\\n\n\n<div><span style=\\\"font-size: large;\\\">Vi erbjuder:<\\\/span><\\\/div>\\n\n\n<ul>\\n\n\n<li><span style=\\\"font-size: large;\\\">Professionella ljudsystem &amp; bakgrundsmusik \\u2013 v\\u00e4lj r\\u00e4tt ljudprofil f\\u00f6r varje yta och tid p\\u00e5 dygnet.<\\\/span><\\\/li>\\n\n\n<li><span style=\\\"font-size: large;\\\">Doft L\\u00f6sningar som f\\u00f6rst\\u00e4rker varum\\u00e4rket \\u2013 subtila, exklusiva dofter som skapar k\\u00e4nslom\\u00e4ssiga kopplingar.<\\\/span><\\\/li>\\n\n\n<li><span style=\\\"font-size: large;\\\">Digital signage \\u2013 kraftfull visuell kommunikation f\\u00f6r erbjudanden, varum\\u00e4rkesbyggande och kundfl\\u00f6desstyrning.<\\\/span><\\\/li>\\n<\\\/ul>\\n\n\n<p><span style=\\\"font-size: large;\\\">Vi \\u00e4r en helhetsleverant\\u00f6r \\u2013 fr\\u00e5n id\\u00e9 till drift. Vi tar ansvar f\\u00f6r hela processen:<\\\/span><\\\/p>\\n\n\n<ul>\\n\n\n<li><span style=\\\"font-size: large;\\\">Strategi &amp; design<\\\/span><\\\/li>\\n\n\n<li><span style=\\\"font-size: large;\\\">Installation &amp; teknisk l\\u00f6sning<\\\/span><\\\/li>\\n\n\n<li><span style=\\\"font-size: large;\\\">Inneh\\u00e5llsproduktion och anpassning<\\\/span><\\\/li>\\n\n\n<li><span style=\\\"font-size: large;\\\">Lokal service &amp; snabb support<\\\/span><\\\/li>\\n<\\\/ul>\\n\n\n<div><span style=\\\"font-size: large;\\\">Allt f\\u00f6r att du ska kunna fokusera p\\u00e5 din verksamhet \\u2013 medan vi optimerar atmosf\\u00e4ren.<br \\\/><br \\\/><b>Vi \\u00e4r redo \\u2013 \\u00e4r du?<\\\/b><\\\/span><\\\/div>\\n\n\n<div><span style=\\\"font-size: large;\\\"><b><\\\/b>Oavsett vilken bransch du verkar i, hj\\u00e4lper vi dig att skapa den r\\u00e4tta k\\u00e4nslan.<br \\\/>Hittar du inte din bransch? Inga problem \\u2013 v\\u00e5ra l\\u00f6sningar \\u00e4r alltid kundanpassade.<br \\\/>Kontakta oss idag, s\\u00e5 tar vi fram ett kostnadsfritt f\\u00f6rslag f\\u00f6r just din milj\\u00f6.<b><\\\/b><\\\/span><\\\/div>\\n\n\n<div class=\\\"jfk-bubble gtx-bubble\\\" role=\\\"alertdialog\\\" aria-describedby=\\\"bubble-6\\\" style=\\\"visibility: visible; left: 126px; top: 32px; opacity: 1;\\\">\\n\n\n<div class=\\\"jfk-bubble-closebtn-id jfk-bubble-closebtn\\\" aria-label=\\\"Close\\\" role=\\\"button\\\" tabindex=\\\"0\\\"><\\\/div>\\n\n\n<div class=\\\"jfk-bubble-arrow-id jfk-bubble-arrow jfk-bubble-arrowdown\\\" style=\\\"left: 131.195px;\\\">\\n\n\n<div class=\\\"jfk-bubble-arrowimplbefore\\\"><\\\/div>\\n\n\n<div class=\\\"jfk-bubble-arrowimplafter\\\"><\\\/div>\\n<\\\/div>\\n<\\\/div>\",\"margin\":\"default\",\"text_color\":\"emphasis\",\"text_style\":\"lead\"}}]},{\"type\":\"column\",\"props\":{\"image_position\":\"center-center\",\"position_sticky_breakpoint\":\"m\",\"width_medium\":\"1-2\"}}],\"props\":{\"layout\":\"1-2,1-2\"}},{\"type\":\"row\",\"children\":[{\"type\":\"column\",\"props\":{\"image_position\":\"center-center\",\"position_sticky_breakpoint\":\"m\",\"style\":\"card-default\"},\"children\":[{\"type\":\"subnav\",\"props\":{\"css\":\".el-link{\\n    color: #232323;\\n    font-size: 21px;\\n    font-weight: 500;\\n    text-transform: none;\\n    border-bottom-color: #cd102f;\\n}\\n.el-link:hover {\\n    border-bottom-color: #232323;\\n}\",\"subnav_style\":\"tab\",\"text_align\":\"center\"},\"children\":[{\"type\":\"subnav_item\",\"props\":{\"content\":\"Bilbranschen\",\"link\":\"branscher\\\/bilbranschen-audiovisuella-losningar\\\/\"}},{\"type\":\"subnav_item\",\"props\":{\"content\":\"Finans\",\"link\":\"branscher\\\/finans\\\/\"}},{\"type\":\"subnav_item\",\"props\":{\"content\":\"Tr\\u00e4ning\",\"link\":\"branscher\\\/traning\\\/\"}},{\"type\":\"subnav_item\",\"props\":{\"content\":\"Livsmedelsbutiker\",\"link\":\"branscher\\\/livsmedelsbutik\\\/\"}},{\"type\":\"subnav_item\",\"props\":{\"content\":\"H\\u00e4lsov\\u00e5rd\",\"link\":\"branscher\\\/vard\\\/\"}},{\"type\":\"subnav_item\",\"props\":{\"content\":\"Hotell\",\"link\":\"branscher\\\/hotell\\\/\"}},{\"type\":\"subnav_item\",\"props\":{\"content\":\"Snabbmatsrestauranger\",\"link\":\"snabbmatsrestaurang\\\/\"}},{\"type\":\"subnav_item\",\"props\":{\"content\":\"Restaurang\",\"link\":\"branscher\\\/restaurang\\\/\"}},{\"type\":\"subnav_item\",\"props\":{\"content\":\"Detaljhandel\",\"link\":\"branscher\\\/detaljhandel\\\/\"}},{\"type\":\"subnav_item\",\"props\":{\"content\":\"Salong & Spa\",\"link\":\"branscher\\\/salong-spa\\\/\"}}],\"name\":\"industries subnav 3 Swedish\"}]}]}],\"name\":\"Audiovisual hero w\\\/ buttons\"},{\"type\":\"section\",\"props\":{\"css\":\".el-section{\\n\\tbackground-color: #222222;\\n}\",\"image_position\":\"center-center\",\"style\":\"secondary\",\"title_breakpoint\":\"xl\",\"title_position\":\"top-left\",\"title_rotation\":\"left\",\"vertical_align\":\"middle\",\"width\":\"default\"},\"children\":[{\"type\":\"row\",\"children\":[{\"type\":\"column\",\"props\":{\"image_position\":\"center-center\",\"position_sticky_breakpoint\":\"m\"},\"children\":[{\"type\":\"headline\",\"props\":{\"content\":\"KONTAKTA OSS\",\"text_align\":\"center\",\"title_element\":\"h2\"}},{\"type\":\"text\",\"props\":{\"column_breakpoint\":\"m\",\"content\":\"\n\n<div class=\\\"et_pb_module et_pb_text et_pb_text_9  et_pb_text_align_center et_pb_bg_layout_dark\\\">\\n\n\n<div class=\\\"et_pb_text_inner\\\">\\n\n\n<p class=\\\"intro\\\">F\\u00f6rh\\u00f6j din kundupplevelse med hj\\u00e4lp av Mood Nordics kraftfulla l\\u00f6sningar.<\\\/p>\\n<\\\/div>\\n<\\\/div>\\n\n\n<div class=\\\"et_pb_module et_pb_code et_pb_code_1\\\">\\n\n\n<div class=\\\"et_pb_code_inner\\\">\n\n<form id=\\\"mktoForm_1462\\\" __bizdiag=\\\"196355617\\\" __biza=\\\"WJ__\\\" novalidate=\\\"novalidate\\\" class=\\\"mktoForm mktoHasWidth mktoLayoutLeft\\\">\\n\n\n<div class=\\\"mktoFormRow\\\">\\n\n\n<div class=\\\"mktoFieldDescriptor mktoFormCol\\\">\\n\n\n<div class=\\\"mktoOffset\\\"><\\\/div>\\n\n\n<div class=\\\"mktoFieldWrap mktoRequiredField\\\"><\\\/div>\\n<\\\/div>\\n<\\\/div>\\n<\\\/form><\\\/div>\\n<\\\/div>\",\"margin\":\"default\",\"text_align\":\"center\",\"text_style\":\"large\"}},{\"type\":\"text\",\"props\":{\"block_align\":\"center\",\"column_breakpoint\":\"m\",\"content\":\"[contact-form-7 id=\\\"4287613\\\" title=\\\"Kontaktformul\\u00e4r\\\"]\",\"css\":\".el-element .wpcf7-spinner{\\n\\tposition: absolute;\\n    margin-left: -30px;\\n    margin-top: 8px;\\n}\",\"margin\":\"default\",\"maxwidth\":\"2xlarge\"}}]}]}],\"name\":\"Contact Form\"}],\"version\":\"4.3.10\"} --><\/p>","protected":false},"excerpt":{"rendered":"<p>EN AFF\u00c4RSPARTNER F\u00d6R ALLA F\u00f6rvandla din milj\u00f6 med ljud, doft och digitala intryck \u2013 skapa en upplevelse som m\u00e4rks och minnsP\u00e5 Mood Nordic vet vi att f\u00f6rsta intrycket \u00e4r avg\u00f6rande \u2013 och att r\u00e4tt atmosf\u00e4r p\u00e5verkar b\u00e5de k\u00e4nslor, beteenden och aff\u00e4rsresultat. D\u00e4rf\u00f6r erbjuder vi marknadens mest kompletta och integrerade l\u00f6sningar inom bakgrundsmusik, doftmarknadsf\u00f6ring och digital [&hellip;]<\/p>","protected":false},"author":1,"featured_media":0,"parent":0,"menu_order":0,"comment_status":"closed","ping_status":"closed","template":"","meta":{"footnotes":""},"class_list":["post-11","page","type-page","status-publish","hentry"],"_links":{"self":[{"href":"https:\/\/moodnordic.se\/en\/wp-json\/wp\/v2\/pages\/11"}],"collection":[{"href":"https:\/\/moodnordic.se\/en\/wp-json\/wp\/v2\/pages"}],"about":[{"href":"https:\/\/moodnordic.se\/en\/wp-json\/wp\/v2\/types\/page"}],"author":[{"embeddable":true,"href":"https:\/\/moodnordic.se\/en\/wp-json\/wp\/v2\/users\/1"}],"replies":[{"embeddable":true,"href":"https:\/\/moodnordic.se\/en\/wp-json\/wp\/v2\/comments?post=11"}],"version-history":[{"count":31,"href":"https:\/\/moodnordic.se\/en\/wp-json\/wp\/v2\/pages\/11\/revisions"}],"predecessor-version":[{"id":7955,"href":"https:\/\/moodnordic.se\/en\/wp-json\/wp\/v2\/pages\/11\/revisions\/7955"}],"wp:attachment":[{"href":"https:\/\/moodnordic.se\/en\/wp-json\/wp\/v2\/media?parent=11"}],"curies":[{"name":"wp","href":"https:\/\/api.w.org\/{rel}","templated":true}]}}