{"id":1184,"date":"2024-04-30T14:14:13","date_gmt":"2024-04-30T14:14:13","guid":{"rendered":"https:\/\/mood.webgiantdemo.se\/?page_id=1184"},"modified":"2025-08-07T12:46:51","modified_gmt":"2025-08-07T12:46:51","slug":"vard","status":"publish","type":"page","link":"https:\/\/moodnordic.se\/en\/branscher\/vard\/","title":{"rendered":"Audiovisual solutions for healthcare"},"content":{"rendered":"<h1>\n<h1>Improve the patient experience with sound, vision and scent in your healthcare environment<\/h2>\n<\/h1>\n<div>\n<p>Your trusted partner for media solutions in healthcare.<\/p>\n<p>Differentiate your practice and create a lasting impression with a more welcoming and engaging patient experience.<\/p>\n<p>Our complete range of media solutions for the healthcare sector contributes to a calm and positive atmosphere for both patients and visitors.<\/p>\n<p><span>\u00a0<\/span><\/p>\n<\/div>\n<div>\n<div>\n<p class=\"intro2 uk-text-bold\">With dedicated account managers, advanced platforms and extensive experience, we have everything it takes to meet the unique needs of healthcare environments.<\/p>\n<p class=\"intro2 uk-text-bold\">Contact us today to find out more.<\/p>\n<\/div>\n<p><a href=\"#contact\">contact us<\/a><\/p>\n<\/div>\n<h2>We support care environments<\/h2>\n<div>\n<p>Mood's global network proudly serves thousands of healthcare providers of all types and sizes - from regional healthcare networks and individual practices to dental clinics, radiology centers and more.<\/p>\n<\/div>\n<p><img decoding=\"async\" src=\"\/wp-content\/uploads\/2024\/07\/healthlogos24.webp\" alt=\"\"><\/p>\n<h2>Solutions for patient experience<\/h2>\n<div>\n<p>As a global leader in on-site media solutions, we help healthcare providers increase efficiency and ensure consistency across their operations. With us as your single point of contact for all content and services, you get the expertise and tools you need to put patients at ease and achieve your business goals.<\/p>\n<\/div>\n<div>\n<p><span class=\"intro2\"><b>Digital signage for healthcare environments<\/b><\/span><br \/>Improve the patient experience with digital signage - from wayfinding and check-in kiosks to waiting room screens and internal communication systems. <br \/><a href=\"https:\/\/moodnordic.se\/en\/digital-skyltning\/\" class=\"moodred bold\">READ MORE<\/a><\/p>\n<\/div>\n<div>\n<p><span class=\"intro2\"><b>Music for care environments<\/b><\/span><br \/>Create a welcoming atmosphere in waiting rooms, patient rooms and corridors with background music that increases comfort, privacy and patient satisfaction.<br \/><a href=\"https:\/\/moodnordic.se\/en\/musik-for-foretag-3\/\" class=\"moodred bold\">READ MORE<\/a><\/p>\n<div id=\"gtx-anchor\" style=\"position: absolute; visibility: hidden; left: 51.0625px; top: 19px; width: 142.141px; height: 18px;\"><\/div>\n<div class=\"jfk-bubble gtx-bubble\" role=\"alertdialog\" aria-describedby=\"bubble-2\" style=\"visibility: visible; left: 107px; top: 47px; opacity: 1;\">\n<div class=\"jfk-bubble-content-id\" id=\"bubble-2\">\n<div id=\"gtx-host\" style=\"min-width: 200px; max-width: 400px;\"><\/div>\n<\/div>\n<div class=\"jfk-bubble-closebtn-id jfk-bubble-closebtn\" aria-label=\"Close\" role=\"button\" tabindex=\"0\"><\/div>\n<div class=\"jfk-bubble-arrow-id jfk-bubble-arrow jfk-bubble-arrowup\" style=\"left: 112.062px;\">\n<div class=\"jfk-bubble-arrowimplbefore\"><\/div>\n<div class=\"jfk-bubble-arrowimplafter\"><\/div>\n<\/div>\n<\/div>\n<\/div>\n<div>\n<p><span class=\"intro2\"><b>Audio messaging for healthcare environments<\/b><\/span><br \/><span>Provide important information via announcements and use switchboard messages to keep callers informed and reduce the burden on staff.\u00a0<\/span><strong><a href=\"https:\/\/moodnordic.se\/en\/telefonmeddelanden\/\" class=\"moodred bold\">READ MORE<\/a><\/strong><\/p>\n<\/div>\n<div>\n<p><span class=\"intro2\"><b>Audiovisual systems for healthcare environments<\/b><\/span><br \/><span>Enhance the patient experience with reliable audiovisual systems - from audio and call-out systems to digital screens. Our commercial equipment and reliable local service guarantee the highest quality every time.<\/span><strong> <a href=\"https:\/\/moodnordic.se\/en\/audiovisuella-system\/\" class=\"moodred bold\">READ MORE<\/a><\/strong><\/p>\n<\/div>\n<div>\n<p><span class=\"intro2\"><b>Scent marketing for healthcare environments<\/b><\/span><br \/><span>Create a calming or refreshing environment with carefully selected scents that leave a lasting impression and enhance the patient experience. <\/span><strong><a href=\"https:\/\/moodnordic.se\/en\/doft\/\" class=\"moodred bold\">READ MORE<\/a><\/strong><\/p>\n<\/div>\n<div>\n<p>Contact us today to discover how our solutions can benefit your business.<\/p>\n<\/div>\n<p>\n    <a href=\"#contact\">CONTACT US<\/a>\n<\/p>\n<h2>CONTACT US<\/h2>\n<div>\n<p>Enhance the patient experience with Mood Nordic solutions.<\/p>\n<\/div>\n<div>\n<div class=\"wpcf7 no-js\" id=\"wpcf7-f2224-o1\" lang=\"sv-SE\" dir=\"ltr\" data-wpcf7-id=\"2224\">\n<div class=\"screen-reader-response\"><p role=\"status\" aria-live=\"polite\" aria-atomic=\"true\"><\/p> <ul><\/ul><\/div>\n<form action=\"\/en\/wp-json\/wp\/v2\/pages\/1184#wpcf7-f2224-o1\" method=\"post\" class=\"wpcf7-form init\" aria-label=\"Kontaktformul\u00e4r\" novalidate=\"novalidate\" data-status=\"init\" data-trp-original-action=\"\/en\/wp-json\/wp\/v2\/pages\/1184#wpcf7-f2224-o1\">\n<div style=\"display: none;\">\n<input type=\"hidden\" name=\"_wpcf7\" value=\"2224\" \/>\n<input type=\"hidden\" name=\"_wpcf7_version\" value=\"6.0.6\" \/>\n<input type=\"hidden\" name=\"_wpcf7_locale\" value=\"sv_SE\" \/>\n<input type=\"hidden\" name=\"_wpcf7_unit_tag\" value=\"wpcf7-f2224-o1\" \/>\n<input type=\"hidden\" name=\"_wpcf7_container_post\" value=\"0\" \/>\n<input type=\"hidden\" name=\"_wpcf7_posted_data_hash\" value=\"\" \/>\n<\/div>\n<p class=\"uk-margin-small\"><span class=\"wpcf7-form-control-wrap\" data-name=\"your-first-name\"><input size=\"40\" maxlength=\"400\" class=\"wpcf7-form-control wpcf7-text wpcf7-validates-as-required uk-input\" aria-required=\"true\" aria-invalid=\"false\" placeholder=\"First name\" value=\"\" type=\"text\" name=\"your-first-name\" \/><\/span>\n<\/p>\n<p class=\"uk-margin-small\"><span class=\"wpcf7-form-control-wrap\" data-name=\"your-last-name\"><input size=\"40\" maxlength=\"400\" class=\"wpcf7-form-control wpcf7-text wpcf7-validates-as-required uk-input\" aria-required=\"true\" aria-invalid=\"false\" placeholder=\"Surname\" value=\"\" type=\"text\" name=\"your-last-name\" \/><\/span>\n<\/p>\n<p class=\"uk-margin-small\"><span class=\"wpcf7-form-control-wrap\" data-name=\"your-company\"><input size=\"40\" maxlength=\"400\" class=\"wpcf7-form-control wpcf7-text uk-input\" aria-invalid=\"false\" placeholder=\"Company\" value=\"\" type=\"text\" name=\"your-company\" \/><\/span>\n<\/p>\n<p class=\"uk-margin-small\"><span class=\"wpcf7-form-control-wrap\" data-name=\"your-postal-code\"><input size=\"40\" maxlength=\"400\" class=\"wpcf7-form-control wpcf7-text uk-input\" aria-invalid=\"false\" placeholder=\"Postal code\" value=\"\" type=\"text\" name=\"your-postal-code\" \/><\/span>\n<\/p>\n<p class=\"uk-margin-small\"><span class=\"wpcf7-form-control-wrap\" data-name=\"your-phone\"><input size=\"40\" maxlength=\"400\" class=\"wpcf7-form-control wpcf7-tel wpcf7-text wpcf7-validates-as-tel uk-input\" aria-invalid=\"false\" placeholder=\"Tel\" value=\"\" type=\"tel\" name=\"your-phone\" \/><\/span>\n<\/p>\n<p class=\"uk-margin-small\"><span class=\"wpcf7-form-control-wrap\" data-name=\"your-email\"><input size=\"40\" maxlength=\"400\" class=\"wpcf7-form-control wpcf7-email wpcf7-validates-as-required wpcf7-text wpcf7-validates-as-email uk-input\" aria-required=\"true\" aria-invalid=\"false\" placeholder=\"E-mail address\" value=\"\" type=\"email\" name=\"your-email\" \/><\/span>\n<\/p>\n<p class=\"uk-margin-small\"><span class=\"wpcf7-form-control-wrap\" data-name=\"your-message\"><textarea cols=\"40\" rows=\"3\" maxlength=\"2000\" class=\"wpcf7-form-control wpcf7-textarea uk-textarea\" aria-invalid=\"false\" placeholder=\"Your message\" name=\"your-message\"><\/textarea><\/span>\n<\/p>\n<input class=\"wpcf7-form-control wpcf7-hidden\" value=\"\" type=\"hidden\" name=\"page-url\" \/>\n<div class=\"uk-margin-small uk-text-center\">\n\t<p><input class=\"wpcf7-form-control wpcf7-submit has-spinner uk-button uk-button-primary uk-width-1-1\" type=\"submit\" value=\"SKICKA\" \/>\n\t<\/p>\n<\/div><div class=\"wpcf7-response-output\" aria-hidden=\"true\"><\/div>\n<input type=\"hidden\" name=\"trp-form-language\" value=\"en\"\/><\/form>\n<\/div>\n<\/div>\n<p><!--more--><br \/>\n<!-- {\"type\":\"layout\",\"children\":[{\"type\":\"section\",\"props\":{\"css\":\".el-section .uk-background-cover{\\n  background-color: #999999 !important;\\n    background-image: linear-gradient(90deg, #000000 0%, rgba(0, 0, 0, 0) 100%), url(https:\\\/\\\/us.moodmedia.com\\\/wp-content\\\/uploads\\\/2024\\\/05\\\/healthcare-hero.webp) !important;\\n}\",\"height_viewport\":60,\"image\":\"wp-content\\\/uploads\\\/2024\\\/07\\\/healthcare-hero.webp\",\"image_position\":\"center-center\",\"image_size\":\"cover\",\"media_background\":\"#7a7a7a \",\"media_blend_mode\":\"multiply\",\"style\":\"default\",\"text_color\":\"light\",\"title_breakpoint\":\"xl\",\"title_position\":\"top-left\",\"title_rotation\":\"left\",\"vertical_align\":\"middle\",\"width\":\"default\"},\"children\":[{\"type\":\"row\",\"props\":{\"column_gap\":\"large\",\"layout\":\"3-5,2-5\"},\"children\":[{\"type\":\"column\",\"props\":{\"image_position\":\"center-center\",\"position_sticky_breakpoint\":\"m\",\"width_medium\":\"3-5\"},\"children\":[{\"type\":\"headline\",\"props\":{\"class\":\"lh-08\",\"content\":\"\n\n<h1>F\\u00f6rb\\u00e4ttra patientupplevelsen med ljud, bild och doft i din v\\u00e5rdmilj\\u00f6<\\\/h2>\",\"title_element\":\"h1\"}},{\"type\":\"text\",\"props\":{\"class\":\"intro2 uk-text-white\",\"column_breakpoint\":\"m\",\"content\":\"\n\n<p>Din p\\u00e5litliga partner f\\u00f6r mediel\\u00f6sningar inom v\\u00e5rden.<\\\/p>\\n\n\n<p>S\\u00e4rskilj din mottagning och skapa ett best\\u00e5ende intryck med en mer v\\u00e4lkomnande och engagerande patientupplevelse.<\\\/p>\\n\n\n<p>V\\u00e5rt kompletta utbud av mediel\\u00f6sningar f\\u00f6r v\\u00e5rdsektorn bidrar till en lugn och positiv atmosf\\u00e4r f\\u00f6r b\\u00e5de patienter och bes\\u00f6kare.<\\\/p>\\n\n\n<p><span>\\u00a0<\\\/span><\\\/p>\",\"margin\":\"default\"}}]},{\"type\":\"column\",\"props\":{\"image_position\":\"center-center\",\"position_sticky_breakpoint\":\"m\",\"width_medium\":\"2-5\"},\"children\":[{\"type\":\"panel\",\"props\":{\"content\":\"\n\n<p class=\\\"intro2 uk-text-bold\\\">Med dedikerad kundansvarig, avancerade plattformar och l\\u00e5ng erfarenhet har vi allt som kr\\u00e4vs f\\u00f6r att m\\u00f6ta de unika behoven inom v\\u00e5rdmilj\\u00f6er.<\\\/p>\\n\n\n<p class=\\\"intro2 uk-text-bold\\\">Kontakta oss idag f\\u00f6r att f\\u00e5 veta mer.<\\\/p>\",\"content_column_breakpoint\":\"m\",\"css\":\".el-link:hover{\\n\\tcolor: #333;\\n    border-color: #333;\\n}\",\"icon_width\":80,\"image_align\":\"top\",\"image_grid_breakpoint\":\"m\",\"image_grid_width\":\"1-2\",\"image_svg_color\":\"emphasis\",\"link\":\"#contact\",\"link_style\":\"default\",\"link_text\":\"kontakta oss\",\"margin\":\"default\",\"meta_align\":\"below-title\",\"meta_element\":\"div\",\"meta_style\":\"text-meta\",\"panel_padding\":\"default\",\"panel_style\":\"card-default\",\"title_align\":\"top\",\"title_element\":\"h3\",\"title_grid_breakpoint\":\"m\",\"title_grid_width\":\"1-2\",\"title_hover_style\":\"reset\"}}]}]}],\"name\":\"SECTION HERO WITH CARD RIGHT\"},{\"type\":\"section\",\"props\":{\"image_position\":\"center-center\",\"style\":\"default\",\"title_breakpoint\":\"xl\",\"title_position\":\"top-left\",\"title_rotation\":\"left\",\"vertical_align\":\"middle\",\"width\":\"default\"},\"children\":[{\"type\":\"row\",\"children\":[{\"type\":\"column\",\"props\":{\"image_position\":\"center-center\",\"position_sticky_breakpoint\":\"m\"},\"children\":[{\"type\":\"headline\",\"props\":{\"content\":\"Vi st\\u00f6djer v\\u00e5rdmilj\\u00f6er\",\"text_align\":\"center\",\"title_element\":\"h2\"}},{\"type\":\"text\",\"props\":{\"class\":\"intro2\",\"column_breakpoint\":\"m\",\"content\":\"\n\n<p>Mood\\u2019s globala n\\u00e4tverk servar stolt tusentals v\\u00e5rdgivare av alla typer och storlekar \\u2013 fr\\u00e5n regionala v\\u00e5rdn\\u00e4tverk och enskilda mottagningar till tandl\\u00e4karkliniker, r\\u00f6ntgencentraler och mycket mer.<\\\/p>\",\"margin\":\"default\",\"text_align\":\"center\"}},{\"type\":\"image\",\"props\":{\"image\":\"wp-content\\\/uploads\\\/2024\\\/07\\\/healthlogos24.webp\",\"image_svg_color\":\"emphasis\",\"margin\":\"default\",\"text_align\":\"center\"}}]}]}]},{\"type\":\"section\",\"props\":{\"image_position\":\"center-center\",\"style\":\"muted\",\"title_breakpoint\":\"xl\",\"title_position\":\"top-left\",\"title_rotation\":\"left\",\"vertical_align\":\"middle\",\"width\":\"default\"},\"children\":[{\"type\":\"row\",\"props\":{\"column_gap\":\"large\"},\"children\":[{\"type\":\"column\",\"props\":{\"image_position\":\"center-center\",\"position_sticky_breakpoint\":\"m\"},\"children\":[{\"type\":\"headline\",\"props\":{\"content\":\"L\\u00f6sningar f\\u00f6r patientupplevelse\",\"text_align\":\"center\",\"title_element\":\"h2\"}},{\"type\":\"text\",\"props\":{\"class\":\"intro2\",\"column_breakpoint\":\"m\",\"content\":\"\n\n<p>Som global ledare inom mediel\\u00f6sningar p\\u00e5 plats hj\\u00e4lper vi v\\u00e5rdgivare att \\u00f6ka effektiviteten och s\\u00e4kerst\\u00e4lla enhetlighet i hela verksamheten. Med oss som enda kontaktpunkt f\\u00f6r allt inneh\\u00e5ll och alla tj\\u00e4nster f\\u00e5r du expertisen och verktygen du beh\\u00f6ver f\\u00f6r att skapa trygghet f\\u00f6r patienter och n\\u00e5 dina aff\\u00e4rsm\\u00e5l.<\\\/p>\",\"margin\":\"default\",\"text_align\":\"center\"}}]}]},{\"type\":\"row\",\"props\":{\"column_gap\":\"large\",\"layout\":\"1-3,1-3,1-3\",\"row_gap\":\"large\"},\"children\":[{\"type\":\"column\",\"props\":{\"image_position\":\"center-center\",\"position_sticky_breakpoint\":\"m\",\"width_medium\":\"1-3\"},\"children\":[{\"type\":\"text\",\"props\":{\"column_breakpoint\":\"m\",\"content\":\"\n\n<p><span class=\\\"intro2\\\"><b>Digital skyltning f\\u00f6r v\\u00e5rdmilj\\u00f6er<\\\/b><\\\/span><br \\\/>F\\u00f6rb\\u00e4ttra patientupplevelsen med digital skyltning \\u2013 fr\\u00e5n wayfinding och incheckningskiosker till v\\u00e4ntrumssk\\u00e4rmar och interna kommunikationssystem. <br \\\/><a href=\\\"https:\\\/\\\/moodnordic.se\\\/digital-skyltning\\\/\\\" class=\\\"moodred bold\\\">L\\u00c4S MER<\\\/a><\\\/p>\",\"margin\":\"default\"}}]},{\"type\":\"column\",\"props\":{\"image_position\":\"center-center\",\"position_sticky_breakpoint\":\"m\",\"width_medium\":\"1-3\"},\"children\":[{\"type\":\"text\",\"props\":{\"column_breakpoint\":\"m\",\"content\":\"\n\n<p><span class=\\\"intro2\\\"><b>Musik f\\u00f6r v\\u00e5rdmilj\\u00f6er<\\\/b><\\\/span><br \\\/>Skapa en v\\u00e4lkomnande atmosf\\u00e4r i v\\u00e4ntrum, patientrum och korridorer med bakgrundsmusik som \\u00f6kar komfort, integritet och patientn\\u00f6jdhet.<br \\\/><a href=\\\"https:\\\/\\\/moodnordic.se\\\/musik-for-foretag-3\\\/\\\" class=\\\"moodred bold\\\">L\\u00c4S MER<\\\/a><\\\/p>\\n\n\n<div id=\\\"gtx-anchor\\\" style=\\\"position: absolute; visibility: hidden; left: 51.0625px; top: 19px; width: 142.141px; height: 18px;\\\"><\\\/div>\\n\n\n<div class=\\\"jfk-bubble gtx-bubble\\\" role=\\\"alertdialog\\\" aria-describedby=\\\"bubble-2\\\" style=\\\"visibility: visible; left: 107px; top: 47px; opacity: 1;\\\">\\n\n\n<div class=\\\"jfk-bubble-content-id\\\" id=\\\"bubble-2\\\">\\n\n\n<div id=\\\"gtx-host\\\" style=\\\"min-width: 200px; max-width: 400px;\\\"><\\\/div>\\n<\\\/div>\\n\n\n<div class=\\\"jfk-bubble-closebtn-id jfk-bubble-closebtn\\\" aria-label=\\\"Close\\\" role=\\\"button\\\" tabindex=\\\"0\\\"><\\\/div>\\n\n\n<div class=\\\"jfk-bubble-arrow-id jfk-bubble-arrow jfk-bubble-arrowup\\\" style=\\\"left: 112.062px;\\\">\\n\n\n<div class=\\\"jfk-bubble-arrowimplbefore\\\"><\\\/div>\\n\n\n<div class=\\\"jfk-bubble-arrowimplafter\\\"><\\\/div>\\n<\\\/div>\\n<\\\/div>\",\"margin\":\"default\"}}]},{\"type\":\"column\",\"props\":{\"image_position\":\"center-center\",\"position_sticky_breakpoint\":\"m\",\"width_medium\":\"1-3\"},\"children\":[{\"type\":\"text\",\"props\":{\"column_breakpoint\":\"m\",\"content\":\"\n\n<p><span class=\\\"intro2\\\"><b>Ljudmeddelanden f\\u00f6r v\\u00e5rdmilj\\u00f6er<\\\/b><\\\/span><br \\\/><span>Ge viktig information via utrop och anv\\u00e4nd telefonv\\u00e4xelmeddelanden f\\u00f6r att h\\u00e5lla uppringare informerade och minska belastningen p\\u00e5 personalen.\\u00a0<\\\/span><strong><a href=\\\"https:\\\/\\\/moodnordic.se\\\/telefonmeddelanden\\\/\\\" class=\\\"moodred bold\\\">L\\u00c4S MER<\\\/a><\\\/strong><\\\/p>\",\"margin\":\"default\"}}]}]},{\"type\":\"row\",\"props\":{\"column_gap\":\"large\",\"layout\":\"1-3,1-3,1-3\",\"row_gap\":\"large\"},\"children\":[{\"type\":\"column\",\"props\":{\"image_position\":\"center-center\",\"position_sticky_breakpoint\":\"m\",\"width_medium\":\"1-3\"},\"children\":[{\"type\":\"text\",\"props\":{\"column_breakpoint\":\"m\",\"content\":\"\n\n<p><span class=\\\"intro2\\\"><b>Audiovisuella system f\\u00f6r v\\u00e5rdmilj\\u00f6er<\\\/b><\\\/span><br \\\/><span>F\\u00f6rh\\u00f6j patientupplevelsen med drifts\\u00e4kra audiovisuella system \\u2013 fr\\u00e5n ljud- och utropssystem till digitala sk\\u00e4rmar. V\\u00e5r kommersiella utrustning och p\\u00e5litliga lokala service garanterar h\\u00f6gsta kvalitet varje g\\u00e5ng.<\\\/span><strong> <a href=\\\"https:\\\/\\\/moodnordic.se\\\/audiovisuella-system\\\/\\\" class=\\\"moodred bold\\\">L\\u00c4S MER<\\\/a><\\\/strong><\\\/p>\",\"margin\":\"default\"}}]},{\"type\":\"column\",\"props\":{\"image_position\":\"center-center\",\"position_sticky_breakpoint\":\"m\",\"width_medium\":\"1-3\"},\"children\":[{\"type\":\"text\",\"props\":{\"column_breakpoint\":\"m\",\"content\":\"\n\n<p><span class=\\\"intro2\\\"><b>Doftmarknadsf\\u00f6ring f\\u00f6r v\\u00e5rdmilj\\u00f6er<\\\/b><\\\/span><br \\\/><span>Skapa en lugnande eller fr\\u00e4sch milj\\u00f6 med noggrant utvalda dofter som ger ett best\\u00e5ende intryck och f\\u00f6rb\\u00e4ttrar patientupplevelsen. <\\\/span><strong><a href=\\\"https:\\\/\\\/moodnordic.se\\\/doft\\\/\\\" class=\\\"moodred bold\\\">L\\u00c4S MER<\\\/a><\\\/strong><\\\/p>\",\"margin\":\"default\"}}]},{\"type\":\"column\",\"props\":{\"image_position\":\"center-center\",\"position_sticky_breakpoint\":\"m\",\"width_medium\":\"1-3\"},\"children\":[{\"type\":\"text\",\"props\":{\"class\":\"intro2\",\"column_breakpoint\":\"m\",\"content\":\"\n\n<p>Kontakta oss idag f\\u00f6r att uppt\\u00e4cka hur v\\u00e5ra l\\u00f6sningar kan gynna din verksamhet.<\\\/p>\",\"css\":\".el-link:hover{\\n\\tcolor: #333;\\n    border-color: #333;\\n}\",\"margin\":\"default\"}},{\"type\":\"button\",\"props\":{\"grid_column_gap\":\"small\",\"grid_row_gap\":\"small\",\"margin\":\"medium\"},\"children\":[{\"type\":\"button_item\",\"props\":{\"button_style\":\"default\",\"content\":\"KONTAKTA OSS\",\"icon_align\":\"left\",\"link\":\"#contact\"}}]}]}]}]},{\"type\":\"section\",\"props\":{\"css\":\".el-section{\\n\\tbackground-color: #222222;\\n}\",\"id\":\"contact\",\"image_position\":\"center-center\",\"style\":\"secondary\",\"title_breakpoint\":\"xl\",\"title_position\":\"top-left\",\"title_rotation\":\"left\",\"vertical_align\":\"middle\",\"width\":\"default\"},\"children\":[{\"type\":\"row\",\"children\":[{\"type\":\"column\",\"props\":{\"image_position\":\"center-center\",\"position_sticky_breakpoint\":\"m\"},\"children\":[{\"type\":\"headline\",\"props\":{\"content\":\"KONTAKTA OSS\",\"margin\":\"small\",\"text_align\":\"center\",\"title_element\":\"h2\"}},{\"type\":\"text\",\"props\":{\"column_breakpoint\":\"m\",\"content\":\"\n\n<p>F\\u00f6rh\\u00f6j patientupplevelsen med hj\\u00e4lp av Mood Nordics l\\u00f6sningar.<\\\/p>\",\"margin\":\"small\",\"text_align\":\"center\",\"text_style\":\"large\"}},{\"type\":\"text\",\"props\":{\"block_align\":\"center\",\"column_breakpoint\":\"m\",\"content\":\"[contact-form-7 id=\\\"e56d022\\\" title=\\\"Kontaktformul\\u00e4r Vertical 2\\\"]\",\"css\":\".el-element .wpcf7-spinner{\\n\\tposition: absolute;\\n    margin-left: -30px;\\n    margin-top: 8px;\\n}\",\"margin\":\"default\",\"maxwidth\":\"xlarge\"}}]}]}],\"name\":\"Section Contact Form New\"}],\"version\":\"4.3.10\"} --><\/p>","protected":false},"excerpt":{"rendered":"<p>F\u00f6rb\u00e4ttra patientupplevelsen med ljud, bild och doft i din v\u00e5rdmilj\u00f6 Din p\u00e5litliga partner f\u00f6r mediel\u00f6sningar inom v\u00e5rden. S\u00e4rskilj din mottagning och skapa ett best\u00e5ende intryck med en mer v\u00e4lkomnande och engagerande patientupplevelse. V\u00e5rt kompletta utbud av mediel\u00f6sningar f\u00f6r v\u00e5rdsektorn bidrar till en lugn och positiv atmosf\u00e4r f\u00f6r b\u00e5de patienter och bes\u00f6kare. \u00a0 Med dedikerad kundansvarig, [&hellip;]<\/p>","protected":false},"author":1,"featured_media":0,"parent":11,"menu_order":0,"comment_status":"closed","ping_status":"closed","template":"","meta":{"footnotes":""},"class_list":["post-1184","page","type-page","status-publish","hentry"],"_links":{"self":[{"href":"https:\/\/moodnordic.se\/en\/wp-json\/wp\/v2\/pages\/1184"}],"collection":[{"href":"https:\/\/moodnordic.se\/en\/wp-json\/wp\/v2\/pages"}],"about":[{"href":"https:\/\/moodnordic.se\/en\/wp-json\/wp\/v2\/types\/page"}],"author":[{"embeddable":true,"href":"https:\/\/moodnordic.se\/en\/wp-json\/wp\/v2\/users\/1"}],"replies":[{"embeddable":true,"href":"https:\/\/moodnordic.se\/en\/wp-json\/wp\/v2\/comments?post=1184"}],"version-history":[{"count":90,"href":"https:\/\/moodnordic.se\/en\/wp-json\/wp\/v2\/pages\/1184\/revisions"}],"predecessor-version":[{"id":7953,"href":"https:\/\/moodnordic.se\/en\/wp-json\/wp\/v2\/pages\/1184\/revisions\/7953"}],"up":[{"embeddable":true,"href":"https:\/\/moodnordic.se\/en\/wp-json\/wp\/v2\/pages\/11"}],"wp:attachment":[{"href":"https:\/\/moodnordic.se\/en\/wp-json\/wp\/v2\/media?parent=1184"}],"curies":[{"name":"wp","href":"https:\/\/api.w.org\/{rel}","templated":true}]}}