{"id":185,"date":"2024-04-15T12:05:41","date_gmt":"2024-04-15T12:05:41","guid":{"rendered":"https:\/\/mood.webgiantdemo.se\/?page_id=185"},"modified":"2025-08-06T16:26:59","modified_gmt":"2025-08-06T16:26:59","slug":"videovaggar","status":"publish","type":"page","link":"https:\/\/moodnordic.se\/en\/videovaggar\/","title":{"rendered":"Video walls - Impressive visual solutions for businesses"},"content":{"rendered":"<h1>VIDEO WALLS<\/h1>\n<h2><span style=\"vertical-align: inherit;\"><span style=\"vertical-align: inherit;\">CREATE AN IMPRESSION<\/span><\/span><\/h2>\n<div>\n<div class=\"mb-2 whitespace-pre-line last:mb-0\" data-sentry-component=\"P\" data-sentry-source-file=\"p.tsx\">To really captivate your audience and create a lasting impression, nothing beats the impact of a digital video wall. Whether you're a global brand or a small business, video walls offer an outstanding way to attract attention and take the customer experience to the next level.<\/div>\n<\/div>\n<ul>\n<li>\n<p>        <img decoding=\"async\" src=\"\/wp-content\/uploads\/2024\/08\/IMG_1044-1.jpeg\" alt=\"\"><\/p>\n<\/li>\n<li>\n<p>        <img decoding=\"async\" src=\"\/wp-content\/uploads\/2025\/07\/DSC06576-4.jpeg\" alt=\"\"><\/p>\n<\/li>\n<li>\n<p>        <img decoding=\"async\" src=\"\/wp-content\/uploads\/2024\/08\/the-wall.jpg\" alt=\"\"><\/p>\n<\/li>\n<li>\n<p>        <img decoding=\"async\" src=\"\/wp-content\/uploads\/2024\/08\/reds-full-color.jpg\" alt=\"\"><\/p>\n<\/li>\n<li>\n<p>        <img decoding=\"async\" src=\"\/wp-content\/uploads\/2025\/07\/IMG_6950.jpeg\" alt=\"\"><\/p>\n<\/li>\n<li>\n<p>        <img decoding=\"async\" src=\"\/wp-content\/uploads\/2024\/07\/primark3-1-scaled-1.webp\" alt=\"\"><\/p>\n<h3>primark3-1-scaled<\/h3>\n<\/li>\n<li>\n<p>        <img decoding=\"async\" src=\"\/wp-content\/uploads\/2024\/07\/FirstBank-scaled-1.webp\" alt=\"\"><\/p>\n<h3>FirstBank-scaled<\/h3>\n<\/li>\n<li>\n<p>        <img decoding=\"async\" src=\"\/wp-content\/uploads\/2024\/07\/primark1-scaled-1.webp\" alt=\"\"><\/p>\n<h3>primark1-scaled<\/h3>\n<\/li>\n<li>\n<p>        <img decoding=\"async\" src=\"\/wp-content\/uploads\/2024\/07\/primark2-scaled-1.webp\" alt=\"\"><\/p>\n<h3>primark2-scaled<\/h3>\n<\/li>\n<li>\n<p>        <img decoding=\"async\" src=\"\/wp-content\/uploads\/2024\/07\/primark4-scaled-1.webp\" alt=\"\"><\/p>\n<h3>primark4-scaled<\/h3>\n<\/li>\n<li>\n<p>        <img decoding=\"async\" src=\"\/wp-content\/uploads\/2025\/07\/IMG_5476.jpeg\" alt=\"\"><\/p>\n<\/li>\n<li>\n<p>        <img decoding=\"async\" src=\"\/wp-content\/uploads\/2024\/07\/sunglasshut-scaled-1.webp\" alt=\"\"><\/p>\n<h3>sunglasshut-scaled<\/h3>\n<\/li>\n<li>\n<p>        <img decoding=\"async\" src=\"\/wp-content\/uploads\/2024\/07\/sxsw2-scaled-1.webp\" alt=\"\"><\/p>\n<h3>sxsw2-scaled<\/h3>\n<\/li>\n<li>\n<p>        <img decoding=\"async\" src=\"\/wp-content\/uploads\/2024\/07\/videowall1-scaled-1.webp\" alt=\"\"><\/p>\n<h3>videowall1-scaled<\/h3>\n<\/li>\n<li>\n<p>        <img decoding=\"async\" src=\"\/wp-content\/uploads\/2024\/06\/video-wall-scaled.jpg\" alt=\"\"><\/p>\n<\/li>\n<li>\n<p>        <img decoding=\"async\" src=\"\/wp-content\/uploads\/2024\/07\/escobar-normal.jpg\" alt=\"\"><\/p>\n<\/li>\n<li>\n<p>        <img decoding=\"async\" src=\"\/wp-content\/uploads\/2024\/08\/escobar-full-color.jpg\" alt=\"\"><\/p>\n<\/li>\n<li>\n<p>        <img decoding=\"async\" src=\"\/wp-content\/uploads\/2024\/08\/batman2.jpg\" alt=\"\"><\/p>\n<\/li>\n<li>\n<p>        <img decoding=\"async\" src=\"\/wp-content\/uploads\/2025\/07\/IMG_3199-1.jpeg\" alt=\"\"><\/p>\n<\/li>\n<\/ul>\n<h2>SPECTACULAR SOLUTIONS FOR ALL INDUSTRIES<\/h2>\n<div>\n<p><span dir=\"auto\" style=\"vertical-align: inherit;\"><span dir=\"auto\" style=\"vertical-align: inherit;\">Mood video wall solutions create an impressive impact for all types of businesses. Whether you operate in retail, hospitality, entertainment or any other industry, our visual experts are ready to design and install impressive video walls tailored to your needs. From large single-screen solutions to advanced multi-screen configurations, explore our gallery for inspiring examples of what we can create for you.<\/span><\/span><\/p>\n<\/p>\n<\/div>\n<p>\n    <a href=\"#contact\">CONTACT US<\/a>\n<\/p>\n<h2>HARMONY<br \/>DIGITAL SIGNAGE<\/h2>\n<div>\n<p>To create an exceptional customer experience, your visual presentation must fully harmonize with your brand. Mood Harmony is your brand experience platform that makes this possible. Manage all your digital signage and video wall content seamlessly through our integrated publishing tool and ensure your message is always consistent and clear.<\/p>\n<\/div>\n<p>\n    <a href=\"\/en\/harmony-2\/\">READ MORE<\/a>\n<\/p>\n<h2>MOOD VISUAL SOLUTIONS:<br \/><span class=\"uk-text-primary\"><strong>SEE THE DIFFERENCE<\/strong><\/span><\/h2>\n<div>\n<p class=\"intro\"><b>INDUSTRIES WE SERVE<\/b><\/p>\n<ul>\n<li class=\"intro\">Retail trade<\/li>\n<li class=\"intro\">Restaurant &amp; Bar<\/li>\n<li class=\"intro\">Nightclub<\/li>\n<li class=\"intro\">Finance<\/li>\n<li class=\"intro\">Hotels<\/li>\n<li class=\"intro\">Health care<\/li>\n<li class=\"intro\">The car industry<\/li>\n<\/ul>\n<p class=\"intro bold\"><b>And much more<\/b><\/p>\n<\/div>\n<div>\n<p class=\"intro\"><strong>WHY CHOOSE MOOD?<\/strong><\/p>\n<p class=\"p1\">+Comprehensive partnership from start to finish<\/p>\n<p class=\"p1\">+Top-class video walls - no matter the scale or size<\/p>\n<p class=\"p1\">+Expert design, assembly and installation<\/p>\n<p class=\"p1\">+Comprehensive content creation and management services<\/p>\n<p class=\"p1\">+Award-winning graphics and CGI animation<\/p>\n<\/div>\n<h2>CONTACT US<\/h2>\n<div>\n<p>Take your visual experience to the next level with video wall solutions.<\/p>\n<\/div>\n<div>\n<div class=\"wpcf7 no-js\" id=\"wpcf7-f2224-o1\" lang=\"sv-SE\" dir=\"ltr\" data-wpcf7-id=\"2224\">\n<div class=\"screen-reader-response\"><p role=\"status\" aria-live=\"polite\" aria-atomic=\"true\"><\/p> <ul><\/ul><\/div>\n<form action=\"\/en\/wp-json\/wp\/v2\/pages\/185#wpcf7-f2224-o1\" method=\"post\" class=\"wpcf7-form init\" aria-label=\"Kontaktformul\u00e4r\" novalidate=\"novalidate\" data-status=\"init\" data-trp-original-action=\"\/en\/wp-json\/wp\/v2\/pages\/185#wpcf7-f2224-o1\">\n<div style=\"display: none;\">\n<input type=\"hidden\" name=\"_wpcf7\" value=\"2224\" \/>\n<input type=\"hidden\" name=\"_wpcf7_version\" value=\"6.0.6\" \/>\n<input type=\"hidden\" name=\"_wpcf7_locale\" value=\"sv_SE\" \/>\n<input type=\"hidden\" name=\"_wpcf7_unit_tag\" value=\"wpcf7-f2224-o1\" \/>\n<input type=\"hidden\" name=\"_wpcf7_container_post\" value=\"0\" \/>\n<input type=\"hidden\" name=\"_wpcf7_posted_data_hash\" value=\"\" \/>\n<\/div>\n<p class=\"uk-margin-small\"><span class=\"wpcf7-form-control-wrap\" data-name=\"your-first-name\"><input size=\"40\" maxlength=\"400\" class=\"wpcf7-form-control wpcf7-text wpcf7-validates-as-required uk-input\" aria-required=\"true\" aria-invalid=\"false\" placeholder=\"First name\" value=\"\" type=\"text\" name=\"your-first-name\" \/><\/span>\n<\/p>\n<p class=\"uk-margin-small\"><span class=\"wpcf7-form-control-wrap\" data-name=\"your-last-name\"><input size=\"40\" maxlength=\"400\" class=\"wpcf7-form-control wpcf7-text wpcf7-validates-as-required uk-input\" aria-required=\"true\" aria-invalid=\"false\" placeholder=\"Surname\" value=\"\" type=\"text\" name=\"your-last-name\" \/><\/span>\n<\/p>\n<p class=\"uk-margin-small\"><span class=\"wpcf7-form-control-wrap\" data-name=\"your-company\"><input size=\"40\" maxlength=\"400\" class=\"wpcf7-form-control wpcf7-text uk-input\" aria-invalid=\"false\" placeholder=\"Company\" value=\"\" type=\"text\" name=\"your-company\" \/><\/span>\n<\/p>\n<p class=\"uk-margin-small\"><span class=\"wpcf7-form-control-wrap\" data-name=\"your-postal-code\"><input size=\"40\" maxlength=\"400\" class=\"wpcf7-form-control wpcf7-text uk-input\" aria-invalid=\"false\" placeholder=\"Postal code\" value=\"\" type=\"text\" name=\"your-postal-code\" \/><\/span>\n<\/p>\n<p class=\"uk-margin-small\"><span class=\"wpcf7-form-control-wrap\" data-name=\"your-phone\"><input size=\"40\" maxlength=\"400\" class=\"wpcf7-form-control wpcf7-tel wpcf7-text wpcf7-validates-as-tel uk-input\" aria-invalid=\"false\" placeholder=\"Tel\" value=\"\" type=\"tel\" name=\"your-phone\" \/><\/span>\n<\/p>\n<p class=\"uk-margin-small\"><span class=\"wpcf7-form-control-wrap\" data-name=\"your-email\"><input size=\"40\" maxlength=\"400\" class=\"wpcf7-form-control wpcf7-email wpcf7-validates-as-required wpcf7-text wpcf7-validates-as-email uk-input\" aria-required=\"true\" aria-invalid=\"false\" placeholder=\"E-mail address\" value=\"\" type=\"email\" name=\"your-email\" \/><\/span>\n<\/p>\n<p class=\"uk-margin-small\"><span class=\"wpcf7-form-control-wrap\" data-name=\"your-message\"><textarea cols=\"40\" rows=\"3\" maxlength=\"2000\" class=\"wpcf7-form-control wpcf7-textarea uk-textarea\" aria-invalid=\"false\" placeholder=\"Your message\" name=\"your-message\"><\/textarea><\/span>\n<\/p>\n<input class=\"wpcf7-form-control wpcf7-hidden\" value=\"\" type=\"hidden\" name=\"page-url\" \/>\n<div class=\"uk-margin-small uk-text-center\">\n\t<p><input class=\"wpcf7-form-control wpcf7-submit has-spinner uk-button uk-button-primary uk-width-1-1\" type=\"submit\" value=\"SKICKA\" \/>\n\t<\/p>\n<\/div><div class=\"wpcf7-response-output\" aria-hidden=\"true\"><\/div>\n<input type=\"hidden\" name=\"trp-form-language\" value=\"en\"\/><\/form>\n<\/div>\n<\/div>\n<p><!--more--><br \/>\n<!-- {\"type\":\"layout\",\"children\":[{\"type\":\"section\",\"props\":{\"class\":\"uk-text-white\",\"height_viewport\":60,\"image\":\"wp-content\\\/uploads\\\/2024\\\/07\\\/videowalls-scaled-1.webp\",\"image_position\":\"center-center\",\"image_size\":\"cover\",\"media_background\":\"#BABABA\",\"media_blend_mode\":\"multiply\",\"style\":\"default\",\"text_color\":\"light\",\"title_breakpoint\":\"xl\",\"title_position\":\"top-left\",\"title_rotation\":\"left\",\"vertical_align\":\"middle\",\"width\":\"default\"},\"children\":[{\"type\":\"row\",\"props\":{\"layout\":\"3-5,2-5\"},\"children\":[{\"type\":\"column\",\"props\":{\"image_position\":\"center-center\",\"position_sticky_breakpoint\":\"m\",\"width_medium\":\"3-5\"},\"children\":[{\"type\":\"headline\",\"props\":{\"content\":\"VIDEOV\\u00c4GGAR\",\"css\":\".el-element{\\n\\tline-height: .8em\\n}\\n@media screen and (min-width: 1280px){\\n    .el-element{\\n    \\tfont-size: 87px;\\n    }\\n}\",\"title_element\":\"h1\"}},{\"type\":\"headline\",\"props\":{\"content\":\"<span style=\\\"vertical-align: inherit;\\\"><span style=\\\"vertical-align: inherit;\\\">CREATE AN IMPRESSION<\\\/span><\\\/span>\",\"css\":\".el-element{\\n\\tline-height: .8em\\n}\\n@media screen and (min-width: 1280px){\\n    .el-element{\\n    \\tfont-size: 87px;\\n    }\\n}\",\"title_color\":\"primary\",\"title_element\":\"h2\"}},{\"type\":\"text\",\"props\":{\"class\":\"intro2\",\"column_breakpoint\":\"m\",\"content\":\"\n\n<div class=\\\"mb-2 whitespace-pre-line last:mb-0\\\" data-sentry-component=\\\"P\\\" data-sentry-source-file=\\\"p.tsx\\\">F\\u00f6r att verkligen f\\u00e4ngsla din publik och skapa ett best\\u00e5ende intryck finns det inget som sl\\u00e5r effekten av en digital videov\\u00e4gg. Oavsett om du \\u00e4r ett globalt varum\\u00e4rke eller ett mindre f\\u00f6retag erbjuder videov\\u00e4ggar ett enast\\u00e5ende s\\u00e4tt att dra till sig uppm\\u00e4rksamhet och lyfta kundupplevelsen till n\\u00e4sta niv\\u00e5.<\\\/div>\",\"margin\":\"default\"}}]},{\"type\":\"column\",\"props\":{\"image_position\":\"center-center\",\"position_sticky_breakpoint\":\"m\",\"width_medium\":\"2-5\"}}]},{\"type\":\"row\",\"children\":[{\"type\":\"column\",\"props\":{\"image_position\":\"center-center\",\"position_sticky_breakpoint\":\"m\"},\"children\":[{\"type\":\"slideshow\",\"props\":{\"link_style\":\"default\",\"link_text\":\"Read more\",\"margin\":\"default\",\"meta_align\":\"below-title\",\"meta_element\":\"div\",\"meta_style\":\"text-meta\",\"nav\":\"dotnav\",\"nav_align\":\"center\",\"nav_below\":true,\"nav_breakpoint\":\"s\",\"nav_position\":\"bottom-center\",\"nav_position_margin\":\"medium\",\"overlay_animation\":\"parallax\",\"overlay_position\":\"center-left\",\"show_content\":true,\"show_link\":true,\"show_meta\":true,\"show_thumbnail\":true,\"show_title\":false,\"slidenav\":\"default\",\"slidenav_breakpoint\":\"s\",\"slidenav_margin\":\"medium\",\"slidenav_outside_breakpoint\":\"xl\",\"slideshow_autoplay\":true,\"slideshow_autoplay_pause\":true,\"slideshow_min_height\":300,\"thumbnav_height\":\"75\",\"thumbnav_svg_color\":\"emphasis\",\"thumbnav_width\":\"100\",\"title_element\":\"h3\"},\"children\":[{\"type\":\"slideshow_item\",\"props\":{\"image\":\"wp-content\\\/uploads\\\/2024\\\/08\\\/IMG_1044-1.jpeg\"}},{\"type\":\"slideshow_item\",\"props\":{\"image\":\"wp-content\\\/uploads\\\/2025\\\/07\\\/DSC06576-4.jpeg\"}},{\"type\":\"slideshow_item\",\"props\":{\"image\":\"wp-content\\\/uploads\\\/2024\\\/08\\\/the-wall.jpg\"}},{\"type\":\"slideshow_item\",\"props\":{\"image\":\"wp-content\\\/uploads\\\/2024\\\/08\\\/reds-full-color.jpg\"}},{\"type\":\"slideshow_item\",\"props\":{\"image\":\"wp-content\\\/uploads\\\/2025\\\/07\\\/IMG_6950.jpeg\"}},{\"type\":\"slideshow_item\",\"props\":{\"image\":\"wp-content\\\/uploads\\\/2024\\\/07\\\/primark3-1-scaled-1.webp\",\"title\":\"primark3-1-scaled\"}},{\"type\":\"slideshow_item\",\"props\":{\"image\":\"wp-content\\\/uploads\\\/2024\\\/07\\\/FirstBank-scaled-1.webp\",\"title\":\"FirstBank-scaled\"}},{\"type\":\"slideshow_item\",\"props\":{\"image\":\"wp-content\\\/uploads\\\/2024\\\/07\\\/primark1-scaled-1.webp\",\"title\":\"primark1-scaled\"}},{\"type\":\"slideshow_item\",\"props\":{\"image\":\"wp-content\\\/uploads\\\/2024\\\/07\\\/primark2-scaled-1.webp\",\"title\":\"primark2-scaled\"}},{\"type\":\"slideshow_item\",\"props\":{\"image\":\"wp-content\\\/uploads\\\/2024\\\/07\\\/primark4-scaled-1.webp\",\"title\":\"primark4-scaled\"}},{\"type\":\"slideshow_item\",\"props\":{\"image\":\"wp-content\\\/uploads\\\/2025\\\/07\\\/IMG_5476.jpeg\"}},{\"type\":\"slideshow_item\",\"props\":{\"image\":\"wp-content\\\/uploads\\\/2024\\\/07\\\/sunglasshut-scaled-1.webp\",\"title\":\"sunglasshut-scaled\"}},{\"type\":\"slideshow_item\",\"props\":{\"image\":\"wp-content\\\/uploads\\\/2024\\\/07\\\/sxsw2-scaled-1.webp\",\"title\":\"sxsw2-scaled\"}},{\"type\":\"slideshow_item\",\"props\":{\"image\":\"wp-content\\\/uploads\\\/2024\\\/07\\\/videowall1-scaled-1.webp\",\"title\":\"videowall1-scaled\"}},{\"type\":\"slideshow_item\",\"props\":{\"image\":\"wp-content\\\/uploads\\\/2024\\\/06\\\/video-wall-scaled.jpg\"}},{\"type\":\"slideshow_item\",\"props\":{\"image\":\"wp-content\\\/uploads\\\/2024\\\/07\\\/escobar-normal.jpg\"}},{\"type\":\"slideshow_item\",\"props\":{\"image\":\"wp-content\\\/uploads\\\/2024\\\/08\\\/escobar-full-color.jpg\"}},{\"type\":\"slideshow_item\",\"props\":{\"image\":\"wp-content\\\/uploads\\\/2024\\\/08\\\/batman2.jpg\"}},{\"type\":\"slideshow_item\",\"props\":{\"image\":\"wp-content\\\/uploads\\\/2025\\\/07\\\/IMG_3199-1.jpeg\"}}]}]}]},{\"type\":\"row\",\"children\":[{\"type\":\"column\",\"props\":{\"image_position\":\"center-center\",\"position_sticky_breakpoint\":\"m\"},\"children\":[{\"type\":\"headline\",\"props\":{\"content\":\"SPEKTAKUL\\u00c4RA L\\u00d6SNINGAR F\\u00d6R ALLA BRANSCHER\",\"css\":\".el-element{\\n\\tline-height: .8em\\n}\\n@media screen and (min-width: 1280px){\\n    .el-element{\\n    \\tfont-size: 87px;\\n    }\\n}\",\"title_element\":\"h2\",\"title_style\":\"h2\"}},{\"type\":\"text\",\"props\":{\"class\":\"intro2\",\"column_breakpoint\":\"m\",\"content\":\"\n\n<p><span dir=\\\"auto\\\" style=\\\"vertical-align: inherit;\\\"><span dir=\\\"auto\\\" style=\\\"vertical-align: inherit;\\\">Mood video wall solutions create an impressive impact for all types of businesses. Whether you operate in retail, hospitality, entertainment or any other industry, our visual experts are ready to design and install impressive video walls tailored to your needs. From large single-screen solutions to advanced multi-screen configurations, explore our gallery for inspiring examples of what we can create for you.<\\\/span><\\\/span><\\\/p>\\n\n\n<p><\\\/p>\",\"margin\":\"default\"}},{\"type\":\"button\",\"props\":{\"grid_column_gap\":\"small\",\"grid_row_gap\":\"small\",\"margin\":\"default\"},\"children\":[{\"type\":\"button_item\",\"props\":{\"button_style\":\"default\",\"content\":\"KONTAKTA OSS\",\"icon_align\":\"left\",\"link\":\"#contact\"}}]}]}]}],\"name\":\"HERO WITH TEXT\"},{\"type\":\"section\",\"props\":{\"css\":\"@media only screen and (max-width: 767px) {\\n    .el-section .uk-section {\\n        background-blend-mode: multiply;\\n        background-color: #474747 !important;\\n    }\\n    .intro2{\\n    \\tcolor: #FFF;\\n    }\\n}\",\"image\":\"wp-content\\\/uploads\\\/2024\\\/07\\\/harmony-phone-2.webp\",\"image_position\":\"center-right\",\"style\":\"muted\",\"title_breakpoint\":\"xl\",\"title_position\":\"top-left\",\"title_rotation\":\"left\",\"vertical_align\":\"middle\",\"width\":\"default\"},\"children\":[{\"type\":\"row\",\"props\":{\"layout\":\"3-5,2-5\"},\"children\":[{\"type\":\"column\",\"props\":{\"image_position\":\"center-center\",\"position_sticky_breakpoint\":\"m\",\"width_medium\":\"3-5\"},\"children\":[{\"type\":\"headline\",\"props\":{\"content\":\"HARMONY<br \\\/>DIGITAL SKYLTNING\",\"css\":\".el-element{\\n    line-height: .8em;\\n}\\n@media screen and (max-width: 767px){\\n    .el-element{\\n    \\tcolor: #FFF;\\n    }\\n}\\n@media screen and (min-width: 1280px){\\n    .el-element{\\n    \\tfont-size: 87px;\\n    }\\n}\",\"title_element\":\"h2\",\"title_style\":\"heading-medium\"}},{\"type\":\"text\",\"props\":{\"class\":\"intro2\",\"column_breakpoint\":\"m\",\"content\":\"\n\n<p>F\\u00f6r att skapa en exceptionell kundupplevelse m\\u00e5ste din visuella presentation harmonisera helt med ditt varum\\u00e4rke. Mood Harmony \\u00e4r din plattform f\\u00f6r varum\\u00e4rkesupplevelser som g\\u00f6r detta m\\u00f6jligt. Hantera all digital skyltning och videov\\u00e4ggsinneh\\u00e5ll smidigt via v\\u00e5rt integrerade publiceringsverktyg och s\\u00e4kerst\\u00e4ll att ditt budskap alltid \\u00e4r konsekvent och tydligt.<\\\/p>\",\"margin\":\"default\"}},{\"type\":\"button\",\"props\":{\"grid_column_gap\":\"small\",\"grid_row_gap\":\"small\",\"margin\":\"large\"},\"children\":[{\"type\":\"button_item\",\"props\":{\"button_style\":\"default\",\"content\":\"L\\u00c4S MER\",\"icon_align\":\"left\",\"link\":\"harmony-2\\\/\"}}]}]},{\"type\":\"column\",\"props\":{\"image_position\":\"center-center\",\"position_sticky_breakpoint\":\"m\",\"width_medium\":\"2-5\"}}]}],\"name\":\"Section Harmony\"},{\"type\":\"section\",\"props\":{\"css\":\".el-section{\\n\\tbackground-color: #f8f8f8;\\n}\",\"image_position\":\"center-center\",\"style\":\"default\",\"title_breakpoint\":\"xl\",\"title_position\":\"top-left\",\"title_rotation\":\"left\",\"vertical_align\":\"middle\",\"width\":\"default\"},\"children\":[{\"type\":\"row\",\"props\":{\"layout\":\"1-2,1-2\"},\"children\":[{\"type\":\"column\",\"props\":{\"image_position\":\"center-center\",\"position_sticky_breakpoint\":\"m\",\"width_medium\":\"1-2\"},\"children\":[{\"type\":\"headline\",\"props\":{\"class\":\"lh-1\",\"content\":\"MOOD VISUELLA L\\u00d6SNINGAR:<br \\\/><span class=\\\"uk-text-primary\\\"><strong>SE SKILLNADEN<\\\/strong><\\\/span>\",\"title_element\":\"h2\"}},{\"type\":\"text\",\"props\":{\"column_breakpoint\":\"m\",\"content\":\"\n\n<p class=\\\"intro\\\"><b>BRANSCHER VI BETJ\\u00c4NAR<\\\/b><\\\/p>\\n\n\n<ul>\\n\n\n<li class=\\\"intro\\\">Detaljhandel<\\\/li>\\n\n\n<li class=\\\"intro\\\">Restaurang &amp; bar<\\\/li>\\n\n\n<li class=\\\"intro\\\">Nattklubb<\\\/li>\\n\n\n<li class=\\\"intro\\\">Finans<\\\/li>\\n\n\n<li class=\\\"intro\\\">Hotell<\\\/li>\\n\n\n<li class=\\\"intro\\\">H\\u00e4lsov\\u00e5rd<\\\/li>\\n\n\n<li class=\\\"intro\\\">Bilbranschen<\\\/li>\\n<\\\/ul>\\n\n\n<p class=\\\"intro bold\\\"><b>Och mycket mer<\\\/b><\\\/p>\",\"margin\":\"default\"}}]},{\"type\":\"column\",\"props\":{\"image_position\":\"center-center\",\"position_sticky_breakpoint\":\"m\",\"width_medium\":\"1-2\"},\"children\":[{\"type\":\"text\",\"props\":{\"column_breakpoint\":\"m\",\"content\":\"\n\n<p class=\\\"intro\\\"><strong>VARF\\u00d6R V\\u00c4LJA MOOD?<\\\/strong><\\\/p>\\n\n\n<p class=\\\"p1\\\">+Helt\\u00e4ckande partnerskap fr\\u00e5n start till m\\u00e5l<\\\/p>\\n\n\n<p class=\\\"p1\\\">+Videov\\u00e4ggar i toppklass \\u2013 oavsett skala eller storlek<\\\/p>\\n\n\n<p class=\\\"p1\\\">+Expertdesign, montering och installation<\\\/p>\\n\n\n<p class=\\\"p1\\\">+Kompletta tj\\u00e4nster f\\u00f6r inneh\\u00e5llsskapande och hantering<\\\/p>\\n\n\n<p class=\\\"p1\\\">+Prisbel\\u00f6nt grafik och CGI-animation<\\\/p>\",\"margin\":\"default\"}}]}]}]},{\"type\":\"section\",\"props\":{\"css\":\".el-section{\\n\\tbackground-color: #222222;\\n}\",\"id\":\"contact\",\"image_position\":\"center-center\",\"style\":\"secondary\",\"title_breakpoint\":\"xl\",\"title_position\":\"top-left\",\"title_rotation\":\"left\",\"vertical_align\":\"middle\",\"width\":\"default\"},\"children\":[{\"type\":\"row\",\"children\":[{\"type\":\"column\",\"props\":{\"image_position\":\"center-center\",\"position_sticky_breakpoint\":\"m\"},\"children\":[{\"type\":\"headline\",\"props\":{\"content\":\"KONTAKTA OSS\",\"margin\":\"small\",\"text_align\":\"center\",\"title_element\":\"h2\"}},{\"type\":\"text\",\"props\":{\"column_breakpoint\":\"m\",\"content\":\"\n\n<p>Ta din visuella upplevelse till n\\u00e4sta niv\\u00e5 med videov\\u00e4ggsl\\u00f6sningar.<\\\/p>\",\"margin\":\"small\",\"text_align\":\"center\",\"text_style\":\"large\"}},{\"type\":\"text\",\"props\":{\"block_align\":\"center\",\"column_breakpoint\":\"m\",\"content\":\"[contact-form-7 id=\\\"e56d022\\\" title=\\\"Kontaktformul\\u00e4r Vertical 2\\\"]\",\"css\":\".el-element .wpcf7-spinner{\\n\\tposition: absolute;\\n    margin-left: -30px;\\n    margin-top: 8px;\\n}\",\"margin\":\"default\",\"maxwidth\":\"xlarge\"}}]}]}],\"name\":\"Section Contact Form New\"}],\"version\":\"4.3.10\"} --><\/p>","protected":false},"excerpt":{"rendered":"<p>VIDEOV\u00c4GGAR CREATE AN IMPRESSION F\u00f6r att verkligen f\u00e4ngsla din publik och skapa ett best\u00e5ende intryck finns det inget som sl\u00e5r effekten av en digital videov\u00e4gg. Oavsett om du \u00e4r ett globalt varum\u00e4rke eller ett mindre f\u00f6retag erbjuder videov\u00e4ggar ett enast\u00e5ende s\u00e4tt att dra till sig uppm\u00e4rksamhet och lyfta kundupplevelsen till n\u00e4sta niv\u00e5. primark3-1-scaled FirstBank-scaled primark1-scaled [&hellip;]<\/p>","protected":false},"author":1,"featured_media":0,"parent":0,"menu_order":0,"comment_status":"closed","ping_status":"closed","template":"","meta":{"footnotes":""},"class_list":["post-185","page","type-page","status-publish","hentry"],"_links":{"self":[{"href":"https:\/\/moodnordic.se\/en\/wp-json\/wp\/v2\/pages\/185"}],"collection":[{"href":"https:\/\/moodnordic.se\/en\/wp-json\/wp\/v2\/pages"}],"about":[{"href":"https:\/\/moodnordic.se\/en\/wp-json\/wp\/v2\/types\/page"}],"author":[{"embeddable":true,"href":"https:\/\/moodnordic.se\/en\/wp-json\/wp\/v2\/users\/1"}],"replies":[{"embeddable":true,"href":"https:\/\/moodnordic.se\/en\/wp-json\/wp\/v2\/comments?post=185"}],"version-history":[{"count":65,"href":"https:\/\/moodnordic.se\/en\/wp-json\/wp\/v2\/pages\/185\/revisions"}],"predecessor-version":[{"id":7893,"href":"https:\/\/moodnordic.se\/en\/wp-json\/wp\/v2\/pages\/185\/revisions\/7893"}],"wp:attachment":[{"href":"https:\/\/moodnordic.se\/en\/wp-json\/wp\/v2\/media?parent=185"}],"curies":[{"name":"wp","href":"https:\/\/api.w.org\/{rel}","templated":true}]}}