{"id":2923,"date":"2024-07-20T20:26:43","date_gmt":"2024-07-20T20:26:43","guid":{"rendered":"https:\/\/mood.admaxstage.com\/?page_id=2923"},"modified":"2025-08-07T12:47:19","modified_gmt":"2025-08-07T12:47:19","slug":"livsmedelsbutik","status":"publish","type":"page","link":"https:\/\/moodnordic.se\/en\/branscher\/livsmedelsbutik\/","title":{"rendered":"Audiovisual solutions for grocery stores"},"content":{"rendered":"<h1>\n<h1>Create customer value that is noticed - and business value that is felt.<\/h2>\n<\/h1>\n<div>\n<p>With sound, scent and digital signage from Mood Nordic, your grocery store gets an experience that influences purchasing decisions, strengthens the brand and puts more in the shopping cart.<\/p>\n<p>From idea to installation, we help you with the right choice of audio technology, background music and strategic placement of digital screens for maximum business value.<\/p>\n<p><b>The result:<\/b> Extending the customer's stay, increasing sales and making every retail space more profitable.<\/p>\n<\/p>\n<\/div>\n<div>\n<div>\n<p class=\"intro2 uk-text-bold\">We offer the expertise, technology and customer support that grocers rely on.<\/p>\n<p class=\"intro2 uk-text-bold\">Contact us today to find out more.<\/p>\n<\/div>\n<p><a href=\"#contact\">CONTACT US<\/a><\/p>\n<\/div>\n<h2>Support for grocery stores<\/h2>\n<div>\n<p>Mood's global network supports thousands of grocery stores worldwide, providing the expertise and solutions needed to influence customer behavior, increase sales and strengthen brand loyalty.<\/p>\n<\/div>\n<p><img decoding=\"async\" src=\"\/wp-content\/uploads\/2024\/08\/grocery-logos-2.png\" alt=\"\"><br \/>\n<img decoding=\"async\" src=\"\/wp-content\/uploads\/2024\/07\/grocery-logos-2024.webp\" alt=\"\"><\/p>\n<h2>Solutions for grocery stores<\/h2>\n<div>\n<p><span class=\"intro2 uk-text-secondary\"><b><strong>Digital signage for grocery stores<\/strong><\/b><\/span><br \/><span>Enhance the visual impact of your store with our digital signage solutions. From digital menu boards and promotional displays to smart shelving systems, we create engaging shopping experiences. <\/span><strong><a href=\"https:\/\/moodnordic.se\/en\/digital-skyltning\/\" class=\"moodred\">READ MORE<\/a><\/strong><\/p>\n<\/div>\n<div>\n<p><span class=\"intro2 uk-text-secondary\"><b>Music for grocery stores<\/b><\/span><br \/><span>Have you ever hummed along in the aisle while shopping? Did you know that fruit and vegetables even thrive better with classical music? That's exactly what we're experts at!\u00a0\u00a0<\/span><strong><a href=\"https:\/\/moodnordic.se\/en\/musik-for-foretag-3\/\" class=\"moodred\">READ MORE<\/a><\/strong><\/p>\n<\/div>\n<div>\n<p><span class=\"intro2 uk-text-secondary\"><b>Audiovisual for grocery stores<\/b><\/span><br \/><span>Rely on our comprehensive audiovisual solutions - from announcements to background music and digital displays. We design systems tailored to your store and offer professional installation and local support to ensure everything runs smoothly.\u00a0 <\/span><strong><a href=\"https:\/\/moodnordic.se\/en\/audiovisuella-system\/\" class=\"moodred\">READ MORE<\/a><\/strong><\/p>\n<\/div>\n<div>\n<p><span class=\"intro2 uk-text-secondary\"><b>Overhead notices for grocery stores<\/b><\/span><br \/><span>Take advantage of every opportunity to highlight offers and promotions. Make your brand voice an integral part of the customer experience.\u00a0<\/span><strong><a href=\"https:\/\/moodnordic.se\/en\/ljudmeddelanden-i-butik\/\" class=\"moodred\">READ MORE<\/a><\/strong><\/p>\n<\/div>\n<div>\n<p><span class=\"intro2 uk-text-secondary\"><b>Telephone exchange messages for grocery stores<\/b><\/span><br \/><span>Reach customers who call your store by informing them about promotions and directing them to your website. Don't keep them waiting in silence while staff check stock levels. <\/span><strong><a href=\"https:\/\/moodnordic.se\/en\/telefonmeddelanden\/\" class=\"moodred\">READ MORE<\/a><\/strong><\/p>\n<\/div>\n<div>\n<p><span class=\"intro2 uk-text-secondary\"><b>Scent marketing for grocery stores<\/b><\/span><br \/><span>Create unforgettable first impressions, promote specific products' sales and build long-lasting brand associations with our customized fragrance solutions.\u00a0<\/span><strong><a href=\"https:\/\/moodnordic.se\/en\/doft\/\" class=\"moodred\">READ MORE<\/a><\/strong><\/p>\n<\/div>\n<div>\n<p>Contact us today to discover how our solutions can improve the customer experience in your grocery store.<\/p>\n<\/div>\n<p>\n    <a href=\"#contact\">CONTACT US<\/a>\n<\/p>\n<h2>CONTACT US<\/h2>\n<div>\n<p>Enhance the experience in your grocery store with Mood Nordic solutions.<\/p>\n<\/div>\n<div>\n<div class=\"wpcf7 no-js\" id=\"wpcf7-f2224-o1\" lang=\"sv-SE\" dir=\"ltr\" data-wpcf7-id=\"2224\">\n<div class=\"screen-reader-response\"><p role=\"status\" aria-live=\"polite\" aria-atomic=\"true\"><\/p> <ul><\/ul><\/div>\n<form action=\"\/en\/wp-json\/wp\/v2\/pages\/2923#wpcf7-f2224-o1\" method=\"post\" class=\"wpcf7-form init\" aria-label=\"Kontaktformul\u00e4r\" novalidate=\"novalidate\" data-status=\"init\" data-trp-original-action=\"\/en\/wp-json\/wp\/v2\/pages\/2923#wpcf7-f2224-o1\">\n<div style=\"display: none;\">\n<input type=\"hidden\" name=\"_wpcf7\" value=\"2224\" \/>\n<input type=\"hidden\" name=\"_wpcf7_version\" value=\"6.0.6\" \/>\n<input type=\"hidden\" name=\"_wpcf7_locale\" value=\"sv_SE\" \/>\n<input type=\"hidden\" name=\"_wpcf7_unit_tag\" value=\"wpcf7-f2224-o1\" \/>\n<input type=\"hidden\" name=\"_wpcf7_container_post\" value=\"0\" \/>\n<input type=\"hidden\" name=\"_wpcf7_posted_data_hash\" value=\"\" \/>\n<\/div>\n<p class=\"uk-margin-small\"><span class=\"wpcf7-form-control-wrap\" data-name=\"your-first-name\"><input size=\"40\" maxlength=\"400\" class=\"wpcf7-form-control wpcf7-text wpcf7-validates-as-required uk-input\" aria-required=\"true\" aria-invalid=\"false\" placeholder=\"First name\" value=\"\" type=\"text\" name=\"your-first-name\" \/><\/span>\n<\/p>\n<p class=\"uk-margin-small\"><span class=\"wpcf7-form-control-wrap\" data-name=\"your-last-name\"><input size=\"40\" maxlength=\"400\" class=\"wpcf7-form-control wpcf7-text wpcf7-validates-as-required uk-input\" aria-required=\"true\" aria-invalid=\"false\" placeholder=\"Surname\" value=\"\" type=\"text\" name=\"your-last-name\" \/><\/span>\n<\/p>\n<p class=\"uk-margin-small\"><span class=\"wpcf7-form-control-wrap\" data-name=\"your-company\"><input size=\"40\" maxlength=\"400\" class=\"wpcf7-form-control wpcf7-text uk-input\" aria-invalid=\"false\" placeholder=\"Company\" value=\"\" type=\"text\" name=\"your-company\" \/><\/span>\n<\/p>\n<p class=\"uk-margin-small\"><span class=\"wpcf7-form-control-wrap\" data-name=\"your-postal-code\"><input size=\"40\" maxlength=\"400\" class=\"wpcf7-form-control wpcf7-text uk-input\" aria-invalid=\"false\" placeholder=\"Postal code\" value=\"\" type=\"text\" name=\"your-postal-code\" \/><\/span>\n<\/p>\n<p class=\"uk-margin-small\"><span class=\"wpcf7-form-control-wrap\" data-name=\"your-phone\"><input size=\"40\" maxlength=\"400\" class=\"wpcf7-form-control wpcf7-tel wpcf7-text wpcf7-validates-as-tel uk-input\" aria-invalid=\"false\" placeholder=\"Tel\" value=\"\" type=\"tel\" name=\"your-phone\" \/><\/span>\n<\/p>\n<p class=\"uk-margin-small\"><span class=\"wpcf7-form-control-wrap\" data-name=\"your-email\"><input size=\"40\" maxlength=\"400\" class=\"wpcf7-form-control wpcf7-email wpcf7-validates-as-required wpcf7-text wpcf7-validates-as-email uk-input\" aria-required=\"true\" aria-invalid=\"false\" placeholder=\"E-mail address\" value=\"\" type=\"email\" name=\"your-email\" \/><\/span>\n<\/p>\n<p class=\"uk-margin-small\"><span class=\"wpcf7-form-control-wrap\" data-name=\"your-message\"><textarea cols=\"40\" rows=\"3\" maxlength=\"2000\" class=\"wpcf7-form-control wpcf7-textarea uk-textarea\" aria-invalid=\"false\" placeholder=\"Your message\" name=\"your-message\"><\/textarea><\/span>\n<\/p>\n<input class=\"wpcf7-form-control wpcf7-hidden\" value=\"\" type=\"hidden\" name=\"page-url\" \/>\n<div class=\"uk-margin-small uk-text-center\">\n\t<p><input class=\"wpcf7-form-control wpcf7-submit has-spinner uk-button uk-button-primary uk-width-1-1\" type=\"submit\" value=\"SKICKA\" \/>\n\t<\/p>\n<\/div><div class=\"wpcf7-response-output\" aria-hidden=\"true\"><\/div>\n<input type=\"hidden\" name=\"trp-form-language\" value=\"en\"\/><\/form>\n<\/div>\n<\/div>\n<p><!--more--><br \/>\n<!-- {\"type\":\"layout\",\"children\":[{\"type\":\"section\",\"props\":{\"height_viewport\":60,\"image\":\"wp-content\\\/uploads\\\/2024\\\/08\\\/gorcery-guy-4.jpg\",\"image_position\":\"center-center\",\"image_size\":\"cover\",\"media_background\":\"#7a7a7a \",\"media_blend_mode\":\"multiply\",\"style\":\"default\",\"text_color\":\"light\",\"title_breakpoint\":\"xl\",\"title_position\":\"top-left\",\"title_rotation\":\"left\",\"vertical_align\":\"middle\",\"width\":\"default\"},\"children\":[{\"type\":\"row\",\"props\":{\"column_gap\":\"large\",\"layout\":\"3-5,2-5\"},\"children\":[{\"type\":\"column\",\"props\":{\"image_position\":\"center-center\",\"position_sticky_breakpoint\":\"m\",\"width_medium\":\"3-5\"},\"children\":[{\"type\":\"headline\",\"props\":{\"class\":\"lh-08\",\"content\":\"\n\n<h1>Skapa kundnytta som m\\u00e4rks \\u2013 och aff\\u00e4rsv\\u00e4rde som k\\u00e4nns.<\\\/h2>\",\"title_element\":\"h1\",\"title_style\":\"heading-medium\"}},{\"type\":\"text\",\"props\":{\"class\":\"intro2 uk-text-white\",\"column_breakpoint\":\"m\",\"content\":\"\n\n<p>Med ljud, doft och digitala skyltar fr\\u00e5n Mood Nordic f\\u00e5r din livsmedelsbutik en upplevelse som p\\u00e5verkar k\\u00f6pbeslut, st\\u00e4rker varum\\u00e4rket och l\\u00e4gger mer i kundvagnen.<\\\/p>\\n\n\n<p>Fr\\u00e5n id\\u00e9 till montering hj\\u00e4lper vi er med r\\u00e4tt val av ljudteknik, bakgrundsmusik och strategisk placering av digitala sk\\u00e4rmar f\\u00f6r maxad aff\\u00e4rsv\\u00e4rde.<\\\/p>\\n\n\n<p><b>Resultatet:<\\\/b> F\\u00f6rl\\u00e4nger kundens vistelse, \\u00f6kar f\\u00f6rs\\u00e4ljningen och g\\u00f6r varje butiksyta mer l\\u00f6nsam.<\\\/p>\\n\n\n<p><\\\/p>\",\"margin\":\"default\"}}]},{\"type\":\"column\",\"props\":{\"image_position\":\"center-center\",\"position_sticky_breakpoint\":\"m\",\"width_medium\":\"2-5\"},\"children\":[{\"type\":\"panel\",\"props\":{\"content\":\"\n\n<p class=\\\"intro2 uk-text-bold\\\">Vi erbjuder den expertis, teknik och det kundst\\u00f6d som livsmedelsbutiker f\\u00f6rlitar sig p\\u00e5.<\\\/p>\\n\n\n<p class=\\\"intro2 uk-text-bold\\\">Kontakta oss idag f\\u00f6r att f\\u00e5 veta mer.<\\\/p>\",\"content_column_breakpoint\":\"m\",\"css\":\".el-link:hover{\\n\\tcolor: #333;\\n    border-color: #333;\\n}\",\"icon_width\":80,\"image_align\":\"top\",\"image_grid_breakpoint\":\"m\",\"image_grid_width\":\"1-2\",\"image_svg_color\":\"emphasis\",\"link\":\"#contact\",\"link_style\":\"default\",\"link_text\":\"KONKTAKTA OSS\",\"margin\":\"default\",\"meta_align\":\"below-title\",\"meta_element\":\"div\",\"meta_style\":\"text-meta\",\"panel_padding\":\"default\",\"panel_style\":\"card-default\",\"title_align\":\"top\",\"title_element\":\"h3\",\"title_grid_breakpoint\":\"m\",\"title_grid_width\":\"1-2\",\"title_hover_style\":\"reset\"}}]}]}],\"name\":\"SECTION HERO WITH CARD RIGHT\"},{\"type\":\"section\",\"props\":{\"image_position\":\"center-center\",\"style\":\"default\",\"title_breakpoint\":\"xl\",\"title_position\":\"top-left\",\"title_rotation\":\"left\",\"vertical_align\":\"middle\",\"width\":\"default\"},\"children\":[{\"type\":\"row\",\"children\":[{\"type\":\"column\",\"props\":{\"image_position\":\"center-center\",\"position_sticky_breakpoint\":\"m\"},\"children\":[{\"type\":\"headline\",\"props\":{\"content\":\"St\\u00f6d f\\u00f6r livsmedelsbutiker\",\"text_align\":\"center\",\"title_element\":\"h2\"}},{\"type\":\"text\",\"props\":{\"class\":\"intro2\",\"column_breakpoint\":\"m\",\"content\":\"\n\n<p>Moods globala n\\u00e4tverk st\\u00f6ttar tusentals livsmedelsbutiker v\\u00e4rlden \\u00f6ver och erbjuder den expertis och de l\\u00f6sningar som kr\\u00e4vs f\\u00f6r att p\\u00e5verka kundbeteende, \\u00f6ka f\\u00f6rs\\u00e4ljningen och st\\u00e4rka varum\\u00e4rkeslojaliteten.<\\\/p>\",\"margin\":\"default\",\"text_align\":\"center\"}},{\"type\":\"image\",\"props\":{\"image\":\"wp-content\\\/uploads\\\/2024\\\/08\\\/grocery-logos-2.png\",\"image_svg_color\":\"emphasis\",\"margin\":\"default\",\"text_align\":\"center\"}},{\"type\":\"image\",\"props\":{\"image\":\"wp-content\\\/uploads\\\/2024\\\/07\\\/grocery-logos-2024.webp\",\"image_svg_color\":\"emphasis\",\"margin\":\"default\",\"text_align\":\"center\"}}]}]}]},{\"type\":\"section\",\"props\":{\"image_position\":\"center-center\",\"style\":\"muted\",\"title_breakpoint\":\"xl\",\"title_position\":\"top-left\",\"title_rotation\":\"left\",\"vertical_align\":\"middle\",\"width\":\"default\"},\"children\":[{\"type\":\"row\",\"props\":{\"column_gap\":\"large\"},\"children\":[{\"type\":\"column\",\"props\":{\"image_position\":\"center-center\",\"position_sticky_breakpoint\":\"m\"},\"children\":[{\"type\":\"headline\",\"props\":{\"content\":\"L\\u00f6sningar f\\u00f6r livsmedelsbutiker\",\"text_align\":\"center\",\"title_element\":\"h2\"}}]}]},{\"type\":\"row\",\"props\":{\"column_gap\":\"large\",\"layout\":\"1-3,1-3,1-3\",\"row_gap\":\"large\"},\"children\":[{\"type\":\"column\",\"props\":{\"image_position\":\"center-center\",\"position_sticky_breakpoint\":\"m\",\"width_medium\":\"1-3\"},\"children\":[{\"type\":\"text\",\"props\":{\"column_breakpoint\":\"m\",\"content\":\"\n\n<p><span class=\\\"intro2 uk-text-secondary\\\"><b><strong>Digital skyltning f\\u00f6r livsmedelsbutiker<\\\/strong><\\\/b><\\\/span><br \\\/><span>F\\u00f6rb\\u00e4ttra butikens visuella intryck med v\\u00e5ra l\\u00f6sningar f\\u00f6r digital skyltning. Fr\\u00e5n digitala menytavlor och kampanjdisplayer till smarta hyllsystem \\u2013 vi skapar engagerande k\\u00f6pupplevelser. <\\\/span><strong><a href=\\\"https:\\\/\\\/moodnordic.se\\\/digital-skyltning\\\/\\\" class=\\\"moodred\\\">L\\u00c4S MER<\\\/a><\\\/strong><\\\/p>\",\"margin\":\"default\"}}]},{\"type\":\"column\",\"props\":{\"image_position\":\"center-center\",\"position_sticky_breakpoint\":\"m\",\"width_medium\":\"1-3\"},\"children\":[{\"type\":\"text\",\"props\":{\"column_breakpoint\":\"m\",\"content\":\"\n\n<p><span class=\\\"intro2 uk-text-secondary\\\"><b>Musik f\\u00f6r livsmedelsbutiker<\\\/b><\\\/span><br \\\/><span>Har du n\\u00e5gon g\\u00e5ng nynnat med i g\\u00e5ngen n\\u00e4r du handlar? Visste du att frukt och gr\\u00f6nt till och med trivs b\\u00e4ttre med klassisk musik? Det \\u00e4r precis detta vi \\u00e4r experter p\\u00e5!\\u00a0\\u00a0<\\\/span><strong><a href=\\\"https:\\\/\\\/moodnordic.se\\\/musik-for-foretag-3\\\/\\\" class=\\\"moodred\\\">L\\u00c4S MER<\\\/a><\\\/strong><\\\/p>\",\"margin\":\"default\"}}]},{\"type\":\"column\",\"props\":{\"image_position\":\"center-center\",\"position_sticky_breakpoint\":\"m\",\"width_medium\":\"1-3\"},\"children\":[{\"type\":\"text\",\"props\":{\"column_breakpoint\":\"m\",\"content\":\"\n\n<p><span class=\\\"intro2 uk-text-secondary\\\"><b>Audiovisuella f\\u00f6r livsmedelsbutiker<\\\/b><\\\/span><br \\\/><span>Lita p\\u00e5 v\\u00e5ra helt\\u00e4ckande audiovisuella l\\u00f6sningar \\u2013 fr\\u00e5n utrop till bakgrundsmusik och digitala sk\\u00e4rmar. Vi designar system anpassade f\\u00f6r din butik och erbjuder professionell installation och lokal support, s\\u00e5 att allt fungerar felfritt.\\u00a0 <\\\/span><strong><a href=\\\"https:\\\/\\\/moodnordic.se\\\/audiovisuella-system\\\/\\\" class=\\\"moodred\\\">L\\u00c4S MER<\\\/a><\\\/strong><\\\/p>\",\"margin\":\"default\"}}]}]},{\"type\":\"row\",\"props\":{\"column_gap\":\"large\",\"layout\":\"1-3,1-3,1-3\",\"row_gap\":\"large\"},\"children\":[{\"type\":\"column\",\"props\":{\"image_position\":\"center-center\",\"position_sticky_breakpoint\":\"m\",\"width_medium\":\"1-3\"},\"children\":[{\"type\":\"text\",\"props\":{\"column_breakpoint\":\"m\",\"content\":\"\n\n<p><span class=\\\"intro2 uk-text-secondary\\\"><b>\\u00d6verliggande meddelanden f\\u00f6r livsmedelsbutiker<\\\/b><\\\/span><br \\\/><span>Ta vara p\\u00e5 varje m\\u00f6jlighet att lyfta fram erbjudanden och kampanjer. G\\u00f6r din varum\\u00e4rkesr\\u00f6st till en sj\\u00e4lvklar del av kundupplevelsen.\\u00a0<\\\/span><strong><a href=\\\"https:\\\/\\\/moodnordic.se\\\/ljudmeddelanden-i-butik\\\/\\\" class=\\\"moodred\\\">L\\u00c4S MER<\\\/a><\\\/strong><\\\/p>\",\"margin\":\"default\"}}]},{\"type\":\"column\",\"props\":{\"image_position\":\"center-center\",\"position_sticky_breakpoint\":\"m\",\"width_medium\":\"1-3\"},\"children\":[{\"type\":\"text\",\"props\":{\"column_breakpoint\":\"m\",\"content\":\"\n\n<p><span class=\\\"intro2 uk-text-secondary\\\"><b>Telefonv\\u00e4xelmeddelanden f\\u00f6r livsmedelsbutiker<\\\/b><\\\/span><br \\\/><span>N\\u00e5 kunder som ringer till butiken genom att informera om kampanjer och styra dem till din webbplats. L\\u00e5t dem inte v\\u00e4nta i tystnad medan personalen kontrollerar lagersaldo. <\\\/span><strong><a href=\\\"https:\\\/\\\/moodnordic.se\\\/telefonmeddelanden\\\/\\\" class=\\\"moodred\\\">L\\u00c4S MER<\\\/a><\\\/strong><\\\/p>\",\"margin\":\"default\"}}]},{\"type\":\"column\",\"props\":{\"image_position\":\"center-center\",\"position_sticky_breakpoint\":\"m\",\"width_medium\":\"1-3\"},\"children\":[{\"type\":\"text\",\"props\":{\"column_breakpoint\":\"m\",\"content\":\"\n\n<p><span class=\\\"intro2 uk-text-secondary\\\"><b>Doftmarknadsf\\u00f6ring f\\u00f6r livsmedelsbutiker<\\\/b><\\\/span><br \\\/><span>Skapa of\\u00f6rgl\\u00f6mliga f\\u00f6rsta intryck, fr\\u00e4mja specifika produkters f\\u00f6rs\\u00e4ljning och bygg l\\u00e5ngvariga varum\\u00e4rkesassociationer med v\\u00e5ra skr\\u00e4ddarsydda doftl\\u00f6sningar.\\u00a0<\\\/span><strong><a href=\\\"https:\\\/\\\/moodnordic.se\\\/doft\\\/\\\" class=\\\"moodred\\\">L\\u00c4S MER<\\\/a><\\\/strong><\\\/p>\",\"margin\":\"default\"}}]}]},{\"type\":\"row\",\"props\":{\"row_gap\":\"large\"},\"children\":[{\"type\":\"column\",\"props\":{\"image_position\":\"center-center\",\"position_sticky_breakpoint\":\"m\"},\"children\":[{\"type\":\"text\",\"props\":{\"class\":\"intro2\",\"column_breakpoint\":\"m\",\"content\":\"\n\n<p>Kontakta oss idag f\\u00f6r att uppt\\u00e4cka hur v\\u00e5ra l\\u00f6sningar kan f\\u00f6rb\\u00e4ttra kundupplevelsen i din livsmedelsbutik.<\\\/p>\",\"margin\":\"default\",\"text_align\":\"center\"}},{\"type\":\"button\",\"props\":{\"grid_column_gap\":\"small\",\"grid_row_gap\":\"small\",\"margin\":\"medium\",\"text_align\":\"center\"},\"children\":[{\"type\":\"button_item\",\"props\":{\"button_style\":\"default\",\"content\":\"KONTAKTA OSS\",\"icon_align\":\"left\",\"link\":\"#contact\"}}]}]}]}]},{\"type\":\"section\",\"props\":{\"css\":\".el-section{\\n\\tbackground-color: #222222;\\n}\",\"id\":\"contact\",\"image_position\":\"center-center\",\"style\":\"secondary\",\"title_breakpoint\":\"xl\",\"title_position\":\"top-left\",\"title_rotation\":\"left\",\"vertical_align\":\"middle\",\"width\":\"default\"},\"children\":[{\"type\":\"row\",\"children\":[{\"type\":\"column\",\"props\":{\"image_position\":\"center-center\",\"position_sticky_breakpoint\":\"m\"},\"children\":[{\"type\":\"headline\",\"props\":{\"content\":\"KONTAKTA OSS\",\"margin\":\"small\",\"text_align\":\"center\",\"title_element\":\"h2\"}},{\"type\":\"text\",\"props\":{\"column_breakpoint\":\"m\",\"content\":\"\n\n<p>F\\u00f6rh\\u00f6j upplevelsen i din livsmedelsbutik med hj\\u00e4lp av Mood Nordics l\\u00f6sningar.<\\\/p>\",\"margin\":\"small\",\"text_align\":\"center\",\"text_style\":\"large\"}},{\"type\":\"text\",\"props\":{\"block_align\":\"center\",\"column_breakpoint\":\"m\",\"content\":\"[contact-form-7 id=\\\"e56d022\\\" title=\\\"Kontaktformul\\u00e4r Vertical 2\\\"]\",\"css\":\".el-element .wpcf7-spinner{\\n\\tposition: absolute;\\n    margin-left: -30px;\\n    margin-top: 8px;\\n}\",\"margin\":\"default\",\"maxwidth\":\"xlarge\"}}]}]}],\"name\":\"Section Contact Form New\"}],\"version\":\"4.3.10\"} --><\/p>","protected":false},"excerpt":{"rendered":"<p>Skapa kundnytta som m\u00e4rks \u2013 och aff\u00e4rsv\u00e4rde som k\u00e4nns. Med ljud, doft och digitala skyltar fr\u00e5n Mood Nordic f\u00e5r din livsmedelsbutik en upplevelse som p\u00e5verkar k\u00f6pbeslut, st\u00e4rker varum\u00e4rket och l\u00e4gger mer i kundvagnen. Fr\u00e5n id\u00e9 till montering hj\u00e4lper vi er med r\u00e4tt val av ljudteknik, bakgrundsmusik och strategisk placering av digitala sk\u00e4rmar f\u00f6r maxad aff\u00e4rsv\u00e4rde. [&hellip;]<\/p>","protected":false},"author":1,"featured_media":0,"parent":11,"menu_order":0,"comment_status":"closed","ping_status":"closed","template":"","meta":{"footnotes":""},"class_list":["post-2923","page","type-page","status-publish","hentry"],"_links":{"self":[{"href":"https:\/\/moodnordic.se\/en\/wp-json\/wp\/v2\/pages\/2923"}],"collection":[{"href":"https:\/\/moodnordic.se\/en\/wp-json\/wp\/v2\/pages"}],"about":[{"href":"https:\/\/moodnordic.se\/en\/wp-json\/wp\/v2\/types\/page"}],"author":[{"embeddable":true,"href":"https:\/\/moodnordic.se\/en\/wp-json\/wp\/v2\/users\/1"}],"replies":[{"embeddable":true,"href":"https:\/\/moodnordic.se\/en\/wp-json\/wp\/v2\/comments?post=2923"}],"version-history":[{"count":70,"href":"https:\/\/moodnordic.se\/en\/wp-json\/wp\/v2\/pages\/2923\/revisions"}],"predecessor-version":[{"id":7954,"href":"https:\/\/moodnordic.se\/en\/wp-json\/wp\/v2\/pages\/2923\/revisions\/7954"}],"up":[{"embeddable":true,"href":"https:\/\/moodnordic.se\/en\/wp-json\/wp\/v2\/pages\/11"}],"wp:attachment":[{"href":"https:\/\/moodnordic.se\/en\/wp-json\/wp\/v2\/media?parent=2923"}],"curies":[{"name":"wp","href":"https:\/\/api.w.org\/{rel}","templated":true}]}}