{"id":3499,"date":"2024-07-24T21:17:06","date_gmt":"2024-07-24T21:17:06","guid":{"rendered":"https:\/\/mood.admaxstage.com\/?page_id=3499"},"modified":"2025-08-07T07:55:19","modified_gmt":"2025-08-07T07:55:19","slug":"harmony-2","status":"publish","type":"page","link":"https:\/\/moodnordic.se\/en\/harmony-2\/","title":{"rendered":"Harmony - Your all-in-one media platform for in-store communication"},"content":{"rendered":"<p><img decoding=\"async\" src=\"\/wp-content\/uploads\/2024\/07\/Mood-Harmony-Logo-1.png\" alt=\"\"><\/p>\n<h1>YOUR ALL-IN-ONE<br \/>MEDIAPLATFORM<\/h1>\n<div>\n<p>Easily manage all your in-store communications with Harmony - the original platform for brand experiences. With a mobile-friendly publishing tool, you can easily control <strong>music, messages and digital signage.<\/strong> Backed by a powerful and reliable audiovisual media player, Harmony allows you to coordinate all elements of your brand experience in perfect harmony.<\/p>\n<div id=\"gtx-anchor\" style=\"position: absolute; visibility: hidden; left: 10px; top: 91px; width: 340.406px; height: 42px;\"><\/div>\n<div class=\"jfk-bubble gtx-bubble\" role=\"alertdialog\" aria-describedby=\"bubble-2\" style=\"visibility: visible; left: 165px; top: 143px; opacity: 1;\">\n<div class=\"jfk-bubble-content-id\" id=\"bubble-2\">\n<div id=\"gtx-host\" style=\"min-width: 200px; max-width: 400px;\"><\/div>\n<\/div>\n<div class=\"jfk-bubble-closebtn-id jfk-bubble-closebtn\" aria-label=\"Close\" role=\"button\" tabindex=\"0\"><\/div>\n<div class=\"jfk-bubble-arrow-id jfk-bubble-arrow jfk-bubble-arrowup\" style=\"left: 170px;\">\n<div class=\"jfk-bubble-arrowimplbefore\"><\/div>\n<div class=\"jfk-bubble-arrowimplafter\"><\/div>\n<\/div>\n<\/div>\n<\/div>\n<p>\n    <a href=\"#contact\">Get Harmony<\/a>\n<\/p>\n<ul>\n<li>\n        <a href=\"#music\">Harmony music for businesses<\/a>\n    <\/li>\n<li>\n        <a href=\"#ds\">Harmony digital signage<\/a>\n    <\/li>\n<li>\n        <a href=\"#messaging\">Harmony messages<\/a>\n    <\/li>\n<\/ul>\n<h2>STORE MEDIA MANAGEMENT HAS NEVER BEEN THIS EASY<\/h2>\n<div>\n<p>Whether you want to do everything yourself and have full control, or prefer to let the platform do most of the work, Harmony makes managing your store environment super simple and easy. Log in whenever you want and schedule content for individual locations, groups, or your entire company.<\/p>\n<\/div>\n<div>\n<ul>\n<li>Unified publishing tool<\/li>\n<li>Mobile-friendly online monitoring<\/li>\n<li>Safe and reliable technology<\/li>\n<li>Easy plug-and-play installation - or let us install for you<\/li>\n<li>Fast support by phone and email<\/li>\n<\/ul>\n<ul class=\"uk-list uk-list-disc\"><\/ul>\n<div id=\"gtx-anchor\" style=\"position: absolute; visibility: hidden; left: 50px; top: 19px; width: 369px; height: 138px;\"><\/div>\n<div class=\"jfk-bubble gtx-bubble\" role=\"alertdialog\" aria-describedby=\"bubble-3\" style=\"visibility: visible; left: -158px; top: 167px; opacity: 1;\">\n<div class=\"jfk-bubble-content-id\" id=\"bubble-3\">\n<div id=\"gtx-host\" style=\"min-width: 200px; max-width: 400px;\"><\/div>\n<\/div>\n<div class=\"jfk-bubble-closebtn-id jfk-bubble-closebtn\" aria-label=\"Close\" role=\"button\" tabindex=\"0\"><\/div>\n<div class=\"jfk-bubble-arrow-id jfk-bubble-arrow jfk-bubble-arrowup\" style=\"left: 224.5px;\">\n<div class=\"jfk-bubble-arrowimplbefore\"><\/div>\n<div class=\"jfk-bubble-arrowimplafter\"><\/div>\n<\/div>\n<\/div>\n<\/div>\n<p><iframe src=\"https:\/\/www.youtube.com\/embed\/18Byx2c7Miw?feature=oembed\"><\/iframe><br \/>\n<img decoding=\"async\" src=\"\/wp-content\/uploads\/2024\/07\/harmony-music.webp\" alt=\"\"><\/p>\n<h2>HARMONY <span class=\"moodred\">MUSIC<\/span><\/h2>\n<div>\n<p>Create the perfect soundtrack for your brand with Harmony Music. Choose from a variety of pre-curated programs across dozens of genres, or create your own branded mixes using mood settings or your favorite songs and artists as a starting point. The creative possibilities are limitless.<\/p>\n<\/div>\n<p>\n    <a href=\"\/en\/musik-for-foretag-3\/\">READ MORE<\/a>\n<\/p>\n<p>\n    <a href=\"#contact\">Buy now<\/a>\n<\/p>\n<p><img decoding=\"async\" src=\"\/wp-content\/uploads\/2024\/07\/harmony-ds.webp\" alt=\"\"><\/p>\n<h2>DIGITAL <span class=\"moodred\"><strong>LABELING<\/strong><\/span><\/h2>\n<div>\n<p>Whether it's digital signage, menu boards, video walls or interactive touchscreens, Harmony simplifies content management on all your screens.<\/p>\n<\/div>\n<p>\n    <a href=\"https:\/\/mood.admaxstage.com\/digital-signage\/\" target=\"_blank\" rel=\"noopener\">Our solutions<\/a>\n<\/p>\n<p><img decoding=\"async\" src=\"\/wp-content\/uploads\/2024\/07\/harmony-msg.webp\" alt=\"\"><\/p>\n<h2>BRAND COMMUNICATION<\/h2>\n<div>\n<p>Seamlessly integrate audio messaging with music to create a consistent in-store audio experience. Engage callers and promote key offers with personalized phone messages. With Harmony, you can make your brand voice a central part of the customer experience.<\/p>\n<\/div>\n<p>\n    <a href=\"\/en\/ljudmeddelanden-i-butik\/\">Store announcements<\/a>\n<\/p>\n<p>\n    <a href=\"\/en\/telefonmeddelanden\/\">Telephone exchange messages<\/a>\n<\/p>\n<h2>THE MOST VERSATILE TECHNOLOGY<\/h2>\n<div>\n<p>Versatile software requires equally flexible hardware. Harmony is supported by our all-in-one audio and video player, designed to be reliable, robust and secure. This digital media player powers your music, your messaging and your digital signage - the most efficient way to manage your entire brand experience.<\/p>\n<\/div>\n<div>\n<ul class=\"uk-list uk-list-disc\">\n<li>Unrivaled reliability: keeps playing even during internet outages<\/li>\n<li>Plug-and-play: easy installation<\/li>\n<li>WiFi-compatible<\/li>\n<li>Support for multiple media formats<\/li>\n<li>Up to 256 GB storage for content<\/li>\n<li>Energy and bandwidth efficient<\/li>\n<li>Remote monitoring of all Harmony players on your network<\/li>\n<\/ul>\n<\/div>\n<p>\n    <a href=\"#contact\">READ MORE<\/a>\n<\/p>\n<p><img decoding=\"async\" src=\"\/wp-content\/uploads\/2024\/07\/harmony.webp\" alt=\"\"><\/p>\n<h2>CONTACT US<\/h2>\n<div>\n<p>Enhance the customer experience with Mood Harmony.<\/p>\n<\/div>\n<div>\n<div class=\"wpcf7 no-js\" id=\"wpcf7-f2224-o1\" lang=\"sv-SE\" dir=\"ltr\" data-wpcf7-id=\"2224\">\n<div class=\"screen-reader-response\"><p role=\"status\" aria-live=\"polite\" aria-atomic=\"true\"><\/p> <ul><\/ul><\/div>\n<form action=\"\/en\/wp-json\/wp\/v2\/pages\/3499#wpcf7-f2224-o1\" method=\"post\" class=\"wpcf7-form init\" aria-label=\"Kontaktformul\u00e4r\" novalidate=\"novalidate\" data-status=\"init\" data-trp-original-action=\"\/en\/wp-json\/wp\/v2\/pages\/3499#wpcf7-f2224-o1\">\n<div style=\"display: none;\">\n<input type=\"hidden\" name=\"_wpcf7\" value=\"2224\" \/>\n<input type=\"hidden\" name=\"_wpcf7_version\" value=\"6.0.6\" \/>\n<input type=\"hidden\" name=\"_wpcf7_locale\" value=\"sv_SE\" \/>\n<input type=\"hidden\" name=\"_wpcf7_unit_tag\" value=\"wpcf7-f2224-o1\" \/>\n<input type=\"hidden\" name=\"_wpcf7_container_post\" value=\"0\" \/>\n<input type=\"hidden\" name=\"_wpcf7_posted_data_hash\" value=\"\" \/>\n<\/div>\n<p class=\"uk-margin-small\"><span class=\"wpcf7-form-control-wrap\" data-name=\"your-first-name\"><input size=\"40\" maxlength=\"400\" class=\"wpcf7-form-control wpcf7-text wpcf7-validates-as-required uk-input\" aria-required=\"true\" aria-invalid=\"false\" placeholder=\"First name\" value=\"\" type=\"text\" name=\"your-first-name\" \/><\/span>\n<\/p>\n<p class=\"uk-margin-small\"><span class=\"wpcf7-form-control-wrap\" data-name=\"your-last-name\"><input size=\"40\" maxlength=\"400\" class=\"wpcf7-form-control wpcf7-text wpcf7-validates-as-required uk-input\" aria-required=\"true\" aria-invalid=\"false\" placeholder=\"Surname\" value=\"\" type=\"text\" name=\"your-last-name\" \/><\/span>\n<\/p>\n<p class=\"uk-margin-small\"><span class=\"wpcf7-form-control-wrap\" data-name=\"your-company\"><input size=\"40\" maxlength=\"400\" class=\"wpcf7-form-control wpcf7-text uk-input\" aria-invalid=\"false\" placeholder=\"Company\" value=\"\" type=\"text\" name=\"your-company\" \/><\/span>\n<\/p>\n<p class=\"uk-margin-small\"><span class=\"wpcf7-form-control-wrap\" data-name=\"your-postal-code\"><input size=\"40\" maxlength=\"400\" class=\"wpcf7-form-control wpcf7-text uk-input\" aria-invalid=\"false\" placeholder=\"Postal code\" value=\"\" type=\"text\" name=\"your-postal-code\" \/><\/span>\n<\/p>\n<p class=\"uk-margin-small\"><span class=\"wpcf7-form-control-wrap\" data-name=\"your-phone\"><input size=\"40\" maxlength=\"400\" class=\"wpcf7-form-control wpcf7-tel wpcf7-text wpcf7-validates-as-tel uk-input\" aria-invalid=\"false\" placeholder=\"Tel\" value=\"\" type=\"tel\" name=\"your-phone\" \/><\/span>\n<\/p>\n<p class=\"uk-margin-small\"><span class=\"wpcf7-form-control-wrap\" data-name=\"your-email\"><input size=\"40\" maxlength=\"400\" class=\"wpcf7-form-control wpcf7-email wpcf7-validates-as-required wpcf7-text wpcf7-validates-as-email uk-input\" aria-required=\"true\" aria-invalid=\"false\" placeholder=\"E-mail address\" value=\"\" type=\"email\" name=\"your-email\" \/><\/span>\n<\/p>\n<p class=\"uk-margin-small\"><span class=\"wpcf7-form-control-wrap\" data-name=\"your-message\"><textarea cols=\"40\" rows=\"3\" maxlength=\"2000\" class=\"wpcf7-form-control wpcf7-textarea uk-textarea\" aria-invalid=\"false\" placeholder=\"Your message\" name=\"your-message\"><\/textarea><\/span>\n<\/p>\n<input class=\"wpcf7-form-control wpcf7-hidden\" value=\"\" type=\"hidden\" name=\"page-url\" \/>\n<div class=\"uk-margin-small uk-text-center\">\n\t<p><input class=\"wpcf7-form-control wpcf7-submit has-spinner uk-button uk-button-primary uk-width-1-1\" type=\"submit\" value=\"SKICKA\" \/>\n\t<\/p>\n<\/div><div class=\"wpcf7-response-output\" aria-hidden=\"true\"><\/div>\n<input type=\"hidden\" name=\"trp-form-language\" value=\"en\"\/><\/form>\n<\/div>\n<\/div>\n<p><!--more--><br \/>\n<!-- {\"type\":\"layout\",\"children\":[{\"type\":\"section\",\"props\":{\"image\":\"wp-content\\\/uploads\\\/2024\\\/07\\\/harmony-phone-1.webp\",\"image_position\":\"center-right\",\"style\":\"default\",\"title_breakpoint\":\"xl\",\"title_position\":\"top-left\",\"title_rotation\":\"left\",\"vertical_align\":\"middle\",\"width\":\"default\"},\"children\":[{\"type\":\"row\",\"props\":{\"layout\":\"1-2,1-2\"},\"children\":[{\"type\":\"column\",\"props\":{\"image_position\":\"center-center\",\"position_sticky_breakpoint\":\"m\",\"width_medium\":\"1-2\"},\"children\":[{\"type\":\"image\",\"props\":{\"image\":\"wp-content\\\/uploads\\\/2024\\\/07\\\/Mood-Harmony-Logo-1.png\",\"image_svg_color\":\"emphasis\",\"margin\":\"remove-vertical\"}},{\"type\":\"headline\",\"props\":{\"class\":\"new-hero-text\",\"content\":\"DIN ALLT-I-ETT<br \\\/>MEDIAPLATTFORM\",\"margin_remove_top\":true,\"title_element\":\"h1\"}},{\"type\":\"text\",\"props\":{\"class\":\"intro\",\"column_breakpoint\":\"m\",\"content\":\"\n\n<p>Hantera enkelt all butikskommunikation med Harmony \\u2013 den ursprungliga plattformen f\\u00f6r varum\\u00e4rkesupplevelser. Med ett mobilanpassat publiceringsverktyg kan du smidigt styra <strong>musik, meddelanden och digital skyltning.<\\\/strong> Med st\\u00f6d av en kraftfull och p\\u00e5litlig audiovisuell mediespelare ger Harmony dig m\\u00f6jlighet att samordna alla delar av din varum\\u00e4rkesupplevelse i perfekt harmoni.<\\\/p>\\n\n\n<div id=\\\"gtx-anchor\\\" style=\\\"position: absolute; visibility: hidden; left: 10px; top: 91px; width: 340.406px; height: 42px;\\\"><\\\/div>\\n\n\n<div class=\\\"jfk-bubble gtx-bubble\\\" role=\\\"alertdialog\\\" aria-describedby=\\\"bubble-2\\\" style=\\\"visibility: visible; left: 165px; top: 143px; opacity: 1;\\\">\\n\n\n<div class=\\\"jfk-bubble-content-id\\\" id=\\\"bubble-2\\\">\\n\n\n<div id=\\\"gtx-host\\\" style=\\\"min-width: 200px; max-width: 400px;\\\"><\\\/div>\\n<\\\/div>\\n\n\n<div class=\\\"jfk-bubble-closebtn-id jfk-bubble-closebtn\\\" aria-label=\\\"Close\\\" role=\\\"button\\\" tabindex=\\\"0\\\"><\\\/div>\\n\n\n<div class=\\\"jfk-bubble-arrow-id jfk-bubble-arrow jfk-bubble-arrowup\\\" style=\\\"left: 170px;\\\">\\n\n\n<div class=\\\"jfk-bubble-arrowimplbefore\\\"><\\\/div>\\n\n\n<div class=\\\"jfk-bubble-arrowimplafter\\\"><\\\/div>\\n<\\\/div>\\n<\\\/div>\",\"margin\":\"default\"}},{\"type\":\"button\",\"props\":{\"grid_column_gap\":\"small\",\"grid_row_gap\":\"small\",\"margin\":\"medium\"},\"children\":[{\"type\":\"button_item\",\"props\":{\"button_style\":\"default\",\"content\":\"Skaffa Harmony\",\"icon_align\":\"left\",\"link\":\"#contact\"}}]},{\"type\":\"subnav\",\"props\":{\"css\":\".el-link{\\n    font-size: 21px;\\n    font-weight: 500;\\n    text-transform: none;\\n    border-bottom-color: #CCC;\\n    color:#232323;\\n}\\n.el-link:hover {\\n    border-bottom-color: #cf2e2e;\\n}\",\"subnav_style\":\"tab\",\"text_align\":\"left\"},\"children\":[{\"type\":\"subnav_item\",\"props\":{\"content\":\"Harmony musik f\\u00f6r f\\u00f6retag\",\"link\":\"#music\"}},{\"type\":\"subnav_item\",\"props\":{\"content\":\"Harmony digital skyltning\",\"link\":\"#ds\"}},{\"type\":\"subnav_item\",\"props\":{\"content\":\"Harmony meddelanden\",\"link\":\"#messaging\"}}],\"name\":\"Subnav\"}]},{\"type\":\"column\",\"props\":{\"image_position\":\"center-center\",\"position_sticky_breakpoint\":\"m\",\"width_medium\":\"1-2\"}}]}]},{\"type\":\"section\",\"props\":{\"image_position\":\"center-center\",\"style\":\"muted\",\"title_breakpoint\":\"xl\",\"title_position\":\"top-left\",\"title_rotation\":\"left\",\"vertical_align\":\"middle\",\"width\":\"default\"},\"children\":[{\"type\":\"row\",\"props\":{\"layout\":\"1-2,1-2\"},\"children\":[{\"type\":\"column\",\"props\":{\"image_position\":\"center-center\",\"position_sticky_breakpoint\":\"m\",\"width_medium\":\"1-2\"},\"children\":[{\"type\":\"headline\",\"props\":{\"content\":\"BUTIKSMEDIEHANTERING HAR ALDRIG VARIT S\\u00c5 H\\u00c4R ENKEL\",\"margin\":\"small\",\"title_element\":\"h2\"}},{\"type\":\"text\",\"props\":{\"class\":\"intro2\",\"column_breakpoint\":\"m\",\"content\":\"\n\n<p>Oavsett om du vill g\\u00f6ra allt sj\\u00e4lv och ha full kontroll, eller hellre l\\u00e5ter plattformen sk\\u00f6ta det mesta, g\\u00f6r Harmony det superenkelt och smidigt att hantera din butiksmilj\\u00f6. Logga in n\\u00e4r du vill och schemal\\u00e4gg inneh\\u00e5ll f\\u00f6r enskilda platser, grupper eller hela f\\u00f6retaget.<\\\/p>\",\"margin\":\"small\"}},{\"type\":\"text\",\"props\":{\"column_breakpoint\":\"m\",\"content\":\"\n\n<ul>\\n\n\n<li>Enhetligt publiceringsverktyg<\\\/li>\\n\n\n<li>Mobilanpassad \\u00f6vervakning online<\\\/li>\\n\n\n<li>S\\u00e4ker och drifts\\u00e4ker teknik<\\\/li>\\n\n\n<li>Enkel plug-and-play-installation \\u2013 eller l\\u00e5t oss installera \\u00e5t dig<\\\/li>\\n\n\n<li>Snabb support via telefon och e-post<\\\/li>\\n<\\\/ul>\\n\n\n<ul class=\\\"uk-list uk-list-disc\\\"><\\\/ul>\\n\n\n<div id=\\\"gtx-anchor\\\" style=\\\"position: absolute; visibility: hidden; left: 50px; top: 19px; width: 369px; height: 138px;\\\"><\\\/div>\\n\n\n<div class=\\\"jfk-bubble gtx-bubble\\\" role=\\\"alertdialog\\\" aria-describedby=\\\"bubble-3\\\" style=\\\"visibility: visible; left: -158px; top: 167px; opacity: 1;\\\">\\n\n\n<div class=\\\"jfk-bubble-content-id\\\" id=\\\"bubble-3\\\">\\n\n\n<div id=\\\"gtx-host\\\" style=\\\"min-width: 200px; max-width: 400px;\\\"><\\\/div>\\n<\\\/div>\\n\n\n<div class=\\\"jfk-bubble-closebtn-id jfk-bubble-closebtn\\\" aria-label=\\\"Close\\\" role=\\\"button\\\" tabindex=\\\"0\\\"><\\\/div>\\n\n\n<div class=\\\"jfk-bubble-arrow-id jfk-bubble-arrow jfk-bubble-arrowup\\\" style=\\\"left: 224.5px;\\\">\\n\n\n<div class=\\\"jfk-bubble-arrowimplbefore\\\"><\\\/div>\\n\n\n<div class=\\\"jfk-bubble-arrowimplafter\\\"><\\\/div>\\n<\\\/div>\\n<\\\/div>\",\"margin\":\"default\"}}]},{\"type\":\"column\",\"props\":{\"image_position\":\"center-center\",\"position_sticky_breakpoint\":\"m\",\"width_medium\":\"1-2\"},\"children\":[{\"type\":\"video\",\"props\":{\"css\":\".el-element{\\n\\tposition: relative;\\n    padding-bottom: 56%;\\n}\\n.el-element iframe{\\n\\tposition:absolute;\\n    width: 100%;\\n    height: 100%;\\n    top: 0;\\n    left: 0;\\n}\",\"margin\":\"default\",\"video\":\"https:\\\/\\\/www.youtube.com\\\/embed\\\/18Byx2c7Miw?feature=oembed\",\"video_controls\":true}}]}]}]},{\"type\":\"section\",\"props\":{\"id\":\"music\",\"image_position\":\"center-center\",\"style\":\"default\",\"title_breakpoint\":\"xl\",\"title_position\":\"top-left\",\"title_rotation\":\"left\",\"vertical_align\":\"middle\",\"width\":\"default\"},\"children\":[{\"type\":\"row\",\"props\":{\"column_gap\":\"large\",\"layout\":\"1-4,3-4\"},\"children\":[{\"type\":\"column\",\"props\":{\"image_position\":\"center-center\",\"position_sticky_breakpoint\":\"m\",\"width_medium\":\"1-4\"},\"children\":[{\"type\":\"image\",\"props\":{\"image\":\"wp-content\\\/uploads\\\/2024\\\/07\\\/harmony-music.webp\",\"image_svg_color\":\"emphasis\",\"margin\":\"default\",\"text_align\":\"center\"}}]},{\"type\":\"column\",\"props\":{\"image_position\":\"center-center\",\"position_sticky_breakpoint\":\"m\",\"width_medium\":\"3-4\"},\"children\":[{\"type\":\"headline\",\"props\":{\"content\":\"HARMONY <span class=\\\"moodred\\\">MUSIK<\\\/span>\",\"id\":\"music\",\"margin\":\"small\",\"title_element\":\"h2\"}},{\"type\":\"text\",\"props\":{\"class\":\"intro\",\"column_breakpoint\":\"m\",\"content\":\"\n\n<p>Skapa det perfekta soundtracket f\\u00f6r ditt varum\\u00e4rke med Harmony Music. V\\u00e4lj bland en m\\u00e4ngd f\\u00e4rdigkuraterade program inom dussintals genrer, eller skapa egna varum\\u00e4rkesanpassade mixar med hj\\u00e4lp av st\\u00e4mningsinst\\u00e4llningar eller dina favoritl\\u00e5tar och artister som utg\\u00e5ngspunkt. De kreativa m\\u00f6jligheterna \\u00e4r obegr\\u00e4nsade.<\\\/p>\",\"margin\":\"default\",\"margin_remove_top\":true}},{\"type\":\"button\",\"props\":{\"grid_column_gap\":\"small\",\"grid_row_gap\":\"small\",\"margin\":\"medium\"},\"children\":[{\"type\":\"button_item\",\"props\":{\"button_style\":\"default\",\"content\":\"L\\u00c4S MER\",\"icon_align\":\"left\",\"link\":\"musik-for-foretag-3\\\/\"}}]},{\"type\":\"button\",\"props\":{\"grid_column_gap\":\"small\",\"grid_row_gap\":\"small\",\"margin\":\"medium\"},\"children\":[{\"type\":\"button_item\",\"props\":{\"button_style\":\"default\",\"content\":\"K\\u00f6p nu\",\"icon_align\":\"left\",\"link\":\"#contact\"}}]}]}]}],\"name\":\"Music\"},{\"type\":\"section\",\"props\":{\"id\":\"ds\",\"image_position\":\"center-center\",\"style\":\"default\",\"title_breakpoint\":\"xl\",\"title_position\":\"top-left\",\"title_rotation\":\"left\",\"vertical_align\":\"middle\",\"width\":\"default\"},\"children\":[{\"type\":\"row\",\"props\":{\"column_gap\":\"large\",\"layout\":\"1-4,3-4\"},\"children\":[{\"type\":\"column\",\"props\":{\"image_position\":\"center-center\",\"position_sticky_breakpoint\":\"m\",\"width_medium\":\"1-4\"},\"children\":[{\"type\":\"image\",\"props\":{\"image\":\"wp-content\\\/uploads\\\/2024\\\/07\\\/harmony-ds.webp\",\"image_svg_color\":\"emphasis\",\"margin\":\"default\",\"text_align\":\"center\"}}]},{\"type\":\"column\",\"props\":{\"image_position\":\"center-center\",\"position_sticky_breakpoint\":\"m\",\"width_medium\":\"3-4\"},\"children\":[{\"type\":\"headline\",\"props\":{\"content\":\"DIGITAL <span class=\\\"moodred\\\"><strong>SKYLTNING<\\\/strong><\\\/span>\",\"id\":\"music\",\"margin\":\"small\",\"title_element\":\"h2\"}},{\"type\":\"text\",\"props\":{\"class\":\"intro\",\"column_breakpoint\":\"m\",\"content\":\"\n\n<p>Oavsett om det g\\u00e4ller digital skyltning, menytavlor, videov\\u00e4ggar eller interaktiva peksk\\u00e4rmar f\\u00f6renklar Harmony inneh\\u00e5llshanteringen p\\u00e5 alla dina sk\\u00e4rmar.<\\\/p>\",\"margin\":\"default\",\"margin_remove_top\":true}},{\"type\":\"button\",\"props\":{\"grid_column_gap\":\"small\",\"grid_row_gap\":\"small\",\"margin\":\"medium\"},\"children\":[{\"type\":\"button_item\",\"props\":{\"button_style\":\"default\",\"content\":\"V\\u00e5ra l\\u00f6sningar\",\"icon_align\":\"left\",\"link\":\"https:\\\/\\\/mood.admaxstage.com\\\/digital-signage\\\/\"}}]}]}]}],\"name\":\"Signage\"},{\"type\":\"section\",\"props\":{\"id\":\"messaging\",\"image_position\":\"center-center\",\"style\":\"default\",\"title_breakpoint\":\"xl\",\"title_position\":\"top-left\",\"title_rotation\":\"left\",\"vertical_align\":\"middle\",\"width\":\"default\"},\"children\":[{\"type\":\"row\",\"props\":{\"column_gap\":\"large\",\"layout\":\"1-4,3-4\"},\"children\":[{\"type\":\"column\",\"props\":{\"image_position\":\"center-center\",\"position_sticky_breakpoint\":\"m\",\"width_medium\":\"1-4\"},\"children\":[{\"type\":\"image\",\"props\":{\"image\":\"wp-content\\\/uploads\\\/2024\\\/07\\\/harmony-msg.webp\",\"image_svg_color\":\"emphasis\",\"margin\":\"default\",\"text_align\":\"center\"}}]},{\"type\":\"column\",\"props\":{\"image_position\":\"center-center\",\"position_sticky_breakpoint\":\"m\",\"width_medium\":\"3-4\"},\"children\":[{\"type\":\"headline\",\"props\":{\"content\":\"VARUM\\u00c4RKESKOMMUNIKATION\",\"id\":\"music\",\"margin\":\"small\",\"title_element\":\"h2\"}},{\"type\":\"text\",\"props\":{\"class\":\"intro\",\"column_breakpoint\":\"m\",\"content\":\"\n\n<p>Integrera smidigt ljudmeddelande med musik f\\u00f6r att skapa en enhetlig ljudupplevelse i butik. Engagera uppringare och marknadsf\\u00f6r viktiga erbjudanden med skr\\u00e4ddarsydda telefonmeddelanden. Med Harmony kan du g\\u00f6ra din varum\\u00e4rkesr\\u00f6st till en central del av kundupplevelsen.<\\\/p>\",\"margin\":\"default\",\"margin_remove_top\":true}},{\"type\":\"button\",\"props\":{\"grid_column_gap\":\"small\",\"grid_row_gap\":\"small\",\"margin\":\"medium\"},\"children\":[{\"type\":\"button_item\",\"props\":{\"button_style\":\"default\",\"content\":\"Butiksmeddelanden\",\"icon_align\":\"left\",\"link\":\"ljudmeddelanden-i-butik\\\/\"}}]},{\"type\":\"button\",\"props\":{\"grid_column_gap\":\"small\",\"grid_row_gap\":\"small\",\"margin\":\"medium\"},\"children\":[{\"type\":\"button_item\",\"props\":{\"button_style\":\"default\",\"content\":\"Telefonv\\u00e4xelmeddelanden\",\"icon_align\":\"left\",\"link\":\"telefonmeddelanden\\\/\"}}]}]}]}],\"name\":\"Messaging\"},{\"type\":\"section\",\"props\":{\"image\":\"wp-content\\\/uploads\\\/2024\\\/07\\\/white-icons-1-scaled-1.webp\",\"image_position\":\"center-center\",\"image_size\":\"cover\",\"media_background\":\"#999999\",\"media_blend_mode\":\"screen\",\"style\":\"default\",\"title_breakpoint\":\"xl\",\"title_position\":\"top-left\",\"title_rotation\":\"left\",\"vertical_align\":\"middle\",\"width\":\"default\"},\"children\":[{\"type\":\"row\",\"props\":{\"layout\":\"1-2,1-2\"},\"children\":[{\"type\":\"column\",\"props\":{\"image_position\":\"center-center\",\"position_sticky_breakpoint\":\"m\",\"width_medium\":\"1-2\"},\"children\":[{\"type\":\"headline\",\"props\":{\"content\":\"DEN MEST M\\u00c5NGSIDIGA TEKNIKEN\",\"title_element\":\"h2\"}},{\"type\":\"text\",\"props\":{\"class\":\"intro2\",\"column_breakpoint\":\"m\",\"content\":\"\n\n<p>M\\u00e5ngsidig mjukvara kr\\u00e4ver lika flexibel h\\u00e5rdvara. Harmony st\\u00f6ds av v\\u00e5r allt-i-ett-ljud- och bildspelare, designad f\\u00f6r att vara p\\u00e5litlig, robust och s\\u00e4ker. Denna digitala mediespelare driver din musik, dina meddelanden och din digitala skyltning \\u2013 det mest effektiva s\\u00e4ttet att hantera hela din varum\\u00e4rkesupplevelse.<\\\/p>\",\"margin\":\"default\"}},{\"type\":\"text\",\"props\":{\"column_breakpoint\":\"m\",\"content\":\"\n\n<ul class=\\\"uk-list uk-list-disc\\\">\\n\n\n<li>O\\u00f6vertr\\u00e4ffad drifts\\u00e4kerhet: spelar vidare \\u00e4ven vid internetavbrott<\\\/li>\\n\n\n<li>Plug-and-play: enkel installation<\\\/li>\\n\n\n<li>WiFi-kompatibel<\\\/li>\\n\n\n<li>St\\u00f6d f\\u00f6r flera medieformat<\\\/li>\\n\n\n<li>Upp till 256 GB lagring f\\u00f6r inneh\\u00e5ll<\\\/li>\\n\n\n<li>Energi- och bandbreddseffektiv<\\\/li>\\n\n\n<li>Fj\\u00e4rr\\u00f6vervakning av alla Harmony-spelare i ditt n\\u00e4tverk<\\\/li>\\n<\\\/ul>\",\"margin\":\"default\"}},{\"type\":\"button\",\"props\":{\"grid_column_gap\":\"small\",\"grid_row_gap\":\"small\",\"margin\":\"medium\"},\"children\":[{\"type\":\"button_item\",\"props\":{\"button_style\":\"default\",\"content\":\"L\\u00c4S MER\",\"icon_align\":\"left\",\"link\":\"#contact\"}}]}]},{\"type\":\"column\",\"props\":{\"image_position\":\"center-center\",\"position_sticky_breakpoint\":\"m\",\"width_medium\":\"1-2\"},\"children\":[{\"type\":\"image\",\"props\":{\"image\":\"wp-content\\\/uploads\\\/2024\\\/07\\\/harmony.webp\",\"image_svg_color\":\"emphasis\",\"margin\":\"default\",\"text_align\":\"center\"}}]}]}]},{\"type\":\"section\",\"props\":{\"css\":\".el-section{\\n\\tbackground-color: #222222;\\n}\",\"id\":\"contact\",\"image_position\":\"center-center\",\"style\":\"secondary\",\"title_breakpoint\":\"xl\",\"title_position\":\"top-left\",\"title_rotation\":\"left\",\"vertical_align\":\"middle\",\"width\":\"default\"},\"children\":[{\"type\":\"row\",\"children\":[{\"type\":\"column\",\"props\":{\"image_position\":\"center-center\",\"position_sticky_breakpoint\":\"m\"},\"children\":[{\"type\":\"headline\",\"props\":{\"content\":\"KONTAKTA OSS\",\"margin\":\"small\",\"text_align\":\"center\",\"title_element\":\"h2\"}},{\"type\":\"text\",\"props\":{\"column_breakpoint\":\"m\",\"content\":\"\n\n<p>F\\u00f6rh\\u00f6j kundupplevelsen med hj\\u00e4lp av Mood Harmony.<\\\/p>\",\"margin\":\"small\",\"text_align\":\"center\",\"text_style\":\"large\"}},{\"type\":\"text\",\"props\":{\"block_align\":\"center\",\"column_breakpoint\":\"m\",\"content\":\"[contact-form-7 id=\\\"e56d022\\\" title=\\\"Kontaktformul\\u00e4r Vertical 2\\\"]\",\"css\":\".el-element .wpcf7-spinner{\\n\\tposition: absolute;\\n    margin-left: -30px;\\n    margin-top: 8px;\\n}\",\"margin\":\"default\",\"maxwidth\":\"xlarge\"}}]}]}],\"name\":\"Section Contact Form New\"}],\"version\":\"4.3.10\"} --><\/p>","protected":false},"excerpt":{"rendered":"<p>DIN ALLT-I-ETTMEDIAPLATTFORM Hantera enkelt all butikskommunikation med Harmony \u2013 den ursprungliga plattformen f\u00f6r varum\u00e4rkesupplevelser. Med ett mobilanpassat publiceringsverktyg kan du smidigt styra musik, meddelanden och digital skyltning. Med st\u00f6d av en kraftfull och p\u00e5litlig audiovisuell mediespelare ger Harmony dig m\u00f6jlighet att samordna alla delar av din varum\u00e4rkesupplevelse i perfekt harmoni. Skaffa Harmony Harmony musik f\u00f6r [&hellip;]<\/p>","protected":false},"author":1,"featured_media":0,"parent":0,"menu_order":0,"comment_status":"closed","ping_status":"closed","template":"","meta":{"footnotes":""},"class_list":["post-3499","page","type-page","status-publish","hentry"],"_links":{"self":[{"href":"https:\/\/moodnordic.se\/en\/wp-json\/wp\/v2\/pages\/3499"}],"collection":[{"href":"https:\/\/moodnordic.se\/en\/wp-json\/wp\/v2\/pages"}],"about":[{"href":"https:\/\/moodnordic.se\/en\/wp-json\/wp\/v2\/types\/page"}],"author":[{"embeddable":true,"href":"https:\/\/moodnordic.se\/en\/wp-json\/wp\/v2\/users\/1"}],"replies":[{"embeddable":true,"href":"https:\/\/moodnordic.se\/en\/wp-json\/wp\/v2\/comments?post=3499"}],"version-history":[{"count":104,"href":"https:\/\/moodnordic.se\/en\/wp-json\/wp\/v2\/pages\/3499\/revisions"}],"predecessor-version":[{"id":7910,"href":"https:\/\/moodnordic.se\/en\/wp-json\/wp\/v2\/pages\/3499\/revisions\/7910"}],"wp:attachment":[{"href":"https:\/\/moodnordic.se\/en\/wp-json\/wp\/v2\/media?parent=3499"}],"curies":[{"name":"wp","href":"https:\/\/api.w.org\/{rel}","templated":true}]}}