{"id":3688,"date":"2024-07-28T13:30:37","date_gmt":"2024-07-28T13:30:37","guid":{"rendered":"https:\/\/mood.admaxstage.com\/?page_id=3688"},"modified":"2025-08-04T15:40:20","modified_gmt":"2025-08-04T15:40:20","slug":"one-ocean-resort","status":"publish","type":"page","link":"https:\/\/moodnordic.se\/en\/one-ocean-resort\/","title":{"rendered":"One Ocean Resort &#038; Spa \u2013 Musik &#038; doft f\u00f6r hotell"},"content":{"rendered":"<h1>ONE OCEAN<br \/>RESORT &amp; SPA<br \/><span style=\"color: #ddd;\">CASE STUDY<\/span><\/h1>\n<div>\n<div style=\"width: 20%; height: 10px; background: #cd102f; float: left; clear: both;\"><\/div>\n<\/div>\n<div>\n<p>Sound and scent work together harmoniously to create the signature elegance that characterizes One Ocean Resort &amp; Spa.<\/p>\n<\/div>\n<p>\n    <a href=\"https:\/\/us.moodmedia.com\/wp-content\/uploads\/2019\/09\/One-Ocean-Case-Study-One-Sheet.pdf\" target=\"_blank\" rel=\"noopener\">Download case study (English)<\/a>\n<\/p>\n<h2>OM <span class=\"moodred\">ONE OCEAN RESORT AND SPA<\/span><\/h2>\n<div>\n<p>One Ocean Resort &amp; Spa is Jacksonville's premier beachfront hotel, located right in the heart of Atlantic Beach. The resort offers a range of luxurious amenities, including a full-service spa, award-winning dining experience and first-class event services. As one of Travel and Leisure's 500 World's Best Hotels, One Ocean Resort &amp; Spa is dedicated to delivering intuitive and personalized service for an elegant and genuine guest experience.<\/p>\n<\/div>\n<h2><span class=\"moodred\"><strong>THE OPPORTUNITY<\/strong><\/span><\/h2>\n<div>\n<p>When Remington Hotels set out to transform an old inn into the luxurious One Ocean Resort &amp; Spa on Atlantic Beach, they sought a full-service partner to create an unrivaled guest experience.<\/p>\n<p>Mood provided premium Bose sound systems throughout the resort, creating the right holiday feeling for guests. Music programs are tailored to different settings and moods, with soft beach sounds during the day and lively New Lounge music in the restaurant in the evening.<\/p>\n<p>In addition, Mood equipped the resort with advanced integrated AV systems for events such as conferences and weddings. To complete the exclusive environment, Mood also introduced sophisticated fragrance solutions in public areas such as the lobby and spa, further enhancing the luxurious atmosphere of the resort.<\/p>\n<\/div>\n<h2><span class=\"moodred\"><strong>THE OUTCOME<\/strong><\/span><\/h2>\n<div>\n<p>The partnership between One Ocean Resort &amp; Spa and Mood has evolved over time, with Mood's service team continuously delivering high quality and ongoing maintenance for all solutions. Guests and staff alike consistently praise the exceptional quality of Mood's sensory solutions. The seamless integration of sound and scent creates the elegant signature environment that characterizes One Ocean Resort &amp; Spa.<\/p>\n<\/div>\n<h2>CONTACT US<\/h2>\n<div>\n<p>Elevate your guest experience through the power of Mood's Solutions.<\/p>\n<\/div>\n<div>\n<div class=\"wpcf7 no-js\" id=\"wpcf7-f2224-o1\" lang=\"sv-SE\" dir=\"ltr\" data-wpcf7-id=\"2224\">\n<div class=\"screen-reader-response\"><p role=\"status\" aria-live=\"polite\" aria-atomic=\"true\"><\/p> <ul><\/ul><\/div>\n<form action=\"\/en\/wp-json\/wp\/v2\/pages\/3688#wpcf7-f2224-o1\" method=\"post\" class=\"wpcf7-form init\" aria-label=\"Kontaktformul\u00e4r\" novalidate=\"novalidate\" data-status=\"init\" data-trp-original-action=\"\/en\/wp-json\/wp\/v2\/pages\/3688#wpcf7-f2224-o1\">\n<div style=\"display: none;\">\n<input type=\"hidden\" name=\"_wpcf7\" value=\"2224\" \/>\n<input type=\"hidden\" name=\"_wpcf7_version\" value=\"6.0.6\" \/>\n<input type=\"hidden\" name=\"_wpcf7_locale\" value=\"sv_SE\" \/>\n<input type=\"hidden\" name=\"_wpcf7_unit_tag\" value=\"wpcf7-f2224-o1\" \/>\n<input type=\"hidden\" name=\"_wpcf7_container_post\" value=\"0\" \/>\n<input type=\"hidden\" name=\"_wpcf7_posted_data_hash\" value=\"\" \/>\n<\/div>\n<p class=\"uk-margin-small\"><span class=\"wpcf7-form-control-wrap\" data-name=\"your-first-name\"><input size=\"40\" maxlength=\"400\" class=\"wpcf7-form-control wpcf7-text wpcf7-validates-as-required uk-input\" aria-required=\"true\" aria-invalid=\"false\" placeholder=\"First name\" value=\"\" type=\"text\" name=\"your-first-name\" \/><\/span>\n<\/p>\n<p class=\"uk-margin-small\"><span class=\"wpcf7-form-control-wrap\" data-name=\"your-last-name\"><input size=\"40\" maxlength=\"400\" class=\"wpcf7-form-control wpcf7-text wpcf7-validates-as-required uk-input\" aria-required=\"true\" aria-invalid=\"false\" placeholder=\"Surname\" value=\"\" type=\"text\" name=\"your-last-name\" \/><\/span>\n<\/p>\n<p class=\"uk-margin-small\"><span class=\"wpcf7-form-control-wrap\" data-name=\"your-company\"><input size=\"40\" maxlength=\"400\" class=\"wpcf7-form-control wpcf7-text uk-input\" aria-invalid=\"false\" placeholder=\"Company\" value=\"\" type=\"text\" name=\"your-company\" \/><\/span>\n<\/p>\n<p class=\"uk-margin-small\"><span class=\"wpcf7-form-control-wrap\" data-name=\"your-postal-code\"><input size=\"40\" maxlength=\"400\" class=\"wpcf7-form-control wpcf7-text uk-input\" aria-invalid=\"false\" placeholder=\"Postal code\" value=\"\" type=\"text\" name=\"your-postal-code\" \/><\/span>\n<\/p>\n<p class=\"uk-margin-small\"><span class=\"wpcf7-form-control-wrap\" data-name=\"your-phone\"><input size=\"40\" maxlength=\"400\" class=\"wpcf7-form-control wpcf7-tel wpcf7-text wpcf7-validates-as-tel uk-input\" aria-invalid=\"false\" placeholder=\"Tel\" value=\"\" type=\"tel\" name=\"your-phone\" \/><\/span>\n<\/p>\n<p class=\"uk-margin-small\"><span class=\"wpcf7-form-control-wrap\" data-name=\"your-email\"><input size=\"40\" maxlength=\"400\" class=\"wpcf7-form-control wpcf7-email wpcf7-validates-as-required wpcf7-text wpcf7-validates-as-email uk-input\" aria-required=\"true\" aria-invalid=\"false\" placeholder=\"E-mail address\" value=\"\" type=\"email\" name=\"your-email\" \/><\/span>\n<\/p>\n<p class=\"uk-margin-small\"><span class=\"wpcf7-form-control-wrap\" data-name=\"your-message\"><textarea cols=\"40\" rows=\"3\" maxlength=\"2000\" class=\"wpcf7-form-control wpcf7-textarea uk-textarea\" aria-invalid=\"false\" placeholder=\"Your message\" name=\"your-message\"><\/textarea><\/span>\n<\/p>\n<input class=\"wpcf7-form-control wpcf7-hidden\" value=\"\" type=\"hidden\" name=\"page-url\" \/>\n<div class=\"uk-margin-small uk-text-center\">\n\t<p><input class=\"wpcf7-form-control wpcf7-submit has-spinner uk-button uk-button-primary uk-width-1-1\" type=\"submit\" value=\"SKICKA\" \/>\n\t<\/p>\n<\/div><div class=\"wpcf7-response-output\" aria-hidden=\"true\"><\/div>\n<input type=\"hidden\" name=\"trp-form-language\" value=\"en\"\/><\/form>\n<\/div>\n<\/div>\n<p><!--more--><br \/>\n<!-- {\"type\":\"layout\",\"children\":[{\"type\":\"section\",\"props\":{\"image\":\"wp-content\\\/uploads\\\/2024\\\/07\\\/one-ocean-head-scaled-1.webp\",\"image_position\":\"center-center\",\"image_size\":\"cover\",\"media_background\":\"#878787\",\"style\":\"default\",\"text_color\":\"light\",\"title_breakpoint\":\"xl\",\"title_position\":\"top-left\",\"title_rotation\":\"left\",\"vertical_align\":\"middle\",\"width\":\"default\"},\"children\":[{\"type\":\"row\",\"children\":[{\"type\":\"column\",\"props\":{\"image_position\":\"center-center\",\"position_sticky_breakpoint\":\"m\",\"width_medium\":\"3-5\"},\"children\":[{\"type\":\"headline\",\"props\":{\"class\":\"new-hero-text\",\"content\":\"ONE OCEAN<br \\\/>RESORT &amp; SPA<br \\\/><span style=\\\"color: #ddd;\\\">FALLSTUDIE<\\\/span>\",\"margin\":\"small\",\"margin_remove_bottom\":false,\"title_element\":\"h1\"}},{\"type\":\"html\",\"props\":{\"content\":\"\n\n<div style=\\\"width: 20%; height: 10px; background: #cd102f; float: left; clear: both;\\\"><\\\/div>\"}}]},{\"type\":\"column\",\"props\":{\"image_position\":\"center-center\",\"position_sticky_breakpoint\":\"m\",\"vertical_align\":\"middle\",\"width_medium\":\"2-5\"},\"children\":[{\"type\":\"text\",\"props\":{\"class\":\"intro2\",\"column_breakpoint\":\"m\",\"content\":\"\n\n<p>Ljud och doft samverkar harmoniskt och skapar den signatur av elegans som k\\u00e4nnetecknar One Ocean Resort &amp; Spa.<\\\/p>\",\"margin\":\"default\",\"text_color\":\"emphasis\",\"text_style\":\"large\"}},{\"type\":\"button\",\"props\":{\"grid_column_gap\":\"small\",\"grid_row_gap\":\"small\",\"margin\":\"medium\"},\"children\":[{\"type\":\"button_item\",\"props\":{\"button_style\":\"default\",\"content\":\"Ladda ner fallstudie (engelska)\",\"icon_align\":\"left\",\"link\":\"https:\\\/\\\/us.moodmedia.com\\\/wp-content\\\/uploads\\\/2019\\\/09\\\/One-Ocean-Case-Study-One-Sheet.pdf\"}}]}]}],\"props\":{\"layout\":\"3-5,2-5\"}}],\"name\":\"Section HERO CASE STUDY\"},{\"type\":\"section\",\"props\":{\"image_position\":\"center-center\",\"style\":\"default\",\"title_breakpoint\":\"xl\",\"title_position\":\"top-left\",\"title_rotation\":\"left\",\"vertical_align\":\"middle\",\"width\":\"default\"},\"children\":[{\"type\":\"row\",\"props\":{\"column_gap\":\"large\",\"layout\":\"1-2,1-2\"},\"children\":[{\"type\":\"column\",\"props\":{\"image_position\":\"center-center\",\"position_sticky_breakpoint\":\"m\",\"width_medium\":\"1-2\"},\"children\":[{\"type\":\"headline\",\"props\":{\"content\":\"OM <span class=\\\"moodred\\\">ONE OCEAN RESORT AND SPA<\\\/span>\",\"title_element\":\"h2\"}},{\"type\":\"text\",\"props\":{\"class\":\"intro2\",\"column_breakpoint\":\"m\",\"content\":\"\n\n<p>One Ocean Resort &amp; Spa \\u00e4r Jacksonvilles fr\\u00e4msta strandhotell, bel\\u00e4get mitt i hj\\u00e4rtat av Atlantic Beach. Resorten erbjuder en rad lyxiga bekv\\u00e4mligheter, inklusive ett fullservice-spa, prisbel\\u00f6nt matupplevelse och f\\u00f6rstklassiga eventtj\\u00e4nster. Som en av Travel and Leisure\\u2019s 500 World\\u2019s Best Hotels \\u00e4r One Ocean Resort &amp; Spa dedikerat till att leverera intuitiv och personlig service f\\u00f6r en elegant och genuin g\\u00e4stupplevelse.<\\\/p>\",\"margin\":\"default\"}}]},{\"type\":\"column\",\"props\":{\"image_position\":\"center-center\",\"position_sticky_breakpoint\":\"m\",\"width_medium\":\"1-2\"},\"children\":[{\"type\":\"headline\",\"props\":{\"content\":\"<span class=\\\"moodred\\\"><strong>M\\u00d6JLIGHETEN<\\\/strong><\\\/span>\",\"title_element\":\"h2\"}},{\"type\":\"text\",\"props\":{\"column_breakpoint\":\"m\",\"content\":\"\n\n<p>N\\u00e4r Remington Hotels tog sig an att f\\u00f6rvandla ett gammalt v\\u00e4rdshus till det lyxiga One Ocean Resort &amp; Spa vid Atlantic Beach, s\\u00f6kte de en helhetspartner f\\u00f6r att skapa en o\\u00f6vertr\\u00e4ffad g\\u00e4stupplevelse.<\\\/p>\\n\n\n<p>Mood levererade premiumljudsystem fr\\u00e5n Bose i hela resorten och skapade r\\u00e4tt semesterk\\u00e4nsla f\\u00f6r g\\u00e4sterna. Musikprogrammen \\u00e4r skr\\u00e4ddarsydda f\\u00f6r olika milj\\u00f6er och st\\u00e4mningar, med mjuka strandtoner under dagen och livlig New Lounge-musik i restaurangen p\\u00e5 kv\\u00e4llen.<\\\/p>\\n\n\n<p>Dessutom utrustade Mood resorten med avancerade integrerade AV-system f\\u00f6r evenemang som konferenser och br\\u00f6llop. F\\u00f6r att full\\u00e4nda den exklusiva milj\\u00f6n introducerade Mood \\u00e4ven sofistikerade doftl\\u00f6sningar i allm\\u00e4nna utrymmen som lobby och spa, vilket ytterligare f\\u00f6rst\\u00e4rker resortens lyxiga atmosf\\u00e4r.<\\\/p>\",\"margin\":\"default\"}}]}]}]},{\"type\":\"section\",\"props\":{\"image\":\"wp-content\\\/uploads\\\/2024\\\/07\\\/speakerdark.webp\",\"image_position\":\"center-center\",\"image_size\":\"cover\",\"media_background\":\"#7C7C7C\",\"media_blend_mode\":\"multiply\",\"style\":\"default\",\"text_color\":\"light\",\"title_breakpoint\":\"xl\",\"title_position\":\"top-left\",\"title_rotation\":\"left\",\"vertical_align\":\"middle\",\"width\":\"default\"},\"children\":[{\"type\":\"row\",\"children\":[{\"type\":\"column\",\"props\":{\"image_position\":\"center-center\",\"position_sticky_breakpoint\":\"m\"},\"children\":[{\"type\":\"headline\",\"props\":{\"content\":\"<span class=\\\"moodred\\\"><strong>RESULTATET<\\\/strong><\\\/span>\",\"text_align\":\"left\",\"text_align_breakpoint\":\"s\",\"text_align_fallback\":\"center\",\"title_element\":\"h2\"}},{\"type\":\"text\",\"props\":{\"class\":\"intro2 uk-text-bold\",\"column_breakpoint\":\"m\",\"content\":\"\n\n<p>Samarbetet mellan One Ocean Resort &amp; Spa och Mood har utvecklats \\u00f6ver tid, d\\u00e4r Moods serviceteam kontinuerligt levererar h\\u00f6g kvalitet och l\\u00f6pande underh\\u00e5ll f\\u00f6r samtliga l\\u00f6sningar. B\\u00e5de g\\u00e4ster och personal ber\\u00f6mmer st\\u00e4ndigt den exceptionella kvaliteten p\\u00e5 Moods sensoriska l\\u00f6sningar. Den s\\u00f6ml\\u00f6sa integrationen av ljud och doft skapar den eleganta signaturmilj\\u00f6 som k\\u00e4nnetecknar One Ocean Resort &amp; Spa.<\\\/p>\",\"margin\":\"default\",\"text_align\":\"left\",\"text_align_breakpoint\":\"s\",\"text_align_fallback\":\"center\"}}]}]}]},{\"type\":\"section\",\"props\":{\"css\":\".el-section{\\n\\tbackground-color: #222222;\\n}\",\"id\":\"contact\",\"image_position\":\"center-center\",\"style\":\"secondary\",\"title_breakpoint\":\"xl\",\"title_position\":\"top-left\",\"title_rotation\":\"left\",\"vertical_align\":\"middle\",\"width\":\"default\"},\"children\":[{\"type\":\"row\",\"children\":[{\"type\":\"column\",\"props\":{\"image_position\":\"center-center\",\"position_sticky_breakpoint\":\"m\"},\"children\":[{\"type\":\"headline\",\"props\":{\"content\":\"KONKTAKTA OSS\",\"margin\":\"small\",\"text_align\":\"center\",\"title_element\":\"h2\"}},{\"type\":\"text\",\"props\":{\"column_breakpoint\":\"m\",\"content\":\"\n\n<p>Elevate your guest experience through the power of Mood's Solutions.<\\\/p>\",\"margin\":\"small\",\"text_align\":\"center\",\"text_style\":\"large\"}},{\"type\":\"text\",\"props\":{\"block_align\":\"center\",\"column_breakpoint\":\"m\",\"content\":\"[contact-form-7 id=\\\"e56d022\\\" title=\\\"Kontaktformul\\u00e4r Vertical 2\\\"]\",\"css\":\".el-element .wpcf7-spinner{\\n\\tposition: absolute;\\n    margin-left: -30px;\\n    margin-top: 8px;\\n}\",\"margin\":\"default\",\"maxwidth\":\"xlarge\"}}]}]}],\"name\":\"Section Contact Form New\"}],\"version\":\"4.3.10\"} --><\/p>","protected":false},"excerpt":{"rendered":"<p>ONE OCEANRESORT &amp; SPAFALLSTUDIE Ljud och doft samverkar harmoniskt och skapar den signatur av elegans som k\u00e4nnetecknar One Ocean Resort &amp; Spa. Ladda ner fallstudie (engelska) OM ONE OCEAN RESORT AND SPA One Ocean Resort &amp; Spa \u00e4r Jacksonvilles fr\u00e4msta strandhotell, bel\u00e4get mitt i hj\u00e4rtat av Atlantic Beach. Resorten erbjuder en rad lyxiga bekv\u00e4mligheter, inklusive [&hellip;]<\/p>","protected":false},"author":1,"featured_media":0,"parent":0,"menu_order":0,"comment_status":"closed","ping_status":"closed","template":"","meta":{"footnotes":""},"class_list":["post-3688","page","type-page","status-publish","hentry"],"_links":{"self":[{"href":"https:\/\/moodnordic.se\/en\/wp-json\/wp\/v2\/pages\/3688"}],"collection":[{"href":"https:\/\/moodnordic.se\/en\/wp-json\/wp\/v2\/pages"}],"about":[{"href":"https:\/\/moodnordic.se\/en\/wp-json\/wp\/v2\/types\/page"}],"author":[{"embeddable":true,"href":"https:\/\/moodnordic.se\/en\/wp-json\/wp\/v2\/users\/1"}],"replies":[{"embeddable":true,"href":"https:\/\/moodnordic.se\/en\/wp-json\/wp\/v2\/comments?post=3688"}],"version-history":[{"count":25,"href":"https:\/\/moodnordic.se\/en\/wp-json\/wp\/v2\/pages\/3688\/revisions"}],"predecessor-version":[{"id":7717,"href":"https:\/\/moodnordic.se\/en\/wp-json\/wp\/v2\/pages\/3688\/revisions\/7717"}],"wp:attachment":[{"href":"https:\/\/moodnordic.se\/en\/wp-json\/wp\/v2\/media?parent=3688"}],"curies":[{"name":"wp","href":"https:\/\/api.w.org\/{rel}","templated":true}]}}