{"id":3702,"date":"2024-07-28T13:55:39","date_gmt":"2024-07-28T13:55:39","guid":{"rendered":"https:\/\/mood.admaxstage.com\/?page_id=3702"},"modified":"2025-08-04T15:43:06","modified_gmt":"2025-08-04T15:43:06","slug":"the-verve-hotel","status":"publish","type":"page","link":"https:\/\/moodnordic.se\/en\/the-verve-hotel\/","title":{"rendered":"The Verve Hotel - Audio and video solutions for hotels"},"content":{"rendered":"<h1>THE VERVE HOTEL<br \/><span style=\"color: #ddd;\">CASE STUDY<\/span><\/h1>\n<div>\n<div style=\"width: 20%; height: 10px; background: #cd102f; float: left; clear: both;\"><\/div>\n<\/div>\n<div>\n<p>A dedicated team of Mood engineers realized the audio and visual design in less than 90 days.<\/p>\n<\/div>\n<p>\n    <a href=\"https:\/\/us.moodmedia.com\/wp-content\/uploads\/2019\/09\/The-Verve-Case-Study-One-Sheet.pdf\" target=\"_blank\" rel=\"noopener\">Download case study (ENGLISH)<\/a>\n<\/p>\n<h2>OM <span class=\"moodred\">THE VERVE HOTEL<\/span><\/h2>\n<div>\n<p>Operated by Distinctive Hospitality Group (DHG), The VERVE is a stylish and upscale full-service hotel focused on creating a memorable experience in the Boston area. With elegant rooms, delicious on-site dining, impressive meeting and event spaces, and exceptional service, The VERVE is dedicated to meeting every need and exceeding every expectation.<\/p>\n<\/div>\n<p><img decoding=\"async\" src=\"\/wp-content\/uploads\/2024\/07\/verve-boston.webp\" alt=\"\"><\/p>\n<h2><span class=\"moodred\"><strong>THE CHALLENGE<\/strong><\/span><\/h2>\n<div>\n<p>After successful collaborations at other AAA Four Diamond properties, DHG hired Mood to elevate the newly renovated VERVE into a vibrant downtown gathering place - paying homage to pop culture and a modern interpretation of American hospitality and dining.<\/p>\n<\/div>\n<h2><span class=\"moodred\"><strong>THE APPROACH<\/strong><\/span><\/h2>\n<div>\n<p>Mood worked with DHG's architects and interior designers to transform 1,600 square meters of public space into an immersive, stylish and sophisticated environment that appeals to guests and complements the hotel's conceptual redesign. A dedicated Mood team carried out the audio and visual design and completed the project in less than 90 days.<\/p>\n<\/div>\n<h2><span class=\"moodred\">OUTCOME<\/span><\/h2>\n<div>\n<p>In the newly renovated VERVE Hotel, guests are enveloped in a vibrant atmosphere thanks to a customized music program that mixes hits from the 60s, 70s and 80s with nostalgic TV vignettes. This audio experience is delivered by a customized Bose sound system with high-performance speakers, ControlSpace digital signal processing and PowerMatch output stage, ensuring exceptional sound quality.<\/p>\n<\/div>\n<div>\n<p>The hotel also has a unique live stage with concert-quality equipment, including a 48-channel Yamaha mixer, specially designed for live performances.<\/p>\n<p>The sensory experience is further enhanced by an extensive digital signage and TV network. HD screens, including two e-posters, are strategically placed in the lobby, Violet Thorn Bar and Pantry Restaurant. In the restaurant, selected clips from classic cooking shows are shown, while a rolling cavalcade of movie and TV clips is projected on a wall in the lobby. All audio and visual systems are seamlessly integrated via a Crestron control system and a customized Mood interface.<\/p>\n<\/div>\n<h2>CONTACT US<\/h2>\n<div>\n<p>Enhance the guest experience with Mood Nordic solutions.<\/p>\n<\/div>\n<div>\n<div class=\"wpcf7 no-js\" id=\"wpcf7-f2224-o1\" lang=\"sv-SE\" dir=\"ltr\" data-wpcf7-id=\"2224\">\n<div class=\"screen-reader-response\"><p role=\"status\" aria-live=\"polite\" aria-atomic=\"true\"><\/p> <ul><\/ul><\/div>\n<form action=\"\/en\/wp-json\/wp\/v2\/pages\/3702#wpcf7-f2224-o1\" method=\"post\" class=\"wpcf7-form init\" aria-label=\"Kontaktformul\u00e4r\" novalidate=\"novalidate\" data-status=\"init\" data-trp-original-action=\"\/en\/wp-json\/wp\/v2\/pages\/3702#wpcf7-f2224-o1\">\n<div style=\"display: none;\">\n<input type=\"hidden\" name=\"_wpcf7\" value=\"2224\" \/>\n<input type=\"hidden\" name=\"_wpcf7_version\" value=\"6.0.6\" \/>\n<input type=\"hidden\" name=\"_wpcf7_locale\" value=\"sv_SE\" \/>\n<input type=\"hidden\" name=\"_wpcf7_unit_tag\" value=\"wpcf7-f2224-o1\" \/>\n<input type=\"hidden\" name=\"_wpcf7_container_post\" value=\"0\" \/>\n<input type=\"hidden\" name=\"_wpcf7_posted_data_hash\" value=\"\" \/>\n<\/div>\n<p class=\"uk-margin-small\"><span class=\"wpcf7-form-control-wrap\" data-name=\"your-first-name\"><input size=\"40\" maxlength=\"400\" class=\"wpcf7-form-control wpcf7-text wpcf7-validates-as-required uk-input\" aria-required=\"true\" aria-invalid=\"false\" placeholder=\"First name\" value=\"\" type=\"text\" name=\"your-first-name\" \/><\/span>\n<\/p>\n<p class=\"uk-margin-small\"><span class=\"wpcf7-form-control-wrap\" data-name=\"your-last-name\"><input size=\"40\" maxlength=\"400\" class=\"wpcf7-form-control wpcf7-text wpcf7-validates-as-required uk-input\" aria-required=\"true\" aria-invalid=\"false\" placeholder=\"Surname\" value=\"\" type=\"text\" name=\"your-last-name\" \/><\/span>\n<\/p>\n<p class=\"uk-margin-small\"><span class=\"wpcf7-form-control-wrap\" data-name=\"your-company\"><input size=\"40\" maxlength=\"400\" class=\"wpcf7-form-control wpcf7-text uk-input\" aria-invalid=\"false\" placeholder=\"Company\" value=\"\" type=\"text\" name=\"your-company\" \/><\/span>\n<\/p>\n<p class=\"uk-margin-small\"><span class=\"wpcf7-form-control-wrap\" data-name=\"your-postal-code\"><input size=\"40\" maxlength=\"400\" class=\"wpcf7-form-control wpcf7-text uk-input\" aria-invalid=\"false\" placeholder=\"Postal code\" value=\"\" type=\"text\" name=\"your-postal-code\" \/><\/span>\n<\/p>\n<p class=\"uk-margin-small\"><span class=\"wpcf7-form-control-wrap\" data-name=\"your-phone\"><input size=\"40\" maxlength=\"400\" class=\"wpcf7-form-control wpcf7-tel wpcf7-text wpcf7-validates-as-tel uk-input\" aria-invalid=\"false\" placeholder=\"Tel\" value=\"\" type=\"tel\" name=\"your-phone\" \/><\/span>\n<\/p>\n<p class=\"uk-margin-small\"><span class=\"wpcf7-form-control-wrap\" data-name=\"your-email\"><input size=\"40\" maxlength=\"400\" class=\"wpcf7-form-control wpcf7-email wpcf7-validates-as-required wpcf7-text wpcf7-validates-as-email uk-input\" aria-required=\"true\" aria-invalid=\"false\" placeholder=\"E-mail address\" value=\"\" type=\"email\" name=\"your-email\" \/><\/span>\n<\/p>\n<p class=\"uk-margin-small\"><span class=\"wpcf7-form-control-wrap\" data-name=\"your-message\"><textarea cols=\"40\" rows=\"3\" maxlength=\"2000\" class=\"wpcf7-form-control wpcf7-textarea uk-textarea\" aria-invalid=\"false\" placeholder=\"Your message\" name=\"your-message\"><\/textarea><\/span>\n<\/p>\n<input class=\"wpcf7-form-control wpcf7-hidden\" value=\"\" type=\"hidden\" name=\"page-url\" \/>\n<div class=\"uk-margin-small uk-text-center\">\n\t<p><input class=\"wpcf7-form-control wpcf7-submit has-spinner uk-button uk-button-primary uk-width-1-1\" type=\"submit\" value=\"SKICKA\" \/>\n\t<\/p>\n<\/div><div class=\"wpcf7-response-output\" aria-hidden=\"true\"><\/div>\n<input type=\"hidden\" name=\"trp-form-language\" value=\"en\"\/><\/form>\n<\/div>\n<\/div>\n<p><!--more--><br \/>\n<!-- {\"type\":\"layout\",\"children\":[{\"type\":\"section\",\"props\":{\"image\":\"wp-content\\\/uploads\\\/2024\\\/07\\\/verve-head-scaled-1.webp\",\"image_position\":\"center-center\",\"image_size\":\"cover\",\"media_background\":\"#878787\",\"style\":\"default\",\"text_color\":\"light\",\"title_breakpoint\":\"xl\",\"title_position\":\"top-left\",\"title_rotation\":\"left\",\"vertical_align\":\"middle\",\"width\":\"default\"},\"children\":[{\"type\":\"row\",\"children\":[{\"type\":\"column\",\"props\":{\"image_position\":\"center-center\",\"position_sticky_breakpoint\":\"m\",\"width_medium\":\"3-5\"},\"children\":[{\"type\":\"headline\",\"props\":{\"class\":\"new-hero-text\",\"content\":\"THE VERVE HOTEL<br \\\/><span style=\\\"color: #ddd;\\\">FALLSTUDIE<\\\/span>\",\"margin\":\"small\",\"margin_remove_bottom\":false,\"title_element\":\"h1\"}},{\"type\":\"html\",\"props\":{\"content\":\"\n\n<div style=\\\"width: 20%; height: 10px; background: #cd102f; float: left; clear: both;\\\"><\\\/div>\"}}]},{\"type\":\"column\",\"props\":{\"image_position\":\"center-center\",\"position_sticky_breakpoint\":\"m\",\"vertical_align\":\"middle\",\"width_medium\":\"2-5\"},\"children\":[{\"type\":\"text\",\"props\":{\"class\":\"intro2 uk-text-white\",\"column_breakpoint\":\"m\",\"content\":\"\n\n<p>Ett dedikerat team av Mood-tekniker f\\u00f6rverkligade ljud- och bilddesignen p\\u00e5 mindre \\u00e4n 90 dagar.<\\\/p>\",\"margin\":\"default\"}},{\"type\":\"button\",\"props\":{\"grid_column_gap\":\"small\",\"grid_row_gap\":\"small\",\"margin\":\"medium\"},\"children\":[{\"type\":\"button_item\",\"props\":{\"button_style\":\"default\",\"content\":\"Ladda ner fallstudie (ENGELSKA)\",\"icon_align\":\"left\",\"link\":\"https:\\\/\\\/us.moodmedia.com\\\/wp-content\\\/uploads\\\/2019\\\/09\\\/The-Verve-Case-Study-One-Sheet.pdf\"}}]}]}],\"props\":{\"layout\":\"3-5,2-5\"}}],\"name\":\"Section HERO CASE STUDY\"},{\"type\":\"section\",\"props\":{\"image_position\":\"center-center\",\"style\":\"default\",\"title_breakpoint\":\"xl\",\"title_position\":\"top-left\",\"title_rotation\":\"left\",\"vertical_align\":\"middle\",\"width\":\"default\"},\"children\":[{\"type\":\"row\",\"props\":{\"column_gap\":\"large\",\"layout\":\"1-2,1-2\"},\"children\":[{\"type\":\"column\",\"props\":{\"image_position\":\"center-center\",\"position_sticky_breakpoint\":\"m\",\"width_medium\":\"1-2\"},\"children\":[{\"type\":\"headline\",\"props\":{\"content\":\"OM <span class=\\\"moodred\\\">THE VERVE HOTEL<\\\/span>\",\"title_element\":\"h2\"}},{\"type\":\"text\",\"props\":{\"class\":\"intro2\",\"column_breakpoint\":\"m\",\"content\":\"\n\n<p>The VERVE drivs av Distinctive Hospitality Group (DHG) och \\u00e4r ett stilrent och exklusivt fullservicehotell som fokuserar p\\u00e5 att skapa en minnesv\\u00e4rd upplevelse i Bostonomr\\u00e5det. Med eleganta rum, uts\\u00f6kt mat p\\u00e5 plats, imponerande m\\u00f6tes- och eventutrymmen samt exceptionell service \\u00e4r The VERVE dedikerat till att uppfylla alla behov och \\u00f6vertr\\u00e4ffa alla f\\u00f6rv\\u00e4ntningar.<\\\/p>\",\"margin\":\"default\"}}]},{\"type\":\"column\",\"props\":{\"image_position\":\"center-center\",\"position_sticky_breakpoint\":\"m\",\"width_medium\":\"1-2\"},\"children\":[{\"type\":\"image\",\"props\":{\"image\":\"wp-content\\\/uploads\\\/2024\\\/07\\\/verve-boston.webp\",\"image_svg_color\":\"emphasis\",\"margin\":\"default\",\"text_align\":\"center\"}}]}]}]},{\"type\":\"section\",\"props\":{\"image_position\":\"center-center\",\"style\":\"muted\",\"title_breakpoint\":\"xl\",\"title_position\":\"top-left\",\"title_rotation\":\"left\",\"vertical_align\":\"middle\",\"width\":\"default\"},\"children\":[{\"type\":\"row\",\"props\":{\"column_gap\":\"large\",\"layout\":\"1-2,1-2\"},\"children\":[{\"type\":\"column\",\"props\":{\"image_position\":\"center-center\",\"position_sticky_breakpoint\":\"m\",\"width_medium\":\"1-2\"},\"children\":[{\"type\":\"headline\",\"props\":{\"content\":\"<span class=\\\"moodred\\\"><strong>UTMANINGEN<\\\/strong><\\\/span>\",\"title_element\":\"h2\"}},{\"type\":\"text\",\"props\":{\"column_breakpoint\":\"m\",\"content\":\"\n\n<p>Efter framg\\u00e5ngsrika samarbeten p\\u00e5 andra AAA Four Diamond-fastigheter anlitade DHG Mood f\\u00f6r att lyfta det nyrenoverade VERVE till en pulserande m\\u00f6tesplats i stadsk\\u00e4rnan \\u2013 med hyllningar till popkultur och en modern tolkning av amerikansk g\\u00e4stfrihet och matupplevelse.<\\\/p>\",\"margin\":\"default\"}}]},{\"type\":\"column\",\"props\":{\"image_position\":\"center-center\",\"position_sticky_breakpoint\":\"m\",\"width_medium\":\"1-2\"},\"children\":[{\"type\":\"headline\",\"props\":{\"content\":\"<span class=\\\"moodred\\\"><strong>TILLV\\u00c4GAG\\u00c5NGSS\\u00c4TTET<\\\/strong><\\\/span>\",\"title_element\":\"h2\"}},{\"type\":\"text\",\"props\":{\"column_breakpoint\":\"m\",\"content\":\"\n\n<p>Mood samarbetade med DHG:s arkitekter och inredningsdesigners f\\u00f6r att f\\u00f6rvandla 1 600 kvadratmeter allm\\u00e4nna ytor till en uppslukande, stilren och sofistikerad milj\\u00f6 som tilltalar g\\u00e4ster och kompletterar hotellets konceptuella omgestaltning. Ett dedikerat Mood-team genomf\\u00f6rde ljud- och bilddesignen och f\\u00e4rdigst\\u00e4llde projektet p\\u00e5 mindre \\u00e4n 90 dagar.<\\\/p>\",\"margin\":\"default\"}}]}]}]},{\"type\":\"section\",\"props\":{\"image\":\"wp-content\\\/uploads\\\/2024\\\/07\\\/vervemiddle-scaled-1.webp\",\"image_position\":\"center-center\",\"image_size\":\"cover\",\"media_background\":\"#7C7C7C\",\"style\":\"default\",\"text_color\":\"light\",\"title_breakpoint\":\"xl\",\"title_position\":\"top-left\",\"title_rotation\":\"left\",\"vertical_align\":\"middle\",\"width\":\"default\"},\"children\":[{\"type\":\"row\",\"children\":[{\"type\":\"column\",\"props\":{\"image_position\":\"center-center\",\"position_sticky_breakpoint\":\"m\",\"style\":\"tile-secondary\"},\"children\":[{\"type\":\"headline\",\"props\":{\"content\":\"<span class=\\\"moodred\\\">RESULTAT<\\\/span>\",\"text_align\":\"left\",\"title_element\":\"h2\"}},{\"type\":\"text\",\"props\":{\"class\":\"intro2 uk-text-white\",\"column_breakpoint\":\"m\",\"content\":\"\n\n<p>I det nyrenoverade VERVE Hotel omsluts g\\u00e4sterna av en levande atmosf\\u00e4r tack vare ett specialanpassat musikprogram som blandar hits fr\\u00e5n 60-, 70- och 80-talet med nostalgiska TV-vinjetter. Denna ljudupplevelse levereras av ett skr\\u00e4ddarsytt Bose-ljudsystem med h\\u00f6gpresterande h\\u00f6gtalare, ControlSpace digital signalbehandling och PowerMatch-slutsteg, vilket s\\u00e4kerst\\u00e4ller exceptionell ljudkvalitet.<\\\/p>\",\"margin\":\"default\",\"text_align\":\"left\"}},{\"type\":\"text\",\"props\":{\"column_breakpoint\":\"m\",\"content\":\"\n\n<p>Hotellet har \\u00e4ven en unik livescen med scenutrustning i konsertklass, inklusive en 48-kanals Yamaha-mixer, s\\u00e4rskilt framtagen f\\u00f6r liveupptr\\u00e4danden.<\\\/p>\\n\n\n<p>Den sensoriska upplevelsen f\\u00f6rst\\u00e4rks ytterligare av ett omfattande n\\u00e4tverk f\\u00f6r digital skyltning och TV. HD-sk\\u00e4rmar, inklusive tv\\u00e5 e-posters, \\u00e4r strategiskt placerade i lobbyn, Violet Thorn Bar och Pantry Restaurant. I restaurangen visas utvalda klipp fr\\u00e5n klassiska matlagningsprogram, medan en rullande kavalkad av film- och TV-klipp projiceras p\\u00e5 en v\\u00e4gg i lobbyn. Alla ljud- och bildsystem \\u00e4r s\\u00f6ml\\u00f6st integrerade via ett Crestron-styrsystem och ett specialanpassat Mood-gr\\u00e4nssnitt.<\\\/p>\",\"margin\":\"default\",\"text_color\":\"emphasis\",\"text_style\":\"small\"}}]}]}]},{\"type\":\"section\",\"props\":{\"css\":\".el-section{\\n\\tbackground-color: #222222;\\n}\",\"id\":\"contact\",\"image_position\":\"center-center\",\"style\":\"secondary\",\"title_breakpoint\":\"xl\",\"title_position\":\"top-left\",\"title_rotation\":\"left\",\"vertical_align\":\"middle\",\"width\":\"default\"},\"children\":[{\"type\":\"row\",\"children\":[{\"type\":\"column\",\"props\":{\"image_position\":\"center-center\",\"position_sticky_breakpoint\":\"m\"},\"children\":[{\"type\":\"headline\",\"props\":{\"content\":\"KONTAKTA OSS\",\"margin\":\"small\",\"text_align\":\"center\",\"title_element\":\"h2\"}},{\"type\":\"text\",\"props\":{\"column_breakpoint\":\"m\",\"content\":\"\n\n<p>F\\u00f6rh\\u00f6j g\\u00e4stupplevelsen med hj\\u00e4lp av Mood Nordics l\\u00f6sningar.<\\\/p>\",\"margin\":\"small\",\"text_align\":\"center\",\"text_style\":\"large\"}},{\"type\":\"text\",\"props\":{\"block_align\":\"center\",\"column_breakpoint\":\"m\",\"content\":\"[contact-form-7 id=\\\"e56d022\\\" title=\\\"Kontaktformul\\u00e4r Vertical 2\\\"]\",\"css\":\".el-element .wpcf7-spinner{\\n\\tposition: absolute;\\n    margin-left: -30px;\\n    margin-top: 8px;\\n}\",\"margin\":\"default\",\"maxwidth\":\"xlarge\"}}]}]}],\"name\":\"Section Contact Form New\"}],\"version\":\"4.3.10\"} --><\/p>","protected":false},"excerpt":{"rendered":"<p>THE VERVE HOTELFALLSTUDIE Ett dedikerat team av Mood-tekniker f\u00f6rverkligade ljud- och bilddesignen p\u00e5 mindre \u00e4n 90 dagar. Ladda ner fallstudie (ENGELSKA) OM THE VERVE HOTEL The VERVE drivs av Distinctive Hospitality Group (DHG) och \u00e4r ett stilrent och exklusivt fullservicehotell som fokuserar p\u00e5 att skapa en minnesv\u00e4rd upplevelse i Bostonomr\u00e5det. Med eleganta rum, uts\u00f6kt mat [&hellip;]<\/p>","protected":false},"author":1,"featured_media":0,"parent":0,"menu_order":0,"comment_status":"closed","ping_status":"closed","template":"","meta":{"footnotes":""},"class_list":["post-3702","page","type-page","status-publish","hentry"],"_links":{"self":[{"href":"https:\/\/moodnordic.se\/en\/wp-json\/wp\/v2\/pages\/3702"}],"collection":[{"href":"https:\/\/moodnordic.se\/en\/wp-json\/wp\/v2\/pages"}],"about":[{"href":"https:\/\/moodnordic.se\/en\/wp-json\/wp\/v2\/types\/page"}],"author":[{"embeddable":true,"href":"https:\/\/moodnordic.se\/en\/wp-json\/wp\/v2\/users\/1"}],"replies":[{"embeddable":true,"href":"https:\/\/moodnordic.se\/en\/wp-json\/wp\/v2\/comments?post=3702"}],"version-history":[{"count":43,"href":"https:\/\/moodnordic.se\/en\/wp-json\/wp\/v2\/pages\/3702\/revisions"}],"predecessor-version":[{"id":7719,"href":"https:\/\/moodnordic.se\/en\/wp-json\/wp\/v2\/pages\/3702\/revisions\/7719"}],"wp:attachment":[{"href":"https:\/\/moodnordic.se\/en\/wp-json\/wp\/v2\/media?parent=3702"}],"curies":[{"name":"wp","href":"https:\/\/api.w.org\/{rel}","templated":true}]}}