{"id":3751,"date":"2024-07-28T16:45:32","date_gmt":"2024-07-28T16:45:32","guid":{"rendered":"https:\/\/mood.admaxstage.com\/?page_id=3751"},"modified":"2025-08-07T09:24:55","modified_gmt":"2025-08-07T09:24:55","slug":"mcdonalds-romania","status":"publish","type":"page","link":"https:\/\/moodnordic.se\/en\/mcdonalds-romania\/","title":{"rendered":"McDonald\u2019s Romania \u2013 Audiovisuella l\u00f6sningar f\u00f6r snabbmatskedjor"},"content":{"rendered":"<h1>MCDONALD'S ROMANIA<br \/><span style=\"color: #ddd;\">CASE STUDY<\/span><\/h1>\n<div>\n<div style=\"width: 20%; height: 10px; background: #cd102f; float: left; clear: both;\"><\/div>\n<\/div>\n<h2>OM <span class=\"moodred\">MCDONALD'S<\/span><\/h2>\n<div>\n<p>McDonald's is the world's largest fast food chain with over 40,000 restaurants serving more than 69 million customers daily in over 100 countries.<\/p>\n<p>In Romania, McDonald's restaurants, including drive-thru and McCaf\u00e9, are operated by Premier Restaurants Romania, which delivers the well-known McDonald's experience across the country.<\/p>\n<\/div>\n<div>\n<h3>CASE STUDY SUMMARY<\/h3>\n<div>\n<ul>\n<li>Background music<\/li>\n<li>Digital signage<\/li>\n<li>Digital menu boards<\/li>\n<li>Video walls<\/li>\n<li>Information kiosks<\/li>\n<li>Touch screens &amp; tablets<\/li>\n<li>Content production &amp; CMS<\/li>\n<\/ul>\n<ul class=\"uk-list uk-list-disc\"><\/ul>\n<\/div>\n<\/div>\n<h2>OBJECTIVE<\/h2>\n<div>\n<p>McDonald's Romania, already a loyal customer of Mood Media for music services, commissioned us to carry out a comprehensive project to improve communication at points of sale. The aim was to move to a digital system that offers flexibility, reliability and exceptional value.<\/p>\n<p>Mood Media's broad expertise and extensive capabilities - including consulting, system design, software and hardware installation and integration, video production, content management, project management and maintenance - were key reasons why McDonald's chose us as its partner for <a href=\"https:\/\/moodnordic.se\/en\/digital-skyltning\/\">digital signage<\/a>.<\/p>\n<\/div>\n<h2>SOLUTIONS<\/p>\n<div id=\"gtx-anchor\" style=\"position: absolute; visibility: hidden; left: 10px; top: 12px; width: 104.297px; height: 18px;\"><\/div>\n<div class=\"jfk-bubble gtx-bubble\" role=\"alertdialog\" aria-describedby=\"bubble-2\" style=\"visibility: visible; left: 47px; top: 40px; opacity: 1;\">\n<div class=\"jfk-bubble-content-id\" id=\"bubble-2\">\n<div id=\"gtx-host\" style=\"min-width: 200px; max-width: 400px;\"><\/div>\n<\/div>\n<div class=\"jfk-bubble-closebtn-id jfk-bubble-closebtn\" aria-label=\"Close\" role=\"button\" tabindex=\"0\"><\/div>\n<div class=\"jfk-bubble-arrow-id jfk-bubble-arrow jfk-bubble-arrowup\" style=\"left: 52px;\">\n<div class=\"jfk-bubble-arrowimplbefore\"><\/div>\n<div class=\"jfk-bubble-arrowimplafter\"><\/div>\n<\/div>\n<\/div>\n<\/h2>\n<ul>\n<li>\n<p><img decoding=\"async\" src=\"\/wp-content\/uploads\/2024\/07\/mcd-ds.webp\" alt=\"\"><\/p>\n<h3>DIGITAL SIGNAGE<\/h3>\n<div>\n<p>Mood Media has successfully designed, installed and configured the hardware for McDonald's Romania's comprehensive digital signage solution. This includes digital menu boards, video walls, digital price lists, info kiosks, touch screens, tablets and other individual screens in the restaurants.<\/p>\n<\/div>\n<\/li>\n<li>\n<p><img decoding=\"async\" src=\"\/wp-content\/uploads\/2024\/07\/mcds-content.webp\" alt=\"\"><\/p>\n<h3>CONTENT PRODUCTION &amp; CMS<\/h3>\n<div>\n<p>Our creative team offers ongoing advice and creative services and ensures engaging video content through Mood Media's Harmony publishing tool (CMS). This system helps McDonald's Romania deliver dynamic and visually appealing content every day.<\/p>\n<\/div>\n<\/li>\n<li>\n<p><img decoding=\"async\" src=\"\/wp-content\/uploads\/2024\/07\/mcd-ds.webp\" alt=\"\"><\/p>\n<h3>MUSIC<\/h3>\n<div>\n<p>Mood Media creates a vibrant selection of background music playlists for all McDonald's restaurants in Romania. The playlists contain a mix of pop, hits, electro and club music to keep the atmosphere fresh and energized.<\/p>\n<\/div>\n<\/li>\n<\/ul>\n<h2><span class=\"moodred\">THE OUTCOME<\/span><\/h2>\n<div>\n<p>McDonald's Romania has set a new standard in the industry by pioneering this comprehensive digital signage project. The enhanced solution has greatly strengthened the brand image and had a positive impact on sales results. It has streamlined the communication of information, education, upselling and inspiration during key customer interactions, leading to a more engaging and effective customer experience.<\/p>\n<\/div>\n<h2>CONTACT US<\/h2>\n<div>\n<p>Enhance your restaurant experience with Mood Nordic solutions.<\/p>\n<\/div>\n<div>\n<div class=\"wpcf7 no-js\" id=\"wpcf7-f2224-o1\" lang=\"sv-SE\" dir=\"ltr\" data-wpcf7-id=\"2224\">\n<div class=\"screen-reader-response\"><p role=\"status\" aria-live=\"polite\" aria-atomic=\"true\"><\/p> <ul><\/ul><\/div>\n<form action=\"\/en\/wp-json\/wp\/v2\/pages\/3751#wpcf7-f2224-o1\" method=\"post\" class=\"wpcf7-form init\" aria-label=\"Kontaktformul\u00e4r\" novalidate=\"novalidate\" data-status=\"init\" data-trp-original-action=\"\/en\/wp-json\/wp\/v2\/pages\/3751#wpcf7-f2224-o1\">\n<div style=\"display: none;\">\n<input type=\"hidden\" name=\"_wpcf7\" value=\"2224\" \/>\n<input type=\"hidden\" name=\"_wpcf7_version\" value=\"6.0.6\" \/>\n<input type=\"hidden\" name=\"_wpcf7_locale\" value=\"sv_SE\" \/>\n<input type=\"hidden\" name=\"_wpcf7_unit_tag\" value=\"wpcf7-f2224-o1\" \/>\n<input type=\"hidden\" name=\"_wpcf7_container_post\" value=\"0\" \/>\n<input type=\"hidden\" name=\"_wpcf7_posted_data_hash\" value=\"\" \/>\n<\/div>\n<p class=\"uk-margin-small\"><span class=\"wpcf7-form-control-wrap\" data-name=\"your-first-name\"><input size=\"40\" maxlength=\"400\" class=\"wpcf7-form-control wpcf7-text wpcf7-validates-as-required uk-input\" aria-required=\"true\" aria-invalid=\"false\" placeholder=\"First name\" value=\"\" type=\"text\" name=\"your-first-name\" \/><\/span>\n<\/p>\n<p class=\"uk-margin-small\"><span class=\"wpcf7-form-control-wrap\" data-name=\"your-last-name\"><input size=\"40\" maxlength=\"400\" class=\"wpcf7-form-control wpcf7-text wpcf7-validates-as-required uk-input\" aria-required=\"true\" aria-invalid=\"false\" placeholder=\"Surname\" value=\"\" type=\"text\" name=\"your-last-name\" \/><\/span>\n<\/p>\n<p class=\"uk-margin-small\"><span class=\"wpcf7-form-control-wrap\" data-name=\"your-company\"><input size=\"40\" maxlength=\"400\" class=\"wpcf7-form-control wpcf7-text uk-input\" aria-invalid=\"false\" placeholder=\"Company\" value=\"\" type=\"text\" name=\"your-company\" \/><\/span>\n<\/p>\n<p class=\"uk-margin-small\"><span class=\"wpcf7-form-control-wrap\" data-name=\"your-postal-code\"><input size=\"40\" maxlength=\"400\" class=\"wpcf7-form-control wpcf7-text uk-input\" aria-invalid=\"false\" placeholder=\"Postal code\" value=\"\" type=\"text\" name=\"your-postal-code\" \/><\/span>\n<\/p>\n<p class=\"uk-margin-small\"><span class=\"wpcf7-form-control-wrap\" data-name=\"your-phone\"><input size=\"40\" maxlength=\"400\" class=\"wpcf7-form-control wpcf7-tel wpcf7-text wpcf7-validates-as-tel uk-input\" aria-invalid=\"false\" placeholder=\"Tel\" value=\"\" type=\"tel\" name=\"your-phone\" \/><\/span>\n<\/p>\n<p class=\"uk-margin-small\"><span class=\"wpcf7-form-control-wrap\" data-name=\"your-email\"><input size=\"40\" maxlength=\"400\" class=\"wpcf7-form-control wpcf7-email wpcf7-validates-as-required wpcf7-text wpcf7-validates-as-email uk-input\" aria-required=\"true\" aria-invalid=\"false\" placeholder=\"E-mail address\" value=\"\" type=\"email\" name=\"your-email\" \/><\/span>\n<\/p>\n<p class=\"uk-margin-small\"><span class=\"wpcf7-form-control-wrap\" data-name=\"your-message\"><textarea cols=\"40\" rows=\"3\" maxlength=\"2000\" class=\"wpcf7-form-control wpcf7-textarea uk-textarea\" aria-invalid=\"false\" placeholder=\"Your message\" name=\"your-message\"><\/textarea><\/span>\n<\/p>\n<input class=\"wpcf7-form-control wpcf7-hidden\" value=\"\" type=\"hidden\" name=\"page-url\" \/>\n<div class=\"uk-margin-small uk-text-center\">\n\t<p><input class=\"wpcf7-form-control wpcf7-submit has-spinner uk-button uk-button-primary uk-width-1-1\" type=\"submit\" value=\"SKICKA\" \/>\n\t<\/p>\n<\/div><div class=\"wpcf7-response-output\" aria-hidden=\"true\"><\/div>\n<input type=\"hidden\" name=\"trp-form-language\" value=\"en\"\/><\/form>\n<\/div>\n<\/div>\n<p><!--more--><br \/>\n<!-- {\"type\":\"layout\",\"children\":[{\"type\":\"section\",\"props\":{\"image\":\"wp-content\\\/uploads\\\/2024\\\/07\\\/mcds-2023-hero.webp\",\"image_position\":\"center-center\",\"image_size\":\"cover\",\"media_background\":\"#9B9B9B\",\"media_blend_mode\":\"multiply\",\"style\":\"default\",\"text_color\":\"light\",\"title_breakpoint\":\"xl\",\"title_position\":\"top-left\",\"title_rotation\":\"left\",\"vertical_align\":\"middle\",\"width\":\"default\"},\"children\":[{\"type\":\"row\",\"children\":[{\"type\":\"column\",\"props\":{\"image_position\":\"center-center\",\"position_sticky_breakpoint\":\"m\",\"width_medium\":\"3-5\"},\"children\":[{\"type\":\"headline\",\"props\":{\"class\":\"new-hero-text\",\"content\":\"MCDONALD\\u2019S RUM\\u00c4NIEN<br \\\/><span style=\\\"color: #ddd;\\\">FALLSTUDIE<\\\/span>\",\"margin\":\"small\",\"margin_remove_bottom\":false,\"title_element\":\"h1\"}},{\"type\":\"html\",\"props\":{\"content\":\"\n\n<div style=\\\"width: 20%; height: 10px; background: #cd102f; float: left; clear: both;\\\"><\\\/div>\"}}]},{\"type\":\"column\",\"props\":{\"image_position\":\"center-center\",\"position_sticky_breakpoint\":\"m\",\"vertical_align\":\"middle\",\"width_medium\":\"2-5\"}}],\"props\":{\"layout\":\"3-5,2-5\"}}],\"name\":\"Section HERO CASE STUDY\"},{\"type\":\"section\",\"props\":{\"image_position\":\"center-center\",\"style\":\"default\",\"title_breakpoint\":\"xl\",\"title_position\":\"top-left\",\"title_rotation\":\"left\",\"vertical_align\":\"middle\",\"width\":\"default\"},\"children\":[{\"type\":\"row\",\"props\":{\"column_gap\":\"large\",\"layout\":\"2-3,1-3\"},\"children\":[{\"type\":\"column\",\"props\":{\"image_position\":\"center-center\",\"position_sticky_breakpoint\":\"m\",\"width_medium\":\"2-3\"},\"children\":[{\"type\":\"headline\",\"props\":{\"content\":\"OM <span class=\\\"moodred\\\">MCDONALD\\u2019S<\\\/span>\",\"title_element\":\"h2\"}},{\"type\":\"text\",\"props\":{\"class\":\"intro2\",\"column_breakpoint\":\"m\",\"content\":\"\n\n<p>McDonald\\u2019s \\u00e4r v\\u00e4rldens st\\u00f6rsta snabbmatskedja med \\u00f6ver 40 000 restauranger som dagligen serverar mer \\u00e4n 69 miljoner kunder i \\u00f6ver 100 l\\u00e4nder.<\\\/p>\\n\n\n<p>I Rum\\u00e4nien drivs McDonald\\u2019s restauranger, inklusive drive-thru och McCaf\\u00e9, av Premier Restaurants Romania, som levererar den v\\u00e4lk\\u00e4nda McDonald\\u2019s-upplevelsen \\u00f6ver hela landet.<\\\/p>\",\"margin\":\"default\"}}]},{\"type\":\"column\",\"props\":{\"image_position\":\"center-center\",\"position_sticky_breakpoint\":\"m\",\"width_medium\":\"1-3\"},\"children\":[{\"type\":\"panel\",\"props\":{\"content\":\"\n\n<ul>\\n\n\n<li>Bakgrundsmusik<\\\/li>\\n\n\n<li>Digital skyltning<\\\/li>\\n\n\n<li>Digitala menytavlor<\\\/li>\\n\n\n<li>Videov\\u00e4ggar<\\\/li>\\n\n\n<li>Info-kiosker<\\\/li>\\n\n\n<li>Peksk\\u00e4rmar &amp; surfplattor<\\\/li>\\n\n\n<li>Inneh\\u00e5llsproduktion &amp; CMS<\\\/li>\\n<\\\/ul>\\n\n\n<ul class=\\\"uk-list uk-list-disc\\\"><\\\/ul>\",\"content_column_breakpoint\":\"m\",\"icon_width\":80,\"image_align\":\"top\",\"image_grid_breakpoint\":\"m\",\"image_grid_width\":\"1-2\",\"image_svg_color\":\"emphasis\",\"link_style\":\"default\",\"link_text\":\"Read more\",\"margin\":\"default\",\"meta_align\":\"below-title\",\"meta_element\":\"div\",\"meta_style\":\"text-meta\",\"panel_padding\":\"default\",\"panel_style\":\"tile-muted\",\"title\":\"FALLSTUDIE SAMMANFATTNING\",\"title_align\":\"top\",\"title_color\":\"primary\",\"title_element\":\"h3\",\"title_grid_breakpoint\":\"m\",\"title_grid_width\":\"1-2\",\"title_hover_style\":\"reset\"}}]}]}]},{\"type\":\"section\",\"props\":{\"image\":\"wp-content\\\/uploads\\\/2024\\\/07\\\/mcds-middle.webp\",\"image_position\":\"center-center\",\"image_size\":\"cover\",\"media_background\":\"#7C7C7C\",\"media_blend_mode\":\"multiply\",\"style\":\"default\",\"text_color\":\"light\",\"title_breakpoint\":\"xl\",\"title_position\":\"top-left\",\"title_rotation\":\"left\",\"vertical_align\":\"middle\",\"width\":\"default\"},\"children\":[{\"type\":\"row\",\"children\":[{\"type\":\"column\",\"props\":{\"image_position\":\"center-center\",\"position_sticky_breakpoint\":\"m\"},\"children\":[{\"type\":\"headline\",\"props\":{\"content\":\"M\\u00c5LS\\u00c4TTNING\",\"text_align\":\"center\",\"title_element\":\"h2\"}},{\"type\":\"text\",\"props\":{\"class\":\"intro2 uk-text-white\",\"column_breakpoint\":\"m\",\"content\":\"\n\n<p>McDonald\\u2019s Rum\\u00e4nien, som redan var en trogen kund hos Mood Media f\\u00f6r musiktj\\u00e4nster, gav oss i uppdrag att genomf\\u00f6ra ett omfattande projekt f\\u00f6r att f\\u00f6rb\\u00e4ttra kommunikationen vid f\\u00f6rs\\u00e4ljningspunkterna. M\\u00e5let var att \\u00f6verg\\u00e5 till ett digitalt system som erbjuder flexibilitet, drifts\\u00e4kerhet och exceptionellt v\\u00e4rde.<\\\/p>\\n\n\n<p>Mood Medias breda expertis och omfattande kapacitet \\u2013 inklusive r\\u00e5dgivning, systemdesign, installation och integration av mjukvara och h\\u00e5rdvara, videoproduktion, inneh\\u00e5llshantering, projektledning och underh\\u00e5ll \\u2013 var avg\\u00f6rande sk\\u00e4l till att McDonald\\u2019s valde oss som partner f\\u00f6r <a href=\\\"https:\\\/\\\/moodnordic.se\\\/digital-skyltning\\\/\\\">digital skyltning<\\\/a>.<\\\/p>\",\"margin\":\"default\",\"text_align\":\"center\"}}]}]}]},{\"type\":\"section\",\"props\":{\"image_position\":\"center-center\",\"style\":\"muted\",\"title_breakpoint\":\"xl\",\"title_position\":\"top-left\",\"title_rotation\":\"left\",\"vertical_align\":\"middle\",\"width\":\"default\"},\"children\":[{\"type\":\"row\",\"children\":[{\"type\":\"column\",\"props\":{\"image_position\":\"center-center\",\"position_sticky_breakpoint\":\"m\"},\"children\":[{\"type\":\"headline\",\"props\":{\"content\":\"L\\u00d6SNINGAR\\n\n\n<div id=\\\"gtx-anchor\\\" style=\\\"position: absolute; visibility: hidden; left: 10px; top: 12px; width: 104.297px; height: 18px;\\\"><\\\/div>\\n\n\n<div class=\\\"jfk-bubble gtx-bubble\\\" role=\\\"alertdialog\\\" aria-describedby=\\\"bubble-2\\\" style=\\\"visibility: visible; left: 47px; top: 40px; opacity: 1;\\\">\\n\n\n<div class=\\\"jfk-bubble-content-id\\\" id=\\\"bubble-2\\\">\\n\n\n<div id=\\\"gtx-host\\\" style=\\\"min-width: 200px; max-width: 400px;\\\"><\\\/div>\\n<\\\/div>\\n\n\n<div class=\\\"jfk-bubble-closebtn-id jfk-bubble-closebtn\\\" aria-label=\\\"Close\\\" role=\\\"button\\\" tabindex=\\\"0\\\"><\\\/div>\\n\n\n<div class=\\\"jfk-bubble-arrow-id jfk-bubble-arrow jfk-bubble-arrowup\\\" style=\\\"left: 52px;\\\">\\n\n\n<div class=\\\"jfk-bubble-arrowimplbefore\\\"><\\\/div>\\n\n\n<div class=\\\"jfk-bubble-arrowimplafter\\\"><\\\/div>\\n<\\\/div>\\n<\\\/div>\",\"text_align\":\"left\",\"text_align_breakpoint\":\"s\",\"text_align_fallback\":\"center\",\"title_element\":\"h2\"}},{\"type\":\"grid\",\"props\":{\"content_column_breakpoint\":\"m\",\"content_margin\":\"small\",\"css\":\".el-title{\\n    font-size: 20px;\\n}\",\"filter_align\":\"left\",\"filter_all\":true,\"filter_grid_breakpoint\":\"m\",\"filter_grid_width\":\"auto\",\"filter_position\":\"top\",\"filter_style\":\"tab\",\"grid_column_gap\":\"large\",\"grid_default\":\"1\",\"grid_medium\":\"3\",\"grid_row_gap\":\"large\",\"icon_width\":80,\"image_align\":\"top\",\"image_grid_breakpoint\":\"m\",\"image_grid_width\":\"1-2\",\"image_svg_color\":\"emphasis\",\"item_animation\":true,\"link_style\":\"default\",\"link_text\":\"Read more\",\"margin\":\"default\",\"meta_align\":\"below-title\",\"meta_element\":\"div\",\"meta_style\":\"text-meta\",\"show_content\":true,\"show_image\":true,\"show_link\":true,\"show_meta\":true,\"show_title\":true,\"title_align\":\"top\",\"title_color\":\"primary\",\"title_element\":\"h3\",\"title_grid_breakpoint\":\"m\",\"title_grid_width\":\"1-2\",\"title_hover_style\":\"reset\"},\"children\":[{\"type\":\"grid_item\",\"props\":{\"content\":\"\n\n<p>Mood Media har framg\\u00e5ngsrikt designat, installerat och konfigurerat h\\u00e5rdvaran f\\u00f6r McDonald\\u2019s Rum\\u00e4niens omfattande l\\u00f6sning f\\u00f6r digital skyltning. Detta inkluderar digitala menytavlor, videov\\u00e4ggar, digitala prislistor, info-kiosker, peksk\\u00e4rmar, surfplattor och andra enskilda sk\\u00e4rmar i restaurangerna.<\\\/p>\",\"image\":\"wp-content\\\/uploads\\\/2024\\\/07\\\/mcd-ds.webp\",\"title\":\"DIGITAL SKYLTNING\"}},{\"type\":\"grid_item\",\"props\":{\"content\":\"\n\n<p>V\\u00e5rt kreativa team erbjuder l\\u00f6pande r\\u00e5dgivning och kreativa tj\\u00e4nster och s\\u00e4kerst\\u00e4ller engagerande videoinneh\\u00e5ll genom Mood Medias Harmony-publiceringsverktyg (CMS). Detta system hj\\u00e4lper McDonald\\u2019s Rum\\u00e4nien att leverera dynamiskt och visuellt tilltalande inneh\\u00e5ll varje dag.<\\\/p>\",\"image\":\"wp-content\\\/uploads\\\/2024\\\/07\\\/mcds-content.webp\",\"title\":\"INNEH\\u00c5LLSPRODUKTION & CMS\"}},{\"type\":\"grid_item\",\"props\":{\"content\":\"\n\n<p>Mood Media skapar ett levande urval av bakgrundsmusikspellistor f\\u00f6r alla McDonald\\u2019s-restauranger i Rum\\u00e4nien. Spellistorna inneh\\u00e5ller en mix av pop, hits, electro och klubbmusik f\\u00f6r att h\\u00e5lla atmosf\\u00e4ren fr\\u00e4sch och energifylld.<\\\/p>\",\"image\":\"wp-content\\\/uploads\\\/2024\\\/07\\\/mcd-ds.webp\",\"title\":\"MUSIK\"}}]}]}]}]},{\"type\":\"section\",\"props\":{\"image\":\"wp-content\\\/uploads\\\/2024\\\/07\\\/background-drivethru-white2-scaled-1.webp\",\"image_position\":\"center-center\",\"image_size\":\"cover\",\"style\":\"default\",\"title_breakpoint\":\"xl\",\"title_position\":\"top-left\",\"title_rotation\":\"left\",\"vertical_align\":\"middle\",\"width\":\"default\"},\"children\":[{\"type\":\"row\",\"props\":{\"layout\":\"1-3,2-3\"},\"children\":[{\"type\":\"column\",\"props\":{\"image_position\":\"center-center\",\"position_sticky_breakpoint\":\"m\",\"width_medium\":\"1-3\"},\"children\":[{\"type\":\"headline\",\"props\":{\"content\":\"<span class=\\\"moodred\\\">RESULTATET<\\\/span>\",\"title_element\":\"h2\"}}]},{\"type\":\"column\",\"props\":{\"image_position\":\"center-center\",\"position_sticky_breakpoint\":\"m\",\"width_medium\":\"2-3\"},\"children\":[{\"type\":\"text\",\"props\":{\"class\":\"intro uk-text-bold\",\"column_breakpoint\":\"m\",\"content\":\"\n\n<p>McDonald\\u2019s Rum\\u00e4nien har satt en ny standard i branschen genom att vara pionj\\u00e4rer med detta omfattande projekt f\\u00f6r digital skyltning. Den f\\u00f6rb\\u00e4ttrade l\\u00f6sningen har kraftigt st\\u00e4rkt varum\\u00e4rkesprofilen och haft en positiv effekt p\\u00e5 f\\u00f6rs\\u00e4ljningsresultaten. Den har effektiviserat kommunikationen kring information, utbildning, merf\\u00f6rs\\u00e4ljning och inspiration vid viktiga kundinteraktioner, vilket har lett till en mer engagerande och effektiv kundupplevelse.<\\\/p>\",\"margin\":\"default\"}}]}]}]},{\"type\":\"section\",\"props\":{\"css\":\".el-section{\\n\\tbackground-color: #222222;\\n}\",\"id\":\"contact\",\"image_position\":\"center-center\",\"style\":\"secondary\",\"title_breakpoint\":\"xl\",\"title_position\":\"top-left\",\"title_rotation\":\"left\",\"vertical_align\":\"middle\",\"width\":\"default\"},\"children\":[{\"type\":\"row\",\"children\":[{\"type\":\"column\",\"props\":{\"image_position\":\"center-center\",\"position_sticky_breakpoint\":\"m\"},\"children\":[{\"type\":\"headline\",\"props\":{\"content\":\"KONTAKTA OSS\",\"margin\":\"small\",\"text_align\":\"center\",\"title_element\":\"h2\"}},{\"type\":\"text\",\"props\":{\"column_breakpoint\":\"m\",\"content\":\"\n\n<p>F\\u00f6rh\\u00f6j din restaurangupplevelse med hj\\u00e4lp av Mood Nordics l\\u00f6sningar.<\\\/p>\",\"margin\":\"small\",\"text_align\":\"center\",\"text_style\":\"large\"}},{\"type\":\"text\",\"props\":{\"block_align\":\"center\",\"column_breakpoint\":\"m\",\"content\":\"[contact-form-7 id=\\\"e56d022\\\" title=\\\"Kontaktformul\\u00e4r Vertical 2\\\"]\",\"css\":\".el-element .wpcf7-spinner{\\n\\tposition: absolute;\\n    margin-left: -30px;\\n    margin-top: 8px;\\n}\",\"margin\":\"default\",\"maxwidth\":\"xlarge\"}}]}]}],\"name\":\"Section Contact Form New\"}],\"version\":\"4.3.10\"} --><\/p>","protected":false},"excerpt":{"rendered":"<p>MCDONALD\u2019S RUM\u00c4NIENFALLSTUDIE OM MCDONALD\u2019S McDonald\u2019s \u00e4r v\u00e4rldens st\u00f6rsta snabbmatskedja med \u00f6ver 40 000 restauranger som dagligen serverar mer \u00e4n 69 miljoner kunder i \u00f6ver 100 l\u00e4nder. I Rum\u00e4nien drivs McDonald\u2019s restauranger, inklusive drive-thru och McCaf\u00e9, av Premier Restaurants Romania, som levererar den v\u00e4lk\u00e4nda McDonald\u2019s-upplevelsen \u00f6ver hela landet. FALLSTUDIE SAMMANFATTNING Bakgrundsmusik Digital skyltning Digitala menytavlor Videov\u00e4ggar [&hellip;]<\/p>","protected":false},"author":1,"featured_media":0,"parent":0,"menu_order":0,"comment_status":"closed","ping_status":"closed","template":"","meta":{"footnotes":""},"class_list":["post-3751","page","type-page","status-publish","hentry"],"_links":{"self":[{"href":"https:\/\/moodnordic.se\/en\/wp-json\/wp\/v2\/pages\/3751"}],"collection":[{"href":"https:\/\/moodnordic.se\/en\/wp-json\/wp\/v2\/pages"}],"about":[{"href":"https:\/\/moodnordic.se\/en\/wp-json\/wp\/v2\/types\/page"}],"author":[{"embeddable":true,"href":"https:\/\/moodnordic.se\/en\/wp-json\/wp\/v2\/users\/1"}],"replies":[{"embeddable":true,"href":"https:\/\/moodnordic.se\/en\/wp-json\/wp\/v2\/comments?post=3751"}],"version-history":[{"count":48,"href":"https:\/\/moodnordic.se\/en\/wp-json\/wp\/v2\/pages\/3751\/revisions"}],"predecessor-version":[{"id":7934,"href":"https:\/\/moodnordic.se\/en\/wp-json\/wp\/v2\/pages\/3751\/revisions\/7934"}],"wp:attachment":[{"href":"https:\/\/moodnordic.se\/en\/wp-json\/wp\/v2\/media?parent=3751"}],"curies":[{"name":"wp","href":"https:\/\/api.w.org\/{rel}","templated":true}]}}