{"id":5605,"date":"2024-09-03T13:36:36","date_gmt":"2024-09-03T13:36:36","guid":{"rendered":"https:\/\/mood.admaxstage.com\/?page_id=5605"},"modified":"2026-03-25T09:07:25","modified_gmt":"2026-03-25T09:07:25","slug":"referenser","status":"publish","type":"page","link":"https:\/\/moodnordic.se\/en\/referenser\/","title":{"rendered":"References - Successful projects &amp; customer cases"},"content":{"rendered":"<h1>\n<h1 style=\"text-align: center;\">REFERENCES<\/h1>\n<\/h1>\n<div>\n<h3 style=\"text-align: center;\">Discover our references and case studies - local sound, image and scent projects in Sweden and Norway<\/h3>\n<\/div>\n<hr>\n<ul>\n<li>\n<p>        <img decoding=\"async\" src=\"\/wp-content\/uploads\/2026\/03\/Shetaon-refernce-page-square-2.jpg\" alt=\"\"><\/p>\n<h3>SHERATON STOCKHOLM<\/h3>\n<div>\n<p>HOTELS, RESTAURANTS AND BARS<\/p>\n<p>STOCKHOLM<\/p>\n<\/div>\n<p><a href=\"\/en\/sheraton-stockholm-hotell\/\">SEE THE PROJECT<\/a><\/p>\n<\/li>\n<li>\n<p>        <img decoding=\"async\" src=\"\/wp-content\/uploads\/2026\/03\/TLH-reference-image-3.jpg\" alt=\"\"><\/p>\n<h3>TEXAS LONHORN<\/h3>\n<div>\n<p>RESTAURANT &amp; BAR CHAIN<\/p>\n<p>35 UNITS IN SWEDEN<\/p>\n<div id=\"gtx-anchor\" style=\"position: absolute; visibility: hidden; left: 10px; top: 19px; width: 214.297px; height: 18px;\"><\/div>\n<div class=\"jfk-bubble gtx-bubble\" role=\"alertdialog\" aria-describedby=\"bubble-3\" style=\"visibility: visible; left: 102px; top: 47px; opacity: 1; transition: opacity 0.218s ease-out;\">\n<div class=\"jfk-bubble-content-id\" id=\"bubble-3\">\n<div id=\"gtx-host\" style=\"min-width: 200px; max-width: 400px;\"><\/div>\n<\/div>\n<div class=\"jfk-bubble-closebtn-id jfk-bubble-closebtn\" aria-label=\"Close\" role=\"button\" tabindex=\"0\"><\/div>\n<div class=\"jfk-bubble-arrow-id jfk-bubble-arrow jfk-bubble-arrowup\" style=\"left: 107px;\">\n<div class=\"jfk-bubble-arrowimplbefore\"><\/div>\n<div class=\"jfk-bubble-arrowimplafter\"><\/div>\n<\/div>\n<\/div>\n<\/div>\n<p><a href=\"\/en\/texas-longhorn-restauranginstallation\/\">SEE THE PROJECT<\/a><\/p>\n<\/li>\n<li>\n<p>        <img decoding=\"async\" src=\"\/wp-content\/uploads\/2024\/10\/our-work-page.jpg\" alt=\"\"><\/p>\n<h3>MARBODAL<\/h3>\n<div>\n<p>KITCHEN SHOP<\/p>\n<p>STOCKHOLM<\/p>\n<\/div>\n<p><a href=\"\/en\/fallstudier-marbodal\/\">SEE THE PROJECT<\/a><\/p>\n<\/li>\n<li>\n<p>        <img decoding=\"async\" src=\"\/wp-content\/uploads\/2024\/09\/Untitled-2.jpg\" alt=\"\"><\/p>\n<h3>THE KING'S SEAGON<\/h3>\n<div>\n<p>BED AND MATTRESS CHAIN<\/p>\n<p>37 STORES IN SWEDEN<\/p>\n<\/div>\n<p><a href=\"\/en\/kungsangen\/\">SEE THE PROJECT<\/a><\/p>\n<\/li>\n<li>\n<p>        <img decoding=\"async\" src=\"\/wp-content\/uploads\/2024\/09\/FERRARI-square-logo-our-work2.jpg\" alt=\"\"><\/p>\n<h3>FERRARI<\/h3>\n<div>\n<p>CAR SHOWROOM<\/p>\n<p>STOCKHOLM, MALM\u00d6, OSLO<\/p>\n<\/div>\n<p><a href=\"\/en\/ferrari-showrooms\/\">SEE THE PROJECT<\/a><\/p>\n<\/li>\n<li>\n<p>        <img decoding=\"async\" src=\"\/wp-content\/uploads\/2024\/09\/Lotus-light-square-logo-2.jpg\" alt=\"\"><\/p>\n<h3>LOTUS<\/h3>\n<div>\n<p>CAR SHOWROOM<\/p>\n<p>OSLO<\/p>\n<\/div>\n<p><a href=\"\/en\/lotus-oslo\/\">SEE THE PROJECT<\/a><\/p>\n<\/li>\n<li>\n<p>        <img decoding=\"async\" src=\"\/wp-content\/uploads\/2024\/09\/sculpture-square-with-logo.jpg\" alt=\"\"><\/p>\n<h3>ATRIUM LJUNGBERG<\/h3>\n<div>\n<p><span>REAL ESTATE DEVELOPMENT AND MANAGEMENT<\/span><\/p>\n<p><span>STOCKHOLM, GOTHENBURG, MALM\u00d6, UPPSALA<\/span><\/p>\n<div id=\"gtx-anchor\" style=\"position: absolute; visibility: hidden; left: 10px; top: 83px; width: 375.367px; height: 18px;\"><\/div>\n<div class=\"jfk-bubble gtx-bubble\" role=\"alertdialog\" aria-describedby=\"bubble-2\" style=\"visibility: visible; left: 183px; top: 111px; opacity: 1;\">\n<div class=\"jfk-bubble-content-id\" id=\"bubble-2\">\n<div id=\"gtx-host\" style=\"min-width: 200px; max-width: 400px;\"><\/div>\n<\/div>\n<div class=\"jfk-bubble-closebtn-id jfk-bubble-closebtn\" aria-label=\"Close\" role=\"button\" tabindex=\"0\"><\/div>\n<div class=\"jfk-bubble-arrow-id jfk-bubble-arrow jfk-bubble-arrowup\" style=\"left: 187.5px;\">\n<div class=\"jfk-bubble-arrowimplbefore\"><\/div>\n<div class=\"jfk-bubble-arrowimplafter\"><\/div>\n<\/div>\n<\/div>\n<\/div>\n<p><a href=\"\/en\/atrium-ljungberg-skulptur\/\">SEE THE PROJECT<\/a><\/p>\n<\/li>\n<li>\n<p>        <img decoding=\"async\" src=\"\/wp-content\/uploads\/2024\/09\/BOTICA-SQUARE.jpg\" alt=\"\"><\/p>\n<h3>BOTICA <\/h3>\n<div>\n<p>RESTAURANT, COFFEE AND WINE BAR<\/p>\n<p>STOCKHOLM<\/p>\n<\/div>\n<p><a href=\"\/en\/botica\/\">SEE THE PROJECT<\/a><\/p>\n<\/li>\n<\/ul>\n<div>\n<h4 style=\"text-align: center;\">LEARN HOW MOOD NORDIC SOLUTIONS CAN IMPROVE THE EXPERIENCE IN YOUR INDUSTRY<\/h4>\n<\/div>\n<ul>\n<li>\n        <a href=\"\/en\/branscher\/bilbranschen-audiovisuella-losningar\/\">The car industry<\/a>\n    <\/li>\n<li>\n        <a href=\"\/en\/branscher\/finans\/\">Finance<\/a>\n    <\/li>\n<li>\n        <a href=\"\/en\/branscher\/traning\/\">Training<\/a>\n    <\/li>\n<li>\n        <a href=\"\/en\/branscher\/livsmedelsbutik\/\">Grocery stores<\/a>\n    <\/li>\n<li>\n        <a href=\"\/en\/branscher\/vard\/\">Health care<\/a>\n    <\/li>\n<li>\n        <a href=\"\/en\/branscher\/hotell\/\">Hotels<\/a>\n    <\/li>\n<li>\n        <a href=\"\/en\/snabbmatsrestaurang\/\">Fast food restaurants<\/a>\n    <\/li>\n<li>\n        <a href=\"\/en\/branscher\/restaurang\/\">Restaurant<\/a>\n    <\/li>\n<li>\n        <a href=\"\/en\/branscher\/detaljhandel\/\">Retail trade<\/a>\n    <\/li>\n<li>\n        <a href=\"\/en\/branscher\/salong-spa\/\">Salon &amp; Spa<\/a>\n    <\/li>\n<\/ul>\n<p><!--more--><br \/>\n<!-- {\"type\":\"layout\",\"children\":[{\"type\":\"section\",\"props\":{\"image\":\"wp-content\\\/uploads\\\/2024\\\/07\\\/Stockhom-hero-image-2.jpg\",\"image_position\":\"top-center\",\"image_size\":\"cover\",\"media_focal_point\":\"top-right\",\"padding_remove_horizontal\":false,\"style\":\"default\",\"title_breakpoint\":\"xl\",\"title_position\":\"top-left\",\"title_rotation\":\"left\",\"vertical_align\":\"\",\"width\":\"default\"},\"children\":[{\"type\":\"row\",\"children\":[{\"type\":\"column\",\"props\":{\"image_position\":\"center-center\",\"position_sticky_breakpoint\":\"m\"},\"children\":[{\"type\":\"headline\",\"props\":{\"content\":\"\n\n<h1 style=\\\"text-align: center;\\\">REFERENSER<\\\/h1>\",\"title_element\":\"h1\"}},{\"type\":\"text\",\"props\":{\"column_breakpoint\":\"m\",\"content\":\"\n\n<h3 style=\\\"text-align: center;\\\">Uppt\\u00e4ck v\\u00e5ra referenser och kundcase \\u2013 lokala projekt inom ljud, bild och doft i Sverige och Norge<\\\/h3>\",\"margin\":\"default\"}}]}]},{\"type\":\"row\",\"children\":[{\"type\":\"column\",\"props\":{\"image_position\":\"center-center\",\"position_sticky_breakpoint\":\"m\"},\"children\":[{\"type\":\"divider\",\"props\":{\"divider_align\":\"center\",\"divider_element\":\"hr\",\"divider_style\":\"icon\"}}]}]},{\"type\":\"row\",\"children\":[{\"type\":\"column\",\"props\":{\"image_position\":\"center-center\",\"position_sticky_breakpoint\":\"m\"},\"children\":[{\"type\":\"gallery\",\"props\":{\"filter_align\":\"left\",\"filter_all\":true,\"filter_grid_breakpoint\":\"m\",\"filter_grid_width\":\"auto\",\"filter_position\":\"top\",\"filter_style\":\"tab\",\"grid_default\":\"1\",\"grid_medium\":\"3\",\"item_animation\":true,\"lightbox_bg_close\":true,\"link_style\":\"default\",\"link_text\":\"Read more\",\"margin\":\"default\",\"meta_align\":\"below-title\",\"meta_element\":\"div\",\"meta_style\":\"text-meta\",\"overlay_hover\":true,\"overlay_mode\":\"cover\",\"overlay_position\":\"center\",\"overlay_style\":\"overlay-primary\",\"overlay_transition\":\"fade\",\"show_content\":true,\"show_hover_image\":true,\"show_hover_video\":true,\"show_link\":true,\"show_meta\":true,\"show_title\":true,\"text_align\":\"center\",\"text_color\":\"light\",\"title_element\":\"h3\",\"title_hover_style\":\"reset\"},\"children\":[{\"type\":\"gallery_item\",\"props\":{\"content\":\"\n\n<p>HOTELL, RESTAURANG- OCH BAR<\\\/p>\\n\n\n<p>STOCKHOLM<\\\/p>\",\"image\":\"wp-content\\\/uploads\\\/2026\\\/03\\\/Shetaon-refernce-page-square-2.jpg\",\"link\":\"sheraton-stockholm-hotell\\\/\",\"link_text\":\"SE PROJEKTET\",\"meta\":\"\",\"title\":\"SHERATON STOCKHOLM\"}},{\"type\":\"gallery_item\",\"props\":{\"content\":\"\n\n<p>RESTAURANG &amp; BARKEDJA<\\\/p>\\n\n\n<p>35 ENHETER I SVERIGE<\\\/p>\\n\n\n<div id=\\\"gtx-anchor\\\" style=\\\"position: absolute; visibility: hidden; left: 10px; top: 19px; width: 214.297px; height: 18px;\\\"><\\\/div>\\n\n\n<div class=\\\"jfk-bubble gtx-bubble\\\" role=\\\"alertdialog\\\" aria-describedby=\\\"bubble-3\\\" style=\\\"visibility: visible; left: 102px; top: 47px; opacity: 1; transition: opacity 0.218s ease-out;\\\">\\n\n\n<div class=\\\"jfk-bubble-content-id\\\" id=\\\"bubble-3\\\">\\n\n\n<div id=\\\"gtx-host\\\" style=\\\"min-width: 200px; max-width: 400px;\\\"><\\\/div>\\n<\\\/div>\\n\n\n<div class=\\\"jfk-bubble-closebtn-id jfk-bubble-closebtn\\\" aria-label=\\\"Close\\\" role=\\\"button\\\" tabindex=\\\"0\\\"><\\\/div>\\n\n\n<div class=\\\"jfk-bubble-arrow-id jfk-bubble-arrow jfk-bubble-arrowup\\\" style=\\\"left: 107px;\\\">\\n\n\n<div class=\\\"jfk-bubble-arrowimplbefore\\\"><\\\/div>\\n\n\n<div class=\\\"jfk-bubble-arrowimplafter\\\"><\\\/div>\\n<\\\/div>\\n<\\\/div>\",\"image\":\"wp-content\\\/uploads\\\/2026\\\/03\\\/TLH-reference-image-3.jpg\",\"link\":\"texas-longhorn-restauranginstallation\\\/\",\"link_text\":\"SE PROJEKTET\",\"meta\":\"\",\"title\":\"TEXAS LONHORN\"}},{\"type\":\"gallery_item\",\"props\":{\"content\":\"\n\n<p>K\\u00d6KSBUTIK<\\\/p>\\n\n\n<p>STOCKHOLM<\\\/p>\",\"image\":\"wp-content\\\/uploads\\\/2024\\\/10\\\/our-work-page.jpg\",\"link\":\"fallstudier-marbodal\\\/\",\"link_text\":\"SE PROJEKTET\",\"title\":\"MARBODAL\"}},{\"type\":\"gallery_item\",\"props\":{\"content\":\"\n\n<p>S\\u00c4NG OCH MADRASSKEDJA<\\\/p>\\n\n\n<p>37 BUTIKER I SVERIGE<\\\/p>\",\"image\":\"wp-content\\\/uploads\\\/2024\\\/09\\\/Untitled-2.jpg\",\"link\":\"kungsangen\\\/\",\"link_text\":\"SE PROJEKTET\",\"title\":\"KUNGS\\u00c4GEN\"}},{\"type\":\"gallery_item\",\"props\":{\"content\":\"\n\n<p>BILSHOWROOM<\\\/p>\\n\n\n<p>STOCKHOLM, MALM\\u00d6, OSLO<\\\/p>\",\"image\":\"wp-content\\\/uploads\\\/2024\\\/09\\\/FERRARI-square-logo-our-work2.jpg\",\"link\":\"ferrari-showrooms\\\/\",\"link_text\":\"SE PROJEKTET\",\"title\":\"FERRARI\"}},{\"type\":\"gallery_item\",\"props\":{\"content\":\"\n\n<p>BILSHOWROOM<\\\/p>\\n\n\n<p>OSLO<\\\/p>\",\"image\":\"wp-content\\\/uploads\\\/2024\\\/09\\\/Lotus-light-square-logo-2.jpg\",\"link\":\"lotus-oslo\\\/\",\"link_text\":\"SE PROJEKTET\",\"title\":\"LOTUS\"}},{\"type\":\"gallery_item\",\"props\":{\"content\":\"\n\n<p><span>FASTIGHETSUTVECKLING OCH FASTIGHETSF\\u00d6RVALTNING<\\\/span><\\\/p>\\n\n\n<p><span>STOCKHOLM, G\\u00d6TEBORG, MALM\\u00d6, UPPSALA<\\\/span><\\\/p>\\n\n\n<div id=\\\"gtx-anchor\\\" style=\\\"position: absolute; visibility: hidden; left: 10px; top: 83px; width: 375.367px; height: 18px;\\\"><\\\/div>\\n\n\n<div class=\\\"jfk-bubble gtx-bubble\\\" role=\\\"alertdialog\\\" aria-describedby=\\\"bubble-2\\\" style=\\\"visibility: visible; left: 183px; top: 111px; opacity: 1;\\\">\\n\n\n<div class=\\\"jfk-bubble-content-id\\\" id=\\\"bubble-2\\\">\\n\n\n<div id=\\\"gtx-host\\\" style=\\\"min-width: 200px; max-width: 400px;\\\"><\\\/div>\\n<\\\/div>\\n\n\n<div class=\\\"jfk-bubble-closebtn-id jfk-bubble-closebtn\\\" aria-label=\\\"Close\\\" role=\\\"button\\\" tabindex=\\\"0\\\"><\\\/div>\\n\n\n<div class=\\\"jfk-bubble-arrow-id jfk-bubble-arrow jfk-bubble-arrowup\\\" style=\\\"left: 187.5px;\\\">\\n\n\n<div class=\\\"jfk-bubble-arrowimplbefore\\\"><\\\/div>\\n\n\n<div class=\\\"jfk-bubble-arrowimplafter\\\"><\\\/div>\\n<\\\/div>\\n<\\\/div>\",\"image\":\"wp-content\\\/uploads\\\/2024\\\/09\\\/sculpture-square-with-logo.jpg\",\"link\":\"atrium-ljungberg-skulptur\\\/\",\"link_text\":\"SE PROJEKTET\",\"title\":\"ATRIUM LJUNGBERG\"}},{\"type\":\"gallery_item\",\"props\":{\"content\":\"\n\n<p>RESTAURANG, KAFFE- OCH VINBAR<\\\/p>\\n\n\n<p>STOCKHOLM<\\\/p>\",\"image\":\"wp-content\\\/uploads\\\/2024\\\/09\\\/BOTICA-SQUARE.jpg\",\"link\":\"botica\\\/\",\"link_text\":\"SE PROJEKTET\",\"meta\":\"\",\"title\":\"BOTICA \"}}]}]}]},{\"type\":\"row\",\"children\":[{\"type\":\"column\",\"props\":{\"image_position\":\"center-center\",\"position_sticky_breakpoint\":\"m\",\"style\":\"card-default\"},\"children\":[{\"type\":\"text\",\"props\":{\"column_breakpoint\":\"m\",\"content\":\"\n\n<h4 style=\\\"text-align: center;\\\">L\\u00c4R DIG HUR MOOD NORDICS L\\u00d6SNINGAR KAN F\\u00d6RB\\u00c4TTRA UPPLEVELSEN I DIN BRANSCH<\\\/h4>\",\"margin\":\"default\"}},{\"type\":\"subnav\",\"props\":{\"css\":\".el-link{\\n    color: #232323;\\n    font-size: 21px;\\n    font-weight: 500;\\n    text-transform: none;\\n    border-bottom-color: #cd102f;\\n}\\n.el-link:hover {\\n    border-bottom-color: #232323;\\n}\",\"subnav_style\":\"tab\",\"text_align\":\"center\"},\"children\":[{\"type\":\"subnav_item\",\"props\":{\"content\":\"Bilbranschen\",\"link\":\"branscher\\\/bilbranschen-audiovisuella-losningar\\\/\"}},{\"type\":\"subnav_item\",\"props\":{\"content\":\"Finans\",\"link\":\"branscher\\\/finans\\\/\"}},{\"type\":\"subnav_item\",\"props\":{\"content\":\"Tr\\u00e4ning\",\"link\":\"branscher\\\/traning\\\/\"}},{\"type\":\"subnav_item\",\"props\":{\"content\":\"Livsmedelsbutiker\",\"link\":\"branscher\\\/livsmedelsbutik\\\/\"}},{\"type\":\"subnav_item\",\"props\":{\"content\":\"H\\u00e4lsov\\u00e5rd\",\"link\":\"branscher\\\/vard\\\/\"}},{\"type\":\"subnav_item\",\"props\":{\"content\":\"Hotell\",\"link\":\"branscher\\\/hotell\\\/\"}},{\"type\":\"subnav_item\",\"props\":{\"content\":\"Snabbmatsrestauranger\",\"link\":\"snabbmatsrestaurang\\\/\"}},{\"type\":\"subnav_item\",\"props\":{\"content\":\"Restaurang\",\"link\":\"branscher\\\/restaurang\\\/\"}},{\"type\":\"subnav_item\",\"props\":{\"content\":\"Detaljhandel\",\"link\":\"branscher\\\/detaljhandel\\\/\"}},{\"type\":\"subnav_item\",\"props\":{\"content\":\"Salong & Spa\",\"link\":\"branscher\\\/salong-spa\\\/\"}}],\"name\":\"industries subnav 3\"}]}]}],\"name\":\"Industries Hero\"}],\"version\":\"4.5.32\"} --><\/p>","protected":false},"excerpt":{"rendered":"<p>REFERENSER Uppt\u00e4ck v\u00e5ra referenser och kundcase \u2013 lokala projekt inom ljud, bild och doft i Sverige och Norge SHERATON STOCKHOLM HOTELL, RESTAURANG- OCH BAR STOCKHOLM SE PROJEKTET TEXAS LONHORN RESTAURANG &amp; BARKEDJA 35 ENHETER I SVERIGE SE PROJEKTET MARBODAL K\u00d6KSBUTIK STOCKHOLM SE PROJEKTET KUNGS\u00c4GEN S\u00c4NG OCH MADRASSKEDJA 37 BUTIKER I SVERIGE SE PROJEKTET FERRARI BILSHOWROOM [&hellip;]<\/p>","protected":false},"author":4,"featured_media":0,"parent":0,"menu_order":0,"comment_status":"closed","ping_status":"closed","template":"","meta":{"footnotes":""},"class_list":["post-5605","page","type-page","status-publish","hentry"],"_links":{"self":[{"href":"https:\/\/moodnordic.se\/en\/wp-json\/wp\/v2\/pages\/5605"}],"collection":[{"href":"https:\/\/moodnordic.se\/en\/wp-json\/wp\/v2\/pages"}],"about":[{"href":"https:\/\/moodnordic.se\/en\/wp-json\/wp\/v2\/types\/page"}],"author":[{"embeddable":true,"href":"https:\/\/moodnordic.se\/en\/wp-json\/wp\/v2\/users\/4"}],"replies":[{"embeddable":true,"href":"https:\/\/moodnordic.se\/en\/wp-json\/wp\/v2\/comments?post=5605"}],"version-history":[{"count":77,"href":"https:\/\/moodnordic.se\/en\/wp-json\/wp\/v2\/pages\/5605\/revisions"}],"predecessor-version":[{"id":8655,"href":"https:\/\/moodnordic.se\/en\/wp-json\/wp\/v2\/pages\/5605\/revisions\/8655"}],"wp:attachment":[{"href":"https:\/\/moodnordic.se\/en\/wp-json\/wp\/v2\/media?parent=5605"}],"curies":[{"name":"wp","href":"https:\/\/api.w.org\/{rel}","templated":true}]}}