{"id":19,"date":"2024-04-14T18:45:31","date_gmt":"2024-04-14T18:45:31","guid":{"rendered":"https:\/\/mood.webgiantdemo.se\/?page_id=19"},"modified":"2026-01-08T09:13:45","modified_gmt":"2026-01-08T09:13:45","slug":"om-oss-bakgrundsmusik-och-ljudlosningar","status":"publish","type":"page","link":"https:\/\/moodnordic.se\/nb\/om-oss-bakgrundsmusik-och-ljudlosningar\/","title":{"rendered":"Om oss \u2013 Bakgrundsmusik &#038; ljudl\u00f6sningar f\u00f6r f\u00f6retag"},"content":{"rendered":"<h3><span>OM MOOD NORDIC<\/span><\/h3>\n<h1>STOLE P\u00c5 ERFARING<\/h1>\n<div>\n<div class=\"mb-2 whitespace-pre-line last:mb-0\" data-sentry-component=\"P\" data-sentry-source-file=\"p.tsx\">Mood Nordic er Mood Medias lokale partner i Sverige og Norge. Mood Medias globale nettverk er verdens st\u00f8rste og mest erfarne leverand\u00f8r av bakgrunnsmusikk og audiovisuelle systemer for bedrifter.<\/div>\n<\/div>\n<div>\n<div class=\"mb-2 whitespace-pre-line last:mb-0\" data-sentry-component=\"P\" data-sentry-source-file=\"p.tsx\">V\u00e5re lokale spesialister kommer til deg, jobber sammen med teamet ditt og blir kjent med virksomheten din, kundene dine og m\u00e5lene dine. P\u00e5 den m\u00e5ten kan vi anbefale de riktige l\u00f8sningene og systemene for \u00e5 styrke merkevareopplevelsen din og skape en f\u00f8rsteklasses kundeopplevelse.<\/div>\n<\/div>\n<p><p>\n        <a href=\"#contact\">Kontakt oss p\u00e5<\/a>\n    <\/p>\n<\/p>\n<h2><span>HVEM VI ER:<\/span><\/h2>\n<div>\n<p class=\"p1\">Vi er et engasjert og lidenskapelig team som jobber for \u00e5 levere l\u00f8sninger som styrker kundeengasjementet, \u00f8ker kundetilfredsheten, bygger merkevarelojalitet og driver salget.<\/p>\n<p class=\"p1\">Vi er en familieeid og uavhengig partner av Mood Media Corporation med over 20 \u00e5rs erfaring i \u00e5 hjelpe bedrifter av alle st\u00f8rrelser med \u00e5 lykkes.<\/p>\n<p class=\"p1\">Med spesialiserte team i b\u00e5de Sverige og Norge tilbyr v\u00e5re l\u00f8sningskonsulenter og serviceteknikere profesjonell st\u00f8tte - akkurat n\u00e5r og hvor du trenger det.<\/p>\n<\/p>\n<\/div>\n<p><img decoding=\"async\" src=\"\/wp-content\/uploads\/2024\/08\/Andrew-circle-photo-edited.png\" alt=\"\"><\/p>\n<div>\n<p class=\"p1\"><strong>Andrew Adams, salgssjef<\/strong><\/p>\n<p>Fra Austin, Texas - kjent som \"verdens hovedstad for livemusikk\" - og hjemsted for Mood Medias hovedkvarter.<\/p>\n<p>Andrew har over 10 \u00e5rs erfaring med \u00e5 styrke lokale merkevarer med Mood-l\u00f8sninger og avanserte audiovisuelle systemer.<\/p>\n<p>\"Jeg \u00f8nsker \u00e5 hjelpe deg med \u00e5 fange kundenes \u00f8rer, \u00f8yne og neser, slik at du kan endre folks oppfatning av virksomheten din.\"<\/p>\n<\/div>\n<p><p>\n        <a href=\"mailto: andrew@moodnordic.se\">Kontakt ANDREW<\/a>\n    <\/p>\n<\/p>\n<h2>HVA VI GJ\u00d8R<\/h2>\n<div>\n<p class=\"p1\">Med utgangspunkt i kundenes demografi, budsjett og vekstm\u00e5l utvikler vi en plan for sanseopplevelser som vekker positive f\u00f8lelser og minner - og bidrar til \u00e5 \u00f8ke salget. Gjennom v\u00e5re multisensoriske l\u00f8sninger skaper vi en merkevareopplevelse som f\u00e5r kundene til \u00e5 \u00f8nske \u00e5 komme tilbake, gang p\u00e5 gang.<\/p>\n<\/div>\n<div>\n<p>    <iframe loading=\"lazy\" src=\"https:\/\/www.youtube.com\/embed\/UywmrZwzlDM\" frameborder=\"0\" allow=\"autoplay; encrypted-media\" allowfullscreen style=\"width: 100%; height: 300px; \"><\/iframe>\n<\/div>\n<div>\n<ul class=\"lists intro2\" style=\"margin-top: 20px;\">\n<li><a href=\"https:\/\/moodnordic.se\/nb\/digital-skyltning\/\">Digital skilting<\/a><\/li>\n<li><a href=\"https:\/\/moodnordic.se\/nb\/videovaggar\/\">Videovegger<\/a><\/li>\n<li><a href=\"https:\/\/moodnordic.se\/nb\/kommersiella-skarmar\/\">Kommersielle utstillinger<\/a><\/li>\n<li><a href=\"https:\/\/moodnordic.se\/nb\/visuella-losningar\/\">Utend\u00f8rs LED-skilt<\/a><\/li>\n<li><a href=\"https:\/\/moodnordic.se\/nb\/3dhologram\/\">3D-hologram<\/a><\/li>\n<li><a href=\"https:\/\/moodnordic.se\/nb\/audiovisuella-system\/videosystem\/\">Distribusjon av video<\/a><\/li>\n<li><a href=\"https:\/\/moodnordic.se\/nb\/musik-for-foretag-3\/\">Musikk for n\u00e6ringslivet<\/a><\/li>\n<li><a href=\"https:\/\/moodnordic.se\/nb\/musik-for-foretag-3\/\">Bakgrunnsmusikk<\/a><\/li>\n<li><a href=\"https:\/\/moodnordic.se\/nb\/telefonmeddelanden\/\">Meldinger fra telefonsentralen<\/a><\/li>\n<li><a href=\"https:\/\/moodnordic.se\/nb\/ljudmeddelanden-i-butik\/\">Kommunikasjon i butikk<\/a><\/li>\n<li><a href=\"https:\/\/moodnordic.se\/nb\/doft\/\">Markedsf\u00f8ring av parfyme<\/a><\/li>\n<li><a href=\"https:\/\/moodnordic.se\/nb\/audiovisuella-system\/\">Audiovisuelle systemer<\/a><\/li>\n<li><a href=\"https:\/\/moodnordic.se\/nb\/audiovisuella-system\/professionella-ljudsystem\/\">Lydanlegg<\/a><\/li>\n<li><a href=\"https:\/\/moodnordic.se\/nb\/audiovisuella-system\/professionella-ljudsystem\/\">H\u00f8yttalersystem<\/a><\/li>\n<li><a href=\"https:\/\/moodnordic.se\/nb\/audiovisuella-system\/professionella-ljudsystem\/\">lydutstyr<\/a><\/li>\n<li><a href=\"https:\/\/moodnordic.se\/nb\/audiovisuella-system\/professionella-ljudsystem\/\">Persons\u00f8kingssystem<\/a><\/li>\n<li><a href=\"https:\/\/moodnordic.se\/nb\/audiovisuella-system\/bassboss-ljudsystem\/\">Leie av DJ-lyd<\/a><\/li>\n<li><a href=\"https:\/\/moodnordic.se\/nb\/audiovisuella-system\/konferensrum\/\">Konferanseromsl\u00f8sninger<\/a><\/li>\n<li><a href=\"https:\/\/moodnordic.se\/nb\/audiovisuella-system\/liveproduktion\/\">Utstyr for levende musikk<\/a><\/li>\n<li><a href=\"https:\/\/moodnordic.se\/nb\/audiovisuella-system\/liveproduktion\/\">Direktesending<\/a><\/li>\n<li><a href=\"https:\/\/moodnordic.se\/nb\/audiovisuella-system\/ljudmaskering\/\">Maskering av lyd<\/a><\/li>\n<\/ul>\n<div id=\"gtx-anchor\" style=\"position: absolute; visibility: hidden; left: 170.023px; top: 191px; width: 108.328px; height: 18px;\"><\/div>\n<div class=\"jfk-bubble gtx-bubble\" role=\"alertdialog\" aria-describedby=\"bubble-5\" style=\"visibility: visible; left: -169px; top: 219px; opacity: 1;\">\n<div class=\"jfk-bubble-content-id\" id=\"bubble-5\">\n<div id=\"gtx-host\" style=\"min-width: 200px; max-width: 400px;\"><\/div>\n<\/div>\n<div class=\"jfk-bubble-closebtn-id jfk-bubble-closebtn\" aria-label=\"Lukk\" role=\"button\" tabindex=\"0\"><\/div>\n<div class=\"jfk-bubble-arrow-id jfk-bubble-arrow jfk-bubble-arrowup\" style=\"left: 214.023px;\">\n<div class=\"jfk-bubble-arrowimplbefore\"><\/div>\n<div class=\"jfk-bubble-arrowimplafter\"><\/div>\n<\/div>\n<\/div>\n<\/div>\n<h2><span>KONTAKT OSS<\/span><\/h2>\n<div>\n<div class=\"et_pb_module et_pb_text et_pb_text_9  et_pb_text_align_center et_pb_bg_layout_dark\">\n<div class=\"et_pb_text_inner\">\n<div class=\"mb-2 whitespace-pre-line last:mb-0\" data-sentry-component=\"P\" data-sentry-source-file=\"p.tsx\">Forbedre kundeopplevelsen din i dag.<\/div>\n<\/div>\n<\/div>\n<div class=\"et_pb_module et_pb_code et_pb_code_1\">\n<div class=\"et_pb_code_inner\">\n<form id=\"mktoForm_1462\" __bizdiag=\"196355617\" __biza=\"WJ__\" novalidate=\"novalidate\" class=\"mktoForm mktoHasWidth mktoLayoutLeft\" action=\"\">\n<div class=\"mktoFormRow\">\n<div class=\"mktoFieldDescriptor mktoFormCol\">\n<div class=\"mktoOffset\"><\/div>\n<div class=\"mktoFieldWrap mktoRequiredField\"><\/div>\n<\/div>\n<\/div>\n<input type=\"hidden\" name=\"trp-form-language\" value=\"nb\"\/><\/form>\n<\/div>\n<\/div>\n<\/div>\n<div>\n<div class=\"wpcf7 no-js\" id=\"wpcf7-f289-o1\" lang=\"sv-SE\" dir=\"ltr\" data-wpcf7-id=\"289\">\n<div class=\"screen-reader-response\"><p role=\"status\" aria-live=\"polite\" aria-atomic=\"true\"><\/p> <ul><\/ul><\/div>\n<form action=\"\/nb\/wp-json\/wp\/v2\/pages\/19#wpcf7-f289-o1\" method=\"post\" class=\"wpcf7-form init\" aria-label=\"Kontaktformul\u00e4r\" novalidate=\"novalidate\" data-status=\"init\" data-trp-original-action=\"\/nb\/wp-json\/wp\/v2\/pages\/19#wpcf7-f289-o1\">\n<div style=\"display: none;\">\n<input type=\"hidden\" name=\"_wpcf7\" value=\"289\" \/>\n<input type=\"hidden\" name=\"_wpcf7_version\" value=\"6.0.6\" \/>\n<input type=\"hidden\" name=\"_wpcf7_locale\" value=\"sv_SE\" \/>\n<input type=\"hidden\" name=\"_wpcf7_unit_tag\" value=\"wpcf7-f289-o1\" \/>\n<input type=\"hidden\" name=\"_wpcf7_container_post\" value=\"0\" \/>\n<input type=\"hidden\" name=\"_wpcf7_posted_data_hash\" value=\"\" \/>\n<\/div>\n<div class=\"uk-margin\">\n\t<div class=\"uk-grid-small uk-child-width-1-2@s\" uk-grid>\n\t\t<p><span class=\"wpcf7-form-control-wrap\" data-name=\"your-first-name\"><input size=\"40\" maxlength=\"400\" class=\"wpcf7-form-control wpcf7-text wpcf7-validates-as-required uk-input\" aria-required=\"true\" aria-invalid=\"false\" placeholder=\"Fornavn\" value=\"\" type=\"text\" name=\"your-first-name\" \/><\/span>\n\t\t<\/p>\n\t\t<p><span class=\"wpcf7-form-control-wrap\" data-name=\"your-last-name\"><input size=\"40\" maxlength=\"400\" class=\"wpcf7-form-control wpcf7-text wpcf7-validates-as-required uk-input\" aria-required=\"true\" aria-invalid=\"false\" placeholder=\"Etternavn\" value=\"\" type=\"text\" name=\"your-last-name\" \/><\/span>\n\t\t<\/p>\n\t<\/div>\n<\/div>\n<div class=\"uk-margin\">\n\t<div class=\"uk-grid-small uk-child-width-1-2@s\" uk-grid>\n\t\t<p><span class=\"wpcf7-form-control-wrap\" data-name=\"your-email\"><input size=\"40\" maxlength=\"400\" class=\"wpcf7-form-control wpcf7-email wpcf7-validates-as-required wpcf7-text wpcf7-validates-as-email uk-input\" aria-required=\"true\" aria-invalid=\"false\" placeholder=\"E-postadresse\" value=\"\" type=\"email\" name=\"your-email\" \/><\/span>\n\t\t<\/p>\n\t\t<p><span class=\"wpcf7-form-control-wrap\" data-name=\"your-phone\"><input size=\"40\" maxlength=\"400\" class=\"wpcf7-form-control wpcf7-tel wpcf7-text wpcf7-validates-as-tel uk-input\" aria-invalid=\"false\" placeholder=\"Tlf.\" value=\"\" type=\"tel\" name=\"your-phone\" \/><\/span>\n\t\t<\/p>\n\t<\/div>\n<\/div>\n<div class=\"uk-margin\">\n\t<div class=\"uk-grid-small uk-child-width-1-2@s\" uk-grid>\n\t\t<p><span class=\"wpcf7-form-control-wrap\" data-name=\"your-company\"><input size=\"40\" maxlength=\"400\" class=\"wpcf7-form-control wpcf7-text uk-input\" aria-invalid=\"false\" placeholder=\"Virksomheter\" value=\"\" type=\"text\" name=\"your-company\" \/><\/span>\n\t\t<\/p>\n\t\t<p><span class=\"wpcf7-form-control-wrap\" data-name=\"your-postal-code\"><input size=\"40\" maxlength=\"400\" class=\"wpcf7-form-control wpcf7-text uk-input\" aria-invalid=\"false\" placeholder=\"Postnummer\" value=\"\" type=\"text\" name=\"your-postal-code\" \/><\/span>\n\t\t<\/p>\n\t<\/div>\n<\/div>\n<div class=\"uk-margin\">\n\t<p><span class=\"wpcf7-form-control-wrap\" data-name=\"your-message\"><textarea cols=\"40\" rows=\"3\" maxlength=\"2000\" class=\"wpcf7-form-control wpcf7-textarea uk-textarea\" aria-invalid=\"false\" placeholder=\"Din melding\" name=\"your-message\"><\/textarea><\/span>\n\t<\/p>\n<\/div>\n<input class=\"wpcf7-form-control wpcf7-hidden\" value=\"\" type=\"hidden\" name=\"page-url\" \/>\n<div class=\"uk-margin uk-text-center\">\n\t<p><input class=\"wpcf7-form-control wpcf7-submit has-spinner uk-button uk-button-primary\" type=\"submit\" value=\"SEND SKJEMA\" \/>\n\t<\/p>\n<\/div><div class=\"wpcf7-response-output\" aria-hidden=\"true\"><\/div>\n<input type=\"hidden\" name=\"trp-form-language\" value=\"nb\"\/><\/form>\n<\/div>\n<\/div>\n<p><!--more--><br \/>\n<!-- {\"type\":\"layout\",\"children\":[{\"type\":\"section\",\"props\":{\"class\":\"uk-text-white\",\"height\":\"viewport\",\"height_viewport\":60,\"image\":\"wp-content\\\/uploads\\\/2024\\\/08\\\/norther-lights.jpg\",\"image_effect\":\"parallax\",\"image_parallax_bgy\":\"100\",\"image_position\":\"center-center\",\"image_size\":\"cover\",\"style\":\"default\",\"text_color\":\"light\",\"title_breakpoint\":\"xl\",\"title_position\":\"top-left\",\"title_rotation\":\"left\",\"vertical_align\":\"middle\",\"width\":\"default\"},\"children\":[{\"type\":\"row\",\"children\":[{\"type\":\"column\",\"props\":{\"image_position\":\"center-center\",\"position_sticky_breakpoint\":\"m\"},\"children\":[{\"type\":\"headline\",\"props\":{\"content\":\"<span>OM MOOD NORDIC<\\\/span>\",\"title_element\":\"h3\"}},{\"type\":\"divider\",\"props\":{\"divider_element\":\"div\",\"divider_style\":\"small\"}}]}]},{\"type\":\"row\",\"props\":{\"column_gap\":\"large\",\"layout\":\"1-2,1-2\"},\"children\":[{\"type\":\"column\",\"props\":{\"image_position\":\"center-center\",\"position_sticky_breakpoint\":\"m\",\"width_medium\":\"1-2\"},\"children\":[{\"type\":\"headline\",\"props\":{\"content\":\"LITA P\\u00c5 ERFARENHETEN\",\"css\":\".el-element{\\n\\tline-height: 0.8em;\\n}\",\"title_element\":\"h1\",\"title_style\":\"heading-large\"}},{\"type\":\"text\",\"props\":{\"column_breakpoint\":\"m\",\"content\":\"\n\n<div class=\\\"mb-2 whitespace-pre-line last:mb-0\\\" data-sentry-component=\\\"P\\\" data-sentry-source-file=\\\"p.tsx\\\">Mood Nordic \\u00e4r den lokala partnern till Mood Media i Sverige och Norge. Mood Medias globala n\\u00e4tverk \\u00e4r v\\u00e4rldens st\\u00f6rsta och mest erfarna leverant\\u00f6r av bakgrundsmusik och audiovisuella system f\\u00f6r f\\u00f6retag.<\\\/div>\",\"margin\":\"default\",\"text_style\":\"large\"}},{\"type\":\"text\",\"props\":{\"column_breakpoint\":\"m\",\"content\":\"\n\n<div class=\\\"mb-2 whitespace-pre-line last:mb-0\\\" data-sentry-component=\\\"P\\\" data-sentry-source-file=\\\"p.tsx\\\">V\\u00e5ra lokala specialister kommer ut till er, samarbetar med ert team och l\\u00e4r k\\u00e4nna er verksamhet, era kunder och era m\\u00e5l. P\\u00e5 s\\u00e5 s\\u00e4tt kan vi rekommendera r\\u00e4tt l\\u00f6sningar och system som st\\u00e4rker er varum\\u00e4rkesupplevelse och skapar en f\\u00f6rstklassig kundupplevelse.<\\\/div>\",\"margin\":\"default\",\"text_style\":\"large\"}},{\"type\":\"button\",\"props\":{\"grid_column_gap\":\"small\",\"grid_row_gap\":\"small\",\"margin\":\"medium\"},\"children\":[{\"type\":\"button_item\",\"props\":{\"button_style\":\"primary\",\"content\":\"Kontakta oss\",\"dialog_layout\":\"modal\",\"dialog_offcanvas_flip\":true,\"icon_align\":\"left\",\"link\":\"#contact\"}}]}]},{\"type\":\"column\",\"props\":{\"image_position\":\"center-center\",\"position_sticky_breakpoint\":\"m\",\"vertical_align\":\"middle\",\"width_medium\":\"1-2\"}}]}],\"name\":\"Section Title\"},{\"type\":\"section\",\"props\":{\"image\":\"wp-content\\\/uploads\\\/2024\\\/04\\\/MOOD_About_Team_Background.jpg\",\"image_effect\":\"fixed\",\"image_position\":\"center-center\",\"image_size\":\"cover\",\"style\":\"default\",\"title_breakpoint\":\"xl\",\"title_position\":\"top-left\",\"title_rotation\":\"left\",\"vertical_align\":\"\",\"width\":\"default\"},\"children\":[{\"type\":\"row\",\"props\":{\"layout\":\"1-2,1-2\"},\"children\":[{\"type\":\"column\",\"props\":{\"image_position\":\"center-center\",\"position_sticky_breakpoint\":\"m\",\"width_medium\":\"1-2\"},\"children\":[{\"type\":\"headline\",\"props\":{\"content\":\"<span>VILKA VI \\u00c4R:<\\\/span>\",\"title_element\":\"h2\"}},{\"type\":\"text\",\"props\":{\"column_breakpoint\":\"m\",\"content\":\"\n\n<p class=\\\"p1\\\">Vi \\u00e4r ett engagerat och passionerat team som arbetar f\\u00f6r att leverera l\\u00f6sningar som st\\u00e4rker kundengagemang, \\u00f6kar kundn\\u00f6jdheten, bygger varum\\u00e4rkeslojalitet och driver f\\u00f6rs\\u00e4ljning.<\\\/p>\\n\n\n<p class=\\\"p1\\\">Med bas i Stockholm, Sverige, \\u00e4r vi en familje\\u00e4gd och oberoende partner till Mood Media Corporation med \\u00f6ver 20 \\u00e5rs erfarenhet av att hj\\u00e4lpa f\\u00f6retag i alla storlekar att lyckas.<\\\/p>\\n\n\n<p class=\\\"p1\\\">Med specialiserade team i b\\u00e5de Sverige och Norge erbjuder v\\u00e5ra l\\u00f6sningskonsulter och servicetekniker professionellt st\\u00f6d \\u2013 precis n\\u00e4r och d\\u00e4r du beh\\u00f6ver det.<\\\/p>\\n\n\n<p><\\\/p>\",\"margin\":\"default\",\"text_style\":\"large\"}}]},{\"type\":\"column\",\"props\":{\"image_position\":\"center-center\",\"position_sticky_breakpoint\":\"m\",\"width_medium\":\"1-2\"},\"children\":[{\"type\":\"image\",\"props\":{\"image\":\"wp-content\\\/uploads\\\/2024\\\/08\\\/Andrew-circle-photo-edited.png\",\"image_svg_color\":\"emphasis\",\"margin\":\"default\",\"maxwidth\":\"small\",\"text_align\":\"center\"}},{\"type\":\"text\",\"props\":{\"column_breakpoint\":\"m\",\"content\":\"\n\n<p class=\\\"p1\\\"><strong>Andrew Adams, Head of Sales<\\\/strong><\\\/p>\\n\n\n<p>Fr\\u00e5n Austin, Texas \\u2013 k\\u00e4nt som \\u201cv\\u00e4rldens livemusikhauptstad\\u201d \\u2013 och hem f\\u00f6r Mood Medias huvudkontor.<\\\/p>\\n\n\n<p>Andrew har \\u00f6ver 10 \\u00e5rs framg\\u00e5ngsrik erfarenhet av att st\\u00e4rka lokala varum\\u00e4rken med Mood-l\\u00f6sningar och avancerade audiovisuella system.<\\\/p>\\n\n\n<p>\\\"I want to help you captivate your customers ears, eyes, and noses, to change the way people feel about your business.\\\"<\\\/p>\",\"margin\":\"default\",\"text_style\":\"large\"}},{\"type\":\"button\",\"props\":{\"grid_column_gap\":\"small\",\"grid_row_gap\":\"small\",\"margin\":\"medium\"},\"children\":[{\"type\":\"button_item\",\"props\":{\"button_style\":\"primary\",\"content\":\"Konktakta ANDREW\",\"dialog_layout\":\"modal\",\"dialog_offcanvas_flip\":true,\"icon_align\":\"left\",\"link\":\"mailto: andrew@moodnordic.se\"}}]}]}]}]},{\"type\":\"section\",\"props\":{\"image\":\"wp-content\\\/uploads\\\/2024\\\/08\\\/NORWAY-DARK.jpg\",\"image_effect\":\"fixed\",\"image_position\":\"center-center\",\"image_size\":\"cover\",\"style\":\"default\",\"text_color\":\"light\",\"title_breakpoint\":\"xl\",\"title_position\":\"top-left\",\"title_rotation\":\"left\",\"vertical_align\":\"\",\"width\":\"default\"},\"children\":[{\"type\":\"row\",\"props\":{\"layout\":\"1-2,1-2\"},\"children\":[{\"type\":\"column\",\"props\":{\"image_position\":\"center-center\",\"position_sticky_breakpoint\":\"m\",\"width_medium\":\"1-2\"},\"children\":[{\"type\":\"headline\",\"props\":{\"content\":\"VAD VI G\\u00d6R\",\"title_element\":\"h2\"}},{\"type\":\"text\",\"props\":{\"column_breakpoint\":\"m\",\"content\":\"\n\n<p class=\\\"p1\\\">Med utg\\u00e5ngspunkt i era kunders demografi, budget och tillv\\u00e4xtm\\u00e5l utvecklar vi en sensorisk upplevelseplan som v\\u00e4cker positiva k\\u00e4nslor och minnen \\u2013 och bidrar till \\u00f6kad f\\u00f6rs\\u00e4ljning. Genom v\\u00e5ra multisensoriska l\\u00f6sningar skapar vi en varum\\u00e4rkesupplevelse som f\\u00e5r kunderna att vilja komma tillbaka, g\\u00e5ng p\\u00e5 g\\u00e5ng.<\\\/p>\",\"margin\":\"default\",\"text_color\":\"emphasis\",\"text_style\":\"large\"}},{\"type\":\"html\",\"props\":{\"content\":\"<iframe loading=\\\"lazy\\\" src=\\\"https:\\\/\\\/www.youtube.com\\\/embed\\\/UywmrZwzlDM\\\" frameborder=\\\"0\\\" allow=\\\"autoplay; encrypted-media\\\" allowfullscreen  style=\\\"width: 100%; height: 300px; \\\"><\\\/iframe>\"}}]},{\"type\":\"column\",\"props\":{\"image_position\":\"center-center\",\"position_sticky_breakpoint\":\"m\",\"width_medium\":\"1-2\"},\"children\":[{\"type\":\"text\",\"props\":{\"column_breakpoint\":\"m\",\"content\":\"\n\n<ul class=\\\"lists intro2\\\" style=\\\"margin-top: 20px;\\\">\\n\n\n<li><a href=\\\"https:\\\/\\\/moodnordic.se\\\/digital-skyltning\\\/\\\">Digital skyltning<\\\/a><\\\/li>\\n\n\n<li><a href=\\\"https:\\\/\\\/moodnordic.se\\\/videovaggar\\\/\\\">Videov\\u00e4gger<\\\/a><\\\/li>\\n\n\n<li><a href=\\\"https:\\\/\\\/moodnordic.se\\\/kommersiella-skarmar\\\/\\\">Kommersiella displayer<\\\/a><\\\/li>\\n\n\n<li><a href=\\\"https:\\\/\\\/moodnordic.se\\\/visuella-losningar\\\/\\\">Utomhus LED-skyltar<\\\/a><\\\/li>\\n\n\n<li><a href=\\\"https:\\\/\\\/moodnordic.se\\\/3dhologram\\\/\\\">3D-Hologram<\\\/a><\\\/li>\\n\n\n<li><a href=\\\"https:\\\/\\\/moodnordic.se\\\/audiovisuella-system\\\/videosystem\\\/\\\">Videodistribution<\\\/a><\\\/li>\\n\n\n<li><a href=\\\"https:\\\/\\\/moodnordic.se\\\/musik-for-foretag-3\\\/\\\">Musik f\\u00f6r f\\u00f6retag<\\\/a><\\\/li>\\n\n\n<li><a href=\\\"https:\\\/\\\/moodnordic.se\\\/musik-for-foretag-3\\\/\\\">Bakgrundsmusik<\\\/a><\\\/li>\\n\n\n<li><a href=\\\"https:\\\/\\\/moodnordic.se\\\/telefonmeddelanden\\\/\\\">Telefonv\\u00e4xelmeddelanden<\\\/a><\\\/li>\\n\n\n<li><a href=\\\"https:\\\/\\\/moodnordic.se\\\/ljudmeddelanden-i-butik\\\/\\\">Butikskommunikation<\\\/a><\\\/li>\\n\n\n<li><a href=\\\"https:\\\/\\\/moodnordic.se\\\/doft\\\/\\\">Doftmarknadsf\\u00f6ring<\\\/a><\\\/li>\\n\n\n<li><a href=\\\"https:\\\/\\\/moodnordic.se\\\/audiovisuella-system\\\/\\\">Audiovisuella system<\\\/a><\\\/li>\\n\n\n<li><a href=\\\"https:\\\/\\\/moodnordic.se\\\/audiovisuella-system\\\/professionella-ljudsystem\\\/\\\">Ljudsystem<\\\/a><\\\/li>\\n\n\n<li><a href=\\\"https:\\\/\\\/moodnordic.se\\\/audiovisuella-system\\\/professionella-ljudsystem\\\/\\\">H\\u00f6gtalarsystem<\\\/a><\\\/li>\\n\n\n<li><a href=\\\"https:\\\/\\\/moodnordic.se\\\/audiovisuella-system\\\/professionella-ljudsystem\\\/\\\">ljudutrustning<\\\/a><\\\/li>\\n\n\n<li><a href=\\\"https:\\\/\\\/moodnordic.se\\\/audiovisuella-system\\\/professionella-ljudsystem\\\/\\\">Persons\\u00f6kningssystem<\\\/a><\\\/li>\\n\n\n<li><a href=\\\"https:\\\/\\\/moodnordic.se\\\/audiovisuella-system\\\/bassboss-ljudsystem\\\/\\\">DJ-ljuduthyrning<\\\/a><\\\/li>\\n\n\n<li><a href=\\\"https:\\\/\\\/moodnordic.se\\\/audiovisuella-system\\\/konferensrum\\\/\\\">Konferensruml\\u00f6sningar<\\\/a><\\\/li>\\n\n\n<li><a href=\\\"https:\\\/\\\/moodnordic.se\\\/audiovisuella-system\\\/liveproduktion\\\/\\\">Livemusikutrustning<\\\/a><\\\/li>\\n\n\n<li><a href=\\\"https:\\\/\\\/moodnordic.se\\\/audiovisuella-system\\\/liveproduktion\\\/\\\">Lives\\u00e4ndning<\\\/a><\\\/li>\\n\n\n<li><a href=\\\"https:\\\/\\\/moodnordic.se\\\/audiovisuella-system\\\/ljudmaskering\\\/\\\">Ljudmaskering<\\\/a><\\\/li>\\n<\\\/ul>\\n\n\n<div id=\\\"gtx-anchor\\\" style=\\\"position: absolute; visibility: hidden; left: 170.023px; top: 191px; width: 108.328px; height: 18px;\\\"><\\\/div>\\n\n\n<div class=\\\"jfk-bubble gtx-bubble\\\" role=\\\"alertdialog\\\" aria-describedby=\\\"bubble-5\\\" style=\\\"visibility: visible; left: -169px; top: 219px; opacity: 1;\\\">\\n\n\n<div class=\\\"jfk-bubble-content-id\\\" id=\\\"bubble-5\\\">\\n\n\n<div id=\\\"gtx-host\\\" style=\\\"min-width: 200px; max-width: 400px;\\\"><\\\/div>\\n<\\\/div>\\n\n\n<div class=\\\"jfk-bubble-closebtn-id jfk-bubble-closebtn\\\" aria-label=\\\"Close\\\" role=\\\"button\\\" tabindex=\\\"0\\\"><\\\/div>\\n\n\n<div class=\\\"jfk-bubble-arrow-id jfk-bubble-arrow jfk-bubble-arrowup\\\" style=\\\"left: 214.023px;\\\">\\n\n\n<div class=\\\"jfk-bubble-arrowimplbefore\\\"><\\\/div>\\n\n\n<div class=\\\"jfk-bubble-arrowimplafter\\\"><\\\/div>\\n<\\\/div>\\n<\\\/div>\",\"margin\":\"small\",\"margin_remove_top\":false,\"text_color\":\"emphasis\",\"text_style\":\"large\"}}]}]}]},{\"type\":\"section\",\"props\":{\"css\":\".el-section{\\n\\tbackground-color: #222222;\\n}\",\"id\":\"contact\",\"image_position\":\"center-center\",\"style\":\"secondary\",\"title_breakpoint\":\"xl\",\"title_position\":\"top-left\",\"title_rotation\":\"left\",\"vertical_align\":\"\",\"width\":\"default\"},\"children\":[{\"type\":\"row\",\"children\":[{\"type\":\"column\",\"props\":{\"image_position\":\"center-center\",\"position_sticky_breakpoint\":\"m\"},\"children\":[{\"type\":\"headline\",\"props\":{\"content\":\"<span>KONTAKTA OSS<\\\/span>\",\"text_align\":\"center\",\"title_element\":\"h2\"}},{\"type\":\"text\",\"props\":{\"column_breakpoint\":\"m\",\"content\":\"\n\n<div class=\\\"et_pb_module et_pb_text et_pb_text_9  et_pb_text_align_center et_pb_bg_layout_dark\\\">\\n\n\n<div class=\\\"et_pb_text_inner\\\">\\n\n\n<div class=\\\"mb-2 whitespace-pre-line last:mb-0\\\" data-sentry-component=\\\"P\\\" data-sentry-source-file=\\\"p.tsx\\\">F\\u00f6rb\\u00e4ttra er kundupplevelse redan idag.<\\\/div>\\n<\\\/div>\\n<\\\/div>\\n\n\n<div class=\\\"et_pb_module et_pb_code et_pb_code_1\\\">\\n\n\n<div class=\\\"et_pb_code_inner\\\">\n\n<form id=\\\"mktoForm_1462\\\" __bizdiag=\\\"196355617\\\" __biza=\\\"WJ__\\\" novalidate=\\\"novalidate\\\" class=\\\"mktoForm mktoHasWidth mktoLayoutLeft\\\">\\n\n\n<div class=\\\"mktoFormRow\\\">\\n\n\n<div class=\\\"mktoFieldDescriptor mktoFormCol\\\">\\n\n\n<div class=\\\"mktoOffset\\\"><\\\/div>\\n\n\n<div class=\\\"mktoFieldWrap mktoRequiredField\\\"><\\\/div>\\n<\\\/div>\\n<\\\/div>\\n<\\\/form><\\\/div>\\n<\\\/div>\",\"margin\":\"default\",\"text_align\":\"center\",\"text_style\":\"large\"}},{\"type\":\"text\",\"props\":{\"block_align\":\"center\",\"column_breakpoint\":\"m\",\"content\":\"[contact-form-7 id=\\\"4287613\\\" title=\\\"Kontaktformul\\u00e4r\\\"]\",\"css\":\".el-element .wpcf7-spinner{\\n\\tposition: absolute;\\n    margin-left: -30px;\\n    margin-top: 8px;\\n}\",\"margin\":\"default\",\"maxwidth\":\"2xlarge\"}}]}]}],\"name\":\"Contact Form\"}],\"version\":\"4.5.32\"} --><\/p>","protected":false},"excerpt":{"rendered":"<p>OM MOOD NORDIC LITA P\u00c5 ERFARENHETEN Mood Nordic \u00e4r den lokala partnern till Mood Media i Sverige och Norge. Mood Medias globala n\u00e4tverk \u00e4r v\u00e4rldens st\u00f6rsta och mest erfarna leverant\u00f6r av bakgrundsmusik och audiovisuella system f\u00f6r f\u00f6retag. V\u00e5ra lokala specialister kommer ut till er, samarbetar med ert team och l\u00e4r k\u00e4nna er verksamhet, era kunder [&hellip;]<\/p>","protected":false},"author":1,"featured_media":0,"parent":0,"menu_order":0,"comment_status":"closed","ping_status":"closed","template":"","meta":{"footnotes":""},"class_list":["post-19","page","type-page","status-publish","hentry"],"_links":{"self":[{"href":"https:\/\/moodnordic.se\/nb\/wp-json\/wp\/v2\/pages\/19"}],"collection":[{"href":"https:\/\/moodnordic.se\/nb\/wp-json\/wp\/v2\/pages"}],"about":[{"href":"https:\/\/moodnordic.se\/nb\/wp-json\/wp\/v2\/types\/page"}],"author":[{"embeddable":true,"href":"https:\/\/moodnordic.se\/nb\/wp-json\/wp\/v2\/users\/1"}],"replies":[{"embeddable":true,"href":"https:\/\/moodnordic.se\/nb\/wp-json\/wp\/v2\/comments?post=19"}],"version-history":[{"count":91,"href":"https:\/\/moodnordic.se\/nb\/wp-json\/wp\/v2\/pages\/19\/revisions"}],"predecessor-version":[{"id":8068,"href":"https:\/\/moodnordic.se\/nb\/wp-json\/wp\/v2\/pages\/19\/revisions\/8068"}],"wp:attachment":[{"href":"https:\/\/moodnordic.se\/nb\/wp-json\/wp\/v2\/media?parent=19"}],"curies":[{"name":"wp","href":"https:\/\/api.w.org\/{rel}","templated":true}]}}