{"id":198,"date":"2024-04-15T12:07:59","date_gmt":"2024-04-15T12:07:59","guid":{"rendered":"https:\/\/mood.webgiantdemo.se\/?page_id=198"},"modified":"2025-08-07T12:48:20","modified_gmt":"2025-08-07T12:48:20","slug":"ljudmeddelanden-i-butik","status":"publish","type":"page","link":"https:\/\/moodnordic.se\/nb\/ljudmeddelanden-i-butik\/","title":{"rendered":"Lydanslag i butikker"},"content":{"rendered":"<h1>SKAPE EN GOD IDENTITET SOM GJ\u00d8R AT BUTIKKEN DIN SKILLER SEG UT<\/h1>\n<div>\n<p>Bruk hvert eneste \u00f8yeblikk i butikkmilj\u00f8et til \u00e5 kommunisere merkevaren din. Med Mood Nordics Overhead Messaging bygger du en tydelig lydidentitet og en m\u00e5lrettet lydstrategi som engasjerer kundene og gir resultater - hvert sekund teller.<\/p>\n<\/div>\n<h2>HVORDAN DET FUNGERER<\/h2>\n<div>\n<p class=\"intro\" style=\"text-align: center;\">Planlegg lydmeldinger som skal spilles mellom sangene i butikkmusikken din. Enten du \u00f8nsker \u00e5 fremheve aktuelle kampanjer eller skape en merkevarebasert atmosf\u00e6re, s\u00f8rger vi for at budskapet ditt virkelig n\u00e5r frem og gj\u00f8r inntrykk.<\/p>\n<\/div>\n<div>\n<h4 class=\"et_pb_module_header\">#1 Samarbeid<span><\/span><\/h4>\n<div class=\"et_pb_blurb_description\">V\u00e5rt kreative team jobber tett sammen med deg for \u00e5 f\u00e5 frem det rette budskapet. Vi tilbyr stemmetalenter p\u00e5 svensk, norsk og engelsk for \u00e5 sikre at stemmen passer perfekt til merkevaren din.<\/div>\n<\/div>\n<div>\n<h4 class=\"et_pb_module_header\">#2 Opprettelse<\/h4>\n<div class=\"et_pb_blurb_description\">V\u00e5re dyktige tekstforfattere skriver manusene, som deretter spilles inn og finpusses av v\u00e5re profesjonelle stemmetalenter og lyddesignere.<\/div>\n<\/div>\n<div>\n<h4 class=\"et_pb_module_header\"><span>#3 <\/span>Eksamen<\/h4>\n<div class=\"et_pb_blurb_description\">Du vil motta et forh\u00e5ndsvisningsklipp p\u00e5 e-post. Se gjennom, gi tilbakemelding eller godkjenn innholdet for endelig produksjon.<\/div>\n<\/div>\n<div>\n<h4 class=\"et_pb_module_header\"><span>#4 Produksjon<\/span><\/h4>\n<div class=\"et_pb_blurb_description\">N\u00e5r de er godkjent, vil v\u00e5rt Brand Messaging-team levere den ferdige produksjonen og planlegge budskapene slik at de spilles s\u00f8ml\u00f8st sammen med musikken i butikken. Det er s\u00e5 enkelt som det.<\/div>\n<\/div>\n<div>\n    82 %<\/div>\n<div>\n<p>av kundene tar spontane kj\u00f8psbeslutninger i butikken.<br \/>- POPAI<\/p>\n<\/div>\n<div>\n    80 %<\/div>\n<div>\n<p>av kundene sier at kommunikasjon i butikken p\u00e5virker kj\u00f8psbeslutningene deres.<br \/>- POPAI<\/p>\n<\/div>\n<div>\n    72 %<\/div>\n<div>\n<p>av kundene mener at lydkampanjer i butikken forbedrer handleopplevelsen deres.<br \/>- Arbitron<\/p>\n<\/div>\n<h2>\n<h2>LAGRE MELDINGER: <span class=\"moodred\"><strong>FORDELER <br \/>OCH <br \/>TEKNOLOGI<\/strong><\/span><\/h2>\n<div id=\"gtx-anchor\" style=\"position: absolute; visibility: hidden; left: 10px; top: 12px; width: 289.289px; height: 42px;\"><\/div>\n<div class=\"jfk-bubble gtx-bubble\" role=\"alertdialog\" aria-describedby=\"bubble-2\" style=\"visibility: visible; left: 140px; top: 64px; opacity: 1;\">\n<div class=\"jfk-bubble-content-id\" id=\"bubble-2\">\n<div id=\"gtx-host\" style=\"min-width: 200px; max-width: 400px;\"><\/div>\n<\/div>\n<div class=\"jfk-bubble-closebtn-id jfk-bubble-closebtn\" aria-label=\"Lukk\" role=\"button\" tabindex=\"0\"><\/div>\n<div class=\"jfk-bubble-arrow-id jfk-bubble-arrow jfk-bubble-arrowup\" style=\"left: 144.5px;\">\n<div class=\"jfk-bubble-arrowimplbefore\"><\/div>\n<div class=\"jfk-bubble-arrowimplafter\"><\/div>\n<\/div>\n<\/div>\n<\/h2>\n<h3>FORDELER<\/h3>\n<div>\n<ul class=\"uk-list uk-list-disc\">\n<li>Hils kundene dine p\u00e5 en personlig m\u00e5te<\/li>\n<li><strong>Planlegg automatisk \u00e5pning, stenging og sikkerhetsvarsler i butikken<\/strong><\/li>\n<li>Markedsf\u00f8re produkter og tjenester<\/li>\n<li>Del tips og spesialtilbud<\/li>\n<li>Oppfordre kundene til \u00e5 f\u00f8lge deg p\u00e5 sosiale medier<\/li>\n<li><strong>Kombiner med bakgrunnsmusikk for en personlig, merkevarebasert kunderadio<\/strong><\/li>\n<\/ul>\n<div id=\"gtx-anchor\" style=\"position: absolute; visibility: hidden; left: 50px; top: 139px; width: 342.891px; height: 66px;\"><\/div>\n<div class=\"jfk-bubble gtx-bubble\" role=\"alertdialog\" aria-describedby=\"bubble-4\" style=\"visibility: visible; left: -171px; top: -116px; opacity: 1;\">\n<div class=\"jfk-bubble-content-id\" id=\"bubble-4\">\n<div id=\"gtx-host\" style=\"min-width: 200px; max-width: 400px;\"><\/div>\n<\/div>\n<div class=\"jfk-bubble-closebtn-id jfk-bubble-closebtn\" aria-label=\"Lukk\" role=\"button\" tabindex=\"0\"><\/div>\n<div class=\"jfk-bubble-arrow-id jfk-bubble-arrow jfk-bubble-arrowdown\" style=\"left: 211.5px;\">\n<div class=\"jfk-bubble-arrowimplbefore\"><\/div>\n<div class=\"jfk-bubble-arrowimplafter\"><\/div>\n<\/div>\n<\/div>\n<\/div>\n<h3>TEKNOLOGI<\/h3>\n<div>\n<ul class=\"uk-list uk-list-disc\">\n<li>Meldinger lastes opp til mediespillere via Internett<\/li>\n<li>Integreres s\u00f8ml\u00f8st med bakgrunnsmusikken din<\/li>\n<li>Tilpassbar planlegging av meldinger etter tid p\u00e5 d\u00f8gnet<\/li>\n<\/ul>\n<\/div>\n<h2>KONTAKT OSS<\/h2>\n<div>\n<p>\u00a0La budskapet ditt bli h\u00f8rt der det gj\u00f8r st\u00f8rst forskjell - i sentrum av handleopplevelsen.<\/p>\n<\/div>\n<div>\n<div class=\"wpcf7 no-js\" id=\"wpcf7-f2224-o1\" lang=\"sv-SE\" dir=\"ltr\" data-wpcf7-id=\"2224\">\n<div class=\"screen-reader-response\"><p role=\"status\" aria-live=\"polite\" aria-atomic=\"true\"><\/p> <ul><\/ul><\/div>\n<form action=\"\/nb\/wp-json\/wp\/v2\/pages\/198#wpcf7-f2224-o1\" method=\"post\" class=\"wpcf7-form init\" aria-label=\"Kontaktformul\u00e4r\" novalidate=\"novalidate\" data-status=\"init\" data-trp-original-action=\"\/nb\/wp-json\/wp\/v2\/pages\/198#wpcf7-f2224-o1\">\n<div style=\"display: none;\">\n<input type=\"hidden\" name=\"_wpcf7\" value=\"2224\" \/>\n<input type=\"hidden\" name=\"_wpcf7_version\" value=\"6.0.6\" \/>\n<input type=\"hidden\" name=\"_wpcf7_locale\" value=\"sv_SE\" \/>\n<input type=\"hidden\" name=\"_wpcf7_unit_tag\" value=\"wpcf7-f2224-o1\" \/>\n<input type=\"hidden\" name=\"_wpcf7_container_post\" value=\"0\" \/>\n<input type=\"hidden\" name=\"_wpcf7_posted_data_hash\" value=\"\" \/>\n<\/div>\n<p class=\"uk-margin-small\"><span class=\"wpcf7-form-control-wrap\" data-name=\"your-first-name\"><input size=\"40\" maxlength=\"400\" class=\"wpcf7-form-control wpcf7-text wpcf7-validates-as-required uk-input\" aria-required=\"true\" aria-invalid=\"false\" placeholder=\"Fornavn\" value=\"\" type=\"text\" name=\"your-first-name\" \/><\/span>\n<\/p>\n<p class=\"uk-margin-small\"><span class=\"wpcf7-form-control-wrap\" data-name=\"your-last-name\"><input size=\"40\" maxlength=\"400\" class=\"wpcf7-form-control wpcf7-text wpcf7-validates-as-required uk-input\" aria-required=\"true\" aria-invalid=\"false\" placeholder=\"Etternavn\" value=\"\" type=\"text\" name=\"your-last-name\" \/><\/span>\n<\/p>\n<p class=\"uk-margin-small\"><span class=\"wpcf7-form-control-wrap\" data-name=\"your-company\"><input size=\"40\" maxlength=\"400\" class=\"wpcf7-form-control wpcf7-text uk-input\" aria-invalid=\"false\" placeholder=\"Virksomheter\" value=\"\" type=\"text\" name=\"your-company\" \/><\/span>\n<\/p>\n<p class=\"uk-margin-small\"><span class=\"wpcf7-form-control-wrap\" data-name=\"your-postal-code\"><input size=\"40\" maxlength=\"400\" class=\"wpcf7-form-control wpcf7-text uk-input\" aria-invalid=\"false\" placeholder=\"Postnummer\" value=\"\" type=\"text\" name=\"your-postal-code\" \/><\/span>\n<\/p>\n<p class=\"uk-margin-small\"><span class=\"wpcf7-form-control-wrap\" data-name=\"your-phone\"><input size=\"40\" maxlength=\"400\" class=\"wpcf7-form-control wpcf7-tel wpcf7-text wpcf7-validates-as-tel uk-input\" aria-invalid=\"false\" placeholder=\"Tlf.\" value=\"\" type=\"tel\" name=\"your-phone\" \/><\/span>\n<\/p>\n<p class=\"uk-margin-small\"><span class=\"wpcf7-form-control-wrap\" data-name=\"your-email\"><input size=\"40\" maxlength=\"400\" class=\"wpcf7-form-control wpcf7-email wpcf7-validates-as-required wpcf7-text wpcf7-validates-as-email uk-input\" aria-required=\"true\" aria-invalid=\"false\" placeholder=\"E-postadresse\" value=\"\" type=\"email\" name=\"your-email\" \/><\/span>\n<\/p>\n<p class=\"uk-margin-small\"><span class=\"wpcf7-form-control-wrap\" data-name=\"your-message\"><textarea cols=\"40\" rows=\"3\" maxlength=\"2000\" class=\"wpcf7-form-control wpcf7-textarea uk-textarea\" aria-invalid=\"false\" placeholder=\"Din melding\" name=\"your-message\"><\/textarea><\/span>\n<\/p>\n<input class=\"wpcf7-form-control wpcf7-hidden\" value=\"\" type=\"hidden\" name=\"page-url\" \/>\n<div class=\"uk-margin-small uk-text-center\">\n\t<p><input class=\"wpcf7-form-control wpcf7-submit has-spinner uk-button uk-button-primary uk-width-1-1\" type=\"submit\" value=\"SKICKA\" \/>\n\t<\/p>\n<\/div><div class=\"wpcf7-response-output\" aria-hidden=\"true\"><\/div>\n<input type=\"hidden\" name=\"trp-form-language\" value=\"nb\"\/><\/form>\n<\/div>\n<\/div>\n<p><!--more--><br \/>\n<!-- {\"type\":\"layout\",\"children\":[{\"type\":\"section\",\"props\":{\"class\":\"uk-text-white\",\"height_viewport\":60,\"image\":\"wp-content\\\/uploads\\\/2024\\\/07\\\/on-sitemessaging-scaled-1.webp\",\"image_position\":\"top-center\",\"image_size\":\"cover\",\"media_background\":\"#7C7C7C\",\"media_blend_mode\":\"multiply\",\"style\":\"default\",\"text_color\":\"light\",\"title_breakpoint\":\"xl\",\"title_position\":\"top-left\",\"title_rotation\":\"left\",\"vertical_align\":\"middle\",\"width\":\"default\"},\"children\":[{\"type\":\"row\",\"props\":{\"layout\":\"3-5,2-5\"},\"children\":[{\"type\":\"column\",\"props\":{\"image_position\":\"center-center\",\"position_sticky_breakpoint\":\"m\",\"width_medium\":\"3-5\"},\"children\":[{\"type\":\"headline\",\"props\":{\"content\":\"SKAPA EN LJUDIDENTITET SOM F\\u00c5R DIN BUTIK ATT STICKA UT\",\"title_element\":\"h1\",\"title_style\":\"heading-small\"}},{\"type\":\"text\",\"props\":{\"class\":\"intro2\",\"column_breakpoint\":\"m\",\"content\":\"\n\n<p>Ta vara p\\u00e5 varje \\u00f6gonblick i butiksmilj\\u00f6n f\\u00f6r att kommunicera ditt varum\\u00e4rke. Med Mood Nordics Overhead Messaging bygger du en tydlig ljudidentitet och en riktad ljudstrategi som engagerar kunder och driver resultat \\u2013 varje sekund r\\u00e4knas.<\\\/p>\",\"margin\":\"default\"}}]},{\"type\":\"column\",\"props\":{\"image_position\":\"center-center\",\"position_sticky_breakpoint\":\"m\",\"width_medium\":\"2-5\"}}]}],\"name\":\"HERO WITH TEXT\"},{\"type\":\"section\",\"props\":{\"image_position\":\"center-center\",\"style\":\"default\",\"title_breakpoint\":\"xl\",\"title_position\":\"top-left\",\"title_rotation\":\"left\",\"vertical_align\":\"middle\",\"width\":\"default\"},\"children\":[{\"type\":\"row\",\"children\":[{\"type\":\"column\",\"props\":{\"image_position\":\"center-center\",\"position_sticky_breakpoint\":\"m\"},\"children\":[{\"type\":\"headline\",\"props\":{\"content\":\"S\\u00c5 FUNGERAR DET\",\"text_align\":\"center\",\"title_element\":\"h2\"}},{\"type\":\"text\",\"props\":{\"column_breakpoint\":\"m\",\"content\":\"\n\n<p class=\\\"intro\\\" style=\\\"text-align: center;\\\">Schemal\\u00e4gg ljudmeddelanden som spelas mellan l\\u00e5tarna i din butiksmusik. Oavsett om du vill lyfta fram aktuella kampanjer eller skapa en varum\\u00e4rkespr\\u00e4glad atmosf\\u00e4r, ser vi till att ditt budskap verkligen n\\u00e5r fram och g\\u00f6r intryck.<\\\/p>\",\"margin\":\"default\"}}]}]},{\"type\":\"row\",\"props\":{\"layout\":\"1-4,1-4,1-4,1-4|1-2,1-2,1-2,1-2\"},\"children\":[{\"type\":\"column\",\"props\":{\"image_position\":\"center-center\",\"position_sticky_breakpoint\":\"m\",\"width_medium\":\"1-4\",\"width_small\":\"1-2\"},\"children\":[{\"type\":\"text\",\"props\":{\"column_breakpoint\":\"m\",\"content\":\"\n\n<h4 class=\\\"et_pb_module_header\\\">#1 Samarbete<span><\\\/span><\\\/h4>\\n\n\n<div class=\\\"et_pb_blurb_description\\\">V\\u00e5rt kreativa team arbetar t\\u00e4tt tillsammans med dig f\\u00f6r att ta fram r\\u00e4tt budskap. Vi erbjuder r\\u00f6sttalanger p\\u00e5 svenska, norska och engelska f\\u00f6r att s\\u00e4kerst\\u00e4lla att r\\u00f6sten passar ditt varum\\u00e4rke perfekt.<\\\/div>\",\"margin\":\"default\"}}]},{\"type\":\"column\",\"props\":{\"image_position\":\"center-center\",\"position_sticky_breakpoint\":\"m\",\"width_medium\":\"1-4\",\"width_small\":\"1-2\"},\"children\":[{\"type\":\"text\",\"props\":{\"column_breakpoint\":\"m\",\"content\":\"\n\n<h4 class=\\\"et_pb_module_header\\\">#2 Skapande<\\\/h4>\\n\n\n<div class=\\\"et_pb_blurb_description\\\">V\\u00e5ra skickliga copywriters skriver manus, som sedan spelas in och finslipas av v\\u00e5ra professionella r\\u00f6sttalanger och ljuddesigners.<\\\/div>\",\"margin\":\"default\"}}]},{\"type\":\"column\",\"props\":{\"image_position\":\"center-center\",\"position_sticky_breakpoint\":\"m\",\"width_medium\":\"1-4\",\"width_small\":\"1-2\"},\"children\":[{\"type\":\"text\",\"props\":{\"column_breakpoint\":\"m\",\"content\":\"\n\n<h4 class=\\\"et_pb_module_header\\\"><span>#3 <\\\/span>Granskning<\\\/h4>\\n\n\n<div class=\\\"et_pb_blurb_description\\\">Du f\\u00e5r ett f\\u00f6rhandslyssningsklipp via e-post. Granska, ge feedback eller godk\\u00e4nn inneh\\u00e5llet f\\u00f6r slutproduktion.<\\\/div>\",\"margin\":\"default\"}}]},{\"type\":\"column\",\"props\":{\"image_position\":\"center-center\",\"position_sticky_breakpoint\":\"m\",\"width_medium\":\"1-4\",\"width_small\":\"1-2\"},\"children\":[{\"type\":\"text\",\"props\":{\"column_breakpoint\":\"m\",\"content\":\"\n\n<h4 class=\\\"et_pb_module_header\\\"><span>#4 Produktion<\\\/span><\\\/h4>\\n\n\n<div class=\\\"et_pb_blurb_description\\\">N\\u00e4r du har godk\\u00e4nt levererar v\\u00e5rt Brand Messaging-team den f\\u00e4rdiga produktionen och schemal\\u00e4gger meddelandena s\\u00e5 att de spelas s\\u00f6ml\\u00f6st tillsammans med din butiksmusik. S\\u00e5 enkelt \\u00e4r det.<\\\/div>\",\"margin\":\"default\"}}]}]},{\"type\":\"row\",\"children\":[{\"type\":\"column\",\"props\":{\"image_position\":\"center-center\",\"position_sticky_breakpoint\":\"m\",\"width_medium\":\"1-3\"},\"children\":[{\"type\":\"hd-counter\",\"props\":{\"circle_color\":\"#CF2E2E\",\"circle_radius\":110,\"circle_stroke_width\":5,\"css\":\".el-circle .counter-meter{\\n\\tstroke: #D6D6D6;\\n}\",\"duration\":2000,\"margin\":\"default\",\"number\":82,\"number_color\":\"primary\",\"number_size\":\"heading-medium\",\"percentage\":82,\"separator_locale\":\"\",\"show_circle\":true,\"text\":\"\",\"text_align\":\"center\",\"text_color\":\"\",\"text_style\":\"\",\"unit\":\"%\",\"unit_size\":\"number-size\"}},{\"type\":\"text\",\"props\":{\"class\":\"intro2\",\"column_breakpoint\":\"m\",\"content\":\"\n\n<p>av kunder fattar spontana k\\u00f6pbeslut i butik.<br \\\/>-- POPAI<\\\/p>\",\"margin\":\"default\",\"text_align\":\"center\"}}]},{\"type\":\"column\",\"props\":{\"image_position\":\"center-center\",\"position_sticky_breakpoint\":\"m\",\"width_medium\":\"1-3\"},\"children\":[{\"type\":\"hd-counter\",\"props\":{\"circle_color\":\"#CF2E2E\",\"circle_radius\":110,\"circle_stroke_width\":5,\"css\":\".el-circle .counter-meter{\\n\\tstroke: #D6D6D6;\\n}\",\"duration\":2000,\"margin\":\"default\",\"number\":80,\"number_color\":\"primary\",\"number_size\":\"heading-medium\",\"percentage\":80,\"separator_locale\":\"\",\"show_circle\":true,\"text\":\"\",\"text_align\":\"center\",\"text_color\":\"\",\"text_style\":\"\",\"unit\":\"%\",\"unit_size\":\"number-size\"}},{\"type\":\"text\",\"props\":{\"class\":\"intro2\",\"column_breakpoint\":\"m\",\"content\":\"\n\n<p>av kunder uppger att butikskommunikation p\\u00e5verkar deras k\\u00f6pbeslut.<br \\\/>-- POPAI<\\\/p>\",\"margin\":\"default\",\"text_align\":\"center\"}}]},{\"type\":\"column\",\"props\":{\"image_position\":\"center-center\",\"position_sticky_breakpoint\":\"m\",\"width_medium\":\"1-3\"},\"children\":[{\"type\":\"hd-counter\",\"props\":{\"circle_color\":\"#CF2E2E\",\"circle_radius\":110,\"circle_stroke_width\":5,\"css\":\".el-circle .counter-meter{\\n\\tstroke: #D6D6D6;\\n}\",\"duration\":2000,\"margin\":\"default\",\"number\":72,\"number_color\":\"primary\",\"number_size\":\"heading-medium\",\"percentage\":72,\"separator_locale\":\"\",\"show_circle\":true,\"text\":\"\",\"text_align\":\"center\",\"text_color\":\"\",\"text_style\":\"\",\"unit\":\"%\",\"unit_size\":\"number-size\"}},{\"type\":\"text\",\"props\":{\"class\":\"intro2\",\"column_breakpoint\":\"m\",\"content\":\"\n\n<p>av kunder tycker att ljudkampanjer i butik f\\u00f6rb\\u00e4ttrar deras shoppingupplevelse.<br \\\/>\\u2013 Arbitron<\\\/p>\",\"margin\":\"default\",\"text_align\":\"center\"}}]}],\"props\":{\"layout\":\"1-3,1-3,1-3\"}}],\"name\":\"messaging \\\"how it works\\\" complete section\"},{\"type\":\"section\",\"props\":{\"image_position\":\"center-center\",\"style\":\"default\",\"title_breakpoint\":\"xl\",\"title_position\":\"top-left\",\"title_rotation\":\"left\",\"vertical_align\":\"middle\",\"width\":\"default\"},\"children\":[{\"type\":\"row\",\"props\":{\"layout\":\"1-2,1-4,1-4|1-1,1-2,1-2\"},\"children\":[{\"type\":\"column\",\"props\":{\"image_position\":\"center-center\",\"position_sticky_breakpoint\":\"m\",\"width_medium\":\"1-2\",\"width_small\":\"1-1\"},\"children\":[{\"type\":\"headline\",\"props\":{\"content\":\"\n\n<h2>BUTIKSMEDDELANDEN: <span class=\\\"moodred\\\"><strong>F\\u00d6RDELAR <br \\\/>OCH <br \\\/>TEKNIK<\\\/strong><\\\/span><\\\/h2>\\n\n\n<div id=\\\"gtx-anchor\\\" style=\\\"position: absolute; visibility: hidden; left: 10px; top: 12px; width: 289.289px; height: 42px;\\\"><\\\/div>\\n\n\n<div class=\\\"jfk-bubble gtx-bubble\\\" role=\\\"alertdialog\\\" aria-describedby=\\\"bubble-2\\\" style=\\\"visibility: visible; left: 140px; top: 64px; opacity: 1;\\\">\\n\n\n<div class=\\\"jfk-bubble-content-id\\\" id=\\\"bubble-2\\\">\\n\n\n<div id=\\\"gtx-host\\\" style=\\\"min-width: 200px; max-width: 400px;\\\"><\\\/div>\\n<\\\/div>\\n\n\n<div class=\\\"jfk-bubble-closebtn-id jfk-bubble-closebtn\\\" aria-label=\\\"Close\\\" role=\\\"button\\\" tabindex=\\\"0\\\"><\\\/div>\\n\n\n<div class=\\\"jfk-bubble-arrow-id jfk-bubble-arrow jfk-bubble-arrowup\\\" style=\\\"left: 144.5px;\\\">\\n\n\n<div class=\\\"jfk-bubble-arrowimplbefore\\\"><\\\/div>\\n\n\n<div class=\\\"jfk-bubble-arrowimplafter\\\"><\\\/div>\\n<\\\/div>\\n<\\\/div>\",\"title_element\":\"h2\"}}]},{\"type\":\"column\",\"props\":{\"image_position\":\"center-center\",\"position_sticky_breakpoint\":\"m\",\"width_medium\":\"1-4\",\"width_small\":\"1-2\"},\"children\":[{\"type\":\"headline\",\"props\":{\"class\":\"fs-20\",\"content\":\"F\\u00d6RDELAR\",\"title_color\":\"primary\",\"title_element\":\"h3\"}},{\"type\":\"text\",\"props\":{\"column_breakpoint\":\"m\",\"content\":\"\n\n<ul class=\\\"uk-list uk-list-disc\\\">\\n\n\n<li>H\\u00e4lsa dina kunder v\\u00e4lkomna p\\u00e5 ett personligt s\\u00e4tt<\\\/li>\\n\n\n<li><strong>Schemal\\u00e4gg automatiska \\u00f6ppnings, st\\u00e4ngnings och s\\u00e4kerhetsmeddelanden i butiken<\\\/strong><\\\/li>\\n\n\n<li>Lyft fram produkter och tj\\u00e4nster<\\\/li>\\n\n\n<li>Dela tips och specialerbjudanden<\\\/li>\\n\n\n<li>Uppmuntra kunder att f\\u00f6lja dig p\\u00e5 sociala medier<\\\/li>\\n\n\n<li><strong>Kombinera med bakgrundsmusik f\\u00f6r en personlig, varum\\u00e4rkesanpassad kundradio<\\\/strong><\\\/li>\\n<\\\/ul>\\n\n\n<div id=\\\"gtx-anchor\\\" style=\\\"position: absolute; visibility: hidden; left: 50px; top: 139px; width: 342.891px; height: 66px;\\\"><\\\/div>\\n\n\n<div class=\\\"jfk-bubble gtx-bubble\\\" role=\\\"alertdialog\\\" aria-describedby=\\\"bubble-4\\\" style=\\\"visibility: visible; left: -171px; top: -116px; opacity: 1;\\\">\\n\n\n<div class=\\\"jfk-bubble-content-id\\\" id=\\\"bubble-4\\\">\\n\n\n<div id=\\\"gtx-host\\\" style=\\\"min-width: 200px; max-width: 400px;\\\"><\\\/div>\\n<\\\/div>\\n\n\n<div class=\\\"jfk-bubble-closebtn-id jfk-bubble-closebtn\\\" aria-label=\\\"Close\\\" role=\\\"button\\\" tabindex=\\\"0\\\"><\\\/div>\\n\n\n<div class=\\\"jfk-bubble-arrow-id jfk-bubble-arrow jfk-bubble-arrowdown\\\" style=\\\"left: 211.5px;\\\">\\n\n\n<div class=\\\"jfk-bubble-arrowimplbefore\\\"><\\\/div>\\n\n\n<div class=\\\"jfk-bubble-arrowimplafter\\\"><\\\/div>\\n<\\\/div>\\n<\\\/div>\",\"margin\":\"default\"}}]},{\"type\":\"column\",\"props\":{\"image_position\":\"center-center\",\"position_sticky_breakpoint\":\"m\",\"width_medium\":\"1-4\",\"width_small\":\"1-2\"},\"children\":[{\"type\":\"headline\",\"props\":{\"class\":\"fs-20\",\"content\":\"TEKNIK\",\"title_color\":\"primary\",\"title_element\":\"h3\"}},{\"type\":\"text\",\"props\":{\"column_breakpoint\":\"m\",\"content\":\"\n\n<ul class=\\\"uk-list uk-list-disc\\\">\\n\n\n<li>Meddelanden laddas upp till mediespelare via internet<\\\/li>\\n\n\n<li>Integreras s\\u00f6ml\\u00f6st med din bakgrundsmusik<\\\/li>\\n\n\n<li>Anpassningsbar schemal\\u00e4ggning av meddelanden efter tid p\\u00e5 dygnet<\\\/li>\\n<\\\/ul>\",\"margin\":\"default\"}}]}]}]},{\"type\":\"section\",\"props\":{\"css\":\".el-section{\\n\\tbackground-color: #222222;\\n}\",\"id\":\"contact\",\"image_position\":\"center-center\",\"style\":\"secondary\",\"title_breakpoint\":\"xl\",\"title_position\":\"top-left\",\"title_rotation\":\"left\",\"vertical_align\":\"middle\",\"width\":\"default\"},\"children\":[{\"type\":\"row\",\"children\":[{\"type\":\"column\",\"props\":{\"image_position\":\"center-center\",\"position_sticky_breakpoint\":\"m\"},\"children\":[{\"type\":\"headline\",\"props\":{\"content\":\"KONTAKTA OSS\",\"margin\":\"small\",\"text_align\":\"center\",\"title_element\":\"h2\"}},{\"type\":\"text\",\"props\":{\"column_breakpoint\":\"m\",\"content\":\"\n\n<p>\\u00a0L\\u00e5t budskapet h\\u00f6ras d\\u00e4r det g\\u00f6r st\\u00f6rst skillnad \\u2013 mitt i k\\u00f6pupplevelsen.<\\\/p>\",\"margin\":\"small\",\"text_align\":\"center\",\"text_style\":\"large\"}},{\"type\":\"text\",\"props\":{\"block_align\":\"center\",\"column_breakpoint\":\"m\",\"content\":\"[contact-form-7 id=\\\"e56d022\\\" title=\\\"Kontaktformul\\u00e4r Vertical 2\\\"]\",\"css\":\".el-element .wpcf7-spinner{\\n\\tposition: absolute;\\n    margin-left: -30px;\\n    margin-top: 8px;\\n}\",\"margin\":\"default\",\"maxwidth\":\"xlarge\"}}]}]}],\"name\":\"Section Contact Form New\"}],\"version\":\"4.3.10\"} --><\/p>","protected":false},"excerpt":{"rendered":"<p>SKAPA EN LJUDIDENTITET SOM F\u00c5R DIN BUTIK ATT STICKA UT Ta vara p\u00e5 varje \u00f6gonblick i butiksmilj\u00f6n f\u00f6r att kommunicera ditt varum\u00e4rke. Med Mood Nordics Overhead Messaging bygger du en tydlig ljudidentitet och en riktad ljudstrategi som engagerar kunder och driver resultat \u2013 varje sekund r\u00e4knas. S\u00c5 FUNGERAR DET Schemal\u00e4gg ljudmeddelanden som spelas mellan l\u00e5tarna [&hellip;]<\/p>","protected":false},"author":1,"featured_media":0,"parent":0,"menu_order":0,"comment_status":"closed","ping_status":"closed","template":"","meta":{"footnotes":""},"class_list":["post-198","page","type-page","status-publish","hentry"],"_links":{"self":[{"href":"https:\/\/moodnordic.se\/nb\/wp-json\/wp\/v2\/pages\/198"}],"collection":[{"href":"https:\/\/moodnordic.se\/nb\/wp-json\/wp\/v2\/pages"}],"about":[{"href":"https:\/\/moodnordic.se\/nb\/wp-json\/wp\/v2\/types\/page"}],"author":[{"embeddable":true,"href":"https:\/\/moodnordic.se\/nb\/wp-json\/wp\/v2\/users\/1"}],"replies":[{"embeddable":true,"href":"https:\/\/moodnordic.se\/nb\/wp-json\/wp\/v2\/comments?post=198"}],"version-history":[{"count":84,"href":"https:\/\/moodnordic.se\/nb\/wp-json\/wp\/v2\/pages\/198\/revisions"}],"predecessor-version":[{"id":7956,"href":"https:\/\/moodnordic.se\/nb\/wp-json\/wp\/v2\/pages\/198\/revisions\/7956"}],"wp:attachment":[{"href":"https:\/\/moodnordic.se\/nb\/wp-json\/wp\/v2\/media?parent=198"}],"curies":[{"name":"wp","href":"https:\/\/api.w.org\/{rel}","templated":true}]}}