{"id":2979,"date":"2024-07-21T10:19:35","date_gmt":"2024-07-21T10:19:35","guid":{"rendered":"https:\/\/mood.admaxstage.com\/?page_id=2979"},"modified":"2025-08-05T13:59:11","modified_gmt":"2025-08-05T13:59:11","slug":"snabbmatsrestaurang","status":"publish","type":"page","link":"https:\/\/moodnordic.se\/nb\/snabbmatsrestaurang\/","title":{"rendered":"Mediel\u00f8sninger for hurtigmatrestauranter"},"content":{"rendered":"<h1>Hurtigmatrestaurant<br \/><span style=\"font-weight: 300;\">L\u00f8sninger<\/span><\/p>\n<div id=\"gtx-anchor\" style=\"position: absolute; visibility: hidden; left: 10px; top: 36px; width: 149.703px; height: 18px;\"><\/div>\n<div class=\"jfk-bubble gtx-bubble\" role=\"alertdialog\" aria-describedby=\"bubble-2\" style=\"visibility: visible; left: 70px; top: 64px; opacity: 1;\">\n<div class=\"jfk-bubble-content-id\" id=\"bubble-2\">\n<div id=\"gtx-host\" style=\"min-width: 200px; max-width: 400px;\"><\/div>\n<\/div>\n<div class=\"jfk-bubble-closebtn-id jfk-bubble-closebtn\" aria-label=\"Lukk\" role=\"button\" tabindex=\"0\"><\/div>\n<div class=\"jfk-bubble-arrow-id jfk-bubble-arrow jfk-bubble-arrowup\" style=\"left: 75px;\">\n<div class=\"jfk-bubble-arrowimplbefore\"><\/div>\n<div class=\"jfk-bubble-arrowimplafter\"><\/div>\n<\/div>\n<\/div>\n<\/h1>\n<div>\n<p>Forbedre gjesteopplevelsen med Moods l\u00f8sninger for hurtigmatrestauranter. Vi leverer innovative mediel\u00f8sninger til ledende hurtigmatkjeder og franchisetakere over hele verden.<\/p>\n<\/div>\n<div>\n<div>\n<p class=\"intro2 uk-text-bold\">Vi tilbyr ekspertisen, plattformene og ansvarsbevisstheten som hurtigmatrestauranter trenger for \u00e5 vokse og bygge kundelojalitet gjennom konsistente merkevareopplevelser.<\/p>\n<p class=\"intro2 uk-text-bold\">Kontakt oss i dag for \u00e5 finne ut mer.<\/p>\n<\/div>\n<p><a href=\"#contact\">Kontakt oss p\u00e5<\/a><\/p>\n<\/div>\n<h2>Vi st\u00f8tter hurtigmatbransjen<\/h2>\n<div>\n<p>Mood har erfaring fra titusenvis av hurtigmatrestauranter over hele verden, og tilbyr ekspertisen og l\u00f8sningene som trengs for \u00e5 \u00f8ke bestillingshastigheten, \u00f8ke salget og styrke merkevarelojaliteten.<\/p>\n<\/div>\n<p><img decoding=\"async\" src=\"\/wp-content\/uploads\/2024\/07\/qsr-industry-logos.webp\" alt=\"\"><\/p>\n<h2>L\u00f8sninger for hurtigmatrestauranter<\/h2>\n<h3>Lydanlegg for restauranter<\/h3>\n<div>\n<p><span><\/span>Stol p\u00e5 oss n\u00e5r det gjelder p\u00e5litelige audiovisuelle l\u00f8sninger som er skreddersydd for din restaurants behov. Vi tar oss av alt - fra design og installasjon til lokal support og service - og dekker alle dine AV-behov for hurtigmatrestauranter.\u00a0<a href=\"https:\/\/moodnordic.se\/nb\/audiovisuella-system\/professionella-ljudsystem\/\" class=\"moodred\"><strong>LES MER<\/strong><\/a><\/p>\n<\/div>\n<h3>Digital skilting for restauranter<\/h3>\n<div>\n<p><span><\/span>Forbedre kunde- og medarbeiderengasjementet med v\u00e5re digitale skiltl\u00f8sninger. Fra digitale menytavler til intern kommunikasjon for kj\u00f8kkenpersonalet - vi skaper visuelle opplevelser som gj\u00f8r en forskjell i hurtigmatbransjen.<span>\u00a0<\/span><a href=\"https:\/\/moodnordic.se\/nb\/digitala-menytavlor\/\" class=\"moodred\"><strong>LES MER<\/strong><\/a><\/p>\n<\/div>\n<h3>Musikk for restauranter<\/h3>\n<div>\n<p><span><\/span><span>Skap den rette stemningen med v\u00e5r lisensierte, reklamefrie musikk - spesielt utviklet for hurtigmatrestauranter. Oppdag hvordan musikktjenestene v\u00e5re kan gi restauranten din en unik lydidentitet og forbedre atmosf\u00e6ren. <\/span><a href=\"https:\/\/moodnordic.se\/nb\/musik-for-foretag-3\/\" class=\"moodred\"><strong>LES MER<\/strong><\/a><\/p>\n<\/div>\n<h2>Casestudie - Hurtigmatrestauranter<\/h2>\n<div>\n<p>Oppdag hvordan vi kan forvandle kundeopplevelsen din. Les casestudien v\u00e5r og se hvorfor s\u00e5 mange hurtigmatrestauranter setter sin lit til oss for \u00e5 forbedre b\u00e5de service og drift.<\/p>\n<\/div>\n<div>\n<p><img decoding=\"async\" src=\"\/wp-content\/uploads\/2024\/07\/mcd-feautre-study-s.webp\" alt=\"\"><\/p>\n<h3>McDonald's Romania<\/h3>\n<p><a href=\"\/nb\/fallstudier\/mcdonalds-romania\/\">LES MER<\/a><\/p>\n<\/div>\n<h2>KONTAKT OSS<\/h2>\n<div>\n<p>Gj\u00f8r restaurantopplevelsen bedre med Mood Nordic-l\u00f8sninger.<\/p>\n<\/div>\n<div>\n<div class=\"wpcf7 no-js\" id=\"wpcf7-f2224-o1\" lang=\"sv-SE\" dir=\"ltr\" data-wpcf7-id=\"2224\">\n<div class=\"screen-reader-response\"><p role=\"status\" aria-live=\"polite\" aria-atomic=\"true\"><\/p> <ul><\/ul><\/div>\n<form action=\"\/nb\/wp-json\/wp\/v2\/pages\/2979#wpcf7-f2224-o1\" method=\"post\" class=\"wpcf7-form init\" aria-label=\"Kontaktformul\u00e4r\" novalidate=\"novalidate\" data-status=\"init\" data-trp-original-action=\"\/nb\/wp-json\/wp\/v2\/pages\/2979#wpcf7-f2224-o1\">\n<div style=\"display: none;\">\n<input type=\"hidden\" name=\"_wpcf7\" value=\"2224\" \/>\n<input type=\"hidden\" name=\"_wpcf7_version\" value=\"6.0.6\" \/>\n<input type=\"hidden\" name=\"_wpcf7_locale\" value=\"sv_SE\" \/>\n<input type=\"hidden\" name=\"_wpcf7_unit_tag\" value=\"wpcf7-f2224-o1\" \/>\n<input type=\"hidden\" name=\"_wpcf7_container_post\" value=\"0\" \/>\n<input type=\"hidden\" name=\"_wpcf7_posted_data_hash\" value=\"\" \/>\n<\/div>\n<p class=\"uk-margin-small\"><span class=\"wpcf7-form-control-wrap\" data-name=\"your-first-name\"><input size=\"40\" maxlength=\"400\" class=\"wpcf7-form-control wpcf7-text wpcf7-validates-as-required uk-input\" aria-required=\"true\" aria-invalid=\"false\" placeholder=\"Fornavn\" value=\"\" type=\"text\" name=\"your-first-name\" \/><\/span>\n<\/p>\n<p class=\"uk-margin-small\"><span class=\"wpcf7-form-control-wrap\" data-name=\"your-last-name\"><input size=\"40\" maxlength=\"400\" class=\"wpcf7-form-control wpcf7-text wpcf7-validates-as-required uk-input\" aria-required=\"true\" aria-invalid=\"false\" placeholder=\"Etternavn\" value=\"\" type=\"text\" name=\"your-last-name\" \/><\/span>\n<\/p>\n<p class=\"uk-margin-small\"><span class=\"wpcf7-form-control-wrap\" data-name=\"your-company\"><input size=\"40\" maxlength=\"400\" class=\"wpcf7-form-control wpcf7-text uk-input\" aria-invalid=\"false\" placeholder=\"Virksomheter\" value=\"\" type=\"text\" name=\"your-company\" \/><\/span>\n<\/p>\n<p class=\"uk-margin-small\"><span class=\"wpcf7-form-control-wrap\" data-name=\"your-postal-code\"><input size=\"40\" maxlength=\"400\" class=\"wpcf7-form-control wpcf7-text uk-input\" aria-invalid=\"false\" placeholder=\"Postnummer\" value=\"\" type=\"text\" name=\"your-postal-code\" \/><\/span>\n<\/p>\n<p class=\"uk-margin-small\"><span class=\"wpcf7-form-control-wrap\" data-name=\"your-phone\"><input size=\"40\" maxlength=\"400\" class=\"wpcf7-form-control wpcf7-tel wpcf7-text wpcf7-validates-as-tel uk-input\" aria-invalid=\"false\" placeholder=\"Tlf.\" value=\"\" type=\"tel\" name=\"your-phone\" \/><\/span>\n<\/p>\n<p class=\"uk-margin-small\"><span class=\"wpcf7-form-control-wrap\" data-name=\"your-email\"><input size=\"40\" maxlength=\"400\" class=\"wpcf7-form-control wpcf7-email wpcf7-validates-as-required wpcf7-text wpcf7-validates-as-email uk-input\" aria-required=\"true\" aria-invalid=\"false\" placeholder=\"E-postadresse\" value=\"\" type=\"email\" name=\"your-email\" \/><\/span>\n<\/p>\n<p class=\"uk-margin-small\"><span class=\"wpcf7-form-control-wrap\" data-name=\"your-message\"><textarea cols=\"40\" rows=\"3\" maxlength=\"2000\" class=\"wpcf7-form-control wpcf7-textarea uk-textarea\" aria-invalid=\"false\" placeholder=\"Din melding\" name=\"your-message\"><\/textarea><\/span>\n<\/p>\n<input class=\"wpcf7-form-control wpcf7-hidden\" value=\"\" type=\"hidden\" name=\"page-url\" \/>\n<div class=\"uk-margin-small uk-text-center\">\n\t<p><input class=\"wpcf7-form-control wpcf7-submit has-spinner uk-button uk-button-primary uk-width-1-1\" type=\"submit\" value=\"SKICKA\" \/>\n\t<\/p>\n<\/div><div class=\"wpcf7-response-output\" aria-hidden=\"true\"><\/div>\n<input type=\"hidden\" name=\"trp-form-language\" value=\"nb\"\/><\/form>\n<\/div>\n<\/div>\n<p><!--more--><br \/>\n<!-- {\"type\":\"layout\",\"children\":[{\"type\":\"section\",\"props\":{\"height_viewport\":60,\"image\":\"wp-content\\\/uploads\\\/2024\\\/08\\\/burgers3-scaled.jpg\",\"image_position\":\"center-center\",\"image_size\":\"cover\",\"media_blend_mode\":\"multiply\",\"style\":\"default\",\"text_color\":\"light\",\"title_breakpoint\":\"xl\",\"title_position\":\"top-left\",\"title_rotation\":\"left\",\"vertical_align\":\"middle\",\"width\":\"default\"},\"children\":[{\"type\":\"row\",\"props\":{\"column_gap\":\"large\",\"layout\":\"3-5,2-5\"},\"children\":[{\"type\":\"column\",\"props\":{\"image_position\":\"center-center\",\"position_sticky_breakpoint\":\"m\",\"width_medium\":\"3-5\"},\"children\":[{\"type\":\"headline\",\"props\":{\"class\":\"lh-1\",\"content\":\"Snabbmatsrestaurang<br \\\/><span style=\\\"font-weight: 300;\\\">L\\u00f6sningar<\\\/span>\\n\n\n<div id=\\\"gtx-anchor\\\" style=\\\"position: absolute; visibility: hidden; left: 10px; top: 36px; width: 149.703px; height: 18px;\\\"><\\\/div>\\n\n\n<div class=\\\"jfk-bubble gtx-bubble\\\" role=\\\"alertdialog\\\" aria-describedby=\\\"bubble-2\\\" style=\\\"visibility: visible; left: 70px; top: 64px; opacity: 1;\\\">\\n\n\n<div class=\\\"jfk-bubble-content-id\\\" id=\\\"bubble-2\\\">\\n\n\n<div id=\\\"gtx-host\\\" style=\\\"min-width: 200px; max-width: 400px;\\\"><\\\/div>\\n<\\\/div>\\n\n\n<div class=\\\"jfk-bubble-closebtn-id jfk-bubble-closebtn\\\" aria-label=\\\"Close\\\" role=\\\"button\\\" tabindex=\\\"0\\\"><\\\/div>\\n\n\n<div class=\\\"jfk-bubble-arrow-id jfk-bubble-arrow jfk-bubble-arrowup\\\" style=\\\"left: 75px;\\\">\\n\n\n<div class=\\\"jfk-bubble-arrowimplbefore\\\"><\\\/div>\\n\n\n<div class=\\\"jfk-bubble-arrowimplafter\\\"><\\\/div>\\n<\\\/div>\\n<\\\/div>\",\"title_element\":\"h1\",\"title_style\":\"heading-medium\"}},{\"type\":\"text\",\"props\":{\"class\":\"intro2 uk-text-white\",\"column_breakpoint\":\"m\",\"content\":\"\n\n<p>F\\u00f6rb\\u00e4ttra g\\u00e4stupplevelsen med Moods l\\u00f6sningar f\\u00f6r snabbmatsrestauranger. Vi erbjuder innovativa mediel\\u00f6sningar till ledande snabbmatskedjor och franchiseverksamheter v\\u00e4rlden \\u00f6ver.<\\\/p>\",\"margin\":\"default\"}}]},{\"type\":\"column\",\"props\":{\"image_position\":\"center-center\",\"position_sticky_breakpoint\":\"m\",\"width_medium\":\"2-5\"},\"children\":[{\"type\":\"panel\",\"props\":{\"content\":\"\n\n<p class=\\\"intro2 uk-text-bold\\\">Vi erbjuder den expertis, de plattformar och det kundansvar som snabbmatsrestauranger beh\\u00f6ver f\\u00f6r att v\\u00e4xa och skapa kundlojalitet genom enhetliga varum\\u00e4rkesupplevelser.<\\\/p>\\n\n\n<p class=\\\"intro2 uk-text-bold\\\">Kontakta oss idag f\\u00f6r att f\\u00e5 veta mer.<\\\/p>\",\"content_column_breakpoint\":\"m\",\"css\":\".el-link:hover{\\n\\tcolor: #333;\\n    border-color: #333;\\n}\",\"icon_width\":80,\"image_align\":\"top\",\"image_grid_breakpoint\":\"m\",\"image_grid_width\":\"1-2\",\"image_svg_color\":\"emphasis\",\"link\":\"#contact\",\"link_style\":\"default\",\"link_text\":\"Kontakta oss\",\"margin\":\"default\",\"meta_align\":\"below-title\",\"meta_element\":\"div\",\"meta_style\":\"text-meta\",\"panel_padding\":\"default\",\"panel_style\":\"card-default\",\"title_align\":\"top\",\"title_element\":\"h3\",\"title_grid_breakpoint\":\"m\",\"title_grid_width\":\"1-2\",\"title_hover_style\":\"reset\"}}]}]}],\"name\":\"SECTION HERO WITH CARD RIGHT\"},{\"type\":\"section\",\"props\":{\"image_position\":\"center-center\",\"style\":\"default\",\"title_breakpoint\":\"xl\",\"title_position\":\"top-left\",\"title_rotation\":\"left\",\"vertical_align\":\"middle\",\"width\":\"default\"},\"children\":[{\"type\":\"row\",\"children\":[{\"type\":\"column\",\"props\":{\"image_position\":\"center-center\",\"position_sticky_breakpoint\":\"m\"},\"children\":[{\"type\":\"headline\",\"props\":{\"content\":\"Vi st\\u00f6ttar snabbmatsbranschen\",\"text_align\":\"center\",\"title_element\":\"h2\"}},{\"type\":\"text\",\"props\":{\"class\":\"intro2\",\"column_breakpoint\":\"m\",\"content\":\"\n\n<p>Med erfarenhet fr\\u00e5n tiotusentals snabbmatsrestauranger v\\u00e4rlden \\u00f6ver erbjuder Mood den expertis och de l\\u00f6sningar som kr\\u00e4vs f\\u00f6r att snabba upp best\\u00e4llningar, \\u00f6ka f\\u00f6rs\\u00e4ljningen och st\\u00e4rka varum\\u00e4rkeslojaliteten.<\\\/p>\",\"margin\":\"default\",\"text_align\":\"center\"}},{\"type\":\"image\",\"props\":{\"image\":\"wp-content\\\/uploads\\\/2024\\\/07\\\/qsr-industry-logos.webp\",\"image_svg_color\":\"emphasis\",\"margin\":\"default\",\"text_align\":\"center\"}}]}]}]},{\"type\":\"section\",\"props\":{\"image_position\":\"center-center\",\"style\":\"muted\",\"title_breakpoint\":\"xl\",\"title_position\":\"top-left\",\"title_rotation\":\"left\",\"vertical_align\":\"middle\",\"width\":\"default\"},\"children\":[{\"type\":\"row\",\"props\":{\"column_gap\":\"large\"},\"children\":[{\"type\":\"column\",\"props\":{\"image_position\":\"center-center\",\"position_sticky_breakpoint\":\"m\"},\"children\":[{\"type\":\"headline\",\"props\":{\"content\":\"L\\u00f6sningar f\\u00f6r snabbmatsrestauranger\",\"text_align\":\"center\",\"title_element\":\"h2\"}}]}]},{\"type\":\"row\",\"props\":{\"column_gap\":\"large\",\"layout\":\"1-3,1-3,1-3\",\"row_gap\":\"large\"},\"children\":[{\"type\":\"column\",\"props\":{\"image_position\":\"center-center\",\"position_sticky_breakpoint\":\"m\",\"width_medium\":\"1-3\"},\"children\":[{\"type\":\"headline\",\"props\":{\"class\":\"fs-20\",\"content\":\"Ljudsystem f\\u00f6r restauranger\",\"margin_remove_bottom\":true,\"title_element\":\"h3\"}},{\"type\":\"text\",\"props\":{\"column_breakpoint\":\"m\",\"content\":\"\n\n<p><span><\\\/span>R\\u00e4kna med oss f\\u00f6r p\\u00e5litliga audiovisuella l\\u00f6sningar anpassade efter din restaurangs behov. Vi tar hand om allt \\u2013 fr\\u00e5n design och installation till lokal support och service \\u2013 och t\\u00e4cker alla dina AV-behov f\\u00f6r snabbmatsrestauranger.\\u00a0<a href=\\\"https:\\\/\\\/moodnordic.se\\\/audiovisuella-system\\\/professionella-ljudsystem\\\/\\\" class=\\\"moodred\\\"><strong>L\\u00c4S MER<\\\/strong><\\\/a><\\\/p>\",\"margin\":\"small\",\"margin_remove_bottom\":false,\"margin_remove_top\":false}}]},{\"type\":\"column\",\"props\":{\"image_position\":\"center-center\",\"position_sticky_breakpoint\":\"m\",\"width_medium\":\"1-3\"},\"children\":[{\"type\":\"headline\",\"props\":{\"class\":\"fs-20\",\"content\":\"Digital skyltning f\\u00f6r restauranger\",\"margin_remove_bottom\":true,\"title_element\":\"h3\"}},{\"type\":\"text\",\"props\":{\"column_breakpoint\":\"m\",\"content\":\"\n\n<p><span><\\\/span>F\\u00f6rb\\u00e4ttra engagemanget hos b\\u00e5de kunder och personal med v\\u00e5ra l\\u00f6sningar f\\u00f6r digital skyltning. Vi erbjuder allt fr\\u00e5n digitala menytavlor till internkommunikation f\\u00f6r k\\u00f6kspersonal och skapar visuella upplevelser som g\\u00f6r skillnad i snabbmatsbranschen.<span>\\u00a0<\\\/span><a href=\\\"https:\\\/\\\/moodnordic.se\\\/digitala-menytavlor\\\/\\\" class=\\\"moodred\\\"><strong>L\\u00c4S MER<\\\/strong><\\\/a><\\\/p>\",\"margin\":\"small\",\"margin_remove_bottom\":false,\"margin_remove_top\":false}}]},{\"type\":\"column\",\"props\":{\"image_position\":\"center-center\",\"position_sticky_breakpoint\":\"m\",\"width_medium\":\"1-3\"},\"children\":[{\"type\":\"headline\",\"props\":{\"class\":\"fs-20\",\"content\":\"Musik f\\u00f6r restauranger\",\"margin_remove_bottom\":true,\"title_element\":\"h3\"}},{\"type\":\"text\",\"props\":{\"column_breakpoint\":\"m\",\"content\":\"\n\n<p><span><\\\/span><span>Skapa r\\u00e4tt st\\u00e4mning med v\\u00e5r fullt licensierade, reklamfria musik \\u2013 s\\u00e4rskilt framtagen f\\u00f6r snabbmatsrestauranger. Uppt\\u00e4ck hur v\\u00e5ra musiktj\\u00e4nster kan ge din restaurang en unik ljudidentitet och f\\u00f6rst\\u00e4rka atmosf\\u00e4ren. <\\\/span><a href=\\\"https:\\\/\\\/moodnordic.se\\\/musik-for-foretag-3\\\/\\\" class=\\\"moodred\\\"><strong>L\\u00c4S MER<\\\/strong><\\\/a><\\\/p>\",\"margin\":\"small\",\"margin_remove_bottom\":false,\"margin_remove_top\":false}}]}]}]},{\"type\":\"section\",\"props\":{\"image_position\":\"center-center\",\"style\":\"default\",\"title_breakpoint\":\"xl\",\"title_position\":\"top-left\",\"title_rotation\":\"left\",\"vertical_align\":\"middle\",\"width\":\"default\"},\"children\":[{\"type\":\"row\",\"children\":[{\"type\":\"column\",\"props\":{\"image_position\":\"center-center\",\"position_sticky_breakpoint\":\"m\"},\"children\":[{\"type\":\"headline\",\"props\":{\"content\":\"Fallstudie \\u2013 Snabbmatsrestauranger\",\"margin\":\"small\",\"margin_remove_bottom\":false,\"text_align\":\"center\",\"title_element\":\"h2\"}},{\"type\":\"text\",\"props\":{\"class\":\"intro2\",\"column_breakpoint\":\"m\",\"content\":\"\n\n<p>Uppt\\u00e4ck hur vi kan f\\u00f6rvandla din kundupplevelse. Ta del av v\\u00e5r fallstudie och se varf\\u00f6r s\\u00e5 m\\u00e5nga snabbmatsrestauranger litar p\\u00e5 oss f\\u00f6r att lyfta b\\u00e5de service och drift.<\\\/p>\",\"margin\":\"medium\",\"margin_remove_top\":true,\"text_align\":\"center\"}},{\"type\":\"grid\",\"props\":{\"content_column_breakpoint\":\"m\",\"filter_align\":\"left\",\"filter_all\":true,\"filter_grid_breakpoint\":\"m\",\"filter_grid_width\":\"auto\",\"filter_position\":\"top\",\"filter_style\":\"tab\",\"grid_column_align\":true,\"grid_column_gap\":\"large\",\"grid_default\":\"1\",\"grid_medium\":\"2\",\"grid_row_gap\":\"large\",\"icon_width\":80,\"image_align\":\"top\",\"image_grid_breakpoint\":\"m\",\"image_grid_width\":\"1-2\",\"image_svg_color\":\"emphasis\",\"item_animation\":true,\"link_style\":\"default\",\"link_text\":\"Learn More\",\"margin\":\"default\",\"meta_align\":\"below-title\",\"meta_element\":\"div\",\"meta_style\":\"text-meta\",\"show_content\":true,\"show_image\":true,\"show_link\":true,\"show_meta\":true,\"show_title\":true,\"text_align\":\"center\",\"title_align\":\"top\",\"title_element\":\"h3\",\"title_grid_breakpoint\":\"m\",\"title_grid_width\":\"1-2\",\"title_hover_style\":\"reset\"},\"children\":[{\"type\":\"grid_item\",\"props\":{\"image\":\"wp-content\\\/uploads\\\/2024\\\/07\\\/mcd-feautre-study-s.webp\",\"link\":\"\\\/fallstudier\\\/mcdonalds-romania\\\/\",\"link_text\":\"L\\u00c4S MER\",\"title\":\"McDonald\\u2019s Rum\\u00e4nien\"}}]}]}]}]},{\"type\":\"section\",\"props\":{\"css\":\".el-section{\\n\\tbackground-color: #222222;\\n}\",\"id\":\"contact\",\"image_position\":\"center-center\",\"style\":\"secondary\",\"title_breakpoint\":\"xl\",\"title_position\":\"top-left\",\"title_rotation\":\"left\",\"vertical_align\":\"middle\",\"width\":\"default\"},\"children\":[{\"type\":\"row\",\"children\":[{\"type\":\"column\",\"props\":{\"image_position\":\"center-center\",\"position_sticky_breakpoint\":\"m\"},\"children\":[{\"type\":\"headline\",\"props\":{\"content\":\"KONTAKTA OSS\",\"margin\":\"small\",\"text_align\":\"center\",\"title_element\":\"h2\"}},{\"type\":\"text\",\"props\":{\"column_breakpoint\":\"m\",\"content\":\"\n\n<p>F\\u00f6rh\\u00f6j din restaurangupplevelse med hj\\u00e4lp av Mood Nordics l\\u00f6sningar.<\\\/p>\",\"margin\":\"small\",\"text_align\":\"center\",\"text_style\":\"large\"}},{\"type\":\"text\",\"props\":{\"block_align\":\"center\",\"column_breakpoint\":\"m\",\"content\":\"[contact-form-7 id=\\\"e56d022\\\" title=\\\"Kontaktformul\\u00e4r Vertical 2\\\"]\",\"css\":\".el-element .wpcf7-spinner{\\n\\tposition: absolute;\\n    margin-left: -30px;\\n    margin-top: 8px;\\n}\",\"margin\":\"default\",\"maxwidth\":\"xlarge\"}}]}]}],\"name\":\"Section Contact Form New\"}],\"version\":\"4.3.10\"} --><\/p>","protected":false},"excerpt":{"rendered":"<p>SnabbmatsrestaurangL\u00f6sningar F\u00f6rb\u00e4ttra g\u00e4stupplevelsen med Moods l\u00f6sningar f\u00f6r snabbmatsrestauranger. Vi erbjuder innovativa mediel\u00f6sningar till ledande snabbmatskedjor och franchiseverksamheter v\u00e4rlden \u00f6ver. Vi erbjuder den expertis, de plattformar och det kundansvar som snabbmatsrestauranger beh\u00f6ver f\u00f6r att v\u00e4xa och skapa kundlojalitet genom enhetliga varum\u00e4rkesupplevelser. Kontakta oss idag f\u00f6r att f\u00e5 veta mer. Kontakta oss Vi st\u00f6ttar snabbmatsbranschen Med erfarenhet [&hellip;]<\/p>","protected":false},"author":1,"featured_media":0,"parent":0,"menu_order":0,"comment_status":"closed","ping_status":"closed","template":"","meta":{"footnotes":""},"class_list":["post-2979","page","type-page","status-publish","hentry"],"_links":{"self":[{"href":"https:\/\/moodnordic.se\/nb\/wp-json\/wp\/v2\/pages\/2979"}],"collection":[{"href":"https:\/\/moodnordic.se\/nb\/wp-json\/wp\/v2\/pages"}],"about":[{"href":"https:\/\/moodnordic.se\/nb\/wp-json\/wp\/v2\/types\/page"}],"author":[{"embeddable":true,"href":"https:\/\/moodnordic.se\/nb\/wp-json\/wp\/v2\/users\/1"}],"replies":[{"embeddable":true,"href":"https:\/\/moodnordic.se\/nb\/wp-json\/wp\/v2\/comments?post=2979"}],"version-history":[{"count":76,"href":"https:\/\/moodnordic.se\/nb\/wp-json\/wp\/v2\/pages\/2979\/revisions"}],"predecessor-version":[{"id":7841,"href":"https:\/\/moodnordic.se\/nb\/wp-json\/wp\/v2\/pages\/2979\/revisions\/7841"}],"wp:attachment":[{"href":"https:\/\/moodnordic.se\/nb\/wp-json\/wp\/v2\/media?parent=2979"}],"curies":[{"name":"wp","href":"https:\/\/api.w.org\/{rel}","templated":true}]}}