{"id":3651,"date":"2024-07-28T12:08:44","date_gmt":"2024-07-28T12:08:44","guid":{"rendered":"https:\/\/mood.admaxstage.com\/?page_id=3651"},"modified":"2025-08-07T09:39:33","modified_gmt":"2025-08-07T09:39:33","slug":"foundry-park-inn","status":"publish","type":"page","link":"https:\/\/moodnordic.se\/nb\/foundry-park-inn\/","title":{"rendered":"Foundry Park Inn - Digital skilting som \u00f8ker l\u00f8nnsomheten"},"content":{"rendered":"<h1>FOUNDRY PARK<br \/>IIN<br \/><span style=\"color: #ddd;\">CASE STUDY<\/span><\/h1>\n<div>\n<div style=\"width: 20%; height: 10px; background: #cd102f; float: left; clear: both;\"><\/div>\n<\/div>\n<div>\n<p>Med Mood Digital Signage f\u00e5r du en klar \u00f8kning i b\u00e5de l\u00f8nnsomhet og kundetilfredshet.<\/p>\n<\/div>\n<p>\n    <a href=\"#contact\">Kontakt oss p\u00e5<\/a>\n<\/p>\n<h2>OM <span class=\"moodred\">FOUNDRY PARK INN<\/span><\/h2>\n<div>\n<p>Foundry Park Inn and Spa er et unikt boutiquehotell i Athens, Georgia. Hotellet ligger i et tidligere jernst\u00f8peri, og kombinerer elegant s\u00f8rstatsgjestfrihet med moderne bekvemmeligheter for \u00e5 im\u00f8tekomme behovene til den moderne reisende.<\/p>\n<\/div>\n<h2><span class=\"moodred\"><strong>UTFORDRINGEN<\/strong><\/span><\/h2>\n<div>\n<p>Med et eksklusivt spa, en restaurant med full service og en scene for levende musikk p\u00e5 stedet, \u00f8nsket Foundry Park Inn \u00e5 bruke <a href=\"https:\/\/moodnordic.se\/nb\/digital-skyltning\/\">digital skilting<\/a> for \u00e5 forbedre kommunikasjonen og skape personlige gjesteopplevelser. M\u00e5let var \u00e5 differensiere tilbudene for grupper og spesielle arrangementer, samt \u00e5 \u00f8ke serviceniv\u00e5et og gjestenes engasjement.<\/p>\n<div id=\"gtx-anchor\" style=\"position: absolute; visibility: hidden; left: 10px; top: 67px; width: 114.938px; height: 18px;\"><\/div>\n<div class=\"jfk-bubble gtx-bubble\" role=\"alertdialog\" aria-describedby=\"bubble-2\" style=\"visibility: visible; left: 53px; top: 95px; opacity: 1;\">\n<div class=\"jfk-bubble-content-id\" id=\"bubble-2\">\n<div id=\"gtx-host\" style=\"min-width: 200px; max-width: 400px;\"><\/div>\n<\/div>\n<div class=\"jfk-bubble-closebtn-id jfk-bubble-closebtn\" aria-label=\"Lukk\" role=\"button\" tabindex=\"0\"><\/div>\n<div class=\"jfk-bubble-arrow-id jfk-bubble-arrow jfk-bubble-arrowup\" style=\"left: 57.5px;\">\n<div class=\"jfk-bubble-arrowimplbefore\"><\/div>\n<div class=\"jfk-bubble-arrowimplafter\"><\/div>\n<\/div>\n<\/div>\n<\/div>\n<h2><span class=\"moodred\"><strong>TILN\u00c6RMING<\/strong><\/span><\/h2>\n<div>\n<p>Mood samarbeidet med Foundry Park om \u00e5 installere fire h\u00f8yoppl\u00f8selige skjermer p\u00e5 strategiske steder i anlegget, blant annet i resepsjonen, restauranten og konferanserommene. Disse godt plasserte skjermene gjorde det enkelt for de ansatte \u00e5 promotere arrangementer og spesielle anledninger ved \u00e5 vise bilder og informasjon om vertshusets fasiliteter. Skjermene viste ogs\u00e5 veien til ulike omr\u00e5der p\u00e5 stedet og forbedret gjesteopplevelsen med personlig tilpasset innhold for gjester som feiret spesielle anledninger.<\/p>\n<\/div>\n<p><img decoding=\"async\" src=\"\/wp-content\/uploads\/2024\/07\/3-commerical-screens.webp\" alt=\"\"><\/p>\n<h2><strong>RESULTATET<\/strong><\/h2>\n<div>\n<p><span>\"Vi har funnet\u00a0<\/span><a href=\"https:\/\/moodnordic.se\/nb\/digital-skyltning\/\" class=\"moodred\">Digital skilting<\/a><span>\u00a0Vi liker virkelig fleksibiliteten til \u00e5 endre det n\u00e5r det er n\u00f8dvendig. Det er s\u00e5 enkelt og raskt \u00e5 vise et personlig budskap til gjestene. Og det er denne typen forbedringer som betyr mest for oss, og som knytter gjestene v\u00e5re til den varme, innbydende f\u00f8lelsen vi \u00f8nsker \u00e5 gi dem. Med Mood Hotel Digital Signage vil du se en betydelig avkastning, b\u00e5de p\u00e5 bunnlinjen og i gjestetilfredshet.\"<\/span><\/p>\n<\/div>\n<div>Jason Harwell,<br \/>\nMarkedssjef, Foundry Park Inn &amp; Spa<\/div>\n<h2>KONTAKT OSS<\/h2>\n<div>\n<p>Forbedre gjesteopplevelsen med Mood Nordic-l\u00f8sninger.<\/p>\n<\/div>\n<div>\n<div class=\"wpcf7 no-js\" id=\"wpcf7-f2224-o1\" lang=\"sv-SE\" dir=\"ltr\" data-wpcf7-id=\"2224\">\n<div class=\"screen-reader-response\"><p role=\"status\" aria-live=\"polite\" aria-atomic=\"true\"><\/p> <ul><\/ul><\/div>\n<form action=\"\/nb\/wp-json\/wp\/v2\/pages\/3651#wpcf7-f2224-o1\" method=\"post\" class=\"wpcf7-form init\" aria-label=\"Kontaktformul\u00e4r\" novalidate=\"novalidate\" data-status=\"init\" data-trp-original-action=\"\/nb\/wp-json\/wp\/v2\/pages\/3651#wpcf7-f2224-o1\">\n<div style=\"display: none;\">\n<input type=\"hidden\" name=\"_wpcf7\" value=\"2224\" \/>\n<input type=\"hidden\" name=\"_wpcf7_version\" value=\"6.0.6\" \/>\n<input type=\"hidden\" name=\"_wpcf7_locale\" value=\"sv_SE\" \/>\n<input type=\"hidden\" name=\"_wpcf7_unit_tag\" value=\"wpcf7-f2224-o1\" \/>\n<input type=\"hidden\" name=\"_wpcf7_container_post\" value=\"0\" \/>\n<input type=\"hidden\" name=\"_wpcf7_posted_data_hash\" value=\"\" \/>\n<\/div>\n<p class=\"uk-margin-small\"><span class=\"wpcf7-form-control-wrap\" data-name=\"your-first-name\"><input size=\"40\" maxlength=\"400\" class=\"wpcf7-form-control wpcf7-text wpcf7-validates-as-required uk-input\" aria-required=\"true\" aria-invalid=\"false\" placeholder=\"Fornavn\" value=\"\" type=\"text\" name=\"your-first-name\" \/><\/span>\n<\/p>\n<p class=\"uk-margin-small\"><span class=\"wpcf7-form-control-wrap\" data-name=\"your-last-name\"><input size=\"40\" maxlength=\"400\" class=\"wpcf7-form-control wpcf7-text wpcf7-validates-as-required uk-input\" aria-required=\"true\" aria-invalid=\"false\" placeholder=\"Etternavn\" value=\"\" type=\"text\" name=\"your-last-name\" \/><\/span>\n<\/p>\n<p class=\"uk-margin-small\"><span class=\"wpcf7-form-control-wrap\" data-name=\"your-company\"><input size=\"40\" maxlength=\"400\" class=\"wpcf7-form-control wpcf7-text uk-input\" aria-invalid=\"false\" placeholder=\"Virksomheter\" value=\"\" type=\"text\" name=\"your-company\" \/><\/span>\n<\/p>\n<p class=\"uk-margin-small\"><span class=\"wpcf7-form-control-wrap\" data-name=\"your-postal-code\"><input size=\"40\" maxlength=\"400\" class=\"wpcf7-form-control wpcf7-text uk-input\" aria-invalid=\"false\" placeholder=\"Postnummer\" value=\"\" type=\"text\" name=\"your-postal-code\" \/><\/span>\n<\/p>\n<p class=\"uk-margin-small\"><span class=\"wpcf7-form-control-wrap\" data-name=\"your-phone\"><input size=\"40\" maxlength=\"400\" class=\"wpcf7-form-control wpcf7-tel wpcf7-text wpcf7-validates-as-tel uk-input\" aria-invalid=\"false\" placeholder=\"Tlf.\" value=\"\" type=\"tel\" name=\"your-phone\" \/><\/span>\n<\/p>\n<p class=\"uk-margin-small\"><span class=\"wpcf7-form-control-wrap\" data-name=\"your-email\"><input size=\"40\" maxlength=\"400\" class=\"wpcf7-form-control wpcf7-email wpcf7-validates-as-required wpcf7-text wpcf7-validates-as-email uk-input\" aria-required=\"true\" aria-invalid=\"false\" placeholder=\"E-postadresse\" value=\"\" type=\"email\" name=\"your-email\" \/><\/span>\n<\/p>\n<p class=\"uk-margin-small\"><span class=\"wpcf7-form-control-wrap\" data-name=\"your-message\"><textarea cols=\"40\" rows=\"3\" maxlength=\"2000\" class=\"wpcf7-form-control wpcf7-textarea uk-textarea\" aria-invalid=\"false\" placeholder=\"Din melding\" name=\"your-message\"><\/textarea><\/span>\n<\/p>\n<input class=\"wpcf7-form-control wpcf7-hidden\" value=\"\" type=\"hidden\" name=\"page-url\" \/>\n<div class=\"uk-margin-small uk-text-center\">\n\t<p><input class=\"wpcf7-form-control wpcf7-submit has-spinner uk-button uk-button-primary uk-width-1-1\" type=\"submit\" value=\"SKICKA\" \/>\n\t<\/p>\n<\/div><div class=\"wpcf7-response-output\" aria-hidden=\"true\"><\/div>\n<input type=\"hidden\" name=\"trp-form-language\" value=\"nb\"\/><\/form>\n<\/div>\n<\/div>\n<p><!--more--><br \/>\n<!-- {\"type\":\"layout\",\"children\":[{\"type\":\"section\",\"props\":{\"image\":\"wp-content\\\/uploads\\\/2024\\\/08\\\/hotel-door.jpg\",\"image_position\":\"center-center\",\"image_size\":\"cover\",\"media_background\":\"#878787\",\"media_blend_mode\":\"multiply\",\"style\":\"default\",\"text_color\":\"light\",\"title_breakpoint\":\"xl\",\"title_position\":\"top-left\",\"title_rotation\":\"left\",\"vertical_align\":\"middle\",\"width\":\"default\"},\"children\":[{\"type\":\"row\",\"children\":[{\"type\":\"column\",\"props\":{\"image_position\":\"center-center\",\"position_sticky_breakpoint\":\"m\",\"width_medium\":\"3-5\"},\"children\":[{\"type\":\"headline\",\"props\":{\"class\":\"new-hero-text\",\"content\":\"FOUNDRY PARK<br \\\/>INN<br \\\/><span style=\\\"color: #ddd;\\\">FALLSTUDIE<\\\/span>\",\"margin\":\"small\",\"margin_remove_bottom\":false,\"title_element\":\"h1\"}},{\"type\":\"html\",\"props\":{\"content\":\"\n\n<div style=\\\"width: 20%; height: 10px; background: #cd102f; float: left; clear: both;\\\"><\\\/div>\"}}]},{\"type\":\"column\",\"props\":{\"image_position\":\"center-center\",\"position_sticky_breakpoint\":\"m\",\"vertical_align\":\"middle\",\"width_medium\":\"2-5\"},\"children\":[{\"type\":\"text\",\"props\":{\"class\":\"intro2 uk-text-white\",\"column_breakpoint\":\"m\",\"content\":\"\n\n<p>Med Mood Digital Skyltning f\\u00e5r du en tydlig \\u00f6kning av b\\u00e5de l\\u00f6nsamhet och kundn\\u00f6jdhet.<\\\/p>\",\"margin\":\"default\"}},{\"type\":\"button\",\"props\":{\"grid_column_gap\":\"small\",\"grid_row_gap\":\"small\",\"margin\":\"medium\"},\"children\":[{\"type\":\"button_item\",\"props\":{\"button_style\":\"default\",\"content\":\"Kontakta oss\",\"icon_align\":\"left\",\"link\":\"#contact\"}}]}]}],\"props\":{\"layout\":\"3-5,2-5\"}}],\"name\":\"Section HERO CASE STUDY\"},{\"type\":\"section\",\"props\":{\"image_position\":\"center-center\",\"style\":\"default\",\"title_breakpoint\":\"xl\",\"title_position\":\"top-left\",\"title_rotation\":\"left\",\"vertical_align\":\"middle\",\"width\":\"default\"},\"children\":[{\"type\":\"row\",\"props\":{\"column_gap\":\"large\",\"layout\":\"1-2,1-2\"},\"children\":[{\"type\":\"column\",\"props\":{\"image_position\":\"center-center\",\"position_sticky_breakpoint\":\"m\",\"width_medium\":\"1-2\"},\"children\":[{\"type\":\"headline\",\"props\":{\"content\":\"OM <span class=\\\"moodred\\\">FOUNDRY PARK INN<\\\/span>\",\"title_element\":\"h2\"}},{\"type\":\"text\",\"props\":{\"class\":\"intro\",\"column_breakpoint\":\"m\",\"content\":\"\n\n<p>Foundry Park Inn and Spa \\u00e4r ett unikt boutiquehotell i Athens, Georgia. Hotellet \\u00e4r inrymt i ett tidigare j\\u00e4rngjuteri och kombinerar elegant sydstatsg\\u00e4stfrihet med moderna bekv\\u00e4mligheter f\\u00f6r att m\\u00f6ta den moderna resen\\u00e4rens behov.<\\\/p>\",\"margin\":\"default\"}}]},{\"type\":\"column\",\"props\":{\"image_position\":\"center-center\",\"position_sticky_breakpoint\":\"m\",\"width_medium\":\"1-2\"},\"children\":[{\"type\":\"headline\",\"props\":{\"content\":\"<span class=\\\"moodred\\\"><strong>UTMANINGEN<\\\/strong><\\\/span>\",\"title_element\":\"h2\"}},{\"type\":\"text\",\"props\":{\"class\":\"intro\",\"column_breakpoint\":\"m\",\"content\":\"\n\n<p>Med ett exklusivt spa, en fullservicerestaurang och en livemusikscen p\\u00e5 plats ville Foundry Park Inn anv\\u00e4nda <a href=\\\"https:\\\/\\\/moodnordic.se\\\/digital-skyltning\\\/\\\">digital skyltning<\\\/a> f\\u00f6r att f\\u00f6rb\\u00e4ttra kommunikationen och skapa personliga g\\u00e4stupplevelser. M\\u00e5let var att s\\u00e4rskilja erbjudanden f\\u00f6r grupper och specialevenemang samt att h\\u00f6ja serviceniv\\u00e5n och engagemanget hos g\\u00e4sterna.<\\\/p>\\n\n\n<div id=\\\"gtx-anchor\\\" style=\\\"position: absolute; visibility: hidden; left: 10px; top: 67px; width: 114.938px; height: 18px;\\\"><\\\/div>\\n\n\n<div class=\\\"jfk-bubble gtx-bubble\\\" role=\\\"alertdialog\\\" aria-describedby=\\\"bubble-2\\\" style=\\\"visibility: visible; left: 53px; top: 95px; opacity: 1;\\\">\\n\n\n<div class=\\\"jfk-bubble-content-id\\\" id=\\\"bubble-2\\\">\\n\n\n<div id=\\\"gtx-host\\\" style=\\\"min-width: 200px; max-width: 400px;\\\"><\\\/div>\\n<\\\/div>\\n\n\n<div class=\\\"jfk-bubble-closebtn-id jfk-bubble-closebtn\\\" aria-label=\\\"Close\\\" role=\\\"button\\\" tabindex=\\\"0\\\"><\\\/div>\\n\n\n<div class=\\\"jfk-bubble-arrow-id jfk-bubble-arrow jfk-bubble-arrowup\\\" style=\\\"left: 57.5px;\\\">\\n\n\n<div class=\\\"jfk-bubble-arrowimplbefore\\\"><\\\/div>\\n\n\n<div class=\\\"jfk-bubble-arrowimplafter\\\"><\\\/div>\\n<\\\/div>\\n<\\\/div>\",\"margin\":\"default\"}}]}]}]},{\"type\":\"section\",\"props\":{\"image_position\":\"center-center\",\"style\":\"muted\",\"title_breakpoint\":\"xl\",\"title_position\":\"top-left\",\"title_rotation\":\"left\",\"vertical_align\":\"middle\",\"width\":\"default\"},\"children\":[{\"type\":\"row\",\"props\":{\"column_gap\":\"large\",\"layout\":\"1-2,1-2\"},\"children\":[{\"type\":\"column\",\"props\":{\"image_position\":\"center-center\",\"position_sticky_breakpoint\":\"m\",\"width_medium\":\"1-2\"},\"children\":[{\"type\":\"headline\",\"props\":{\"content\":\"<span class=\\\"moodred\\\"><strong>TILLV\\u00c4GAG\\u00c5NGSS\\u00c4TT<\\\/strong><\\\/span>\",\"title_element\":\"h2\"}},{\"type\":\"text\",\"props\":{\"class\":\"intro2\",\"column_breakpoint\":\"m\",\"content\":\"\n\n<p>Mood samarbetade med Foundry Park f\\u00f6r att installera fyra h\\u00f6guppl\\u00f6sta sk\\u00e4rmar p\\u00e5 strategiska platser runt om p\\u00e5 anl\\u00e4ggningen, inklusive receptionen, restaurangen och konferensrummen. Dessa v\\u00e4lplacerade sk\\u00e4rmar gjorde det enkelt f\\u00f6r personalen att marknadsf\\u00f6ra evenemang och speciella tillf\\u00e4llen genom att visa bilder och information om Innens faciliteter. Sk\\u00e4rmarna gav \\u00e4ven v\\u00e4gbeskrivningar till olika delar av omr\\u00e5det och f\\u00f6rb\\u00e4ttrade g\\u00e4stupplevelsen med personligt anpassat inneh\\u00e5ll f\\u00f6r g\\u00e4ster som firade s\\u00e4rskilda tillf\\u00e4llen.<\\\/p>\",\"margin\":\"default\"}}]},{\"type\":\"column\",\"props\":{\"image_position\":\"center-center\",\"position_sticky_breakpoint\":\"m\",\"width_medium\":\"1-2\"},\"children\":[{\"type\":\"image\",\"props\":{\"image\":\"wp-content\\\/uploads\\\/2024\\\/07\\\/3-commerical-screens.webp\",\"image_svg_color\":\"emphasis\",\"margin\":\"default\",\"text_align\":\"center\"}}]}]}]},{\"type\":\"section\",\"props\":{\"image\":\"wp-content\\\/uploads\\\/2024\\\/07\\\/speakerdark.webp\",\"image_position\":\"center-center\",\"image_size\":\"cover\",\"style\":\"default\",\"text_color\":\"light\",\"title_breakpoint\":\"xl\",\"title_position\":\"top-left\",\"title_rotation\":\"left\",\"vertical_align\":\"middle\",\"width\":\"default\"},\"children\":[{\"type\":\"row\",\"children\":[{\"type\":\"column\",\"props\":{\"image_position\":\"center-center\",\"position_sticky_breakpoint\":\"m\"},\"children\":[{\"type\":\"headline\",\"props\":{\"content\":\"<strong>RESULTATET<\\\/strong>\",\"margin\":\"small\",\"margin_remove_bottom\":false,\"title_element\":\"h2\"}},{\"type\":\"text\",\"props\":{\"class\":\"intro2 uk-text-bold\",\"column_breakpoint\":\"m\",\"content\":\"\n\n<p><span>\\u201cWe\\u2019ve found\\u00a0<\\\/span><a href=\\\"https:\\\/\\\/moodnordic.se\\\/digital-skyltning\\\/\\\" class=\\\"moodred\\\">Digital Signage<\\\/a><span>\\u00a0to be a great way to inform guests and visitors. We really enjoy the flexibility to switch it up when necessary. It\\u2019s so simple and quick to display a personalized message for guests. And it\\u2019s those types of enhancements that mean the most to us, connecting our guests to that warm, welcoming feeling we aim to deliver. With Mood Hotel Digital Signage, you\\u2019ll see a significant return, both to your bottom line and in guest satisfaction.\\u201d<\\\/span><\\\/p>\",\"margin\":\"default\"}},{\"type\":\"text\",\"props\":{\"column_breakpoint\":\"m\",\"content\":\"Jason Harwell,<br\\\/>\\nMarketing Manager, Foundry Park Inn &amp; Spa\",\"margin\":\"default\",\"text_color\":\"emphasis\",\"text_style\":\"small\"}}]}]}],\"name\":\"Section Why Mood\"},{\"type\":\"section\",\"props\":{\"css\":\".el-section{\\n\\tbackground-color: #222222;\\n}\",\"id\":\"contact\",\"image_position\":\"center-center\",\"style\":\"secondary\",\"title_breakpoint\":\"xl\",\"title_position\":\"top-left\",\"title_rotation\":\"left\",\"vertical_align\":\"middle\",\"width\":\"default\"},\"children\":[{\"type\":\"row\",\"children\":[{\"type\":\"column\",\"props\":{\"image_position\":\"center-center\",\"position_sticky_breakpoint\":\"m\"},\"children\":[{\"type\":\"headline\",\"props\":{\"content\":\"KONTAKTA OSS\",\"margin\":\"small\",\"text_align\":\"center\",\"title_element\":\"h2\"}},{\"type\":\"text\",\"props\":{\"column_breakpoint\":\"m\",\"content\":\"\n\n<p>F\\u00f6rh\\u00f6j g\\u00e4stupplevelsen med hj\\u00e4lp av Mood Nordics l\\u00f6sningar.<\\\/p>\",\"margin\":\"small\",\"text_align\":\"center\",\"text_style\":\"large\"}},{\"type\":\"text\",\"props\":{\"block_align\":\"center\",\"column_breakpoint\":\"m\",\"content\":\"[contact-form-7 id=\\\"e56d022\\\" title=\\\"Kontaktformul\\u00e4r Vertical 2\\\"]\",\"css\":\".el-element .wpcf7-spinner{\\n\\tposition: absolute;\\n    margin-left: -30px;\\n    margin-top: 8px;\\n}\",\"margin\":\"default\",\"maxwidth\":\"xlarge\"}}]}]}],\"name\":\"Section Contact Form New\"}],\"version\":\"4.3.10\"} --><\/p>","protected":false},"excerpt":{"rendered":"<p>FOUNDRY PARKINNFALLSTUDIE Med Mood Digital Skyltning f\u00e5r du en tydlig \u00f6kning av b\u00e5de l\u00f6nsamhet och kundn\u00f6jdhet. Kontakta oss OM FOUNDRY PARK INN Foundry Park Inn and Spa \u00e4r ett unikt boutiquehotell i Athens, Georgia. Hotellet \u00e4r inrymt i ett tidigare j\u00e4rngjuteri och kombinerar elegant sydstatsg\u00e4stfrihet med moderna bekv\u00e4mligheter f\u00f6r att m\u00f6ta den moderna resen\u00e4rens behov. [&hellip;]<\/p>","protected":false},"author":1,"featured_media":0,"parent":0,"menu_order":0,"comment_status":"closed","ping_status":"closed","template":"","meta":{"footnotes":""},"class_list":["post-3651","page","type-page","status-publish","hentry"],"_links":{"self":[{"href":"https:\/\/moodnordic.se\/nb\/wp-json\/wp\/v2\/pages\/3651"}],"collection":[{"href":"https:\/\/moodnordic.se\/nb\/wp-json\/wp\/v2\/pages"}],"about":[{"href":"https:\/\/moodnordic.se\/nb\/wp-json\/wp\/v2\/types\/page"}],"author":[{"embeddable":true,"href":"https:\/\/moodnordic.se\/nb\/wp-json\/wp\/v2\/users\/1"}],"replies":[{"embeddable":true,"href":"https:\/\/moodnordic.se\/nb\/wp-json\/wp\/v2\/comments?post=3651"}],"version-history":[{"count":36,"href":"https:\/\/moodnordic.se\/nb\/wp-json\/wp\/v2\/pages\/3651\/revisions"}],"predecessor-version":[{"id":7941,"href":"https:\/\/moodnordic.se\/nb\/wp-json\/wp\/v2\/pages\/3651\/revisions\/7941"}],"wp:attachment":[{"href":"https:\/\/moodnordic.se\/nb\/wp-json\/wp\/v2\/media?parent=3651"}],"curies":[{"name":"wp","href":"https:\/\/api.w.org\/{rel}","templated":true}]}}