{"id":3668,"date":"2024-07-28T13:21:54","date_gmt":"2024-07-28T13:21:54","guid":{"rendered":"https:\/\/mood.admaxstage.com\/?page_id=3668"},"modified":"2025-08-04T12:04:57","modified_gmt":"2025-08-04T12:04:57","slug":"choice-hotels","status":"publish","type":"page","link":"https:\/\/moodnordic.se\/nb\/choice-hotels\/","title":{"rendered":"Choice Hotels - Audiovisuelle l\u00f8sninger for hotellkjeder"},"content":{"rendered":"<h1>CHOICE HOTELS<br \/><span style=\"color: #ddd;\">CASE STUDY<\/span><\/h1>\n<div>\n<div style=\"width: 20%; height: 10px; background: #cd102f; float: left; clear: both;\"><\/div>\n<\/div>\n<div>\"I l\u00f8pet av det siste \u00e5ret har mange Choice-hoteller innlemmet sensoriske markedsf\u00f8ringselementer for \u00e5 bidra til \u00e5 forbedre den totale gjesteopplevelsen. Enten det dreier seg om \u00e5 inkorporere en n\u00f8ytraliserende duft for \u00e5 eliminere klorlukten ved et innend\u00f8rsbasseng eller \u00e5 spille innbydende bakgrunnsmusikk for \u00e5 forbedre atmosf\u00e6ren i lobbyen, har stadig flere hotelleiere begynt \u00e5 r\u00e5df\u00f8re seg med ekspertene i Mood for \u00e5 skape en unik opplevelse p\u00e5 hotellet sitt.\"<\/div>\n<div>- John Montgomery<br \/>\nAccount Manager, Franchisee Solutions Choice Hotels International<\/div>\n<p>\n    <a href=\"#contact\">Kontakt oss<\/a>\n<\/p>\n<h2>OM <span class=\"moodred\">CHOICE HOTELS<\/span><\/h2>\n<div>\n<p>Choice Hotels International er en global leder i hotellbransjen og driver en av verdens st\u00f8rste og mest fremgangsrike hotellkjeder. Med ca. 6 200 franchisehoteller og over 499 000 rom i USA og mer enn 30 land og territorier, tilbyr Choice Hotels en bred portef\u00f8lje. Choice-merkene henvender seg til b\u00e5de forretnings- og fritidsreisende, og spenner fra \u00f8konomi til premium - og tilbyr attraktive overnattingsmuligheter som tilfredsstiller en rekke ulike behov og \u00f8nsker.<\/p>\n<\/div>\n<div>\n<h3>SAMMENDRAG AV CASESTUDIE<\/h3>\n<div>\n<ul class=\"uk-list uk-list-disc\">\n<li>Bakgrunnsmusikk<\/li>\n<li>Meldinger fra telefonsentralen<\/li>\n<li>Markedsf\u00f8ring av parfyme<\/li>\n<\/ul>\n<\/div>\n<\/div>\n<h2>M\u00c5LSETTING<\/h2>\n<div>\n<p>Choice Hotels International fors\u00f8ker alltid \u00e5 differensiere merkevarene sine fra konkurrentene ved \u00e5 forsterke det overordnede merkevarebudskapet og samtidig fremheve hvert hotells unike egenskaper og lokale s\u00e6rpreg.<\/p>\n<p>For \u00e5 oppn\u00e5 dette inngikk Choice Hotels et samarbeid med Mood for \u00e5 utforske innovative m\u00e5ter \u00e5 forbedre gjesteopplevelsen p\u00e5 - med et unikt fokus p\u00e5 opplevelsesdesign p\u00e5 tvers av det omfattende franchisenettverket.<\/p>\n<\/div>\n<h2>L\u00d8SNINGER<\/h2>\n<div>\n<h3 class=\"moodred uk-margin-small\"><b>MUSIKK<\/b><\/h3>\n<p class=\"intro2 uk-margin-small\">Mood har samarbeidet med Choice Hotels om \u00e5 utvikle en musikkstrategi som forsterker den stilfulle atmosf\u00e6ren p\u00e5 hotellene deres. Ambient bakgrunnsmusikk spilles i ulike rom for \u00e5 skape et innbydende og enhetlig milj\u00f8 for gjestene.<\/p>\n<h3 class=\"moodred uk-margin-small\"><b>ANNOUNCEMENTS<\/b><\/h3>\n<p class=\"intro2 uk-margin-small\">Moods meldingsl\u00f8sninger forbedrer kundetilfredsheten ved \u00e5 skape en bedre opplevelse p\u00e5 ventetid og styrke merkevareidentiteten. Dette oppn\u00e5s ved \u00e5 bruke stemmetalenter som gjenspeiler personligheten til Choice Hotels.<\/p>\n<h3 class=\"moodred uk-margin-small\"><b>ODOUR<\/b><\/h3>\n<p class=\"intro2 uk-margin-small\">Duftmarkedsf\u00f8ring brukes p\u00e5 hoteller for \u00e5 skape en innbydende atmosf\u00e6re og maskere u\u00f8nsket lukt, for eksempel klor fra innend\u00f8rsbassenger, noe som gir gjestene en mer behagelig opplevelse.<\/p>\n<\/div>\n<p><img decoding=\"async\" src=\"\/wp-content\/uploads\/2024\/07\/choice-pool.webp\" alt=\"\"><\/p>\n<h2>KONTAKT OSS<\/h2>\n<div>\n<p>Forbedre kundeopplevelsen med Mood Nordic-l\u00f8sninger.<\/p>\n<\/div>\n<div>\n<div class=\"wpcf7 no-js\" id=\"wpcf7-f2224-o1\" lang=\"sv-SE\" dir=\"ltr\" data-wpcf7-id=\"2224\">\n<div class=\"screen-reader-response\"><p role=\"status\" aria-live=\"polite\" aria-atomic=\"true\"><\/p> <ul><\/ul><\/div>\n<form action=\"\/nb\/wp-json\/wp\/v2\/pages\/3668#wpcf7-f2224-o1\" method=\"post\" class=\"wpcf7-form init\" aria-label=\"Kontaktformul\u00e4r\" novalidate=\"novalidate\" data-status=\"init\" data-trp-original-action=\"\/nb\/wp-json\/wp\/v2\/pages\/3668#wpcf7-f2224-o1\">\n<div style=\"display: none;\">\n<input type=\"hidden\" name=\"_wpcf7\" value=\"2224\" \/>\n<input type=\"hidden\" name=\"_wpcf7_version\" value=\"6.0.6\" \/>\n<input type=\"hidden\" name=\"_wpcf7_locale\" value=\"sv_SE\" \/>\n<input type=\"hidden\" name=\"_wpcf7_unit_tag\" value=\"wpcf7-f2224-o1\" \/>\n<input type=\"hidden\" name=\"_wpcf7_container_post\" value=\"0\" \/>\n<input type=\"hidden\" name=\"_wpcf7_posted_data_hash\" value=\"\" \/>\n<\/div>\n<p class=\"uk-margin-small\"><span class=\"wpcf7-form-control-wrap\" data-name=\"your-first-name\"><input size=\"40\" maxlength=\"400\" class=\"wpcf7-form-control wpcf7-text wpcf7-validates-as-required uk-input\" aria-required=\"true\" aria-invalid=\"false\" placeholder=\"Fornavn\" value=\"\" type=\"text\" name=\"your-first-name\" \/><\/span>\n<\/p>\n<p class=\"uk-margin-small\"><span class=\"wpcf7-form-control-wrap\" data-name=\"your-last-name\"><input size=\"40\" maxlength=\"400\" class=\"wpcf7-form-control wpcf7-text wpcf7-validates-as-required uk-input\" aria-required=\"true\" aria-invalid=\"false\" placeholder=\"Etternavn\" value=\"\" type=\"text\" name=\"your-last-name\" \/><\/span>\n<\/p>\n<p class=\"uk-margin-small\"><span class=\"wpcf7-form-control-wrap\" data-name=\"your-company\"><input size=\"40\" maxlength=\"400\" class=\"wpcf7-form-control wpcf7-text uk-input\" aria-invalid=\"false\" placeholder=\"Virksomheter\" value=\"\" type=\"text\" name=\"your-company\" \/><\/span>\n<\/p>\n<p class=\"uk-margin-small\"><span class=\"wpcf7-form-control-wrap\" data-name=\"your-postal-code\"><input size=\"40\" maxlength=\"400\" class=\"wpcf7-form-control wpcf7-text uk-input\" aria-invalid=\"false\" placeholder=\"Postnummer\" value=\"\" type=\"text\" name=\"your-postal-code\" \/><\/span>\n<\/p>\n<p class=\"uk-margin-small\"><span class=\"wpcf7-form-control-wrap\" data-name=\"your-phone\"><input size=\"40\" maxlength=\"400\" class=\"wpcf7-form-control wpcf7-tel wpcf7-text wpcf7-validates-as-tel uk-input\" aria-invalid=\"false\" placeholder=\"Tlf.\" value=\"\" type=\"tel\" name=\"your-phone\" \/><\/span>\n<\/p>\n<p class=\"uk-margin-small\"><span class=\"wpcf7-form-control-wrap\" data-name=\"your-email\"><input size=\"40\" maxlength=\"400\" class=\"wpcf7-form-control wpcf7-email wpcf7-validates-as-required wpcf7-text wpcf7-validates-as-email uk-input\" aria-required=\"true\" aria-invalid=\"false\" placeholder=\"E-postadresse\" value=\"\" type=\"email\" name=\"your-email\" \/><\/span>\n<\/p>\n<p class=\"uk-margin-small\"><span class=\"wpcf7-form-control-wrap\" data-name=\"your-message\"><textarea cols=\"40\" rows=\"3\" maxlength=\"2000\" class=\"wpcf7-form-control wpcf7-textarea uk-textarea\" aria-invalid=\"false\" placeholder=\"Din melding\" name=\"your-message\"><\/textarea><\/span>\n<\/p>\n<input class=\"wpcf7-form-control wpcf7-hidden\" value=\"\" type=\"hidden\" name=\"page-url\" \/>\n<div class=\"uk-margin-small uk-text-center\">\n\t<p><input class=\"wpcf7-form-control wpcf7-submit has-spinner uk-button uk-button-primary uk-width-1-1\" type=\"submit\" value=\"SKICKA\" \/>\n\t<\/p>\n<\/div><div class=\"wpcf7-response-output\" aria-hidden=\"true\"><\/div>\n<input type=\"hidden\" name=\"trp-form-language\" value=\"nb\"\/><\/form>\n<\/div>\n<\/div>\n<p><!--more--><br \/>\n<!-- {\"type\":\"layout\",\"children\":[{\"type\":\"section\",\"props\":{\"image\":\"wp-content\\\/uploads\\\/2024\\\/07\\\/choice-2023-hero.webp\",\"image_position\":\"center-center\",\"image_size\":\"cover\",\"media_background\":\"#6B6B6B\",\"media_blend_mode\":\"multiply\",\"style\":\"default\",\"text_color\":\"light\",\"title_breakpoint\":\"xl\",\"title_position\":\"top-left\",\"title_rotation\":\"left\",\"vertical_align\":\"middle\",\"width\":\"default\"},\"children\":[{\"type\":\"row\",\"children\":[{\"type\":\"column\",\"props\":{\"image_position\":\"center-center\",\"position_sticky_breakpoint\":\"m\",\"width_medium\":\"3-5\"},\"children\":[{\"type\":\"headline\",\"props\":{\"class\":\"new-hero-text\",\"content\":\"CHOICE HOTELS<br \\\/><span style=\\\"color: #ddd;\\\">FALLSTUDIE<\\\/span>\",\"margin\":\"small\",\"margin_remove_bottom\":false,\"title_element\":\"h1\"}},{\"type\":\"html\",\"props\":{\"content\":\"\n\n<div style=\\\"width: 20%; height: 10px; background: #cd102f; float: left; clear: both;\\\"><\\\/div>\"}}]},{\"type\":\"column\",\"props\":{\"image_position\":\"center-center\",\"position_sticky_breakpoint\":\"m\",\"vertical_align\":\"middle\",\"width_medium\":\"2-5\"},\"children\":[{\"type\":\"text\",\"props\":{\"class\":\"intro2 uk-text-white uk-text-bold\",\"column_breakpoint\":\"m\",\"content\":\"\\u201cWithin the last year, many Choice Hotels have incorporated sensory marketing elements to help enhance the overall guest experience. Whether it involves incorporating a neutralizing scent to help eliminate the chlorine smell at an indoor swimming pool or playing inviting background music to enhance the atmosphere in a lobby, more and more hoteliers have begun to consult with the experts at Mood to create a unique experience at their hotel.\\u201d\",\"margin\":\"default\"}},{\"type\":\"text\",\"props\":{\"class\":\"uk-text-white\",\"column_breakpoint\":\"m\",\"content\":\"\\u2013 John Montgomery<br\\\/>\\nAccount Manager, Franchisee Solutions Choice Hotels International\",\"margin\":\"default\",\"text_color\":\"emphasis\",\"text_style\":\"small\"}},{\"type\":\"button\",\"props\":{\"grid_column_gap\":\"small\",\"grid_row_gap\":\"small\",\"margin\":\"medium\"},\"children\":[{\"type\":\"button_item\",\"props\":{\"button_style\":\"default\",\"content\":\"Contact Us\",\"icon_align\":\"left\",\"link\":\"#contact\"}}]}]}],\"props\":{\"layout\":\"3-5,2-5\"}}],\"name\":\"Section HERO CASE STUDY\"},{\"type\":\"section\",\"props\":{\"image_position\":\"center-center\",\"style\":\"default\",\"title_breakpoint\":\"xl\",\"title_position\":\"top-left\",\"title_rotation\":\"left\",\"vertical_align\":\"middle\",\"width\":\"default\"},\"children\":[{\"type\":\"row\",\"props\":{\"column_gap\":\"large\",\"layout\":\"2-3,1-3\"},\"children\":[{\"type\":\"column\",\"props\":{\"image_position\":\"center-center\",\"position_sticky_breakpoint\":\"m\",\"width_medium\":\"2-3\"},\"children\":[{\"type\":\"headline\",\"props\":{\"content\":\"OM <span class=\\\"moodred\\\">CHOICE HOTELS<\\\/span>\",\"title_element\":\"h2\"}},{\"type\":\"text\",\"props\":{\"class\":\"intro2\",\"column_breakpoint\":\"m\",\"content\":\"\n\n<p>Choice Hotels International \\u00e4r en global ledare inom hotellbranschen och driver en av v\\u00e4rldens st\\u00f6rsta och mest framg\\u00e5ngsrika hotellkedjor. Med cirka 6 200 franchisade hotell och \\u00f6ver 499 000 rum i USA samt mer \\u00e4n 30 l\\u00e4nder och territorier erbjuder Choice Hotels en bred portf\\u00f6lj. Hotellen v\\u00e4nder sig b\\u00e5de till aff\\u00e4rs- och fritidsresen\\u00e4rer, och Choice-varum\\u00e4rkena sp\\u00e4nner fr\\u00e5n ekonomi till premiumsegmentet \\u2013 vilket ger attraktiva boendealternativ som m\\u00f6ter en m\\u00e4ngd olika behov och \\u00f6nskem\\u00e5l.<\\\/p>\",\"margin\":\"default\"}}]},{\"type\":\"column\",\"props\":{\"image_position\":\"center-center\",\"position_sticky_breakpoint\":\"m\",\"width_medium\":\"1-3\"},\"children\":[{\"type\":\"panel\",\"props\":{\"content\":\"\n\n<ul class=\\\"uk-list uk-list-disc\\\">\\n\n\n<li>Bakgrundsmusik<\\\/li>\\n\n\n<li>Telefonv\\u00e4xelmeddelanden<\\\/li>\\n\n\n<li>Doftmarknadsf\\u00f6ring<\\\/li>\\n<\\\/ul>\",\"content_column_breakpoint\":\"m\",\"content_style\":\"text-large\",\"icon_width\":80,\"image_align\":\"top\",\"image_grid_breakpoint\":\"m\",\"image_grid_width\":\"1-2\",\"image_svg_color\":\"emphasis\",\"link_style\":\"default\",\"link_text\":\"Read more\",\"margin\":\"default\",\"meta_align\":\"below-title\",\"meta_element\":\"div\",\"meta_style\":\"text-meta\",\"panel_padding\":\"default\",\"panel_style\":\"tile-muted\",\"title\":\"FALLSTUDIE SAMMANFATTNING\",\"title_align\":\"top\",\"title_color\":\"primary\",\"title_element\":\"h3\",\"title_grid_breakpoint\":\"m\",\"title_grid_width\":\"1-2\",\"title_hover_style\":\"reset\"}}]}]}]},{\"type\":\"section\",\"props\":{\"image\":\"wp-content\\\/uploads\\\/2024\\\/07\\\/choice-room.webp\",\"image_position\":\"center-center\",\"image_size\":\"cover\",\"media_background\":\"#595959\",\"media_blend_mode\":\"multiply\",\"style\":\"default\",\"text_color\":\"light\",\"title_breakpoint\":\"xl\",\"title_position\":\"top-left\",\"title_rotation\":\"left\",\"vertical_align\":\"middle\",\"width\":\"default\"},\"children\":[{\"type\":\"row\",\"children\":[{\"type\":\"column\",\"props\":{\"image_position\":\"center-center\",\"position_sticky_breakpoint\":\"m\"},\"children\":[{\"type\":\"headline\",\"props\":{\"content\":\"M\\u00c5LS\\u00c4TTNING\",\"text_align\":\"center\",\"title_element\":\"h2\"}},{\"type\":\"text\",\"props\":{\"class\":\"intro2 uk-text-white\",\"column_breakpoint\":\"m\",\"content\":\"\n\n<p>Choice Hotels International str\\u00e4var efter att alltid s\\u00e4rskilja sina varum\\u00e4rken fr\\u00e5n konkurrenterna genom att st\\u00e4rka det \\u00f6vergripande varum\\u00e4rkesbudskapet och samtidigt lyfta fram varje hotells unika egenskaper och lokala pr\\u00e4gel.<\\\/p>\\n\n\n<p>F\\u00f6r att uppn\\u00e5 detta samarbetade Choice Hotels med Mood f\\u00f6r att utforska innovativa s\\u00e4tt att f\\u00f6rb\\u00e4ttra g\\u00e4stupplevelsen \\u2013 med ett unikt fokus p\\u00e5 upplevelsedesign i hela sitt omfattande franchisen\\u00e4tverk.<\\\/p>\",\"margin\":\"default\",\"text_align\":\"center\"}}]}]}]},{\"type\":\"section\",\"props\":{\"image_position\":\"center-center\",\"style\":\"muted\",\"title_breakpoint\":\"xl\",\"title_position\":\"top-left\",\"title_rotation\":\"left\",\"vertical_align\":\"middle\",\"width\":\"default\"},\"children\":[{\"type\":\"row\",\"children\":[{\"type\":\"column\",\"props\":{\"image_position\":\"center-center\",\"position_sticky_breakpoint\":\"m\",\"width_medium\":\"1-2\"},\"children\":[{\"type\":\"headline\",\"props\":{\"content\":\"L\\u00d6SNINGAR\",\"text_align\":\"left\",\"title_element\":\"h2\"}},{\"type\":\"text\",\"props\":{\"column_breakpoint\":\"m\",\"content\":\"\n\n<h3 class=\\\"moodred uk-margin-small\\\"><b>MUSIK<\\\/b><\\\/h3>\\n\n\n<p class=\\\"intro2 uk-margin-small\\\">Mood samarbetade med Choice Hotels f\\u00f6r att utveckla en musikstrategi som f\\u00f6rst\\u00e4rker den stilfulla atmosf\\u00e4ren p\\u00e5 deras hotell. Ambient bakgrundsmusik spelas i olika utrymmen f\\u00f6r att skapa en v\\u00e4lkomnande och enhetlig milj\\u00f6 f\\u00f6r g\\u00e4sterna.<\\\/p>\\n\n\n<h3 class=\\\"moodred uk-margin-small\\\"><b>MEDDELANDEN<\\\/b><\\\/h3>\\n\n\n<p class=\\\"intro2 uk-margin-small\\\">Moods l\\u00f6sningar f\\u00f6r meddelanden f\\u00f6rb\\u00e4ttrar kundn\\u00f6jdheten genom att skapa en b\\u00e4ttre upplevelse i telefonk\\u00f6 och st\\u00e4rka varum\\u00e4rkesidentiteten. Detta uppn\\u00e5s genom att anv\\u00e4nda r\\u00f6sttalanger som speglar Choice Hotels personlighet.<\\\/p>\\n\n\n<h3 class=\\\"moodred uk-margin-small\\\"><b>DOFT<\\\/b><\\\/h3>\\n\n\n<p class=\\\"intro2 uk-margin-small\\\">Doftmarknadsf\\u00f6ring anv\\u00e4nds p\\u00e5 hotellen f\\u00f6r att skapa en inbjudande atmosf\\u00e4r och maskera o\\u00f6nskade lukter, som till exempel klor fr\\u00e5n inomhuspooler, vilket ger en mer behaglig upplevelse f\\u00f6r g\\u00e4sterna.<\\\/p>\",\"margin\":\"default\"}}]},{\"type\":\"column\",\"props\":{\"image_position\":\"center-center\",\"position_sticky_breakpoint\":\"m\",\"width_medium\":\"1-2\"},\"children\":[{\"type\":\"image\",\"props\":{\"image\":\"wp-content\\\/uploads\\\/2024\\\/07\\\/choice-pool.webp\",\"image_svg_color\":\"emphasis\",\"margin\":\"default\",\"text_align\":\"center\"}}]}],\"props\":{\"column_gap\":\"large\",\"layout\":\"1-2,1-2\"}}]},{\"type\":\"section\",\"props\":{\"css\":\".el-section{\\n\\tbackground-color: #222222;\\n}\",\"id\":\"contact\",\"image_position\":\"center-center\",\"style\":\"secondary\",\"title_breakpoint\":\"xl\",\"title_position\":\"top-left\",\"title_rotation\":\"left\",\"vertical_align\":\"middle\",\"width\":\"default\"},\"children\":[{\"type\":\"row\",\"children\":[{\"type\":\"column\",\"props\":{\"image_position\":\"center-center\",\"position_sticky_breakpoint\":\"m\"},\"children\":[{\"type\":\"headline\",\"props\":{\"content\":\"KONTAKTA OSS\",\"margin\":\"small\",\"text_align\":\"center\",\"title_element\":\"h2\"}},{\"type\":\"text\",\"props\":{\"column_breakpoint\":\"m\",\"content\":\"\n\n<p>F\\u00f6rh\\u00f6j kundupplevelsen med hj\\u00e4lp av Mood Nordics l\\u00f6sningar.<\\\/p>\",\"margin\":\"small\",\"text_align\":\"center\",\"text_style\":\"large\"}},{\"type\":\"text\",\"props\":{\"block_align\":\"center\",\"column_breakpoint\":\"m\",\"content\":\"[contact-form-7 id=\\\"e56d022\\\" title=\\\"Kontaktformul\\u00e4r Vertical 2\\\"]\",\"css\":\".el-element .wpcf7-spinner{\\n\\tposition: absolute;\\n    margin-left: -30px;\\n    margin-top: 8px;\\n}\",\"margin\":\"default\",\"maxwidth\":\"xlarge\"}}]}]}],\"name\":\"Section Contact Form New\"}],\"version\":\"4.3.10\"} --><\/p>","protected":false},"excerpt":{"rendered":"<p>CHOICE HOTELSFALLSTUDIE \u201cWithin the last year, many Choice Hotels have incorporated sensory marketing elements to help enhance the overall guest experience. Whether it involves incorporating a neutralizing scent to help eliminate the chlorine smell at an indoor swimming pool or playing inviting background music to enhance the atmosphere in a lobby, more and more hoteliers [&hellip;]<\/p>","protected":false},"author":1,"featured_media":0,"parent":0,"menu_order":0,"comment_status":"closed","ping_status":"closed","template":"","meta":{"footnotes":""},"class_list":["post-3668","page","type-page","status-publish","hentry"],"_links":{"self":[{"href":"https:\/\/moodnordic.se\/nb\/wp-json\/wp\/v2\/pages\/3668"}],"collection":[{"href":"https:\/\/moodnordic.se\/nb\/wp-json\/wp\/v2\/pages"}],"about":[{"href":"https:\/\/moodnordic.se\/nb\/wp-json\/wp\/v2\/types\/page"}],"author":[{"embeddable":true,"href":"https:\/\/moodnordic.se\/nb\/wp-json\/wp\/v2\/users\/1"}],"replies":[{"embeddable":true,"href":"https:\/\/moodnordic.se\/nb\/wp-json\/wp\/v2\/comments?post=3668"}],"version-history":[{"count":26,"href":"https:\/\/moodnordic.se\/nb\/wp-json\/wp\/v2\/pages\/3668\/revisions"}],"predecessor-version":[{"id":7661,"href":"https:\/\/moodnordic.se\/nb\/wp-json\/wp\/v2\/pages\/3668\/revisions\/7661"}],"wp:attachment":[{"href":"https:\/\/moodnordic.se\/nb\/wp-json\/wp\/v2\/media?parent=3668"}],"curies":[{"name":"wp","href":"https:\/\/api.w.org\/{rel}","templated":true}]}}