{"id":3729,"date":"2024-07-28T15:55:38","date_gmt":"2024-07-28T15:55:38","guid":{"rendered":"https:\/\/mood.admaxstage.com\/?page_id=3729"},"modified":"2025-08-05T13:53:03","modified_gmt":"2025-08-05T13:53:03","slug":"dream-hotel-group","status":"publish","type":"page","link":"https:\/\/moodnordic.se\/nb\/dream-hotel-group\/","title":{"rendered":"Dream Hotel Group - Audiovisuelle l\u00f8sninger for hoteller"},"content":{"rendered":"<h1>DREAM HOTEL GROUP<br \/><span style=\"color: #ddd;\">CASE STUDY<\/span><\/h1>\n<div>\n<div style=\"width: 20%; height: 10px; background: #cd102f; float: left; clear: both;\"><\/div>\n<\/div>\n<div>\"Det mest unike utestedet i Dream Hotel Groups portef\u00f8lje. Mood Medias engasjement for dette prosjektet var tydelig gjennom hele prosessen. De var helt og holdent forpliktet til \u00e5 gj\u00f8re Dream Nashville til en ubestridelig suksess.\"<\/div>\n<div>- Dimitri Mitropoulos<br \/>\nVisepresident<br \/>\nDream Hotel Group<\/div>\n<p>\n    <a href=\"#contact\">Kontakt oss<\/a>\n<\/p>\n<h2>OM <span class=\"moodred\">DREAM HOTELS<\/span><\/h2>\n<div>\n<p>Dream Hotel Group er et fremtredende hotellmerkevare- og managementselskap med over 30 \u00e5rs erfaring i den konkurranseutsatte hotellbransjen. Gruppen forvalter en bred portef\u00f8lje som inkluderer Dream Hotels, Time Hotels, The Chatwal og Unscripted Hotel. Dream Hotel Group opererer innenfor tre hovedomr\u00e5der: egne merkevarer, hotelldrift samt restaurant- og utelivskonsepter.<\/p>\n<\/div>\n<div>\n<h3 class=\"moodred uk-margin-small\">DR\u00d8MMEN TIL NASHVILLE<\/h3>\n<p class=\"uk-margin-small\">Nashville - \"Music City, USA\" - fortsetter \u00e5 blomstre som en dynamisk destinasjon for musikkelskere, og tiltrekker seg b\u00e5de nye innbyggere og bes\u00f8kende, og Dream Hotel Group s\u00e5 en mulighet til \u00e5 gj\u00f8re en forskjell. Sammen med den lokale utviklingsgruppen Royal Investments kunngjorde de et nytt hotell midt i det pulserende hjertet av Nashville sentrum.<\/p>\n<h3 class=\"moodred uk-margin-small\">OMDEFINERER HOTELLOPPLEVELSER GJENNOM AUDIOVISUELL INNOVASJON<\/h3>\n<p class=\"uk-margin-small\">Dream Hotels er kjent for \u00e5 flytte grensene for moderne hotellgjestfrihet. Dream Nashville er et eksempel p\u00e5 denne filosofien, og tilbyr eksklusive fasiliteter og underholdning som forbedrer gjesteopplevelsen. For \u00e5 oppn\u00e5 dette s\u00f8kte Dream Hotels etter en erfaren partner innen audiovisuelle l\u00f8sninger for \u00e5 skape et omfattende og oppslukende AV-system - perfekt for Music City.<\/p>\n<h3 class=\"moodred bold  uk-margin-small\">INNLEID FOR DESIGN. HYRET INN IGJEN FOR INSTALLASJONEN.<\/h3>\n<p class=\"uk-margin-small\">Mood Media, som er anerkjent som en ledende leverand\u00f8r av audiovisuelle l\u00f8sninger og medietjenester i hotellbransjen, ble valgt p\u00e5 grunn av sin ekspertise. Oppdraget gikk ut p\u00e5 \u00e5 designe en audiovisuell opplevelse i verdensklasse for Dream Nashvilles elleve ulike spisesteder og underholdningssteder. Etter at designet var godkjent, fikk Mood Media ogs\u00e5 ansvaret for installasjonen.<\/p>\n<\/div>\n<div>\n<h3 class=\"moodred bold uk-margin-small\">MOTESHOW. GRAMMYVINNERE. LIVEOPPTREDENER.<\/h3>\n<p class=\"uk-margin-small\">Mood Media samarbeidet med Bose for \u00e5 skape en s\u00f8ml\u00f8s <a href=\"https:\/\/moodnordic.se\/nb\/audiovisuella-system\/professionella-ljudsystem\/\">integrert lydopplevelse<\/a> i ulike hotellmilj\u00f8er. Bose DM8- og DM6-h\u00f8yttalere og DM10S-subwoofere leverer fyldig, omgivende lyd i hotellbarer og restauranter. Hvert rom er utstyrt med Dante-innganger for liveopptredener, og \"Party Mode\"-funksjonen bruker Bose ControlSpace DSP og PowerMatch-utgangstrinnet for arrangementer med h\u00f8y energi.<\/p>\n<p class=\"uk-margin-small\">Samsung 55- og 65-tommers skjermer, noen innrammet av Minuteman Press i Nashville, er strategisk plassert over hele hotellet for \u00e5 vise direkte-TV, digital skilting, kunst eller Dream-logoen. Styringen skjer via 7\" og 10\" Crestron-ber\u00f8ringspaneler, som gir b\u00e5de lokal og sentral kontroll. Et Bose CC64-system er ogs\u00e5 tilgjengelig i lobbyen som et ekstra kontrollalternativ.<\/p>\n<h3 class=\"moodred bold uk-margin-small\">HELGENER OG TYSTERE FESTER SAMMEN<\/h3>\n<p>For spesialrom som \"Dirty Little Secret\" og \"Snitch\" har Mood Media designet en forbedret audiovisuell opplevelse med Bose ArenaMatch-h\u00f8yttalere og ShowMatch-subwoofere, supplert med lydisolering for \u00e5 minimere forstyrrelser for gjester i n\u00e6rheten.<\/p>\n<p>Lokalet \"Dirty Little Secret\" byr gjestene p\u00e5 en visuell opplevelse med et himlingstak best\u00e5ende av 227 pixelmappede Chauvet Epix Strips, Chauvet Rogue Spotlights og en 4 meter bred 3,9 mm SquareV-videovegg. Meyer Davis LED-elementer, inspirert av h\u00f8yttalerdesign, fremhever baromr\u00e5det og skaper en levende og oppslukende atmosf\u00e6re.<\/p>\n<\/div>\n<h2>RESULTATET<\/h2>\n<div>\n<p>Mood Medias satsing p\u00e5 kvalitet har forvandlet Dream Nashville til en f\u00f8rsteklasses destinasjon. Integreringen av banebrytende lyd- og visuell teknologi, tilpasset hvert enkelt milj\u00f8, har skapt en oppslukende og dynamisk opplevelse for gjestene. Med s\u00f8ml\u00f8s levering og innovative l\u00f8sninger har Mood Media l\u00f8ftet Dream Nashvilles merkevare, noe som har f\u00f8rt til stor suksess og \u00f8kt gjestetilfredshet. Som Dream Hotel Group selv fremhever, har Moods involvering v\u00e6rt avgj\u00f8rende for \u00e5 n\u00e5 nye niv\u00e5er av luksus og engasjement.<\/p>\n<\/div>\n<h2>KONTAKT OSS<\/h2>\n<div>\n<p>Forbedre kundeopplevelsen med Mood Nordic-l\u00f8sninger.<\/p>\n<\/div>\n<div>\n<div class=\"wpcf7 no-js\" id=\"wpcf7-f2224-o1\" lang=\"sv-SE\" dir=\"ltr\" data-wpcf7-id=\"2224\">\n<div class=\"screen-reader-response\"><p role=\"status\" aria-live=\"polite\" aria-atomic=\"true\"><\/p> <ul><\/ul><\/div>\n<form action=\"\/nb\/wp-json\/wp\/v2\/pages\/3729#wpcf7-f2224-o1\" method=\"post\" class=\"wpcf7-form init\" aria-label=\"Kontaktformul\u00e4r\" novalidate=\"novalidate\" data-status=\"init\" data-trp-original-action=\"\/nb\/wp-json\/wp\/v2\/pages\/3729#wpcf7-f2224-o1\">\n<div style=\"display: none;\">\n<input type=\"hidden\" name=\"_wpcf7\" value=\"2224\" \/>\n<input type=\"hidden\" name=\"_wpcf7_version\" value=\"6.0.6\" \/>\n<input type=\"hidden\" name=\"_wpcf7_locale\" value=\"sv_SE\" \/>\n<input type=\"hidden\" name=\"_wpcf7_unit_tag\" value=\"wpcf7-f2224-o1\" \/>\n<input type=\"hidden\" name=\"_wpcf7_container_post\" value=\"0\" \/>\n<input type=\"hidden\" name=\"_wpcf7_posted_data_hash\" value=\"\" \/>\n<\/div>\n<p class=\"uk-margin-small\"><span class=\"wpcf7-form-control-wrap\" data-name=\"your-first-name\"><input size=\"40\" maxlength=\"400\" class=\"wpcf7-form-control wpcf7-text wpcf7-validates-as-required uk-input\" aria-required=\"true\" aria-invalid=\"false\" placeholder=\"Fornavn\" value=\"\" type=\"text\" name=\"your-first-name\" \/><\/span>\n<\/p>\n<p class=\"uk-margin-small\"><span class=\"wpcf7-form-control-wrap\" data-name=\"your-last-name\"><input size=\"40\" maxlength=\"400\" class=\"wpcf7-form-control wpcf7-text wpcf7-validates-as-required uk-input\" aria-required=\"true\" aria-invalid=\"false\" placeholder=\"Etternavn\" value=\"\" type=\"text\" name=\"your-last-name\" \/><\/span>\n<\/p>\n<p class=\"uk-margin-small\"><span class=\"wpcf7-form-control-wrap\" data-name=\"your-company\"><input size=\"40\" maxlength=\"400\" class=\"wpcf7-form-control wpcf7-text uk-input\" aria-invalid=\"false\" placeholder=\"Virksomheter\" value=\"\" type=\"text\" name=\"your-company\" \/><\/span>\n<\/p>\n<p class=\"uk-margin-small\"><span class=\"wpcf7-form-control-wrap\" data-name=\"your-postal-code\"><input size=\"40\" maxlength=\"400\" class=\"wpcf7-form-control wpcf7-text uk-input\" aria-invalid=\"false\" placeholder=\"Postnummer\" value=\"\" type=\"text\" name=\"your-postal-code\" \/><\/span>\n<\/p>\n<p class=\"uk-margin-small\"><span class=\"wpcf7-form-control-wrap\" data-name=\"your-phone\"><input size=\"40\" maxlength=\"400\" class=\"wpcf7-form-control wpcf7-tel wpcf7-text wpcf7-validates-as-tel uk-input\" aria-invalid=\"false\" placeholder=\"Tlf.\" value=\"\" type=\"tel\" name=\"your-phone\" \/><\/span>\n<\/p>\n<p class=\"uk-margin-small\"><span class=\"wpcf7-form-control-wrap\" data-name=\"your-email\"><input size=\"40\" maxlength=\"400\" class=\"wpcf7-form-control wpcf7-email wpcf7-validates-as-required wpcf7-text wpcf7-validates-as-email uk-input\" aria-required=\"true\" aria-invalid=\"false\" placeholder=\"E-postadresse\" value=\"\" type=\"email\" name=\"your-email\" \/><\/span>\n<\/p>\n<p class=\"uk-margin-small\"><span class=\"wpcf7-form-control-wrap\" data-name=\"your-message\"><textarea cols=\"40\" rows=\"3\" maxlength=\"2000\" class=\"wpcf7-form-control wpcf7-textarea uk-textarea\" aria-invalid=\"false\" placeholder=\"Din melding\" name=\"your-message\"><\/textarea><\/span>\n<\/p>\n<input class=\"wpcf7-form-control wpcf7-hidden\" value=\"\" type=\"hidden\" name=\"page-url\" \/>\n<div class=\"uk-margin-small uk-text-center\">\n\t<p><input class=\"wpcf7-form-control wpcf7-submit has-spinner uk-button uk-button-primary uk-width-1-1\" type=\"submit\" value=\"SKICKA\" \/>\n\t<\/p>\n<\/div><div class=\"wpcf7-response-output\" aria-hidden=\"true\"><\/div>\n<input type=\"hidden\" name=\"trp-form-language\" value=\"nb\"\/><\/form>\n<\/div>\n<\/div>\n<p><!--more--><br \/>\n<!-- {\"type\":\"layout\",\"children\":[{\"type\":\"section\",\"props\":{\"image\":\"wp-content\\\/uploads\\\/2024\\\/07\\\/dream-header-scaled-1.webp\",\"image_position\":\"center-center\",\"image_size\":\"cover\",\"media_background\":\"#878787\",\"style\":\"default\",\"text_color\":\"light\",\"title_breakpoint\":\"xl\",\"title_position\":\"top-left\",\"title_rotation\":\"left\",\"vertical_align\":\"middle\",\"width\":\"default\"},\"children\":[{\"type\":\"row\",\"children\":[{\"type\":\"column\",\"props\":{\"image_position\":\"center-center\",\"position_sticky_breakpoint\":\"m\",\"width_medium\":\"3-5\"},\"children\":[{\"type\":\"headline\",\"props\":{\"class\":\"new-hero-text\",\"content\":\"DREAM HOTEL GROUP<br \\\/><span style=\\\"color: #ddd;\\\">FALLSTUDIE<\\\/span>\",\"margin\":\"small\",\"margin_remove_bottom\":false,\"title_element\":\"h1\"}},{\"type\":\"html\",\"props\":{\"content\":\"\n\n<div style=\\\"width: 20%; height: 10px; background: #cd102f; float: left; clear: both;\\\"><\\\/div>\"}}]},{\"type\":\"column\",\"props\":{\"image_position\":\"center-center\",\"position_sticky_breakpoint\":\"m\",\"vertical_align\":\"middle\",\"width_medium\":\"2-5\"},\"children\":[{\"type\":\"text\",\"props\":{\"class\":\"intro2 uk-text-white\",\"column_breakpoint\":\"m\",\"content\":\"\\u201cThe most unique nightlife space in the Dream Hotel Group portfolio. Mood Media\\u2019s dedication to this project was evident throughout the process. They were wholly committed to making Dream Nashville an undeniable success.\\u201d\",\"margin\":\"default\"}},{\"type\":\"text\",\"props\":{\"class\":\"uk-text-white\",\"column_breakpoint\":\"m\",\"content\":\"\\u2013 Dimitri Mitropoulos<br\\\/>\\nVice President<br\\\/>\\nDream Hotel Group\",\"margin\":\"default\",\"text_style\":\"small\"}},{\"type\":\"button\",\"props\":{\"grid_column_gap\":\"small\",\"grid_row_gap\":\"small\",\"margin\":\"medium\"},\"children\":[{\"type\":\"button_item\",\"props\":{\"button_style\":\"default\",\"content\":\"Contact Us\",\"icon_align\":\"left\",\"link\":\"#contact\"}}]}]}],\"props\":{\"layout\":\"3-5,2-5\"}}],\"name\":\"Section HERO CASE STUDY\"},{\"type\":\"section\",\"props\":{\"image_position\":\"center-center\",\"style\":\"default\",\"title_breakpoint\":\"xl\",\"title_position\":\"top-left\",\"title_rotation\":\"left\",\"vertical_align\":\"middle\",\"width\":\"default\"},\"children\":[{\"type\":\"row\",\"props\":{\"column_gap\":\"large\",\"layout\":\"1-2,1-2\"},\"children\":[{\"type\":\"column\",\"props\":{\"image_position\":\"center-center\",\"position_sticky_breakpoint\":\"m\",\"width_medium\":\"1-2\"},\"children\":[{\"type\":\"headline\",\"props\":{\"content\":\"OM <span class=\\\"moodred\\\">DREAM HOTELS<\\\/span>\",\"title_element\":\"h2\"}},{\"type\":\"text\",\"props\":{\"class\":\"intro2\",\"column_breakpoint\":\"m\",\"content\":\"\n\n<p>Dream Hotel Group \\u00e4r ett framst\\u00e5ende hotellvarum\\u00e4rke och managementbolag med \\u00f6ver 30 \\u00e5rs erfarenhet i den konkurrensutsatta hotellbranschen. Gruppen f\\u00f6rvaltar en bred portf\\u00f6lj som omfattar Dream Hotels, Time Hotels, The Chatwal och Unscripted Hotel. Dream Hotel Group verkar inom tre huvudomr\\u00e5den: egna varum\\u00e4rken, hotellf\\u00f6rvaltning samt restaurang- och nattlivskoncept.<\\\/p>\",\"margin\":\"default\"}},{\"type\":\"text\",\"props\":{\"column_breakpoint\":\"m\",\"content\":\"\n\n<h3 class=\\\"moodred uk-margin-small\\\">DR\\u00d6MMEN TILL NASHVILLE<\\\/h3>\\n\n\n<p class=\\\" uk-margin-small\\\">N\\u00e4r Nashville \\u2013 \\u201cMusic City, USA\\u201d \\u2013 forts\\u00e4tter att blomstra som en dynamisk destination f\\u00f6r musik\\u00e4lskare och lockar b\\u00e5de nya inv\\u00e5nare och bes\\u00f6kare, s\\u00e5g Dream Hotel Group en m\\u00f6jlighet att g\\u00f6ra avtryck. Tillsammans med den lokala utvecklingsgruppen Royal Investments annonserade de ett nytt hotell mitt i det pulserande hj\\u00e4rtat av centrala Nashville.<\\\/p>\\n\n\n<h3 class=\\\"moodred uk-margin-small\\\">NY DEFINITION AV HOTELLUPPLEVELSER GENOM AUDIOVISUELL INNOVATION<\\\/h3>\\n\n\n<p class=\\\" uk-margin-small\\\">Dream Hotels \\u00e4r k\\u00e4nda f\\u00f6r att t\\u00e4nja gr\\u00e4nserna f\\u00f6r modern hotellg\\u00e4stfrihet. Dream Nashville f\\u00f6rkroppsligar denna filosofi genom att erbjuda exklusiva faciliteter och underh\\u00e5llning som f\\u00f6rh\\u00f6jer g\\u00e4stupplevelsen. F\\u00f6r att lyckas med detta s\\u00f6kte Dream Hotels en erfaren partner inom audiovisuella l\\u00f6sningar f\\u00f6r att skapa ett omfattande och uppslukande AV-system \\u2013 perfekt f\\u00f6r Music City.<\\\/p>\\n\n\n<h3 class=\\\"moodred bold  uk-margin-small\\\">ANLITAD F\\u00d6R DESIGNEN. ANLITAD IGEN F\\u00d6R INSTALLATIONEN.<\\\/h3>\\n\n\n<p class=\\\"uk-margin-small\\\">Mood Media, som \\u00e4r erk\\u00e4nd som ledande leverant\\u00f6r av audiovisuella l\\u00f6sningar och medietj\\u00e4nster inom hotellbranschen, valdes ut tack vare sin expertis. Uppdraget var att designa en v\\u00e4rldsklassig audiovisuell upplevelse f\\u00f6r Dream Nashvilles elva olika restauranger och n\\u00f6jesarenor. Efter att designen godk\\u00e4nts fick Mood Media \\u00e4ven f\\u00f6rtroendet att ansvara f\\u00f6r installationen.<\\\/p>\",\"margin\":\"default\"}}]},{\"type\":\"column\",\"props\":{\"image_position\":\"center-center\",\"position_sticky_breakpoint\":\"m\",\"width_medium\":\"1-2\"},\"children\":[{\"type\":\"text\",\"props\":{\"column_breakpoint\":\"m\",\"content\":\"\n\n<h3 class=\\\"moodred bold uk-margin-small\\\">MODEVISNINGAR. GRAMMY-VINNARE. LIVEUPPTR\\u00c4DANDEN.<\\\/h3>\\n\n\n<p class=\\\"uk-margin-small\\\">Mood Media samarbetade med Bose f\\u00f6r att skapa en s\\u00f6ml\\u00f6st <a href=\\\"https:\\\/\\\/moodnordic.se\\\/audiovisuella-system\\\/professionella-ljudsystem\\\/\\\">integrerad ljudupplevelse<\\\/a> i olika hotellmilj\\u00f6er. Bose DM8- och DM6-h\\u00f6gtalare samt DM10S-subwoofers levererar ett fylligt, ambient ljud i hotellets barer och restauranger. Varje lokal \\u00e4r utrustad med Dante-ing\\u00e5ngar f\\u00f6r liveupptr\\u00e4danden, och \\u201cParty Mode\\u201d-funktionen anv\\u00e4nder Bose ControlSpace DSP och PowerMatch-slutsteg f\\u00f6r energifyllda event.<\\\/p>\\n\n\n<p class=\\\"uk-margin-small\\\">Samsung 55\\u201d och 65\\u201d sk\\u00e4rmar, vissa inramade av Nashvilles Minuteman Press, \\u00e4r strategiskt placerade i hela hotellet f\\u00f6r att visa live-TV, digital skyltning, konst eller Dream-logotypen. Styrning sker via 7\\u201d och 10\\u201d Crestron Touch Panels, vilket ger b\\u00e5de lokal och central kontroll. I lobbyn finns \\u00e4ven ett Bose CC64-system som ytterligare styrningsalternativ.<\\\/p>\\n\n\n<h3 class=\\\"moodred bold uk-margin-small\\\">SAINTS OCH SNITCHES FESTAR TILLSAMMANS<\\\/h3>\\n\n\n<p>F\\u00f6r specialutrymmen som \\u201cDirty Little Secret\\u201d och \\u201cSnitch\\u201d har Mood Media designat en f\\u00f6rst\\u00e4rkt audiovisuell upplevelse med Bose ArenaMatch-h\\u00f6gtalare och ShowMatch-subwoofers, kompletterat med ljudisolering f\\u00f6r att minimera st\\u00f6rningar f\\u00f6r n\\u00e4rliggande g\\u00e4ster.<\\\/p>\\n\n\n<p>I \\u201cDirty Little Secret\\u201d-lokalen bjuds g\\u00e4sterna p\\u00e5 en visuell upplevelse med ett h\\u00e4ngande tak av 227 pixel-mappade Chauvet Epix Strips, Chauvet Rogue Spotlights och en 4 meter bred 3,9 mm SquareV videov\\u00e4gg. Meyer Davis LED-element, inspirerat av h\\u00f6gtalardesign, f\\u00f6rst\\u00e4rker baromr\\u00e5det och skapar en levande och uppslukande atmosf\\u00e4r.<\\\/p>\",\"margin\":\"default\"}}]}]}]},{\"type\":\"section\",\"props\":{\"image\":\"wp-content\\\/uploads\\\/2024\\\/07\\\/speakerdark.webp\",\"image_position\":\"center-center\",\"image_size\":\"cover\",\"media_background\":\"#7C7C7C\",\"media_blend_mode\":\"multiply\",\"style\":\"default\",\"text_color\":\"light\",\"title_breakpoint\":\"xl\",\"title_position\":\"top-left\",\"title_rotation\":\"left\",\"vertical_align\":\"middle\",\"width\":\"default\"},\"children\":[{\"type\":\"row\",\"children\":[{\"type\":\"column\",\"props\":{\"image_position\":\"center-center\",\"position_sticky_breakpoint\":\"m\",\"width_medium\":\"1-2\"},\"children\":[{\"type\":\"headline\",\"props\":{\"content\":\"RESULTATET\",\"text_align\":\"left\",\"text_align_breakpoint\":\"s\",\"text_align_fallback\":\"center\",\"title_element\":\"h2\"}},{\"type\":\"text\",\"props\":{\"class\":\"intro2 \",\"column_breakpoint\":\"m\",\"content\":\"\n\n<p>Mood Medias engagemang f\\u00f6r kvalitet har f\\u00f6rvandlat Dream Nashville till en f\\u00f6rstklassig destination. Integrationen av avancerad ljud- och bildteknik, anpassad f\\u00f6r varje milj\\u00f6, skapade en uppslukande och dynamisk upplevelse f\\u00f6r g\\u00e4sterna. Med s\\u00f6ml\\u00f6s leverans och innovativa l\\u00f6sningar har Mood Media lyft Dream Nashvilles varum\\u00e4rke, vilket lett till stor framg\\u00e5ng och \\u00f6kad g\\u00e4stn\\u00f6jdhet. Som Dream Hotel Group sj\\u00e4lva lyfter fram har Moods engagemang varit avg\\u00f6rande f\\u00f6r att n\\u00e5 nya niv\\u00e5er av lyx och engagemang.<\\\/p>\",\"margin\":\"default\",\"text_align\":\"left\"}}]},{\"type\":\"column\",\"props\":{\"image_position\":\"center-center\",\"position_sticky_breakpoint\":\"m\",\"width_medium\":\"1-2\"},\"children\":[{\"type\":\"text\",\"props\":{\"class\":\"intro2 \",\"column_breakpoint\":\"m\",\"content\":\"\",\"margin\":\"default\",\"text_align\":\"left\"}}]}],\"props\":{\"column_gap\":\"large\",\"layout\":\"1-2,1-2\"}}]},{\"type\":\"section\",\"props\":{\"css\":\".el-section{\\n\\tbackground-color: #222222;\\n}\",\"id\":\"contact\",\"image_position\":\"center-center\",\"style\":\"secondary\",\"title_breakpoint\":\"xl\",\"title_position\":\"top-left\",\"title_rotation\":\"left\",\"vertical_align\":\"middle\",\"width\":\"default\"},\"children\":[{\"type\":\"row\",\"children\":[{\"type\":\"column\",\"props\":{\"image_position\":\"center-center\",\"position_sticky_breakpoint\":\"m\"},\"children\":[{\"type\":\"headline\",\"props\":{\"content\":\"KONTAKTA OSS\",\"margin\":\"small\",\"text_align\":\"center\",\"title_element\":\"h2\"}},{\"type\":\"text\",\"props\":{\"column_breakpoint\":\"m\",\"content\":\"\n\n<p>F\\u00f6rh\\u00f6j kundupplevelsen med hj\\u00e4lp av Mood Nordics l\\u00f6sningar.<\\\/p>\",\"margin\":\"small\",\"text_align\":\"center\",\"text_style\":\"large\"}},{\"type\":\"text\",\"props\":{\"block_align\":\"center\",\"column_breakpoint\":\"m\",\"content\":\"[contact-form-7 id=\\\"e56d022\\\" title=\\\"Kontaktformul\\u00e4r Vertical 2\\\"]\",\"css\":\".el-element .wpcf7-spinner{\\n\\tposition: absolute;\\n    margin-left: -30px;\\n    margin-top: 8px;\\n}\",\"margin\":\"default\",\"maxwidth\":\"xlarge\"}}]}]}],\"name\":\"Section Contact Form New\"}],\"version\":\"4.3.10\"} --><\/p>","protected":false},"excerpt":{"rendered":"<p>DREAM HOTEL GROUPFALLSTUDIE \u201cThe most unique nightlife space in the Dream Hotel Group portfolio. Mood Media\u2019s dedication to this project was evident throughout the process. They were wholly committed to making Dream Nashville an undeniable success.\u201d \u2013 Dimitri Mitropoulos Vice President Dream Hotel Group Contact Us OM DREAM HOTELS Dream Hotel Group \u00e4r ett framst\u00e5ende [&hellip;]<\/p>","protected":false},"author":1,"featured_media":0,"parent":0,"menu_order":0,"comment_status":"closed","ping_status":"closed","template":"","meta":{"footnotes":""},"class_list":["post-3729","page","type-page","status-publish","hentry"],"_links":{"self":[{"href":"https:\/\/moodnordic.se\/nb\/wp-json\/wp\/v2\/pages\/3729"}],"collection":[{"href":"https:\/\/moodnordic.se\/nb\/wp-json\/wp\/v2\/pages"}],"about":[{"href":"https:\/\/moodnordic.se\/nb\/wp-json\/wp\/v2\/types\/page"}],"author":[{"embeddable":true,"href":"https:\/\/moodnordic.se\/nb\/wp-json\/wp\/v2\/users\/1"}],"replies":[{"embeddable":true,"href":"https:\/\/moodnordic.se\/nb\/wp-json\/wp\/v2\/comments?post=3729"}],"version-history":[{"count":40,"href":"https:\/\/moodnordic.se\/nb\/wp-json\/wp\/v2\/pages\/3729\/revisions"}],"predecessor-version":[{"id":7836,"href":"https:\/\/moodnordic.se\/nb\/wp-json\/wp\/v2\/pages\/3729\/revisions\/7836"}],"wp:attachment":[{"href":"https:\/\/moodnordic.se\/nb\/wp-json\/wp\/v2\/media?parent=3729"}],"curies":[{"name":"wp","href":"https:\/\/api.w.org\/{rel}","templated":true}]}}