{"id":3751,"date":"2024-07-28T16:45:32","date_gmt":"2024-07-28T16:45:32","guid":{"rendered":"https:\/\/mood.admaxstage.com\/?page_id=3751"},"modified":"2025-08-07T09:24:55","modified_gmt":"2025-08-07T09:24:55","slug":"mcdonalds-romania","status":"publish","type":"page","link":"https:\/\/moodnordic.se\/nb\/mcdonalds-romania\/","title":{"rendered":"McDonald\u2019s Romania \u2013 Audiovisuella l\u00f6sningar f\u00f6r snabbmatskedjor"},"content":{"rendered":"<h1>MCDONALD'S ROMANIA<br \/><span style=\"color: #ddd;\">CASE STUDY<\/span><\/h1>\n<div>\n<div style=\"width: 20%; height: 10px; background: #cd102f; float: left; clear: both;\"><\/div>\n<\/div>\n<h2>OM <span class=\"moodred\">MCDONALD'S<\/span><\/h2>\n<div>\n<p>McDonald's er verdens st\u00f8rste hurtigmatkjede med over 40 000 restauranter som daglig betjener mer enn 69 millioner kunder i over 100 land.<\/p>\n<p>I Romania drives McDonald's-restaurantene, inkludert drive-thru og McCaf\u00e9, av Premier Restaurants Romania, som leverer den velkjente McDonald's-opplevelsen over hele landet.<\/p>\n<\/div>\n<div>\n<h3>SAMMENDRAG AV CASESTUDIE<\/h3>\n<div>\n<ul>\n<li>Bakgrunnsmusikk<\/li>\n<li>Digital skilting<\/li>\n<li>Digitale menytavler<\/li>\n<li>Videovegger<\/li>\n<li>Informasjonskiosker<\/li>\n<li>Ber\u00f8ringsskjermer og nettbrett<\/li>\n<li>Innholdsproduksjon og CMS<\/li>\n<\/ul>\n<ul class=\"uk-list uk-list-disc\"><\/ul>\n<\/div>\n<\/div>\n<h2>M\u00c5LSETTING<\/h2>\n<div>\n<p>McDonald's Romania, som allerede var en lojal kunde av Mood Media for musikktjenester, ga oss i oppdrag \u00e5 gjennomf\u00f8re et omfattende prosjekt for \u00e5 forbedre kommunikasjonen p\u00e5 utsalgsstedene. M\u00e5let var \u00e5 g\u00e5 over til et digitalt system som tilbyr fleksibilitet, p\u00e5litelighet og eksepsjonell verdi.<\/p>\n<p>Mood Medias brede kompetanse og omfattende kapasitet - inkludert r\u00e5dgivning, systemdesign, installasjon og integrering av programvare og maskinvare, videoproduksjon, innholdsstyring, prosjektledelse og vedlikehold - var viktige grunner til at McDonald's valgte oss som partner for <a href=\"https:\/\/moodnordic.se\/nb\/digital-skyltning\/\">digital skilting<\/a>.<\/p>\n<\/div>\n<h2>L\u00d8SNINGER<\/p>\n<div id=\"gtx-anchor\" style=\"position: absolute; visibility: hidden; left: 10px; top: 12px; width: 104.297px; height: 18px;\"><\/div>\n<div class=\"jfk-bubble gtx-bubble\" role=\"alertdialog\" aria-describedby=\"bubble-2\" style=\"visibility: visible; left: 47px; top: 40px; opacity: 1;\">\n<div class=\"jfk-bubble-content-id\" id=\"bubble-2\">\n<div id=\"gtx-host\" style=\"min-width: 200px; max-width: 400px;\"><\/div>\n<\/div>\n<div class=\"jfk-bubble-closebtn-id jfk-bubble-closebtn\" aria-label=\"Lukk\" role=\"button\" tabindex=\"0\"><\/div>\n<div class=\"jfk-bubble-arrow-id jfk-bubble-arrow jfk-bubble-arrowup\" style=\"left: 52px;\">\n<div class=\"jfk-bubble-arrowimplbefore\"><\/div>\n<div class=\"jfk-bubble-arrowimplafter\"><\/div>\n<\/div>\n<\/div>\n<\/h2>\n<ul>\n<li>\n<p><img decoding=\"async\" src=\"\/wp-content\/uploads\/2024\/07\/mcd-ds.webp\" alt=\"\"><\/p>\n<h3>DIGITAL SKILTING<\/h3>\n<div>\n<p>Mood Media har designet, installert og konfigurert maskinvaren til McDonald's Romanias omfattende l\u00f8sning for digital skilting. Dette inkluderer digitale menytavler, videovegger, digitale prislister, infokiosker, ber\u00f8ringsskjermer, nettbrett og andre individuelle skjermer i restaurantene.<\/p>\n<\/div>\n<\/li>\n<li>\n<p><img decoding=\"async\" src=\"\/wp-content\/uploads\/2024\/07\/mcds-content.webp\" alt=\"\"><\/p>\n<h3>INNHOLDSPRODUKSJON &amp; CMS<\/h3>\n<div>\n<p>V\u00e5rt kreative team tilbyr l\u00f8pende r\u00e5dgivning og kreative tjenester, og s\u00f8rger for engasjerende videoinnhold gjennom Mood Medias publiseringsverkt\u00f8y Harmony (CMS). Dette systemet hjelper McDonald's Romania med \u00e5 levere dynamisk og visuelt tiltalende innhold hver dag.<\/p>\n<\/div>\n<\/li>\n<li>\n<p><img decoding=\"async\" src=\"\/wp-content\/uploads\/2024\/07\/mcd-ds.webp\" alt=\"\"><\/p>\n<h3>MUSIKK<\/h3>\n<div>\n<p>Mood Media lager et levende utvalg av spillelister med bakgrunnsmusikk for alle McDonald's-restauranter i Romania. Spillelistene inneholder en blanding av pop, hits, elektro og klubbmusikk for \u00e5 holde stemningen frisk og energisk.<\/p>\n<\/div>\n<\/li>\n<\/ul>\n<h2><span class=\"moodred\">RESULTATET<\/span><\/h2>\n<div>\n<p>McDonald's Romania har satt en ny standard i bransjen ved \u00e5 g\u00e5 i bresjen for dette omfattende digitale skiltingsprosjektet. Den forbedrede l\u00f8sningen har styrket merkevareimaget og hatt en positiv innvirkning p\u00e5 salgsresultatene. Den har effektivisert formidlingen av informasjon, oppl\u00e6ring, mersalg og inspirasjon ved viktige kundem\u00f8ter, noe som har f\u00f8rt til en mer engasjerende og effektiv kundeopplevelse.<\/p>\n<\/div>\n<h2>KONTAKT OSS<\/h2>\n<div>\n<p>Gj\u00f8r restaurantopplevelsen bedre med Mood Nordic-l\u00f8sninger.<\/p>\n<\/div>\n<div>\n<div class=\"wpcf7 no-js\" id=\"wpcf7-f2224-o1\" lang=\"sv-SE\" dir=\"ltr\" data-wpcf7-id=\"2224\">\n<div class=\"screen-reader-response\"><p role=\"status\" aria-live=\"polite\" aria-atomic=\"true\"><\/p> <ul><\/ul><\/div>\n<form action=\"\/nb\/wp-json\/wp\/v2\/pages\/3751#wpcf7-f2224-o1\" method=\"post\" class=\"wpcf7-form init\" aria-label=\"Kontaktformul\u00e4r\" novalidate=\"novalidate\" data-status=\"init\" data-trp-original-action=\"\/nb\/wp-json\/wp\/v2\/pages\/3751#wpcf7-f2224-o1\">\n<div style=\"display: none;\">\n<input type=\"hidden\" name=\"_wpcf7\" value=\"2224\" \/>\n<input type=\"hidden\" name=\"_wpcf7_version\" value=\"6.0.6\" \/>\n<input type=\"hidden\" name=\"_wpcf7_locale\" value=\"sv_SE\" \/>\n<input type=\"hidden\" name=\"_wpcf7_unit_tag\" value=\"wpcf7-f2224-o1\" \/>\n<input type=\"hidden\" name=\"_wpcf7_container_post\" value=\"0\" \/>\n<input type=\"hidden\" name=\"_wpcf7_posted_data_hash\" value=\"\" \/>\n<\/div>\n<p class=\"uk-margin-small\"><span class=\"wpcf7-form-control-wrap\" data-name=\"your-first-name\"><input size=\"40\" maxlength=\"400\" class=\"wpcf7-form-control wpcf7-text wpcf7-validates-as-required uk-input\" aria-required=\"true\" aria-invalid=\"false\" placeholder=\"Fornavn\" value=\"\" type=\"text\" name=\"your-first-name\" \/><\/span>\n<\/p>\n<p class=\"uk-margin-small\"><span class=\"wpcf7-form-control-wrap\" data-name=\"your-last-name\"><input size=\"40\" maxlength=\"400\" class=\"wpcf7-form-control wpcf7-text wpcf7-validates-as-required uk-input\" aria-required=\"true\" aria-invalid=\"false\" placeholder=\"Etternavn\" value=\"\" type=\"text\" name=\"your-last-name\" \/><\/span>\n<\/p>\n<p class=\"uk-margin-small\"><span class=\"wpcf7-form-control-wrap\" data-name=\"your-company\"><input size=\"40\" maxlength=\"400\" class=\"wpcf7-form-control wpcf7-text uk-input\" aria-invalid=\"false\" placeholder=\"Virksomheter\" value=\"\" type=\"text\" name=\"your-company\" \/><\/span>\n<\/p>\n<p class=\"uk-margin-small\"><span class=\"wpcf7-form-control-wrap\" data-name=\"your-postal-code\"><input size=\"40\" maxlength=\"400\" class=\"wpcf7-form-control wpcf7-text uk-input\" aria-invalid=\"false\" placeholder=\"Postnummer\" value=\"\" type=\"text\" name=\"your-postal-code\" \/><\/span>\n<\/p>\n<p class=\"uk-margin-small\"><span class=\"wpcf7-form-control-wrap\" data-name=\"your-phone\"><input size=\"40\" maxlength=\"400\" class=\"wpcf7-form-control wpcf7-tel wpcf7-text wpcf7-validates-as-tel uk-input\" aria-invalid=\"false\" placeholder=\"Tlf.\" value=\"\" type=\"tel\" name=\"your-phone\" \/><\/span>\n<\/p>\n<p class=\"uk-margin-small\"><span class=\"wpcf7-form-control-wrap\" data-name=\"your-email\"><input size=\"40\" maxlength=\"400\" class=\"wpcf7-form-control wpcf7-email wpcf7-validates-as-required wpcf7-text wpcf7-validates-as-email uk-input\" aria-required=\"true\" aria-invalid=\"false\" placeholder=\"E-postadresse\" value=\"\" type=\"email\" name=\"your-email\" \/><\/span>\n<\/p>\n<p class=\"uk-margin-small\"><span class=\"wpcf7-form-control-wrap\" data-name=\"your-message\"><textarea cols=\"40\" rows=\"3\" maxlength=\"2000\" class=\"wpcf7-form-control wpcf7-textarea uk-textarea\" aria-invalid=\"false\" placeholder=\"Din melding\" name=\"your-message\"><\/textarea><\/span>\n<\/p>\n<input class=\"wpcf7-form-control wpcf7-hidden\" value=\"\" type=\"hidden\" name=\"page-url\" \/>\n<div class=\"uk-margin-small uk-text-center\">\n\t<p><input class=\"wpcf7-form-control wpcf7-submit has-spinner uk-button uk-button-primary uk-width-1-1\" type=\"submit\" value=\"SKICKA\" \/>\n\t<\/p>\n<\/div><div class=\"wpcf7-response-output\" aria-hidden=\"true\"><\/div>\n<input type=\"hidden\" name=\"trp-form-language\" value=\"nb\"\/><\/form>\n<\/div>\n<\/div>\n<p><!--more--><br \/>\n<!-- {\"type\":\"layout\",\"children\":[{\"type\":\"section\",\"props\":{\"image\":\"wp-content\\\/uploads\\\/2024\\\/07\\\/mcds-2023-hero.webp\",\"image_position\":\"center-center\",\"image_size\":\"cover\",\"media_background\":\"#9B9B9B\",\"media_blend_mode\":\"multiply\",\"style\":\"default\",\"text_color\":\"light\",\"title_breakpoint\":\"xl\",\"title_position\":\"top-left\",\"title_rotation\":\"left\",\"vertical_align\":\"middle\",\"width\":\"default\"},\"children\":[{\"type\":\"row\",\"children\":[{\"type\":\"column\",\"props\":{\"image_position\":\"center-center\",\"position_sticky_breakpoint\":\"m\",\"width_medium\":\"3-5\"},\"children\":[{\"type\":\"headline\",\"props\":{\"class\":\"new-hero-text\",\"content\":\"MCDONALD\\u2019S RUM\\u00c4NIEN<br \\\/><span style=\\\"color: #ddd;\\\">FALLSTUDIE<\\\/span>\",\"margin\":\"small\",\"margin_remove_bottom\":false,\"title_element\":\"h1\"}},{\"type\":\"html\",\"props\":{\"content\":\"\n\n<div style=\\\"width: 20%; height: 10px; background: #cd102f; float: left; clear: both;\\\"><\\\/div>\"}}]},{\"type\":\"column\",\"props\":{\"image_position\":\"center-center\",\"position_sticky_breakpoint\":\"m\",\"vertical_align\":\"middle\",\"width_medium\":\"2-5\"}}],\"props\":{\"layout\":\"3-5,2-5\"}}],\"name\":\"Section HERO CASE STUDY\"},{\"type\":\"section\",\"props\":{\"image_position\":\"center-center\",\"style\":\"default\",\"title_breakpoint\":\"xl\",\"title_position\":\"top-left\",\"title_rotation\":\"left\",\"vertical_align\":\"middle\",\"width\":\"default\"},\"children\":[{\"type\":\"row\",\"props\":{\"column_gap\":\"large\",\"layout\":\"2-3,1-3\"},\"children\":[{\"type\":\"column\",\"props\":{\"image_position\":\"center-center\",\"position_sticky_breakpoint\":\"m\",\"width_medium\":\"2-3\"},\"children\":[{\"type\":\"headline\",\"props\":{\"content\":\"OM <span class=\\\"moodred\\\">MCDONALD\\u2019S<\\\/span>\",\"title_element\":\"h2\"}},{\"type\":\"text\",\"props\":{\"class\":\"intro2\",\"column_breakpoint\":\"m\",\"content\":\"\n\n<p>McDonald\\u2019s \\u00e4r v\\u00e4rldens st\\u00f6rsta snabbmatskedja med \\u00f6ver 40 000 restauranger som dagligen serverar mer \\u00e4n 69 miljoner kunder i \\u00f6ver 100 l\\u00e4nder.<\\\/p>\\n\n\n<p>I Rum\\u00e4nien drivs McDonald\\u2019s restauranger, inklusive drive-thru och McCaf\\u00e9, av Premier Restaurants Romania, som levererar den v\\u00e4lk\\u00e4nda McDonald\\u2019s-upplevelsen \\u00f6ver hela landet.<\\\/p>\",\"margin\":\"default\"}}]},{\"type\":\"column\",\"props\":{\"image_position\":\"center-center\",\"position_sticky_breakpoint\":\"m\",\"width_medium\":\"1-3\"},\"children\":[{\"type\":\"panel\",\"props\":{\"content\":\"\n\n<ul>\\n\n\n<li>Bakgrundsmusik<\\\/li>\\n\n\n<li>Digital skyltning<\\\/li>\\n\n\n<li>Digitala menytavlor<\\\/li>\\n\n\n<li>Videov\\u00e4ggar<\\\/li>\\n\n\n<li>Info-kiosker<\\\/li>\\n\n\n<li>Peksk\\u00e4rmar &amp; surfplattor<\\\/li>\\n\n\n<li>Inneh\\u00e5llsproduktion &amp; CMS<\\\/li>\\n<\\\/ul>\\n\n\n<ul class=\\\"uk-list uk-list-disc\\\"><\\\/ul>\",\"content_column_breakpoint\":\"m\",\"icon_width\":80,\"image_align\":\"top\",\"image_grid_breakpoint\":\"m\",\"image_grid_width\":\"1-2\",\"image_svg_color\":\"emphasis\",\"link_style\":\"default\",\"link_text\":\"Read more\",\"margin\":\"default\",\"meta_align\":\"below-title\",\"meta_element\":\"div\",\"meta_style\":\"text-meta\",\"panel_padding\":\"default\",\"panel_style\":\"tile-muted\",\"title\":\"FALLSTUDIE SAMMANFATTNING\",\"title_align\":\"top\",\"title_color\":\"primary\",\"title_element\":\"h3\",\"title_grid_breakpoint\":\"m\",\"title_grid_width\":\"1-2\",\"title_hover_style\":\"reset\"}}]}]}]},{\"type\":\"section\",\"props\":{\"image\":\"wp-content\\\/uploads\\\/2024\\\/07\\\/mcds-middle.webp\",\"image_position\":\"center-center\",\"image_size\":\"cover\",\"media_background\":\"#7C7C7C\",\"media_blend_mode\":\"multiply\",\"style\":\"default\",\"text_color\":\"light\",\"title_breakpoint\":\"xl\",\"title_position\":\"top-left\",\"title_rotation\":\"left\",\"vertical_align\":\"middle\",\"width\":\"default\"},\"children\":[{\"type\":\"row\",\"children\":[{\"type\":\"column\",\"props\":{\"image_position\":\"center-center\",\"position_sticky_breakpoint\":\"m\"},\"children\":[{\"type\":\"headline\",\"props\":{\"content\":\"M\\u00c5LS\\u00c4TTNING\",\"text_align\":\"center\",\"title_element\":\"h2\"}},{\"type\":\"text\",\"props\":{\"class\":\"intro2 uk-text-white\",\"column_breakpoint\":\"m\",\"content\":\"\n\n<p>McDonald\\u2019s Rum\\u00e4nien, som redan var en trogen kund hos Mood Media f\\u00f6r musiktj\\u00e4nster, gav oss i uppdrag att genomf\\u00f6ra ett omfattande projekt f\\u00f6r att f\\u00f6rb\\u00e4ttra kommunikationen vid f\\u00f6rs\\u00e4ljningspunkterna. M\\u00e5let var att \\u00f6verg\\u00e5 till ett digitalt system som erbjuder flexibilitet, drifts\\u00e4kerhet och exceptionellt v\\u00e4rde.<\\\/p>\\n\n\n<p>Mood Medias breda expertis och omfattande kapacitet \\u2013 inklusive r\\u00e5dgivning, systemdesign, installation och integration av mjukvara och h\\u00e5rdvara, videoproduktion, inneh\\u00e5llshantering, projektledning och underh\\u00e5ll \\u2013 var avg\\u00f6rande sk\\u00e4l till att McDonald\\u2019s valde oss som partner f\\u00f6r <a href=\\\"https:\\\/\\\/moodnordic.se\\\/digital-skyltning\\\/\\\">digital skyltning<\\\/a>.<\\\/p>\",\"margin\":\"default\",\"text_align\":\"center\"}}]}]}]},{\"type\":\"section\",\"props\":{\"image_position\":\"center-center\",\"style\":\"muted\",\"title_breakpoint\":\"xl\",\"title_position\":\"top-left\",\"title_rotation\":\"left\",\"vertical_align\":\"middle\",\"width\":\"default\"},\"children\":[{\"type\":\"row\",\"children\":[{\"type\":\"column\",\"props\":{\"image_position\":\"center-center\",\"position_sticky_breakpoint\":\"m\"},\"children\":[{\"type\":\"headline\",\"props\":{\"content\":\"L\\u00d6SNINGAR\\n\n\n<div id=\\\"gtx-anchor\\\" style=\\\"position: absolute; visibility: hidden; left: 10px; top: 12px; width: 104.297px; height: 18px;\\\"><\\\/div>\\n\n\n<div class=\\\"jfk-bubble gtx-bubble\\\" role=\\\"alertdialog\\\" aria-describedby=\\\"bubble-2\\\" style=\\\"visibility: visible; left: 47px; top: 40px; opacity: 1;\\\">\\n\n\n<div class=\\\"jfk-bubble-content-id\\\" id=\\\"bubble-2\\\">\\n\n\n<div id=\\\"gtx-host\\\" style=\\\"min-width: 200px; max-width: 400px;\\\"><\\\/div>\\n<\\\/div>\\n\n\n<div class=\\\"jfk-bubble-closebtn-id jfk-bubble-closebtn\\\" aria-label=\\\"Close\\\" role=\\\"button\\\" tabindex=\\\"0\\\"><\\\/div>\\n\n\n<div class=\\\"jfk-bubble-arrow-id jfk-bubble-arrow jfk-bubble-arrowup\\\" style=\\\"left: 52px;\\\">\\n\n\n<div class=\\\"jfk-bubble-arrowimplbefore\\\"><\\\/div>\\n\n\n<div class=\\\"jfk-bubble-arrowimplafter\\\"><\\\/div>\\n<\\\/div>\\n<\\\/div>\",\"text_align\":\"left\",\"text_align_breakpoint\":\"s\",\"text_align_fallback\":\"center\",\"title_element\":\"h2\"}},{\"type\":\"grid\",\"props\":{\"content_column_breakpoint\":\"m\",\"content_margin\":\"small\",\"css\":\".el-title{\\n    font-size: 20px;\\n}\",\"filter_align\":\"left\",\"filter_all\":true,\"filter_grid_breakpoint\":\"m\",\"filter_grid_width\":\"auto\",\"filter_position\":\"top\",\"filter_style\":\"tab\",\"grid_column_gap\":\"large\",\"grid_default\":\"1\",\"grid_medium\":\"3\",\"grid_row_gap\":\"large\",\"icon_width\":80,\"image_align\":\"top\",\"image_grid_breakpoint\":\"m\",\"image_grid_width\":\"1-2\",\"image_svg_color\":\"emphasis\",\"item_animation\":true,\"link_style\":\"default\",\"link_text\":\"Read more\",\"margin\":\"default\",\"meta_align\":\"below-title\",\"meta_element\":\"div\",\"meta_style\":\"text-meta\",\"show_content\":true,\"show_image\":true,\"show_link\":true,\"show_meta\":true,\"show_title\":true,\"title_align\":\"top\",\"title_color\":\"primary\",\"title_element\":\"h3\",\"title_grid_breakpoint\":\"m\",\"title_grid_width\":\"1-2\",\"title_hover_style\":\"reset\"},\"children\":[{\"type\":\"grid_item\",\"props\":{\"content\":\"\n\n<p>Mood Media har framg\\u00e5ngsrikt designat, installerat och konfigurerat h\\u00e5rdvaran f\\u00f6r McDonald\\u2019s Rum\\u00e4niens omfattande l\\u00f6sning f\\u00f6r digital skyltning. Detta inkluderar digitala menytavlor, videov\\u00e4ggar, digitala prislistor, info-kiosker, peksk\\u00e4rmar, surfplattor och andra enskilda sk\\u00e4rmar i restaurangerna.<\\\/p>\",\"image\":\"wp-content\\\/uploads\\\/2024\\\/07\\\/mcd-ds.webp\",\"title\":\"DIGITAL SKYLTNING\"}},{\"type\":\"grid_item\",\"props\":{\"content\":\"\n\n<p>V\\u00e5rt kreativa team erbjuder l\\u00f6pande r\\u00e5dgivning och kreativa tj\\u00e4nster och s\\u00e4kerst\\u00e4ller engagerande videoinneh\\u00e5ll genom Mood Medias Harmony-publiceringsverktyg (CMS). Detta system hj\\u00e4lper McDonald\\u2019s Rum\\u00e4nien att leverera dynamiskt och visuellt tilltalande inneh\\u00e5ll varje dag.<\\\/p>\",\"image\":\"wp-content\\\/uploads\\\/2024\\\/07\\\/mcds-content.webp\",\"title\":\"INNEH\\u00c5LLSPRODUKTION & CMS\"}},{\"type\":\"grid_item\",\"props\":{\"content\":\"\n\n<p>Mood Media skapar ett levande urval av bakgrundsmusikspellistor f\\u00f6r alla McDonald\\u2019s-restauranger i Rum\\u00e4nien. Spellistorna inneh\\u00e5ller en mix av pop, hits, electro och klubbmusik f\\u00f6r att h\\u00e5lla atmosf\\u00e4ren fr\\u00e4sch och energifylld.<\\\/p>\",\"image\":\"wp-content\\\/uploads\\\/2024\\\/07\\\/mcd-ds.webp\",\"title\":\"MUSIK\"}}]}]}]}]},{\"type\":\"section\",\"props\":{\"image\":\"wp-content\\\/uploads\\\/2024\\\/07\\\/background-drivethru-white2-scaled-1.webp\",\"image_position\":\"center-center\",\"image_size\":\"cover\",\"style\":\"default\",\"title_breakpoint\":\"xl\",\"title_position\":\"top-left\",\"title_rotation\":\"left\",\"vertical_align\":\"middle\",\"width\":\"default\"},\"children\":[{\"type\":\"row\",\"props\":{\"layout\":\"1-3,2-3\"},\"children\":[{\"type\":\"column\",\"props\":{\"image_position\":\"center-center\",\"position_sticky_breakpoint\":\"m\",\"width_medium\":\"1-3\"},\"children\":[{\"type\":\"headline\",\"props\":{\"content\":\"<span class=\\\"moodred\\\">RESULTATET<\\\/span>\",\"title_element\":\"h2\"}}]},{\"type\":\"column\",\"props\":{\"image_position\":\"center-center\",\"position_sticky_breakpoint\":\"m\",\"width_medium\":\"2-3\"},\"children\":[{\"type\":\"text\",\"props\":{\"class\":\"intro uk-text-bold\",\"column_breakpoint\":\"m\",\"content\":\"\n\n<p>McDonald\\u2019s Rum\\u00e4nien har satt en ny standard i branschen genom att vara pionj\\u00e4rer med detta omfattande projekt f\\u00f6r digital skyltning. Den f\\u00f6rb\\u00e4ttrade l\\u00f6sningen har kraftigt st\\u00e4rkt varum\\u00e4rkesprofilen och haft en positiv effekt p\\u00e5 f\\u00f6rs\\u00e4ljningsresultaten. Den har effektiviserat kommunikationen kring information, utbildning, merf\\u00f6rs\\u00e4ljning och inspiration vid viktiga kundinteraktioner, vilket har lett till en mer engagerande och effektiv kundupplevelse.<\\\/p>\",\"margin\":\"default\"}}]}]}]},{\"type\":\"section\",\"props\":{\"css\":\".el-section{\\n\\tbackground-color: #222222;\\n}\",\"id\":\"contact\",\"image_position\":\"center-center\",\"style\":\"secondary\",\"title_breakpoint\":\"xl\",\"title_position\":\"top-left\",\"title_rotation\":\"left\",\"vertical_align\":\"middle\",\"width\":\"default\"},\"children\":[{\"type\":\"row\",\"children\":[{\"type\":\"column\",\"props\":{\"image_position\":\"center-center\",\"position_sticky_breakpoint\":\"m\"},\"children\":[{\"type\":\"headline\",\"props\":{\"content\":\"KONTAKTA OSS\",\"margin\":\"small\",\"text_align\":\"center\",\"title_element\":\"h2\"}},{\"type\":\"text\",\"props\":{\"column_breakpoint\":\"m\",\"content\":\"\n\n<p>F\\u00f6rh\\u00f6j din restaurangupplevelse med hj\\u00e4lp av Mood Nordics l\\u00f6sningar.<\\\/p>\",\"margin\":\"small\",\"text_align\":\"center\",\"text_style\":\"large\"}},{\"type\":\"text\",\"props\":{\"block_align\":\"center\",\"column_breakpoint\":\"m\",\"content\":\"[contact-form-7 id=\\\"e56d022\\\" title=\\\"Kontaktformul\\u00e4r Vertical 2\\\"]\",\"css\":\".el-element .wpcf7-spinner{\\n\\tposition: absolute;\\n    margin-left: -30px;\\n    margin-top: 8px;\\n}\",\"margin\":\"default\",\"maxwidth\":\"xlarge\"}}]}]}],\"name\":\"Section Contact Form New\"}],\"version\":\"4.3.10\"} --><\/p>","protected":false},"excerpt":{"rendered":"<p>MCDONALD\u2019S RUM\u00c4NIENFALLSTUDIE OM MCDONALD\u2019S McDonald\u2019s \u00e4r v\u00e4rldens st\u00f6rsta snabbmatskedja med \u00f6ver 40 000 restauranger som dagligen serverar mer \u00e4n 69 miljoner kunder i \u00f6ver 100 l\u00e4nder. I Rum\u00e4nien drivs McDonald\u2019s restauranger, inklusive drive-thru och McCaf\u00e9, av Premier Restaurants Romania, som levererar den v\u00e4lk\u00e4nda McDonald\u2019s-upplevelsen \u00f6ver hela landet. FALLSTUDIE SAMMANFATTNING Bakgrundsmusik Digital skyltning Digitala menytavlor Videov\u00e4ggar [&hellip;]<\/p>","protected":false},"author":1,"featured_media":0,"parent":0,"menu_order":0,"comment_status":"closed","ping_status":"closed","template":"","meta":{"footnotes":""},"class_list":["post-3751","page","type-page","status-publish","hentry"],"_links":{"self":[{"href":"https:\/\/moodnordic.se\/nb\/wp-json\/wp\/v2\/pages\/3751"}],"collection":[{"href":"https:\/\/moodnordic.se\/nb\/wp-json\/wp\/v2\/pages"}],"about":[{"href":"https:\/\/moodnordic.se\/nb\/wp-json\/wp\/v2\/types\/page"}],"author":[{"embeddable":true,"href":"https:\/\/moodnordic.se\/nb\/wp-json\/wp\/v2\/users\/1"}],"replies":[{"embeddable":true,"href":"https:\/\/moodnordic.se\/nb\/wp-json\/wp\/v2\/comments?post=3751"}],"version-history":[{"count":48,"href":"https:\/\/moodnordic.se\/nb\/wp-json\/wp\/v2\/pages\/3751\/revisions"}],"predecessor-version":[{"id":7934,"href":"https:\/\/moodnordic.se\/nb\/wp-json\/wp\/v2\/pages\/3751\/revisions\/7934"}],"wp:attachment":[{"href":"https:\/\/moodnordic.se\/nb\/wp-json\/wp\/v2\/media?parent=3751"}],"curies":[{"name":"wp","href":"https:\/\/api.w.org\/{rel}","templated":true}]}}