{"id":3818,"date":"2024-07-28T17:34:35","date_gmt":"2024-07-28T17:34:35","guid":{"rendered":"https:\/\/mood.admaxstage.com\/?page_id=3818"},"modified":"2025-08-04T10:23:46","modified_gmt":"2025-08-04T10:23:46","slug":"cabelas-butiker","status":"publish","type":"page","link":"https:\/\/moodnordic.se\/nb\/branscher\/cabelas-butiker\/","title":{"rendered":"Cabela's-butikker - meldingsl\u00f8sning"},"content":{"rendered":"<h1>CABELA'S<br \/><span style=\"color: #ddd;\">CASE STUDY<\/span><\/h1>\n<div>\n<div style=\"width: 20%; height: 10px; background: #cd102f; float: left; clear: both;\"><\/div>\n<\/div>\n<div>\n<p><span>\"Meldingene p\u00e5 stedet gj\u00f8r en god jobb med \u00e5 fange kundenes oppmerksomhet og forbedre opplevelsen i butikkene v\u00e5re. Og med ventetelefonmeldinger kan vi forhindre at noen legger p\u00e5 og dirigere anropstrafikken til de riktige avdelingene. Hvis du vil ha talemeldinger som virkelig gir resultater, og som har god service i ryggen, b\u00f8r du velge Mood. Du kommer ikke til \u00e5 bli skuffet.\"<\/span><\/p>\n<\/div>\n<div>- Michelle Coalson<br \/>\nPlanlegger for detaljhandel II, Cabela's<\/p>\n<\/div>\n<p>\n    <a href=\"https:\/\/us.moodmedia.com\/wp-content\/uploads\/2019\/09\/Cabelas-Case-Study-One-Sheet.pdf\" target=\"_blank\" rel=\"noopener\">Last ned casestudie (engelsk)<\/a>\n<\/p>\n<h2>OM <span class=\"moodred\">CABELA'S<\/span><\/h2>\n<div>\n<p>Cabela's er verdens st\u00f8rste forhandler av friluftsutstyr og -tilbeh\u00f8r, og er opptatt av \u00e5 skape et oppslukende og eventyrlig butikkmilj\u00f8. Med sine imponerende utstillinger av dyreliv og naturskj\u00f8nne fjellmilj\u00f8er er hvert bes\u00f8k hos Cabela's designet for \u00e5 v\u00e6re b\u00e5de l\u00e6rerikt og spennende. For \u00e5 l\u00f8fte opplevelsen ytterligere samarbeider Cabela's med Mood for \u00e5 levere profesjonelle budskap b\u00e5de p\u00e5 telefon og i butikken, slik at hver eneste kundekontakt blir engasjerende og minneverdig.<\/p>\n<\/div>\n<h2><span class=\"moodred\"><strong>ST\u00d8TTE<\/strong><\/span><\/h2>\n<div>\n<p>Cabelas talepostl\u00f8sninger administreres profesjonelt av en dedikert talekonsulent som spesialiserer seg p\u00e5 \u00e5 forst\u00e5 selskapets unike kundeopplevelse og kommunikasjonsm\u00e5l - b\u00e5de i butikk og over telefon. Konsulenten s\u00f8rger for h\u00f8y service og p\u00e5litelighet og fungerer som bindeleddet mellom Cabela's og Moods team av profesjonelle tekstforfattere og stemmetalenter. Ansvarsomr\u00e5dene inkluderer koordinering av salgsfremmende og informative budskap, administrering av nye produksjonsordrer og p\u00e5minnelser om oppdateringer - alt for \u00e5 sikre at Cabelas budskap alltid er tidsriktige, engasjerende og effektive.<\/p>\n<div id=\"gtx-anchor\" style=\"position: absolute; visibility: hidden; left: 10px; top: 307px; width: 331.117px; height: 18px;\"><\/div>\n<div class=\"jfk-bubble gtx-bubble\" role=\"alertdialog\" aria-describedby=\"bubble-3\" style=\"visibility: visible; left: 161px; top: 133px; opacity: 1;\">\n<div class=\"jfk-bubble-content-id\" id=\"bubble-3\">\n<div id=\"gtx-host\" style=\"min-width: 200px; max-width: 400px;\"><\/div>\n<\/div>\n<div class=\"jfk-bubble-closebtn-id jfk-bubble-closebtn\" aria-label=\"Lukk\" role=\"button\" tabindex=\"0\"><\/div>\n<div class=\"jfk-bubble-arrow-id jfk-bubble-arrow jfk-bubble-arrowdown\" style=\"left: 165.5px;\">\n<div class=\"jfk-bubble-arrowimplbefore\"><\/div>\n<div class=\"jfk-bubble-arrowimplafter\"><\/div>\n<\/div>\n<\/div>\n<\/div>\n<h2><strong>L\u00d8SNINGEN<\/strong><\/h2>\n<div>\n<p>Cabela's bruker en kombinasjon av salgsfremmende og informative meldinger b\u00e5de p\u00e5 telefon og i butikk, utformet for \u00e5 forbedre kundeopplevelsen og st\u00f8tte opp om sesongbaserte salgsaktiviteter. Blant h\u00f8ydepunktene er spesielle kampanjer i forbindelse med h\u00f8ytider som 4. juli, farsdag og jul, samt tilbud om gratis kurs, produktdemonstrasjoner og andre engasjerende aktiviteter.<\/p>\n<p>Gjennom Mood Medias meldingstjeneste kan Cabela's opprette og godkjenne manus, be om endringer, sende produksjonsordrer og gjennomg\u00e5 tidligere produksjoner - alt sammen med eksperthjelp fra Mood-spesialister. Denne helhetlige tiln\u00e6rmingen sikrer at budskapene alltid er relevante og virkningsfulle, slik at de best mulig utfyller Cabelas sesongkampanjer og forbedrer den totale kundeopplevelsen.<\/p>\n<div id=\"gtx-anchor\" style=\"position: absolute; visibility: hidden; left: 110.5px; top: 227px; width: 49.5938px; height: 18px;\"><\/div>\n<div class=\"jfk-bubble gtx-bubble\" role=\"alertdialog\" aria-describedby=\"bubble-2\" style=\"visibility: visible; left: 121px; top: 255px; opacity: 1;\">\n<div class=\"jfk-bubble-content-id\" id=\"bubble-2\">\n<div id=\"gtx-host\" style=\"min-width: 200px; max-width: 400px;\"><\/div>\n<\/div>\n<div class=\"jfk-bubble-closebtn-id jfk-bubble-closebtn\" aria-label=\"Lukk\" role=\"button\" tabindex=\"0\"><\/div>\n<div class=\"jfk-bubble-arrow-id jfk-bubble-arrow jfk-bubble-arrowup\" style=\"left: 125.5px;\">\n<div class=\"jfk-bubble-arrowimplbefore\"><\/div>\n<div class=\"jfk-bubble-arrowimplafter\"><\/div>\n<\/div>\n<\/div>\n<\/div>\n<h2><strong>RESULTATET<\/strong><\/h2>\n<div>\n<p>Cabela's er sv\u00e6rt forn\u00f8yd med effekten av meldingsl\u00f8sningen, som har forbedret kundeopplevelsen for b\u00e5de bes\u00f8kende og innringere i butikken. Det personaliserte innholdet \u00f8ker ikke bare salget av utvalgte produkter og skaper bevissthet om arrangementer i butikken, men gir ogs\u00e5 en rustikk og kunnskapsrik stemme til merkevaren. Telefonmeldingene er like effektive som kommunikasjonen i butikken, noe som bidrar til \u00e5 redusere antall avbrutte samtaler og forbedre samtaleh\u00e5ndteringen.<\/p>\n<p>I tillegg setter Cabelas kontaktpersoner pris p\u00e5 det h\u00f8ye serviceniv\u00e5et som Mood Media leverer, og de setter pris p\u00e5 tryggheten som deres dedikerte Voice Consultant gir. Denne helhetlige tiln\u00e6rmingen har v\u00e6rt avgj\u00f8rende for \u00e5 opprettholde en konsekvent og engasjerende kommunikasjon som st\u00f8tter Cabelas m\u00e5l for kundeopplevelsen.<\/p>\n<\/div>\n<h2>KONTAKT OSS<\/h2>\n<div>\n<p>Forbedre butikkmilj\u00f8et ditt med Mood Nordic-l\u00f8sninger.<\/p>\n<\/div>\n<div>\n<div class=\"wpcf7 no-js\" id=\"wpcf7-f2224-o1\" lang=\"sv-SE\" dir=\"ltr\" data-wpcf7-id=\"2224\">\n<div class=\"screen-reader-response\"><p role=\"status\" aria-live=\"polite\" aria-atomic=\"true\"><\/p> <ul><\/ul><\/div>\n<form action=\"\/nb\/wp-json\/wp\/v2\/pages\/3818#wpcf7-f2224-o1\" method=\"post\" class=\"wpcf7-form init\" aria-label=\"Kontaktformul\u00e4r\" novalidate=\"novalidate\" data-status=\"init\" data-trp-original-action=\"\/nb\/wp-json\/wp\/v2\/pages\/3818#wpcf7-f2224-o1\">\n<div style=\"display: none;\">\n<input type=\"hidden\" name=\"_wpcf7\" value=\"2224\" \/>\n<input type=\"hidden\" name=\"_wpcf7_version\" value=\"6.0.6\" \/>\n<input type=\"hidden\" name=\"_wpcf7_locale\" value=\"sv_SE\" \/>\n<input type=\"hidden\" name=\"_wpcf7_unit_tag\" value=\"wpcf7-f2224-o1\" \/>\n<input type=\"hidden\" name=\"_wpcf7_container_post\" value=\"0\" \/>\n<input type=\"hidden\" name=\"_wpcf7_posted_data_hash\" value=\"\" \/>\n<\/div>\n<p class=\"uk-margin-small\"><span class=\"wpcf7-form-control-wrap\" data-name=\"your-first-name\"><input size=\"40\" maxlength=\"400\" class=\"wpcf7-form-control wpcf7-text wpcf7-validates-as-required uk-input\" aria-required=\"true\" aria-invalid=\"false\" placeholder=\"Fornavn\" value=\"\" type=\"text\" name=\"your-first-name\" \/><\/span>\n<\/p>\n<p class=\"uk-margin-small\"><span class=\"wpcf7-form-control-wrap\" data-name=\"your-last-name\"><input size=\"40\" maxlength=\"400\" class=\"wpcf7-form-control wpcf7-text wpcf7-validates-as-required uk-input\" aria-required=\"true\" aria-invalid=\"false\" placeholder=\"Etternavn\" value=\"\" type=\"text\" name=\"your-last-name\" \/><\/span>\n<\/p>\n<p class=\"uk-margin-small\"><span class=\"wpcf7-form-control-wrap\" data-name=\"your-company\"><input size=\"40\" maxlength=\"400\" class=\"wpcf7-form-control wpcf7-text uk-input\" aria-invalid=\"false\" placeholder=\"Virksomheter\" value=\"\" type=\"text\" name=\"your-company\" \/><\/span>\n<\/p>\n<p class=\"uk-margin-small\"><span class=\"wpcf7-form-control-wrap\" data-name=\"your-postal-code\"><input size=\"40\" maxlength=\"400\" class=\"wpcf7-form-control wpcf7-text uk-input\" aria-invalid=\"false\" placeholder=\"Postnummer\" value=\"\" type=\"text\" name=\"your-postal-code\" \/><\/span>\n<\/p>\n<p class=\"uk-margin-small\"><span class=\"wpcf7-form-control-wrap\" data-name=\"your-phone\"><input size=\"40\" maxlength=\"400\" class=\"wpcf7-form-control wpcf7-tel wpcf7-text wpcf7-validates-as-tel uk-input\" aria-invalid=\"false\" placeholder=\"Tlf.\" value=\"\" type=\"tel\" name=\"your-phone\" \/><\/span>\n<\/p>\n<p class=\"uk-margin-small\"><span class=\"wpcf7-form-control-wrap\" data-name=\"your-email\"><input size=\"40\" maxlength=\"400\" class=\"wpcf7-form-control wpcf7-email wpcf7-validates-as-required wpcf7-text wpcf7-validates-as-email uk-input\" aria-required=\"true\" aria-invalid=\"false\" placeholder=\"E-postadresse\" value=\"\" type=\"email\" name=\"your-email\" \/><\/span>\n<\/p>\n<p class=\"uk-margin-small\"><span class=\"wpcf7-form-control-wrap\" data-name=\"your-message\"><textarea cols=\"40\" rows=\"3\" maxlength=\"2000\" class=\"wpcf7-form-control wpcf7-textarea uk-textarea\" aria-invalid=\"false\" placeholder=\"Din melding\" name=\"your-message\"><\/textarea><\/span>\n<\/p>\n<input class=\"wpcf7-form-control wpcf7-hidden\" value=\"\" type=\"hidden\" name=\"page-url\" \/>\n<div class=\"uk-margin-small uk-text-center\">\n\t<p><input class=\"wpcf7-form-control wpcf7-submit has-spinner uk-button uk-button-primary uk-width-1-1\" type=\"submit\" value=\"SKICKA\" \/>\n\t<\/p>\n<\/div><div class=\"wpcf7-response-output\" aria-hidden=\"true\"><\/div>\n<input type=\"hidden\" name=\"trp-form-language\" value=\"nb\"\/><\/form>\n<\/div>\n<\/div>\n<p><!--more--><br \/>\n<!-- {\"type\":\"layout\",\"children\":[{\"type\":\"section\",\"props\":{\"image\":\"wp-content\\\/uploads\\\/2024\\\/07\\\/cabelas-hero-1-scaled-1.webp\",\"image_position\":\"center-center\",\"image_size\":\"cover\",\"media_background\":\"#878787\",\"style\":\"default\",\"text_color\":\"light\",\"title_breakpoint\":\"xl\",\"title_position\":\"top-left\",\"title_rotation\":\"left\",\"vertical_align\":\"middle\",\"width\":\"default\"},\"children\":[{\"type\":\"row\",\"children\":[{\"type\":\"column\",\"props\":{\"image_position\":\"center-center\",\"position_sticky_breakpoint\":\"m\",\"width_medium\":\"1-2\"},\"children\":[{\"type\":\"headline\",\"props\":{\"class\":\"new-hero-text\",\"content\":\"CABELA\\u2019S<br \\\/><span style=\\\"color: #ddd;\\\">FALLSTUDIE<\\\/span>\",\"margin\":\"small\",\"margin_remove_bottom\":false,\"title_element\":\"h1\"}},{\"type\":\"html\",\"props\":{\"content\":\"\n\n<div style=\\\"width: 20%; height: 10px; background: #cd102f; float: left; clear: both;\\\"><\\\/div>\"}}]},{\"type\":\"column\",\"props\":{\"image_position\":\"center-center\",\"position_sticky_breakpoint\":\"m\",\"vertical_align\":\"middle\",\"width_medium\":\"1-2\"},\"children\":[{\"type\":\"text\",\"props\":{\"class\":\"intro2 uk-text-white\",\"column_breakpoint\":\"m\",\"content\":\"\n\n<p><span>\\u201cThe on-site messages do a great job of getting our customers\\u2019 attention and enhancing the experience at our stores. And with on-hold messaging, we\\u2019re able to prevent hang-ups and direct call traffic to the right departments. If you want voice messaging that truly drives results and has great service to back it up, go with Mood. You won\\u2019t be disappointed.\\u201d<\\\/span><\\\/p>\",\"margin\":\"default\"}},{\"type\":\"text\",\"props\":{\"class\":\"uk-text-white\",\"column_breakpoint\":\"m\",\"content\":\"\\u2013 Michelle Coalson<br \\\/>\\nRetail Marketing Planner II, Cabela\\u2019s\\n\\n\",\"margin\":\"default\"}},{\"type\":\"button\",\"props\":{\"grid_column_gap\":\"small\",\"grid_row_gap\":\"small\",\"margin\":\"medium\"},\"children\":[{\"type\":\"button_item\",\"props\":{\"button_style\":\"default\",\"content\":\"Ladda ner fallstudie (engelska)\",\"icon_align\":\"left\",\"link\":\"https:\\\/\\\/us.moodmedia.com\\\/wp-content\\\/uploads\\\/2019\\\/09\\\/Cabelas-Case-Study-One-Sheet.pdf\"}}]}]}],\"props\":{\"layout\":\"1-2,1-2\"}}],\"name\":\"Section HERO CASE STUDY\"},{\"type\":\"section\",\"props\":{\"image_position\":\"center-center\",\"style\":\"default\",\"title_breakpoint\":\"xl\",\"title_position\":\"top-left\",\"title_rotation\":\"left\",\"vertical_align\":\"middle\",\"width\":\"default\"},\"children\":[{\"type\":\"row\",\"props\":{\"column_gap\":\"large\",\"layout\":\"1-2,1-2\"},\"children\":[{\"type\":\"column\",\"props\":{\"image_position\":\"center-center\",\"position_sticky_breakpoint\":\"m\",\"width_medium\":\"1-2\"},\"children\":[{\"type\":\"headline\",\"props\":{\"content\":\"OM <span class=\\\"moodred\\\">CABELA\\u2019S<\\\/span>\",\"title_element\":\"h2\"}},{\"type\":\"text\",\"props\":{\"class\":\"intro\",\"column_breakpoint\":\"m\",\"content\":\"\n\n<p>Som v\\u00e4rldens st\\u00f6rsta \\u00e5terf\\u00f6rs\\u00e4ljare av friluftsutrustning och tillbeh\\u00f6r \\u00e4r Cabela\\u2019s dedikerade till att skapa en uppslukande och \\u00e4ventyrlig butiksmilj\\u00f6. Med sina imponerande viltutst\\u00e4llningar och natursk\\u00f6na milj\\u00f6er med bergstema \\u00e4r varje bes\\u00f6k p\\u00e5 Cabela\\u2019s utformat f\\u00f6r att vara b\\u00e5de l\\u00e4rorikt och sp\\u00e4nnande. F\\u00f6r att lyfta upplevelsen ytterligare samarbetar Cabela\\u2019s med Mood f\\u00f6r att leverera professionella meddelanden b\\u00e5de i telefon och i butik, vilket s\\u00e4kerst\\u00e4ller att varje kundkontakt blir engagerande och minnesv\\u00e4rd.<\\\/p>\",\"margin\":\"default\"}}]},{\"type\":\"column\",\"props\":{\"image_position\":\"center-center\",\"position_sticky_breakpoint\":\"m\",\"width_medium\":\"1-2\"},\"children\":[{\"type\":\"headline\",\"props\":{\"content\":\"<span class=\\\"moodred\\\"><strong>SUPPORTEN<\\\/strong><\\\/span>\",\"title_element\":\"h2\"}},{\"type\":\"text\",\"props\":{\"class\":\"intro\",\"column_breakpoint\":\"m\",\"content\":\"\n\n<p>Cabela\\u2019s r\\u00f6stmeddelandel\\u00f6sningar hanteras professionellt av en dedikerad Voice Consultant som \\u00e4r specialiserad p\\u00e5 att f\\u00f6rst\\u00e5 f\\u00f6retagets unika m\\u00e5l f\\u00f6r kundupplevelsen och kommunikation \\u2013 b\\u00e5de i butik och via telefon. Konsulten s\\u00e4kerst\\u00e4ller h\\u00f6g serviceniv\\u00e5 och p\\u00e5litlighet och fungerar som l\\u00e4nk mellan Cabela\\u2019s och Moods team av professionella copywriters och r\\u00f6sttalanger. Ansvarsomr\\u00e5den inkluderar att samordna kampanj- och informationsmeddelanden, hantera nya produktionsbest\\u00e4llningar och ge p\\u00e5minnelser om uppdateringar \\u2013 allt f\\u00f6r att s\\u00e4kerst\\u00e4lla att Cabela\\u2019s budskap alltid \\u00e4r aktuella, engagerande och effektiva.<\\\/p>\\n\n\n<div id=\\\"gtx-anchor\\\" style=\\\"position: absolute; visibility: hidden; left: 10px; top: 307px; width: 331.117px; height: 18px;\\\"><\\\/div>\\n\n\n<div class=\\\"jfk-bubble gtx-bubble\\\" role=\\\"alertdialog\\\" aria-describedby=\\\"bubble-3\\\" style=\\\"visibility: visible; left: 161px; top: 133px; opacity: 1;\\\">\\n\n\n<div class=\\\"jfk-bubble-content-id\\\" id=\\\"bubble-3\\\">\\n\n\n<div id=\\\"gtx-host\\\" style=\\\"min-width: 200px; max-width: 400px;\\\"><\\\/div>\\n<\\\/div>\\n\n\n<div class=\\\"jfk-bubble-closebtn-id jfk-bubble-closebtn\\\" aria-label=\\\"Close\\\" role=\\\"button\\\" tabindex=\\\"0\\\"><\\\/div>\\n\n\n<div class=\\\"jfk-bubble-arrow-id jfk-bubble-arrow jfk-bubble-arrowdown\\\" style=\\\"left: 165.5px;\\\">\\n\n\n<div class=\\\"jfk-bubble-arrowimplbefore\\\"><\\\/div>\\n\n\n<div class=\\\"jfk-bubble-arrowimplafter\\\"><\\\/div>\\n<\\\/div>\\n<\\\/div>\",\"margin\":\"default\"}}]}]}]},{\"type\":\"section\",\"props\":{\"image\":\"wp-content\\\/uploads\\\/2024\\\/07\\\/speakerdark.webp\",\"image_position\":\"center-center\",\"image_size\":\"cover\",\"media_background\":\"#7C7C7C\",\"media_blend_mode\":\"multiply\",\"style\":\"default\",\"text_color\":\"light\",\"title_breakpoint\":\"xl\",\"title_position\":\"top-left\",\"title_rotation\":\"left\",\"vertical_align\":\"middle\",\"width\":\"default\"},\"children\":[{\"type\":\"row\",\"children\":[{\"type\":\"column\",\"props\":{\"image_position\":\"center-center\",\"position_sticky_breakpoint\":\"m\",\"width_medium\":\"1-2\"},\"children\":[{\"type\":\"headline\",\"props\":{\"content\":\"<strong>L\\u00d6SNINGEN<\\\/strong>\",\"text_align\":\"left\",\"text_align_breakpoint\":\"s\",\"text_align_fallback\":\"center\",\"title_element\":\"h2\"}},{\"type\":\"text\",\"props\":{\"class\":\"intro2\",\"column_breakpoint\":\"m\",\"content\":\"\n\n<p>Cabela\\u2019s anv\\u00e4nder en kombination av kampanj- och informationsmeddelanden b\\u00e5de f\\u00f6r v\\u00e4ntetid i telefon och i butik, utformade f\\u00f6r att f\\u00f6rb\\u00e4ttra kundupplevelsen och st\\u00f6dja s\\u00e4songsbetonade f\\u00f6rs\\u00e4ljningsinsatser. Bland h\\u00f6jdpunkterna finns specialkampanjer f\\u00f6r h\\u00f6gtider som 4 juli, fars dag och jul, samt erbjudanden om kostnadsfria kurser, produktdemonstrationer och andra engagerande aktiviteter.<\\\/p>\\n\n\n<p>Genom Mood Medias meddelandetj\\u00e4nst kan Cabela\\u2019s skapa och godk\\u00e4nna manus, beg\\u00e4ra \\u00e4ndringar, skicka produktionsbest\\u00e4llningar och g\\u00e5 igenom tidigare produktioner \\u2013 allt med experthj\\u00e4lp fr\\u00e5n Mood-specialister. Detta helhetsgrepp s\\u00e4kerst\\u00e4ller att budskapen alltid \\u00e4r relevanta och effektfulla, s\\u00e5 att de p\\u00e5 b\\u00e4sta s\\u00e4tt kompletterar Cabela\\u2019s s\\u00e4songskampanjer och f\\u00f6rh\\u00f6jer hela kundupplevelsen.<\\\/p>\\n\n\n<div id=\\\"gtx-anchor\\\" style=\\\"position: absolute; visibility: hidden; left: 110.5px; top: 227px; width: 49.5938px; height: 18px;\\\"><\\\/div>\\n\n\n<div class=\\\"jfk-bubble gtx-bubble\\\" role=\\\"alertdialog\\\" aria-describedby=\\\"bubble-2\\\" style=\\\"visibility: visible; left: 121px; top: 255px; opacity: 1;\\\">\\n\n\n<div class=\\\"jfk-bubble-content-id\\\" id=\\\"bubble-2\\\">\\n\n\n<div id=\\\"gtx-host\\\" style=\\\"min-width: 200px; max-width: 400px;\\\"><\\\/div>\\n<\\\/div>\\n\n\n<div class=\\\"jfk-bubble-closebtn-id jfk-bubble-closebtn\\\" aria-label=\\\"Close\\\" role=\\\"button\\\" tabindex=\\\"0\\\"><\\\/div>\\n\n\n<div class=\\\"jfk-bubble-arrow-id jfk-bubble-arrow jfk-bubble-arrowup\\\" style=\\\"left: 125.5px;\\\">\\n\n\n<div class=\\\"jfk-bubble-arrowimplbefore\\\"><\\\/div>\\n\n\n<div class=\\\"jfk-bubble-arrowimplafter\\\"><\\\/div>\\n<\\\/div>\\n<\\\/div>\",\"margin\":\"default\",\"text_align\":\"left\",\"text_align_breakpoint\":\"s\",\"text_align_fallback\":\"center\"}}]},{\"type\":\"column\",\"props\":{\"image_position\":\"center-center\",\"position_sticky_breakpoint\":\"m\",\"width_medium\":\"1-2\"},\"children\":[{\"type\":\"headline\",\"props\":{\"content\":\"<strong>RESULTATET<\\\/strong>\",\"text_align\":\"left\",\"text_align_breakpoint\":\"s\",\"text_align_fallback\":\"center\",\"title_element\":\"h2\"}},{\"type\":\"text\",\"props\":{\"class\":\"intro2\",\"column_breakpoint\":\"m\",\"content\":\"\n\n<p>Cabela\\u2019s \\u00e4r mycket n\\u00f6jda med effekten av sin meddelandel\\u00f6sning, som har f\\u00f6rb\\u00e4ttrat kundupplevelsen b\\u00e5de f\\u00f6r bes\\u00f6kare i butik och f\\u00f6r uppringare. Det skr\\u00e4ddarsydda inneh\\u00e5llet \\u00f6kar inte bara f\\u00f6rs\\u00e4ljningen av utvalda produkter och skapar uppm\\u00e4rksamhet kring butiksevent, utan tillf\\u00f6r ocks\\u00e5 varum\\u00e4rket en rustik och kunnig r\\u00f6st. Telefonmeddelandena \\u00e4r lika effektiva som butikskommunikationen och bidrar till f\\u00e4rre avbrutna samtal och smidigare samtalshantering.<\\\/p>\\n\n\n<p>Dessutom uppskattar Cabela\\u2019s kontaktperson den h\\u00f6ga serviceniv\\u00e5n fr\\u00e5n Mood Media och v\\u00e4rdes\\u00e4tter tryggheten som deras dedikerade Voice Consultant ger. Denna helhetsl\\u00f6sning har varit avg\\u00f6rande f\\u00f6r att uppr\\u00e4tth\\u00e5lla konsekvent och engagerande kommunikation som st\\u00f6djer Cabela\\u2019s m\\u00e5l f\\u00f6r kundupplevelsen.<\\\/p>\",\"margin\":\"default\",\"text_align\":\"left\",\"text_align_breakpoint\":\"s\",\"text_align_fallback\":\"center\"}}]}],\"props\":{\"layout\":\"1-2,1-2\"}}],\"name\":\"Section The Results 1 Col\"},{\"type\":\"section\",\"props\":{\"css\":\".el-section{\\n\\tbackground-color: #222222;\\n}\",\"id\":\"contact\",\"image_position\":\"center-center\",\"style\":\"secondary\",\"title_breakpoint\":\"xl\",\"title_position\":\"top-left\",\"title_rotation\":\"left\",\"vertical_align\":\"middle\",\"width\":\"default\"},\"children\":[{\"type\":\"row\",\"children\":[{\"type\":\"column\",\"props\":{\"image_position\":\"center-center\",\"position_sticky_breakpoint\":\"m\"},\"children\":[{\"type\":\"headline\",\"props\":{\"content\":\"KONTAKTA OSS\",\"margin\":\"small\",\"text_align\":\"center\",\"title_element\":\"h2\"}},{\"type\":\"text\",\"props\":{\"column_breakpoint\":\"m\",\"content\":\"\n\n<p>F\\u00f6rh\\u00f6j din butiksmilj\\u00f6 med hj\\u00e4lp av Mood Nordics l\\u00f6sningar.<\\\/p>\",\"margin\":\"small\",\"text_align\":\"center\",\"text_style\":\"large\"}},{\"type\":\"text\",\"props\":{\"block_align\":\"center\",\"column_breakpoint\":\"m\",\"content\":\"[contact-form-7 id=\\\"e56d022\\\" title=\\\"Kontaktformul\\u00e4r Vertical 2\\\"]\",\"css\":\".el-element .wpcf7-spinner{\\n\\tposition: absolute;\\n    margin-left: -30px;\\n    margin-top: 8px;\\n}\",\"margin\":\"default\",\"maxwidth\":\"xlarge\"}}]}]}],\"name\":\"Section Contact Form New\"}],\"version\":\"4.3.10\"} --><\/p>","protected":false},"excerpt":{"rendered":"<p>CABELA\u2019SFALLSTUDIE \u201cThe on-site messages do a great job of getting our customers\u2019 attention and enhancing the experience at our stores. And with on-hold messaging, we\u2019re able to prevent hang-ups and direct call traffic to the right departments. If you want voice messaging that truly drives results and has great service to back it up, go [&hellip;]<\/p>","protected":false},"author":1,"featured_media":0,"parent":11,"menu_order":0,"comment_status":"closed","ping_status":"closed","template":"","meta":{"footnotes":""},"class_list":["post-3818","page","type-page","status-publish","hentry"],"_links":{"self":[{"href":"https:\/\/moodnordic.se\/nb\/wp-json\/wp\/v2\/pages\/3818"}],"collection":[{"href":"https:\/\/moodnordic.se\/nb\/wp-json\/wp\/v2\/pages"}],"about":[{"href":"https:\/\/moodnordic.se\/nb\/wp-json\/wp\/v2\/types\/page"}],"author":[{"embeddable":true,"href":"https:\/\/moodnordic.se\/nb\/wp-json\/wp\/v2\/users\/1"}],"replies":[{"embeddable":true,"href":"https:\/\/moodnordic.se\/nb\/wp-json\/wp\/v2\/comments?post=3818"}],"version-history":[{"count":48,"href":"https:\/\/moodnordic.se\/nb\/wp-json\/wp\/v2\/pages\/3818\/revisions"}],"predecessor-version":[{"id":7642,"href":"https:\/\/moodnordic.se\/nb\/wp-json\/wp\/v2\/pages\/3818\/revisions\/7642"}],"up":[{"embeddable":true,"href":"https:\/\/moodnordic.se\/nb\/wp-json\/wp\/v2\/pages\/11"}],"wp:attachment":[{"href":"https:\/\/moodnordic.se\/nb\/wp-json\/wp\/v2\/media?parent=3818"}],"curies":[{"name":"wp","href":"https:\/\/api.w.org\/{rel}","templated":true}]}}