{"id":3845,"date":"2024-07-28T17:50:41","date_gmt":"2024-07-28T17:50:41","guid":{"rendered":"https:\/\/mood.admaxstage.com\/?page_id=3845"},"modified":"2025-08-05T14:25:49","modified_gmt":"2025-08-05T14:25:49","slug":"pet-paradise","status":"publish","type":"page","link":"https:\/\/moodnordic.se\/nb\/pet-paradise\/","title":{"rendered":"Pet Paradise \u2013 Audiovisuella l\u00f6sningar f\u00f6r djurhotell"},"content":{"rendered":"<h1>PET PARADISE<br \/><span style=\"color: #ddd;\">CASE STUDY<\/span><\/h1>\n<div>\n<div style=\"width: 20%; height: 10px; background: #cd102f; float: left; clear: both;\"><\/div>\n<\/div>\n<div>\"Samarbeidet med Mood er noe av det beste vi kunne ha gjort for lokasjonene v\u00e5re. De gj\u00f8r alltid sitt ytterste for \u00e5 sikre at vi f\u00e5r mest mulig ut av tjenestene v\u00e5re. \"<\/div>\n<div>- Lisa Tarr<br \/>\nVisepresident,<br \/>\nMarkedsf\u00f8ring og kommunikasjon<\/div>\n<p>\n    <a href=\"https:\/\/us.moodmedia.com\/wp-content\/uploads\/2019\/09\/Pet_Paradise_Case_Study.pdf\" target=\"_blank\" rel=\"noopener\">Last ned casestudie (ENGELSK)<\/a>\n<\/p>\n<h2>OM <span class=\"moodred\">PET PARADISE<\/span><\/h2>\n<div>\n<p>Pet Paradise Resort and Day Spa, med 35 lokasjoner, er et av landets ledende dyrehoteller og daghjem for kj\u00e6ledyr. Hvert feriested tilbyr unike fasiliteter som et beinformet bassengomr\u00e5de og et spa for kj\u00e6ledyr, men det er den genuine lidenskapen for dyr som virkelig skiller dem ut. Pet Paradises kjerneoppgave er \u00e5 gi dyreeiere full trygghet ved \u00e5 s\u00f8rge for et trygt, rent og hyggelig opphold for sine firbeinte gjester.<\/p>\n<\/div>\n<h2><span class=\"moodred\"><strong>UTFORDRINGEN<\/strong><\/span><\/h2>\n<div>\n<p>Pet Paradise erkjenner at en innbydende og energisk atmosf\u00e6re er avgj\u00f8rende for \u00e5 bygge tillit hos kundene og sikre en positiv opplevelse for b\u00e5de kj\u00e6ledyr og eiere. De mener at det rette milj\u00f8et ved innsjekking og en st\u00f8ttende arbeidsplass for de ansatte er avgj\u00f8rende for \u00e5 kunne yte f\u00f8rsteklasses service.<\/p>\n<p>Oppmerksomhet p\u00e5 detaljer er n\u00f8kkelen til deres suksess, inkludert valg av musikk som setter stemningen for gjestene og gir energi til de ansatte. Pet Paradise trengte en p\u00e5litelig leverand\u00f8r som kunne levere denne stemningen p\u00e5 tvers av alle avdelingene. I tillegg \u00f8nsket de en mer dynamisk m\u00e5te \u00e5 presentere tjenestene og kampanjene sine p\u00e5, og gikk bort fra trykte menyer og over til en mer engasjerende og kostnadseffektiv l\u00f8sning.<\/p>\n<p>Pet Paradise var p\u00e5 utkikk etter en totalleverand\u00f8r med ett kontaktpunkt som kunne h\u00e5ndtere de ulike behovene deres p\u00e5 en effektiv og konsekvent m\u00e5te. Mood Media var den perfekte partneren, og leverte l\u00f8sningene som krevdes for \u00e5 forbedre b\u00e5de kunde- og medarbeideropplevelsen, samtidig som de effektiviserte servicepresentasjonen og reduserte utskriftskostnadene.<\/p>\n<\/div>\n<h2>L\u00d8SNINGEN<\/h2>\n<div>\n<p>Mood Media leverte en komplett portef\u00f8lje av tjenester til Pet Paradise for \u00e5 forbedre butikkmilj\u00f8et, redusere utskriftskostnadene og forenkle innholdsh\u00e5ndteringen p\u00e5 tvers av alle nettstedene.<\/p>\n<\/div>\n<div>\n<h3 class=\"bold moodred uk-margin-small\">DIGITAL SKILTING<\/h3>\n<p class=\"uk-margin-small\">Hvert Pet Paradise-sted er utstyrt med 2-4 skjermer som viser prisinformasjon, videoer, bilder og kampanjer. Moods erfarne innholdsutviklere samarbeider med Pet Paradise for \u00e5 skape engasjerende bilder og maler. Med Harmony, Moods intuitive publiseringsverkt\u00f8y, kan Pet Paradises markedsavdeling enkelt administrere og planlegge innhold, oppdatere priser og tilpasse lokal informasjon - alt med bare noen f\u00e5 klikk.<\/p>\n<\/div>\n<div>\n<h3 class=\"bold moodred uk-margin-small\">KERNEMUSIKK<\/h3>\n<p class=\"uk-margin-small\">Pet Paradise har tilgang til ti profesjonelt kuraterte musikkprogrammer, der hvert program inneholder hundrevis av sanger som er lisensiert for kommersiell bruk. Spillelistene oppdateres automatisk hver m\u00e5ned med nye sanger, noe som skaper en dynamisk og engasjerende atmosf\u00e6re.<\/p>\n<\/div>\n<div>\n<p>I tillegg bruker utvalgte Pet Paradise-sentre Mood for h\u00f8y kvalitet <a href=\"https:\/\/moodnordic.se\/nb\/audiovisuella-system\/professionella-ljudsystem\/\">kommersielt lydutstyr<\/a>inkludert installasjon og l\u00f8pende service, for \u00e5 sikre en optimal lydopplevelse.<\/p>\n<div id=\"gtx-anchor\" style=\"position: absolute; visibility: hidden; left: 174.906px; top: 43px; width: 195.328px; height: 18px;\"><\/div>\n<div class=\"jfk-bubble gtx-bubble\" role=\"alertdialog\" aria-describedby=\"bubble-4\" style=\"visibility: visible; left: -121px; top: 71px; opacity: 1;\">\n<div class=\"jfk-bubble-content-id\" id=\"bubble-4\">\n<div id=\"gtx-host\" style=\"min-width: 200px; max-width: 400px;\"><\/div>\n<\/div>\n<div class=\"jfk-bubble-closebtn-id jfk-bubble-closebtn\" aria-label=\"Lukk\" role=\"button\" tabindex=\"0\"><\/div>\n<div class=\"jfk-bubble-arrow-id jfk-bubble-arrow jfk-bubble-arrowup\" style=\"left: 262.406px;\">\n<div class=\"jfk-bubble-arrowimplbefore\"><\/div>\n<div class=\"jfk-bubble-arrowimplafter\"><\/div>\n<\/div>\n<\/div>\n<\/div>\n<h2>RESULTATET<\/h2>\n<div>\n<p>Mood Media har gitt Pet Paradise muligheten til \u00e5 skape et sterkt f\u00f8rsteinntrykk og levere en imponerende opplevelse p\u00e5 alle anleggene. Det digitale skiltingssystemet gir et moderne, rent og innbydende utseende, mens de kuraterte musikkprogrammene bidrar til en livlig og innbydende atmosf\u00e6re. Med nettbaserte portaler for \u00e5 administrere musikk og digital skilting kan Pet Paradise enkelt kontrollere og oppdatere lyd- og bildeinnholdet, noe som sikrer en konsekvent opplevelse p\u00e5 tvers av alle enheter.<\/p>\n<\/div>\n<div>\n<h5>Pet Paradise er sv\u00e6rt forn\u00f8yd, ikke bare med kvaliteten p\u00e5 Moods l\u00f8sninger, men ogs\u00e5 med det eksepsjonelle serviceniv\u00e5et. Den dedikerte kundebehandleren har spilt en avgj\u00f8rende rolle i \u00e5 maksimere fordelen av tjenestene. Lisa Tarr, Vice President of Marketing &amp; Communications i Pet Paradise, understreker at samarbeidet med Mood har v\u00e6rt sv\u00e6rt verdifullt. Hun understreker at Mood konsekvent overg\u00e5r forventningene gjennom utmerket st\u00f8tte og kommunikasjon. Moods l\u00f8sninger for musikk og digital skilting har hatt en betydelig innvirkning p\u00e5 kundeopplevelsen, noe som gj\u00f8r dem til en uvurderlig ressurs med uovertruffen p\u00e5litelighet og brukervennlighet.<\/h5>\n<\/div>\n<h2>KONTAKT OSS<\/h2>\n<div>\n<p>Gj\u00f8r spa-opplevelsen bedre - for b\u00e5de mennesker og dyr - med Mood Nordics l\u00f8sninger.<\/p>\n<\/div>\n<div>\n<div class=\"wpcf7 no-js\" id=\"wpcf7-f2224-o1\" lang=\"sv-SE\" dir=\"ltr\" data-wpcf7-id=\"2224\">\n<div class=\"screen-reader-response\"><p role=\"status\" aria-live=\"polite\" aria-atomic=\"true\"><\/p> <ul><\/ul><\/div>\n<form action=\"\/nb\/wp-json\/wp\/v2\/pages\/3845#wpcf7-f2224-o1\" method=\"post\" class=\"wpcf7-form init\" aria-label=\"Kontaktformul\u00e4r\" novalidate=\"novalidate\" data-status=\"init\" data-trp-original-action=\"\/nb\/wp-json\/wp\/v2\/pages\/3845#wpcf7-f2224-o1\">\n<div style=\"display: none;\">\n<input type=\"hidden\" name=\"_wpcf7\" value=\"2224\" \/>\n<input type=\"hidden\" name=\"_wpcf7_version\" value=\"6.0.6\" \/>\n<input type=\"hidden\" name=\"_wpcf7_locale\" value=\"sv_SE\" \/>\n<input type=\"hidden\" name=\"_wpcf7_unit_tag\" value=\"wpcf7-f2224-o1\" \/>\n<input type=\"hidden\" name=\"_wpcf7_container_post\" value=\"0\" \/>\n<input type=\"hidden\" name=\"_wpcf7_posted_data_hash\" value=\"\" \/>\n<\/div>\n<p class=\"uk-margin-small\"><span class=\"wpcf7-form-control-wrap\" data-name=\"your-first-name\"><input size=\"40\" maxlength=\"400\" class=\"wpcf7-form-control wpcf7-text wpcf7-validates-as-required uk-input\" aria-required=\"true\" aria-invalid=\"false\" placeholder=\"Fornavn\" value=\"\" type=\"text\" name=\"your-first-name\" \/><\/span>\n<\/p>\n<p class=\"uk-margin-small\"><span class=\"wpcf7-form-control-wrap\" data-name=\"your-last-name\"><input size=\"40\" maxlength=\"400\" class=\"wpcf7-form-control wpcf7-text wpcf7-validates-as-required uk-input\" aria-required=\"true\" aria-invalid=\"false\" placeholder=\"Etternavn\" value=\"\" type=\"text\" name=\"your-last-name\" \/><\/span>\n<\/p>\n<p class=\"uk-margin-small\"><span class=\"wpcf7-form-control-wrap\" data-name=\"your-company\"><input size=\"40\" maxlength=\"400\" class=\"wpcf7-form-control wpcf7-text uk-input\" aria-invalid=\"false\" placeholder=\"Virksomheter\" value=\"\" type=\"text\" name=\"your-company\" \/><\/span>\n<\/p>\n<p class=\"uk-margin-small\"><span class=\"wpcf7-form-control-wrap\" data-name=\"your-postal-code\"><input size=\"40\" maxlength=\"400\" class=\"wpcf7-form-control wpcf7-text uk-input\" aria-invalid=\"false\" placeholder=\"Postnummer\" value=\"\" type=\"text\" name=\"your-postal-code\" \/><\/span>\n<\/p>\n<p class=\"uk-margin-small\"><span class=\"wpcf7-form-control-wrap\" data-name=\"your-phone\"><input size=\"40\" maxlength=\"400\" class=\"wpcf7-form-control wpcf7-tel wpcf7-text wpcf7-validates-as-tel uk-input\" aria-invalid=\"false\" placeholder=\"Tlf.\" value=\"\" type=\"tel\" name=\"your-phone\" \/><\/span>\n<\/p>\n<p class=\"uk-margin-small\"><span class=\"wpcf7-form-control-wrap\" data-name=\"your-email\"><input size=\"40\" maxlength=\"400\" class=\"wpcf7-form-control wpcf7-email wpcf7-validates-as-required wpcf7-text wpcf7-validates-as-email uk-input\" aria-required=\"true\" aria-invalid=\"false\" placeholder=\"E-postadresse\" value=\"\" type=\"email\" name=\"your-email\" \/><\/span>\n<\/p>\n<p class=\"uk-margin-small\"><span class=\"wpcf7-form-control-wrap\" data-name=\"your-message\"><textarea cols=\"40\" rows=\"3\" maxlength=\"2000\" class=\"wpcf7-form-control wpcf7-textarea uk-textarea\" aria-invalid=\"false\" placeholder=\"Din melding\" name=\"your-message\"><\/textarea><\/span>\n<\/p>\n<input class=\"wpcf7-form-control wpcf7-hidden\" value=\"\" type=\"hidden\" name=\"page-url\" \/>\n<div class=\"uk-margin-small uk-text-center\">\n\t<p><input class=\"wpcf7-form-control wpcf7-submit has-spinner uk-button uk-button-primary uk-width-1-1\" type=\"submit\" value=\"SKICKA\" \/>\n\t<\/p>\n<\/div><div class=\"wpcf7-response-output\" aria-hidden=\"true\"><\/div>\n<input type=\"hidden\" name=\"trp-form-language\" value=\"nb\"\/><\/form>\n<\/div>\n<\/div>\n<p><!--more--><br \/>\n<!-- {\"type\":\"layout\",\"children\":[{\"type\":\"section\",\"props\":{\"image\":\"wp-content\\\/uploads\\\/2024\\\/07\\\/pet-paradise-head-scaled-1.webp\",\"image_position\":\"center-center\",\"image_size\":\"cover\",\"media_background\":\"#878787\",\"style\":\"default\",\"text_color\":\"light\",\"title_breakpoint\":\"xl\",\"title_position\":\"top-left\",\"title_rotation\":\"left\",\"vertical_align\":\"middle\",\"width\":\"default\"},\"children\":[{\"type\":\"row\",\"children\":[{\"type\":\"column\",\"props\":{\"image_position\":\"center-center\",\"position_sticky_breakpoint\":\"m\",\"width_medium\":\"3-5\"},\"children\":[{\"type\":\"headline\",\"props\":{\"class\":\"new-hero-text\",\"content\":\"PET PARADISE<br \\\/><span style=\\\"color: #ddd;\\\">FALLSTUDIE<\\\/span>\",\"margin\":\"small\",\"margin_remove_bottom\":false,\"title_element\":\"h1\"}},{\"type\":\"html\",\"props\":{\"content\":\"\n\n<div style=\\\"width: 20%; height: 10px; background: #cd102f; float: left; clear: both;\\\"><\\\/div>\"}}]},{\"type\":\"column\",\"props\":{\"image_position\":\"center-center\",\"position_sticky_breakpoint\":\"m\",\"vertical_align\":\"middle\",\"width_medium\":\"2-5\"},\"children\":[{\"type\":\"text\",\"props\":{\"class\":\"intro2 uk-text-white\",\"column_breakpoint\":\"m\",\"content\":\"\\u201cPartnering with Mood is one of the best things we could have done for our locations. They consistently go above and beyond to ensure that we\\u2019re getting the most out of our services. \\u201d\",\"margin\":\"default\"}},{\"type\":\"text\",\"props\":{\"class\":\"uk-text-white\",\"column_breakpoint\":\"m\",\"content\":\"\\u2013 Lisa Tarr<br\\\/>\\nVice President,<br\\\/>\\nMarketing &amp; Communications\",\"margin\":\"default\"}},{\"type\":\"button\",\"props\":{\"grid_column_gap\":\"small\",\"grid_row_gap\":\"small\",\"margin\":\"medium\"},\"children\":[{\"type\":\"button_item\",\"props\":{\"button_style\":\"default\",\"content\":\"Ladda ner fallstudie (ENGELSKA)\",\"icon_align\":\"left\",\"link\":\"https:\\\/\\\/us.moodmedia.com\\\/wp-content\\\/uploads\\\/2019\\\/09\\\/Pet_Paradise_Case_Study.pdf\"}}]}]}],\"props\":{\"layout\":\"3-5,2-5\"}}],\"name\":\"Section HERO CASE STUDY\"},{\"type\":\"section\",\"props\":{\"image_position\":\"center-center\",\"style\":\"default\",\"title_breakpoint\":\"xl\",\"title_position\":\"top-left\",\"title_rotation\":\"left\",\"vertical_align\":\"middle\",\"width\":\"default\"},\"children\":[{\"type\":\"row\",\"props\":{\"column_gap\":\"large\",\"layout\":\"2-5,3-5\"},\"children\":[{\"type\":\"column\",\"props\":{\"image_position\":\"center-center\",\"position_sticky_breakpoint\":\"m\",\"width_medium\":\"2-5\"},\"children\":[{\"type\":\"headline\",\"props\":{\"content\":\"OM <span class=\\\"moodred\\\">PET PARADISE<\\\/span>\",\"title_element\":\"h2\"}},{\"type\":\"text\",\"props\":{\"class\":\"intro\",\"column_breakpoint\":\"m\",\"content\":\"\n\n<p>Pet Paradise Resort and Day Spa, med 35 anl\\u00e4ggningar, \\u00e4r en av landets ledande akt\\u00f6rer inom djurhotell och dagis f\\u00f6r husdjur. Varje anl\\u00e4ggning erbjuder unika bekv\\u00e4mligheter som ett benformat poolomr\\u00e5de och ett djurspa, men det \\u00e4r deras genuina passion f\\u00f6r djur som verkligen skiljer dem fr\\u00e5n m\\u00e4ngden. Pet Paradises k\\u00e4rnuppdrag \\u00e4r att ge djur\\u00e4gare fullst\\u00e4ndig sinnesro genom att erbjuda en s\\u00e4ker, ren och trivsam vistelse f\\u00f6r deras fyrbenta g\\u00e4ster.<\\\/p>\",\"margin\":\"default\"}}]},{\"type\":\"column\",\"props\":{\"image_position\":\"center-center\",\"position_sticky_breakpoint\":\"m\",\"width_medium\":\"3-5\"},\"children\":[{\"type\":\"headline\",\"props\":{\"content\":\"<span class=\\\"moodred\\\"><strong>UTMANINGEN<\\\/strong><\\\/span>\",\"title_element\":\"h2\"}},{\"type\":\"text\",\"props\":{\"column_breakpoint\":\"m\",\"content\":\"\n\n<p>Pet Paradise vet att en inbjudande och energifylld atmosf\\u00e4r \\u00e4r avg\\u00f6rande f\\u00f6r att skapa f\\u00f6rtroende hos kunder och s\\u00e4kerst\\u00e4lla en positiv upplevelse f\\u00f6r b\\u00e5de djur och \\u00e4gare. De anser att r\\u00e4tt milj\\u00f6 vid inl\\u00e4mning och en st\\u00f6ttande arbetsplats f\\u00f6r personalen \\u00e4r n\\u00f6dv\\u00e4ndigt f\\u00f6r att kunna erbjuda service i toppklass.<\\\/p>\\n\n\n<p>Uppm\\u00e4rksamhet p\\u00e5 detaljer \\u00e4r nyckeln till deras framg\\u00e5ng, inklusive valet av musik som s\\u00e4tter st\\u00e4mningen f\\u00f6r g\\u00e4ster och ger energi till medarbetarna. Pet Paradise beh\\u00f6vde en p\\u00e5litlig leverant\\u00f6r som kunde leverera denna atmosf\\u00e4r konsekvent p\\u00e5 alla anl\\u00e4ggningar. Dessutom ville de ha ett mer dynamiskt s\\u00e4tt att presentera sina tj\\u00e4nster och kampanjer, och g\\u00e5 ifr\\u00e5n tryckta menyer till en mer engagerande och kostnadseffektiv l\\u00f6sning.<\\\/p>\\n\n\n<p>Pet Paradise s\\u00f6kte en helhetsleverant\\u00f6r med en kontaktpunkt som kunde hantera deras varierade behov effektivt och konsekvent. Mood Media blev den perfekta partnern och erbj\\u00f6d de l\\u00f6sningar som kr\\u00e4vdes f\\u00f6r att f\\u00f6rb\\u00e4ttra b\\u00e5de kund- och medarbetarupplevelsen, samtidigt som tj\\u00e4nstepresentationen effektiviserades och tryckkostnaderna minskade..<\\\/p>\",\"margin\":\"default\"}}]}]}]},{\"type\":\"section\",\"props\":{\"image_position\":\"center-center\",\"style\":\"muted\",\"title_breakpoint\":\"xl\",\"title_position\":\"top-left\",\"title_rotation\":\"left\",\"vertical_align\":\"middle\",\"width\":\"default\"},\"children\":[{\"type\":\"row\",\"props\":{\"column_gap\":\"large\",\"layout\":\"1-2,1-2\",\"row_gap\":\"large\"},\"children\":[{\"type\":\"column\",\"props\":{\"image_position\":\"center-center\",\"position_sticky_breakpoint\":\"m\",\"width_medium\":\"1-2\"},\"children\":[{\"type\":\"headline\",\"props\":{\"content\":\"L\\u00d6SNINGEN\",\"margin\":\"small\",\"text_align\":\"left\",\"text_align_breakpoint\":\"s\",\"text_align_fallback\":\"center\",\"title_element\":\"h2\"}},{\"type\":\"text\",\"props\":{\"class\":\"intro\",\"column_breakpoint\":\"m\",\"content\":\"\n\n<p>Mood Media levererade en komplett tj\\u00e4nsteportf\\u00f6lj till Pet Paradise f\\u00f6r att f\\u00f6rb\\u00e4ttra butiksmilj\\u00f6n, minska tryckkostnaderna och f\\u00f6renkla inneh\\u00e5llshanteringen p\\u00e5 samtliga anl\\u00e4ggningar.<\\\/p>\",\"margin\":\"small\"}},{\"type\":\"text\",\"props\":{\"column_breakpoint\":\"m\",\"content\":\"\n\n<h3 class=\\\"bold moodred uk-margin-small\\\">DIGITAL SKYLTNING<\\\/h3>\\n\n\n<p class=\\\"uk-margin-small\\\">Varje Pet Paradise-anl\\u00e4ggning \\u00e4r utrustad med 2\\u20134 sk\\u00e4rmar som visar prisinformation, videor, bilder och kampanjer. Moods erfarna inneh\\u00e5llsutvecklare samarbetar med Pet Paradise f\\u00f6r att skapa engagerande bilder och mallar. Med Harmony, Moods intuitiva publiceringsverktyg, kan Pet Paradises marknadsavdelning enkelt hantera och schemal\\u00e4gga inneh\\u00e5ll, uppdatera priser och anpassa lokal information \\u2013 allt med bara n\\u00e5gra klick.<\\\/p>\",\"margin\":\"default\"}}]},{\"type\":\"column\",\"props\":{\"image_position\":\"center-center\",\"position_sticky_breakpoint\":\"m\",\"width_medium\":\"1-2\"},\"children\":[{\"type\":\"text\",\"props\":{\"column_breakpoint\":\"m\",\"content\":\"\n\n<h3 class=\\\"bold moodred uk-margin-small\\\">CORE MUSIK<\\\/h3>\\n\n\n<p class=\\\"uk-margin-small\\\">Pet Paradise har tillg\\u00e5ng till tio professionellt kuraterade musikprogram, d\\u00e4r varje program inneh\\u00e5ller hundratals l\\u00e5tar licensierade f\\u00f6r kommersiellt bruk. Spellistorna uppdateras automatiskt varje m\\u00e5nad med nya l\\u00e5tar, vilket skapar en dynamisk och engagerande atmosf\\u00e4r.<\\\/p>\",\"margin\":\"default\"}},{\"type\":\"text\",\"props\":{\"class\":\"intro\",\"column_breakpoint\":\"m\",\"content\":\"\n\n<p>Dessutom anv\\u00e4nder utvalda Pet Paradise-anl\\u00e4ggningar Mood f\\u00f6r h\\u00f6gkvalitativ <a href=\\\"https:\\\/\\\/moodnordic.se\\\/audiovisuella-system\\\/professionella-ljudsystem\\\/\\\">kommersiell ljudutrustning<\\\/a>, inklusive installation och l\\u00f6pande service, f\\u00f6r att s\\u00e4kerst\\u00e4lla optimal ljudupplevelse.<\\\/p>\\n\n\n<div id=\\\"gtx-anchor\\\" style=\\\"position: absolute; visibility: hidden; left: 174.906px; top: 43px; width: 195.328px; height: 18px;\\\"><\\\/div>\\n\n\n<div class=\\\"jfk-bubble gtx-bubble\\\" role=\\\"alertdialog\\\" aria-describedby=\\\"bubble-4\\\" style=\\\"visibility: visible; left: -121px; top: 71px; opacity: 1;\\\">\\n\n\n<div class=\\\"jfk-bubble-content-id\\\" id=\\\"bubble-4\\\">\\n\n\n<div id=\\\"gtx-host\\\" style=\\\"min-width: 200px; max-width: 400px;\\\"><\\\/div>\\n<\\\/div>\\n\n\n<div class=\\\"jfk-bubble-closebtn-id jfk-bubble-closebtn\\\" aria-label=\\\"Close\\\" role=\\\"button\\\" tabindex=\\\"0\\\"><\\\/div>\\n\n\n<div class=\\\"jfk-bubble-arrow-id jfk-bubble-arrow jfk-bubble-arrowup\\\" style=\\\"left: 262.406px;\\\">\\n\n\n<div class=\\\"jfk-bubble-arrowimplbefore\\\"><\\\/div>\\n\n\n<div class=\\\"jfk-bubble-arrowimplafter\\\"><\\\/div>\\n<\\\/div>\\n<\\\/div>\",\"margin\":\"small\"}}]}]}]},{\"type\":\"section\",\"props\":{\"image\":\"wp-content\\\/uploads\\\/2024\\\/07\\\/speakerdark.webp\",\"image_position\":\"center-center\",\"image_size\":\"cover\",\"media_background\":\"#7C7C7C\",\"media_blend_mode\":\"multiply\",\"style\":\"default\",\"text_color\":\"light\",\"title_breakpoint\":\"xl\",\"title_position\":\"top-left\",\"title_rotation\":\"left\",\"vertical_align\":\"middle\",\"width\":\"default\"},\"children\":[{\"type\":\"row\",\"children\":[{\"type\":\"column\",\"props\":{\"image_position\":\"center-center\",\"position_sticky_breakpoint\":\"m\",\"width_medium\":\"1-2\"},\"children\":[{\"type\":\"headline\",\"props\":{\"content\":\"RESULTATET\",\"text_align\":\"left\",\"text_align_breakpoint\":\"s\",\"text_align_fallback\":\"center\",\"title_element\":\"h2\"}},{\"type\":\"text\",\"props\":{\"column_breakpoint\":\"m\",\"content\":\"\n\n<p>Mood Media har gett Pet Paradise m\\u00f6jligheten att skapa ett starkt f\\u00f6rsta intryck och leverera en imponerande upplevelse p\\u00e5 samtliga anl\\u00e4ggningar. Det digitala skyltssystemet ger ett modernt, rent och inbjudande intryck, medan de kuraterade musikprogrammen bidrar till en livfull och v\\u00e4lkomnande atmosf\\u00e4r. Med webbaserade portaler f\\u00f6r att hantera musik och digital skyltning kan Pet Paradise enkelt styra och uppdatera sitt ljud- och bildinneh\\u00e5ll, vilket s\\u00e4kerst\\u00e4ller en konsekvent upplevelse p\\u00e5 alla enheter.<\\\/p>\",\"margin\":\"default\",\"text_color\":\"emphasis\"}}]},{\"type\":\"column\",\"props\":{\"image_position\":\"center-center\",\"position_sticky_breakpoint\":\"m\",\"width_medium\":\"1-2\"},\"children\":[{\"type\":\"text\",\"props\":{\"class\":\"intro2 uk-text-bold\",\"column_breakpoint\":\"m\",\"content\":\"\n\n<h5>Pet Paradise \\u00e4r mycket n\\u00f6jda, inte bara med kvaliteten p\\u00e5 Moods l\\u00f6sningar utan \\u00e4ven med den exceptionella serviceniv\\u00e5n. Den dedikerade kundansvariga har spelat en avg\\u00f6rande roll f\\u00f6r att maximera nyttan av tj\\u00e4nsterna. Lisa Tarr, Vice President of Marketing &amp; Communications p\\u00e5 Pet Paradise, betonar att samarbetet med Mood har varit mycket v\\u00e4rdefullt. Hon framh\\u00e5ller att Mood st\\u00e4ndigt \\u00f6vertr\\u00e4ffar f\\u00f6rv\\u00e4ntningarna genom utm\\u00e4rkt support och kommunikation. Effekten av Moods musik- och digitala skyltl\\u00f6sningar p\\u00e5 kundupplevelsen har varit betydande, vilket g\\u00f6r dem till en ov\\u00e4rderlig tillg\\u00e5ng med o\\u00f6vertr\\u00e4ffad drifts\\u00e4kerhet och anv\\u00e4ndarv\\u00e4nlighet.<\\\/h5>\",\"margin\":\"default\",\"text_align\":\"left\",\"text_align_breakpoint\":\"s\",\"text_align_fallback\":\"center\"}}]}],\"props\":{\"layout\":\"1-2,1-2\"}}],\"name\":\"Section The Results\"},{\"type\":\"section\",\"props\":{\"css\":\".el-section{\\n\\tbackground-color: #222222;\\n}\",\"id\":\"contact\",\"image_position\":\"center-center\",\"style\":\"secondary\",\"title_breakpoint\":\"xl\",\"title_position\":\"top-left\",\"title_rotation\":\"left\",\"vertical_align\":\"middle\",\"width\":\"default\"},\"children\":[{\"type\":\"row\",\"children\":[{\"type\":\"column\",\"props\":{\"image_position\":\"center-center\",\"position_sticky_breakpoint\":\"m\"},\"children\":[{\"type\":\"headline\",\"props\":{\"content\":\"KONTAKTA OSS\",\"margin\":\"small\",\"text_align\":\"center\",\"title_element\":\"h2\"}},{\"type\":\"text\",\"props\":{\"column_breakpoint\":\"m\",\"content\":\"\n\n<p>F\\u00f6rh\\u00f6j din spa-upplevelse \\u2013 f\\u00f6r b\\u00e5de m\\u00e4nniskor och djur \\u2013 med hj\\u00e4lp av Mood Nordics l\\u00f6sningar.<\\\/p>\",\"margin\":\"small\",\"text_align\":\"center\",\"text_style\":\"large\"}},{\"type\":\"text\",\"props\":{\"block_align\":\"center\",\"column_breakpoint\":\"m\",\"content\":\"[contact-form-7 id=\\\"e56d022\\\" title=\\\"Kontaktformul\\u00e4r Vertical 2\\\"]\",\"css\":\".el-element .wpcf7-spinner{\\n\\tposition: absolute;\\n    margin-left: -30px;\\n    margin-top: 8px;\\n}\",\"margin\":\"default\",\"maxwidth\":\"xlarge\"}}]}]}],\"name\":\"Section Contact Form New\"}],\"version\":\"4.3.10\"} --><\/p>","protected":false},"excerpt":{"rendered":"<p>PET PARADISEFALLSTUDIE \u201cPartnering with Mood is one of the best things we could have done for our locations. They consistently go above and beyond to ensure that we\u2019re getting the most out of our services. \u201d \u2013 Lisa Tarr Vice President, Marketing &amp; Communications Ladda ner fallstudie (ENGELSKA) OM PET PARADISE Pet Paradise Resort and [&hellip;]<\/p>","protected":false},"author":1,"featured_media":0,"parent":0,"menu_order":0,"comment_status":"closed","ping_status":"closed","template":"","meta":{"footnotes":""},"class_list":["post-3845","page","type-page","status-publish","hentry"],"_links":{"self":[{"href":"https:\/\/moodnordic.se\/nb\/wp-json\/wp\/v2\/pages\/3845"}],"collection":[{"href":"https:\/\/moodnordic.se\/nb\/wp-json\/wp\/v2\/pages"}],"about":[{"href":"https:\/\/moodnordic.se\/nb\/wp-json\/wp\/v2\/types\/page"}],"author":[{"embeddable":true,"href":"https:\/\/moodnordic.se\/nb\/wp-json\/wp\/v2\/users\/1"}],"replies":[{"embeddable":true,"href":"https:\/\/moodnordic.se\/nb\/wp-json\/wp\/v2\/comments?post=3845"}],"version-history":[{"count":55,"href":"https:\/\/moodnordic.se\/nb\/wp-json\/wp\/v2\/pages\/3845\/revisions"}],"predecessor-version":[{"id":7858,"href":"https:\/\/moodnordic.se\/nb\/wp-json\/wp\/v2\/pages\/3845\/revisions\/7858"}],"wp:attachment":[{"href":"https:\/\/moodnordic.se\/nb\/wp-json\/wp\/v2\/media?parent=3845"}],"curies":[{"name":"wp","href":"https:\/\/api.w.org\/{rel}","templated":true}]}}