{"id":5621,"date":"2024-09-04T07:10:15","date_gmt":"2024-09-04T07:10:15","guid":{"rendered":"https:\/\/mood.admaxstage.com\/?page_id=5621"},"modified":"2026-03-25T08:45:24","modified_gmt":"2026-03-25T08:45:24","slug":"kungsangen","status":"publish","type":"page","link":"https:\/\/moodnordic.se\/nb\/kungsangen\/","title":{"rendered":"KungS\u00e4ngen - Lydanlegg og royaltyfri musikk for butikker"},"content":{"rendered":"<h1>KONGENS SENG<br \/><span style=\"color: #ddd;\">CASE STUDY<\/span><\/h1>\n<div>\n<div style=\"width: 20%; height: 10px; background: #cd102f; float: left; clear: both;\"><\/div>\n<\/div>\n<div>\n<p>KungS\u00e4ngen, et ledende navn i sengebransjen i Sverige siden 1998, har etablert seg med 37 butikker og et sterkt fokus p\u00e5 h\u00e5ndlagde senger av h\u00f8y kvalitet.<\/p>\n<p>For \u00e5 forbedre atmosf\u00e6ren i butikkene valgte KungS\u00e4ngen \u00e5 samarbeide med Mood Nordic for \u00e5 installere et profesjonelt lydsystem og en n\u00f8ye utvalgt musikktjeneste med <a href=\"https:\/\/moodnordic.se\/nb\/musik-for-foretag-3\/\">royaltyfri musikk.<\/a><\/p>\n<\/div>\n<p><p>\n        <a href=\"#contact\">kontakt oss<\/a>\n    <\/p>\n<\/p>\n<p><img decoding=\"async\" src=\"\/wp-content\/uploads\/2024\/09\/kungsangen-logo-large.jpg\" alt=\"\"><\/p>\n<h2>OM <span class=\"moodred\">KONGENS SENG<\/span><\/h2>\n<div>\n<p>KingBeds er dedikert til \u00e5 forbedre s\u00f8vnkvaliteten med over 25 \u00e5rs ekspertise innen produksjon av h\u00e5ndlagde senger. <strong>KungS\u00e4ngen er en ledende svensk sengekjede med 37 butikker, og tilbyr en kombinasjon av personlig service og b\u00e6rekraftig praksis.<\/strong> Sengene produseres p\u00e5 bestilling i fabrikken i Enk\u00f6ping i Sverige, noe som garanterer h\u00f8yeste h\u00e5ndverkskvalitet og opptil 30 \u00e5rs garanti. Med fokus p\u00e5 b\u00e5de komfort og milj\u00f8ansvar tilbyr KungS\u00e4ngen skreddersydde s\u00f8vnl\u00f8sninger som fremmer velv\u00e6re og minimerer det \u00f8kologiske fotavtrykket. Den praktiske nettplattformen utfyller de fysiske butikkene og gj\u00f8r det enkelt for kundene \u00e5 f\u00e5 tilgang til senger av h\u00f8y kvalitet - og med riktig bakgrunnsmusikk og profesjonelt lydanlegg skapes et koselig butikkmilj\u00f8 for en enda bedre kundeopplevelse.<\/p>\n<\/div>\n<h2>\n<h2>V\u00c5R <span style=\"color: #e3000b;\">UTFORDRING<\/span><\/h2>\n<\/h2>\n<div>\n<p>Mood Nordic fikk i oppdrag \u00e5 skape et musikalsk milj\u00f8 som appellerer til en bred kundegruppe og samtidig forsterker handleopplevelsen i KungS\u00e4ngens butikker. <strong>M\u00e5let var \u00e5 levere et lydsystem av h\u00f8y kvalitet som kunne spille avslappende og oppl\u00f8ftende musikk p\u00e5 lavt volum, for \u00e5 skape en koselig atmosf\u00e6re uten \u00e5 overd\u00f8ve kundene.<\/strong><\/p>\n<p><strong>Utfordringen var \u00e5 oppn\u00e5 optimal lydkvalitet og klarhet, slik at musikken kunne p\u00e5virke stemningen p\u00e5 en subtil m\u00e5te og bidra til en positiv og engasjerende opplevelse.<\/strong> Ved \u00e5 n\u00f8ye velge ut en balansert miks av feelgood-l\u00e5ter og installere et sofistikert lydsystem \u00f8nsket Mood Nordic \u00e5 skape en atmosf\u00e6re som ikke bare utfyller KungS\u00e4ngens fokus p\u00e5 kvalitet, men som ogs\u00e5 bidrar til \u00e5 <strong>et innbydende milj\u00f8 der kundene blir inspirert til \u00e5 utforske og handle.<\/strong><\/p>\n<div id=\"gtx-anchor\" style=\"position: absolute; visibility: hidden; left: 10px; top: 203px; width: 373.75px; height: 90px;\"><\/div>\n<div class=\"jfk-bubble gtx-bubble\" role=\"alertdialog\" aria-describedby=\"bubble-4\" style=\"visibility: visible; left: 182px; top: 303px; opacity: 1;\">\n<div class=\"jfk-bubble-content-id\" id=\"bubble-4\">\n<div id=\"gtx-host\" style=\"min-width: 200px; max-width: 400px;\"><\/div>\n<\/div>\n<div class=\"jfk-bubble-closebtn-id jfk-bubble-closebtn\" aria-label=\"Lukk\" role=\"button\" tabindex=\"0\"><\/div>\n<div class=\"jfk-bubble-arrow-id jfk-bubble-arrow jfk-bubble-arrowup\" style=\"left: 187px;\">\n<div class=\"jfk-bubble-arrowimplbefore\"><\/div>\n<div class=\"jfk-bubble-arrowimplafter\"><\/div>\n<\/div>\n<\/div>\n<\/div>\n<h2>\n<h2>V\u00c5R <span style=\"color: #e3000b;\">TILN\u00c6RMING<\/span><\/h2>\n<\/h2>\n<div>\n<p>For \u00e5 skape en innbydende og effektiv atmosf\u00e6re i KungS\u00e4ngen brukte Mood Nordic en n\u00f8ye og strukturert tiln\u00e6rming. F\u00f8rst gjennomf\u00f8rte vi en grundig analyse av hver enkelt butikks utforming og akustikk for \u00e5 sikre optimal plassering og konfigurasjon av lydsystemet. Vi valgte <a href=\"https:\/\/moodnordic.se\/nb\/audiovisuella-system\/professionella-ljudsystem\/\">h\u00f8yttalere og lydutstyr av h\u00f8y kvalitet<\/a> som gir klar og oppslukende lyd ved lavt volum, slik at musikken forblir b\u00e5de avslappende og oppl\u00f8ftende uten at du blir tr\u00f8tt av \u00e5 lytte.<\/p>\n<p>Deretter utviklet teamet v\u00e5rt en variert spilleliste med royaltyfri feelgood-musikk som appellerer til et bredt publikum og forbedrer butikkmilj\u00f8et. Utvelgelsesprosessen fokuserte p\u00e5 <a href=\"https:\/\/moodnordic.se\/nb\/musik-for-foretag-3\/\">musikkprogram<\/a> som er b\u00e5de beroligende og engasjerende, for \u00e5 skape en koselig atmosf\u00e6re som oppmuntrer til utforskning og shopping.<\/p>\n<\/div>\n<h2>\n<h2><span style=\"color: #e3000b;\">RESULTATET<\/span><\/h2>\n<\/h2>\n<div>\n<p>Mood Nordic tok utfordringen p\u00e5 strak arm og leverte en eksepsjonell lydopplevelse som var skreddersydd for KungS\u00e4ngens butikkmilj\u00f8. Lydsystemet av h\u00f8y kvalitet og en n\u00f8ye utvalgt spilleliste med royaltyfri, oppl\u00f8ftende og beroligende musikk skapte en innbydende og engasjerende atmosf\u00e6re som forsterket handleopplevelsen uten \u00e5 overvelde kundene.<strong> Den klare lydkvaliteten og det balanserte lydbildet bidro til en avslappet atmosf\u00e6re, noe som gjorde det lettere for kundene \u00e5 utforske og handle.<br \/><\/strong><\/p>\n<p>KungS\u00e4ngen var sv\u00e6rt forn\u00f8yd med resultatet, og understreket den positive effekten p\u00e5 butikkmilj\u00f8et og kundeengasjementet. De er forn\u00f8yde med forbedringene, og har ogs\u00e5 engasjert Mood Nordic til flere prosjekter, blant annet design av fysisk skilting for \u00e5 forbedre butikkene ytterligere.<\/p>\n<p>Bes\u00f8k en <a href=\"https:\/\/kungsangen.com\/se\/butiker\" target=\"_blank\" rel=\"noopener\">KungS\u00e4ngen butikk<\/a> i n\u00e6rheten av deg og opplev forskjellen selv!<\/p>\n<p><a href=\"https:\/\/kungsangen.com\/se\/\" target=\"_blank\" rel=\"noopener\">Kungsangen.com\/se<\/a> for mer informasjon.<\/p>\n<\/div>\n<ul>\n<li>\n<p>        <img decoding=\"async\" src=\"\/wp-content\/uploads\/2024\/09\/5-1.jpg\" alt=\"\"><\/p>\n<\/li>\n<li>\n<p>        <img decoding=\"async\" src=\"\/wp-content\/uploads\/2024\/09\/7.jpg\" alt=\"\"><\/p>\n<\/li>\n<li>\n<p>        <img decoding=\"async\" src=\"\/wp-content\/uploads\/2024\/09\/1-2.jpg\" alt=\"\"><\/p>\n<\/li>\n<li>\n<p>        <img decoding=\"async\" src=\"\/wp-content\/uploads\/2024\/09\/2-1.jpg\" alt=\"\"><\/p>\n<\/li>\n<li>\n<p>        <img decoding=\"async\" src=\"\/wp-content\/uploads\/2024\/09\/4-1.jpg\" alt=\"\"><\/p>\n<\/li>\n<li>\n<p>        <img decoding=\"async\" src=\"\/wp-content\/uploads\/2024\/09\/6-1.jpg\" alt=\"\"><\/p>\n<\/li>\n<\/ul>\n<h2>KONTAKT OSS<\/h2>\n<div>\n<div class=\"et_pb_module et_pb_text et_pb_text_9  et_pb_text_align_center et_pb_bg_layout_dark\">\n<div class=\"et_pb_text_inner\">\n<p class=\"intro\">Forbedre butikkmilj\u00f8et ditt med Mood Nordic-l\u00f8sninger.<\/p>\n<\/div>\n<\/div>\n<div class=\"et_pb_module et_pb_code et_pb_code_1\">\n<div class=\"et_pb_code_inner\">\n<form id=\"mktoForm_1462\" __bizdiag=\"196355617\" __biza=\"WJ__\" novalidate=\"novalidate\" class=\"mktoForm mktoHasWidth mktoLayoutLeft\" action=\"\">\n<div class=\"mktoFormRow\">\n<div class=\"mktoFieldDescriptor mktoFormCol\">\n<div class=\"mktoOffset\"><\/div>\n<div class=\"mktoFieldWrap mktoRequiredField\"><\/div>\n<\/div>\n<\/div>\n<input type=\"hidden\" name=\"trp-form-language\" value=\"nb\"\/><\/form>\n<\/div>\n<\/div>\n<\/div>\n<div>\n<div class=\"wpcf7 no-js\" id=\"wpcf7-f289-o1\" lang=\"sv-SE\" dir=\"ltr\" data-wpcf7-id=\"289\">\n<div class=\"screen-reader-response\"><p role=\"status\" aria-live=\"polite\" aria-atomic=\"true\"><\/p> <ul><\/ul><\/div>\n<form action=\"\/nb\/wp-json\/wp\/v2\/pages\/5621#wpcf7-f289-o1\" method=\"post\" class=\"wpcf7-form init\" aria-label=\"Kontaktformul\u00e4r\" novalidate=\"novalidate\" data-status=\"init\" data-trp-original-action=\"\/nb\/wp-json\/wp\/v2\/pages\/5621#wpcf7-f289-o1\">\n<div style=\"display: none;\">\n<input type=\"hidden\" name=\"_wpcf7\" value=\"289\" \/>\n<input type=\"hidden\" name=\"_wpcf7_version\" value=\"6.0.6\" \/>\n<input type=\"hidden\" name=\"_wpcf7_locale\" value=\"sv_SE\" \/>\n<input type=\"hidden\" name=\"_wpcf7_unit_tag\" value=\"wpcf7-f289-o1\" \/>\n<input type=\"hidden\" name=\"_wpcf7_container_post\" value=\"0\" \/>\n<input type=\"hidden\" name=\"_wpcf7_posted_data_hash\" value=\"\" \/>\n<\/div>\n<div class=\"uk-margin\">\n\t<div class=\"uk-grid-small uk-child-width-1-2@s\" uk-grid>\n\t\t<p><span class=\"wpcf7-form-control-wrap\" data-name=\"your-first-name\"><input size=\"40\" maxlength=\"400\" class=\"wpcf7-form-control wpcf7-text wpcf7-validates-as-required uk-input\" aria-required=\"true\" aria-invalid=\"false\" placeholder=\"Fornavn\" value=\"\" type=\"text\" name=\"your-first-name\" \/><\/span>\n\t\t<\/p>\n\t\t<p><span class=\"wpcf7-form-control-wrap\" data-name=\"your-last-name\"><input size=\"40\" maxlength=\"400\" class=\"wpcf7-form-control wpcf7-text wpcf7-validates-as-required uk-input\" aria-required=\"true\" aria-invalid=\"false\" placeholder=\"Etternavn\" value=\"\" type=\"text\" name=\"your-last-name\" \/><\/span>\n\t\t<\/p>\n\t<\/div>\n<\/div>\n<div class=\"uk-margin\">\n\t<div class=\"uk-grid-small uk-child-width-1-2@s\" uk-grid>\n\t\t<p><span class=\"wpcf7-form-control-wrap\" data-name=\"your-email\"><input size=\"40\" maxlength=\"400\" class=\"wpcf7-form-control wpcf7-email wpcf7-validates-as-required wpcf7-text wpcf7-validates-as-email uk-input\" aria-required=\"true\" aria-invalid=\"false\" placeholder=\"E-postadresse\" value=\"\" type=\"email\" name=\"your-email\" \/><\/span>\n\t\t<\/p>\n\t\t<p><span class=\"wpcf7-form-control-wrap\" data-name=\"your-phone\"><input size=\"40\" maxlength=\"400\" class=\"wpcf7-form-control wpcf7-tel wpcf7-text wpcf7-validates-as-tel uk-input\" aria-invalid=\"false\" placeholder=\"Tlf.\" value=\"\" type=\"tel\" name=\"your-phone\" \/><\/span>\n\t\t<\/p>\n\t<\/div>\n<\/div>\n<div class=\"uk-margin\">\n\t<div class=\"uk-grid-small uk-child-width-1-2@s\" uk-grid>\n\t\t<p><span class=\"wpcf7-form-control-wrap\" data-name=\"your-company\"><input size=\"40\" maxlength=\"400\" class=\"wpcf7-form-control wpcf7-text uk-input\" aria-invalid=\"false\" placeholder=\"Virksomheter\" value=\"\" type=\"text\" name=\"your-company\" \/><\/span>\n\t\t<\/p>\n\t\t<p><span class=\"wpcf7-form-control-wrap\" data-name=\"your-postal-code\"><input size=\"40\" maxlength=\"400\" class=\"wpcf7-form-control wpcf7-text uk-input\" aria-invalid=\"false\" placeholder=\"Postnummer\" value=\"\" type=\"text\" name=\"your-postal-code\" \/><\/span>\n\t\t<\/p>\n\t<\/div>\n<\/div>\n<div class=\"uk-margin\">\n\t<p><span class=\"wpcf7-form-control-wrap\" data-name=\"your-message\"><textarea cols=\"40\" rows=\"3\" maxlength=\"2000\" class=\"wpcf7-form-control wpcf7-textarea uk-textarea\" aria-invalid=\"false\" placeholder=\"Din melding\" name=\"your-message\"><\/textarea><\/span>\n\t<\/p>\n<\/div>\n<input class=\"wpcf7-form-control wpcf7-hidden\" value=\"\" type=\"hidden\" name=\"page-url\" \/>\n<div class=\"uk-margin uk-text-center\">\n\t<p><input class=\"wpcf7-form-control wpcf7-submit has-spinner uk-button uk-button-primary\" type=\"submit\" value=\"SEND SKJEMA\" \/>\n\t<\/p>\n<\/div><div class=\"wpcf7-response-output\" aria-hidden=\"true\"><\/div>\n<input type=\"hidden\" name=\"trp-form-language\" value=\"nb\"\/><\/form>\n<\/div>\n<\/div>\n<p><!--more--><br \/>\n<!-- {\"type\":\"layout\",\"children\":[{\"type\":\"section\",\"props\":{\"image\":\"wp-content\\\/uploads\\\/2024\\\/09\\\/KUNGSAMGEM-4.jpg\",\"image_position\":\"center-center\",\"image_size\":\"cover\",\"media_background\":\"#878787\",\"style\":\"default\",\"text_color\":\"light\",\"title_breakpoint\":\"xl\",\"title_position\":\"top-left\",\"title_rotation\":\"left\",\"vertical_align\":\"\",\"width\":\"default\"},\"children\":[{\"type\":\"row\",\"children\":[{\"type\":\"column\",\"props\":{\"image_position\":\"center-center\",\"position_sticky_breakpoint\":\"m\",\"width_medium\":\"1-2\"},\"children\":[{\"type\":\"headline\",\"props\":{\"class\":\"new-hero-text\",\"content\":\"KUNGS\\u00c4NGEN<br \\\/><span style=\\\"color: #ddd;\\\">FALLSTUDIE<\\\/span>\",\"margin\":\"small\",\"margin_remove_bottom\":false,\"title_element\":\"h1\"}},{\"type\":\"html\",\"props\":{\"content\":\"\n\n<div style=\\\"width: 20%; height: 10px; background: #cd102f; float: left; clear: both;\\\"><\\\/div>\"}}]},{\"type\":\"column\",\"props\":{\"image_position\":\"center-center\",\"position_sticky_breakpoint\":\"m\",\"vertical_align\":\"middle\",\"width_medium\":\"1-2\"},\"children\":[{\"type\":\"text\",\"props\":{\"class\":\"intro2 uk-text-white\",\"column_breakpoint\":\"m\",\"content\":\"\n\n<p>KungS\\u00e4ngen, ett ledande namn inom s\\u00e4ngbranschen i Sverige sedan 1998, har etablerat sig med 37 butiker och ett starkt fokus p\\u00e5 h\\u00f6gkvalitativa, handgjorda s\\u00e4ngar.<\\\/p>\\n\n\n<p>F\\u00f6r att f\\u00f6rh\\u00f6ja atmosf\\u00e4ren i sina butiker valde KungS\\u00e4ngen att samarbeta med Mood Nordic f\\u00f6r att installera ett professionellt ljudsystem och en noggrant utvald musiktj\\u00e4nst med <a href=\\\"https:\\\/\\\/moodnordic.se\\\/musik-for-foretag-3\\\/\\\">royaltyfri musik.<\\\/a><\\\/p>\",\"margin\":\"default\"}},{\"type\":\"button\",\"props\":{\"grid_column_gap\":\"small\",\"grid_row_gap\":\"small\",\"margin\":\"medium\"},\"children\":[{\"type\":\"button_item\",\"props\":{\"button_style\":\"default\",\"content\":\"kontakta oss\",\"dialog_layout\":\"modal\",\"dialog_offcanvas_flip\":true,\"icon_align\":\"left\",\"link\":\"#contact\"}}]}]}],\"props\":{\"layout\":\"1-2,1-2\"}}],\"name\":\"Botica HERO\"},{\"type\":\"section\",\"props\":{\"image_position\":\"center-center\",\"style\":\"default\",\"title_breakpoint\":\"xl\",\"title_position\":\"top-left\",\"title_rotation\":\"left\",\"vertical_align\":\"\",\"width\":\"default\"},\"children\":[{\"type\":\"row\",\"props\":{\"column_gap\":\"large\",\"layout\":\"1-2,1-2\"},\"children\":[{\"type\":\"column\",\"props\":{\"image_position\":\"center-center\",\"position_sticky_breakpoint\":\"m\",\"width_medium\":\"1-2\"},\"children\":[{\"type\":\"image\",\"props\":{\"image\":\"wp-content\\\/uploads\\\/2024\\\/09\\\/kungsangen-logo-large.jpg\",\"image_svg_color\":\"emphasis\",\"margin\":\"default\",\"maxwidth\":\"medium\"}},{\"type\":\"headline\",\"props\":{\"content\":\"OM <span class=\\\"moodred\\\">KUNGS\\u00c4NGEN<\\\/span>\",\"title_element\":\"h2\"}},{\"type\":\"text\",\"props\":{\"class\":\"intro\",\"column_breakpoint\":\"m\",\"content\":\"\n\n<p>KungS\\u00e4ngen \\u00e4r dedikerade till att f\\u00f6rb\\u00e4ttra s\\u00f6mnkvaliteten med \\u00f6ver 25 \\u00e5rs expertis inom tillverkning av handgjorda s\\u00e4ngar. <strong>Som ledande svensk s\\u00e4ngkedja med 37 butiker erbjuder KungS\\u00e4ngen en kombination av personlig service och h\\u00e5llbara metoder.<\\\/strong> S\\u00e4ngarna tillverkas p\\u00e5 best\\u00e4llning i fabriken i Enk\\u00f6ping, vilket garanterar h\\u00f6gsta hantverkskvalitet och upp till 30 \\u00e5rs garanti. Med fokus p\\u00e5 b\\u00e5de komfort och milj\\u00f6ansvar erbjuder KungS\\u00e4ngen skr\\u00e4ddarsydda s\\u00f6mnl\\u00f6sningar som fr\\u00e4mjar v\\u00e4lm\\u00e5ende och minimerar det ekologiska avtrycket. Den smidiga onlineplattformen kompletterar de fysiska butikerna och g\\u00f6r det enkelt f\\u00f6r kunder att f\\u00e5 tillg\\u00e5ng till h\\u00f6gkvalitativa s\\u00e4ngar \\u2013 och med r\\u00e4tt bakgrundsmusik och professionellt ljudsystem skapas en trivsam butiksmilj\\u00f6 f\\u00f6r en \\u00e4nnu b\\u00e4ttre kundupplevelse.<\\\/p>\",\"margin\":\"default\"}},{\"type\":\"headline\",\"props\":{\"content\":\"\n\n<h2>V\\u00c5R <span style=\\\"color: #e3000b;\\\">UTMANING<\\\/span><\\\/h2>\",\"title_element\":\"h2\"}},{\"type\":\"text\",\"props\":{\"class\":\"intro\",\"column_breakpoint\":\"m\",\"content\":\"\n\n<p>Mood Nordic fick i uppdrag att skapa en musikalisk milj\\u00f6 som tilltalar en bred kundgrupp och samtidigt f\\u00f6rh\\u00f6jer shoppingupplevelsen i KungS\\u00e4ngens butiker. <strong>M\\u00e5let var att leverera ett h\\u00f6gkvalitativt ljudsystem som kunde spela avslappnande och upplyftande musik p\\u00e5 l\\u00e5g volym, f\\u00f6r att skapa en behaglig atmosf\\u00e4r utan att \\u00f6verr\\u00f6sta kunderna.<\\\/strong><\\\/p>\\n\n\n<p><strong>Utmaningen var att uppn\\u00e5 optimal ljudkvalitet och tydlighet, s\\u00e5 att musiken subtilt kunde p\\u00e5verka st\\u00e4mningen och bidra till en positiv och engagerande upplevelse.<\\\/strong> Genom att noggrant v\\u00e4lja en balanserad mix av \\u201cfeel-good\\u201d-l\\u00e5tar och installera ett sofistikerat ljudsystem ville Mood Nordic skapa en atmosf\\u00e4r som inte bara kompletterar KungS\\u00e4ngens fokus p\\u00e5 kvalitet, utan \\u00e4ven bidrar till <strong>en inbjudande milj\\u00f6 d\\u00e4r kunder inspireras att utforska och handla.<\\\/strong><\\\/p>\\n\n\n<div id=\\\"gtx-anchor\\\" style=\\\"position: absolute; visibility: hidden; left: 10px; top: 203px; width: 373.75px; height: 90px;\\\"><\\\/div>\\n\n\n<div class=\\\"jfk-bubble gtx-bubble\\\" role=\\\"alertdialog\\\" aria-describedby=\\\"bubble-4\\\" style=\\\"visibility: visible; left: 182px; top: 303px; opacity: 1;\\\">\\n\n\n<div class=\\\"jfk-bubble-content-id\\\" id=\\\"bubble-4\\\">\\n\n\n<div id=\\\"gtx-host\\\" style=\\\"min-width: 200px; max-width: 400px;\\\"><\\\/div>\\n<\\\/div>\\n\n\n<div class=\\\"jfk-bubble-closebtn-id jfk-bubble-closebtn\\\" aria-label=\\\"Close\\\" role=\\\"button\\\" tabindex=\\\"0\\\"><\\\/div>\\n\n\n<div class=\\\"jfk-bubble-arrow-id jfk-bubble-arrow jfk-bubble-arrowup\\\" style=\\\"left: 187px;\\\">\\n\n\n<div class=\\\"jfk-bubble-arrowimplbefore\\\"><\\\/div>\\n\n\n<div class=\\\"jfk-bubble-arrowimplafter\\\"><\\\/div>\\n<\\\/div>\\n<\\\/div>\",\"margin\":\"default\"}}]},{\"type\":\"column\",\"props\":{\"image_position\":\"center-center\",\"position_sticky_breakpoint\":\"m\",\"width_medium\":\"1-2\"},\"children\":[{\"type\":\"headline\",\"props\":{\"content\":\"\n\n<h2>V\\u00c5RT <span style=\\\"color: #e3000b;\\\">TILLV\\u00c4GAG\\u00c5NGSS\\u00c4TT<\\\/span><\\\/h2>\",\"title_element\":\"h2\"}},{\"type\":\"text\",\"props\":{\"class\":\"intro\",\"column_breakpoint\":\"m\",\"content\":\"\n\n<p>F\\u00f6r att skapa en inbjudande och effektiv atmosf\\u00e4r hos KungS\\u00e4ngen anv\\u00e4nde Mood Nordic ett noggrant och strukturerat arbetss\\u00e4tt. F\\u00f6rst genomf\\u00f6rde vi en grundlig analys av varje butiks layout och akustik f\\u00f6r att s\\u00e4kerst\\u00e4lla optimal placering och konfigurering av ljudsystemet. Vi valde <a href=\\\"https:\\\/\\\/moodnordic.se\\\/audiovisuella-system\\\/professionella-ljudsystem\\\/\\\">h\\u00f6gkvalitativa h\\u00f6gtalare och ljudutrustning<\\\/a> som levererar tydligt och omslutande ljud p\\u00e5 l\\u00e5g volym, vilket g\\u00f6r att musiken f\\u00f6rblir b\\u00e5de avslappnande och upplyftande utan att orsaka lyssningstr\\u00f6tthet.<\\\/p>\\n\n\n<p>D\\u00e4refter tog v\\u00e5rt team fram en varierad spellista med royaltyfri \\u201cfeel-good\\u201d-musik som tilltalar en bred publik och f\\u00f6rst\\u00e4rker butiksmilj\\u00f6n. Urvalsprocessen fokuserade p\\u00e5 <a href=\\\"https:\\\/\\\/moodnordic.se\\\/musik-for-foretag-3\\\/\\\">musikprogram<\\\/a> som \\u00e4r b\\u00e5de lugnande och engagerande, f\\u00f6r att skapa en trivsam atmosf\\u00e4r som uppmuntrar till att utforska och handla.<\\\/p>\",\"margin\":\"default\"}},{\"type\":\"headline\",\"props\":{\"content\":\"\n\n<h2><span style=\\\"color: #e3000b;\\\">RESULTATET<\\\/span><\\\/h2>\",\"title_element\":\"h2\"}},{\"type\":\"text\",\"props\":{\"class\":\"intro\",\"column_breakpoint\":\"m\",\"content\":\"\n\n<p>Mood Nordic lyckades m\\u00f6ta utmaningen genom att leverera en exceptionell ljudupplevelse anpassad f\\u00f6r KungS\\u00e4ngens butiksmilj\\u00f6. Det h\\u00f6gkvalitativa ljudsystemet och den noggrant utvalda spellistan med royaltyfri, upplyftande och lugnande musik skapade en v\\u00e4lkomnande och engagerande atmosf\\u00e4r som f\\u00f6rh\\u00f6jde shoppingupplevelsen utan att \\u00f6verr\\u00f6sta kunderna.<strong> Den tydliga ljudkvaliteten och den balanserade ljudbilden bidrog till en avslappnad st\\u00e4mning, vilket gjorde det l\\u00e4ttare f\\u00f6r kunder att utforska och handla.<br \\\/><\\\/strong><\\\/p>\\n\n\n<p>KungS\\u00e4ngen var mycket n\\u00f6jda med resultatet och lyfte fram den positiva effekten p\\u00e5 butiksmilj\\u00f6n och kundengagemanget. N\\u00f6jda med f\\u00f6rb\\u00e4ttringarna har de \\u00e4ven anlitat Mood Nordic f\\u00f6r fler projekt, inklusive utformning av fysisk skyltning f\\u00f6r att ytterligare lyfta sina butiker.<\\\/p>\\n\n\n<p>Bes\\u00f6k en <a href=\\\"https:\\\/\\\/kungsangen.com\\\/se\\\/butiker\\\">KungS\\u00e4ngen butik<\\\/a> n\\u00e4ra dig och upplev skillnaden sj\\u00e4lv!<\\\/p>\\n\n\n<p><a href=\\\"https:\\\/\\\/kungsangen.com\\\/se\\\/\\\">Kungsangen.com\\\/se<\\\/a> f\\u00f6r mer information.<\\\/p>\",\"margin\":\"default\"}}]}]},{\"type\":\"row\",\"props\":{\"row_gap\":\"large\"},\"children\":[{\"type\":\"column\",\"props\":{\"image_position\":\"center-center\",\"position_sticky_breakpoint\":\"m\"},\"children\":[{\"type\":\"slideshow\",\"props\":{\"link_style\":\"default\",\"link_text\":\"Read more\",\"margin\":\"default\",\"meta_align\":\"below-title\",\"meta_element\":\"div\",\"meta_style\":\"text-meta\",\"nav\":\"dotnav\",\"nav_align\":\"center\",\"nav_breakpoint\":\"s\",\"nav_position\":\"bottom-center\",\"nav_position_margin\":\"medium\",\"overlay_animation\":\"parallax\",\"overlay_position\":\"center-left\",\"show_content\":true,\"show_link\":true,\"show_meta\":true,\"show_thumbnail\":true,\"show_title\":true,\"slidenav\":\"default\",\"slidenav_breakpoint\":\"s\",\"slidenav_margin\":\"medium\",\"slidenav_outside_breakpoint\":\"xl\",\"slideshow_autoplay\":true,\"slideshow_autoplay_pause\":false,\"slideshow_min_height\":300,\"thumbnav_height\":\"75\",\"thumbnav_svg_color\":\"emphasis\",\"thumbnav_width\":\"100\",\"title_element\":\"h3\",\"title_hover_style\":\"reset\"},\"children\":[{\"type\":\"slideshow_item\",\"props\":{\"image\":\"wp-content\\\/uploads\\\/2024\\\/09\\\/5-1.jpg\"}},{\"type\":\"slideshow_item\",\"props\":{\"image\":\"wp-content\\\/uploads\\\/2024\\\/09\\\/7.jpg\"}},{\"type\":\"slideshow_item\",\"props\":{\"image\":\"wp-content\\\/uploads\\\/2024\\\/09\\\/1-2.jpg\"}},{\"type\":\"slideshow_item\",\"props\":{\"image\":\"wp-content\\\/uploads\\\/2024\\\/09\\\/2-1.jpg\"}},{\"type\":\"slideshow_item\",\"props\":{\"image\":\"wp-content\\\/uploads\\\/2024\\\/09\\\/4-1.jpg\"}},{\"type\":\"slideshow_item\",\"props\":{\"image\":\"wp-content\\\/uploads\\\/2024\\\/09\\\/6-1.jpg\"}}]}]}]}],\"name\":\"Botica MIDDLE\"},{\"type\":\"section\",\"props\":{\"css\":\".el-section{\\n\\tbackground-color: #222222;\\n}\",\"id\":\"contact\",\"image_position\":\"center-center\",\"style\":\"secondary\",\"title_breakpoint\":\"xl\",\"title_position\":\"top-left\",\"title_rotation\":\"left\",\"vertical_align\":\"\",\"width\":\"default\"},\"children\":[{\"type\":\"row\",\"children\":[{\"type\":\"column\",\"props\":{\"image_position\":\"center-center\",\"position_sticky_breakpoint\":\"m\"},\"children\":[{\"type\":\"headline\",\"props\":{\"content\":\"KONTAKTA OSS\",\"text_align\":\"center\",\"title_element\":\"h2\"}},{\"type\":\"text\",\"props\":{\"column_breakpoint\":\"m\",\"content\":\"\n\n<div class=\\\"et_pb_module et_pb_text et_pb_text_9  et_pb_text_align_center et_pb_bg_layout_dark\\\">\\n\n\n<div class=\\\"et_pb_text_inner\\\">\\n\n\n<p class=\\\"intro\\\">F\\u00f6rh\\u00f6j din butiksmilj\\u00f6 med hj\\u00e4lp av Mood Nordics l\\u00f6sningar.<\\\/p>\\n<\\\/div>\\n<\\\/div>\\n\n\n<div class=\\\"et_pb_module et_pb_code et_pb_code_1\\\">\\n\n\n<div class=\\\"et_pb_code_inner\\\">\n\n<form id=\\\"mktoForm_1462\\\" __bizdiag=\\\"196355617\\\" __biza=\\\"WJ__\\\" novalidate=\\\"novalidate\\\" class=\\\"mktoForm mktoHasWidth mktoLayoutLeft\\\">\\n\n\n<div class=\\\"mktoFormRow\\\">\\n\n\n<div class=\\\"mktoFieldDescriptor mktoFormCol\\\">\\n\n\n<div class=\\\"mktoOffset\\\"><\\\/div>\\n\n\n<div class=\\\"mktoFieldWrap mktoRequiredField\\\"><\\\/div>\\n<\\\/div>\\n<\\\/div>\\n<\\\/form><\\\/div>\\n<\\\/div>\",\"margin\":\"default\",\"text_align\":\"center\",\"text_style\":\"large\"}},{\"type\":\"text\",\"props\":{\"block_align\":\"center\",\"column_breakpoint\":\"m\",\"content\":\"[contact-form-7 id=\\\"4287613\\\" title=\\\"Kontaktformul\\u00e4r\\\"]\",\"css\":\".el-element .wpcf7-spinner{\\n\\tposition: absolute;\\n    margin-left: -30px;\\n    margin-top: 8px;\\n}\",\"margin\":\"default\",\"maxwidth\":\"2xlarge\"}}]}]}],\"name\":\"Contact Form\"}],\"version\":\"4.5.32\"} --><\/p>","protected":false},"excerpt":{"rendered":"<p>KUNGS\u00c4NGENFALLSTUDIE KungS\u00e4ngen, ett ledande namn inom s\u00e4ngbranschen i Sverige sedan 1998, har etablerat sig med 37 butiker och ett starkt fokus p\u00e5 h\u00f6gkvalitativa, handgjorda s\u00e4ngar. F\u00f6r att f\u00f6rh\u00f6ja atmosf\u00e4ren i sina butiker valde KungS\u00e4ngen att samarbeta med Mood Nordic f\u00f6r att installera ett professionellt ljudsystem och en noggrant utvald musiktj\u00e4nst med royaltyfri musik. kontakta oss [&hellip;]<\/p>","protected":false},"author":4,"featured_media":0,"parent":0,"menu_order":0,"comment_status":"closed","ping_status":"closed","template":"","meta":{"footnotes":""},"class_list":["post-5621","page","type-page","status-publish","hentry"],"_links":{"self":[{"href":"https:\/\/moodnordic.se\/nb\/wp-json\/wp\/v2\/pages\/5621"}],"collection":[{"href":"https:\/\/moodnordic.se\/nb\/wp-json\/wp\/v2\/pages"}],"about":[{"href":"https:\/\/moodnordic.se\/nb\/wp-json\/wp\/v2\/types\/page"}],"author":[{"embeddable":true,"href":"https:\/\/moodnordic.se\/nb\/wp-json\/wp\/v2\/users\/4"}],"replies":[{"embeddable":true,"href":"https:\/\/moodnordic.se\/nb\/wp-json\/wp\/v2\/comments?post=5621"}],"version-history":[{"count":47,"href":"https:\/\/moodnordic.se\/nb\/wp-json\/wp\/v2\/pages\/5621\/revisions"}],"predecessor-version":[{"id":8639,"href":"https:\/\/moodnordic.se\/nb\/wp-json\/wp\/v2\/pages\/5621\/revisions\/8639"}],"wp:attachment":[{"href":"https:\/\/moodnordic.se\/nb\/wp-json\/wp\/v2\/media?parent=5621"}],"curies":[{"name":"wp","href":"https:\/\/api.w.org\/{rel}","templated":true}]}}