{"id":5677,"date":"2024-09-04T09:16:44","date_gmt":"2024-09-04T09:16:44","guid":{"rendered":"https:\/\/mood.admaxstage.com\/?page_id=5677"},"modified":"2026-03-25T08:50:16","modified_gmt":"2026-03-25T08:50:16","slug":"atrium-ljungberg-skulptur","status":"publish","type":"page","link":"https:\/\/moodnordic.se\/nb\/atrium-ljungberg-skulptur\/","title":{"rendered":"Atrium Ljungberg-skulptur i Sickla kj\u00f8pesenter"},"content":{"rendered":"<h1>\n<h1>ATRIUM-LJUNGBERG-SKULPTUR I SICKLA KJ\u00d8PESENTER<\/h2>\n<h1><span style=\"color: #ddd;\">CASE STUDY<br \/><\/span><\/h2>\n<\/h1>\n<div>\n<div style=\"width: 20%; height: 10px; background: #cd102f; float: left; clear: both;\"><\/div>\n<\/div>\n<div>\n<p>I over to \u00e5r lette Atrium Ljungberg etter en spektakul\u00e6r l\u00f8sning for \u00e5 forvandle det store \u00e5pne rommet over rulletrappene i Sickla kj\u00f8pesenter i Stockholm. Jakten p\u00e5 en ekte \"WOW\"-faktor ble satt p\u00e5 spissen da de oppdaget et design for <b>en imponerende 50 meter lang skulptur med integrert LED-belysning.<\/b><\/p>\n<p><b>Atrium Ljungberg tok kontakt med Mood Nordic, en betrodd samarbeidspartner,\u00a0<\/b>for \u00e5 be om et tilbud og utforske muligheten for \u00e5 realisere dette ambisi\u00f8se prosjektet.<\/p>\n<\/div>\n<p><p>\n        <a href=\"#contact\">Kontakt oss p\u00e5<\/a>\n    <\/p>\n<\/p>\n<p><img decoding=\"async\" src=\"\/wp-content\/uploads\/2024\/09\/AL-logo.png\" alt=\"Atrium Ljungberg Sculpture at Sickla Shopping mall\"><\/p>\n<h2>OM <span class=\"moodred\">ATRIUM LJUNGBERG<\/span><\/h2>\n<div>\n<p>Atrium Ljungberg er en ledende svensk eiendomsutvikler, kjent for \u00e5 skape dynamiske og b\u00e6rekraftige bymilj\u00f8er. Selskapet har over 50 \u00e5rs erfaring i bransjen og har spesialisert seg p\u00e5 utvikling, forvaltning og forbedring av n\u00e6rings- og boligeiendommer. Prosjektene kjennetegnes av innovativ design, et sterkt fokus p\u00e5 fellesskap og en tydelig forpliktelse til milj\u00f8messig b\u00e6rekraft. Atrium Ljungbergs tiln\u00e6rming integrerer moderne arkitektur med funksjonelle rom for \u00e5 skape levende bymilj\u00f8er som beriker livet til b\u00e5de beboere og bedrifter. Portef\u00f8ljen gjenspeiler en forpliktelse til kvalitet og fortreffelighet i byutvikling. <b>Et av deres viktigste prosjekter er Sickla Shoppingcenter i Stockholm, der de er ansvarlige for b\u00e5de forvaltning og utvikling. Senteret er et tydelig eksempel p\u00e5 Atrium Ljungbergs engasjement for \u00e5 skape dynamiske og funksjonelle milj\u00f8er som forbedrer handleopplevelsen.<\/b><\/p>\n<\/div>\n<h2>\n<h2>V\u00c5R <span style=\"color: #e3000b;\">UTFORDRING<\/span><\/h2>\n<\/h2>\n<div>\n<p><b>Da den anerkjente arkitekten \u00d8yvind Nystad fra Reactor presenterte et banebrytende konsept for en 50 meter lang skulptur med integrert LED-lys, ble Atrium Ljungberg umiddelbart begeistret for potensialet til \u00e5 forvandle det store rommet over rulletrappene i Sickla K\u00f6pkvarter.<\/b>\u00a0 For \u00e5 realisere denne ambisi\u00f8se visjonen valgte Atrium Ljungberg, i samarbeid med investeringsselskapet JFP, Mood Nordic som sin betrodde partner.<\/p>\n<p><b>Utfordringen for Mood Nordic var \u00e5 koordinere den komplekse produksjonen og installasjonen av dette enorme kunstverket,\u00a0<\/b>Dette krevde n\u00f8ye kommunikasjon med produksjonsanleggene for \u00e5 sikre skulpturens detaljerte design og sikkerhet. Installasjonen m\u00e5tte v\u00e6re sikker og presis, samtidig som den skulle gi den visuelle effekten \u00d8yvind hadde sett for seg og oppfylle Atrium Ljungbergs h\u00f8ye krav til kj\u00f8pesenteret.<\/p>\n<\/div>\n<h2>\n<h2>V\u00c5R <span style=\"color: #e3000b;\">TILN\u00c6RMING<\/span><\/h2>\n<\/h2>\n<div>\n<p>For \u00e5 kunne realisere \u00d8yvinds komplekse skulpturdesign og oppfylle Atriums strenge leveringskrav, begynte Mood Nordic med \u00e5 finne en produsent som kunne h\u00e5ndtere prosjektets omfang og detaljrikdom. Teamet kontaktet spesialiserte anlegg med erfaring fra store, sv\u00e6rt detaljerte kunstinstallasjoner for \u00e5 sikre at skulpturen ville f\u00e5 det visuelle uttrykket som ble vist i renderingen.<\/p>\n<p>Etter at produksjonspartneren var valgt, var Mood Nordic ansvarlig for hele produksjonsprosessen, og s\u00f8rget for at hver eneste detalj oppfylte arkitektens spesifikasjoner og prosjektets ambisi\u00f8se visjon. Det siste trinnet var den delikate og presise installasjonen av skulpturen i det store rommet over rulletrappene i Sickla kj\u00f8pesenter. <b>For \u00e5 minimere forstyrrelsene ble installasjonen utf\u00f8rt om natten da kj\u00f8pesenteret var stengt. Mood Nordic koordinerte den sikre opphengingen av skulpturen fra taket ved hjelp av st\u00e5lkabler, noe som garanterte b\u00e5de sikkerhet og stabilitet.<\/b><\/p>\n<\/div>\n<h2>\n<h2><span style=\"color: #e3000b;\">RESULTATET<\/span><\/h2>\n<\/h2>\n<div>\n<p>Mood Nordic lyktes med \u00e5 realisere prosjektet og leverte en skulptur som n\u00f8yaktig samsvarte med \u00d8yvind Nystads detaljerte design og oppfylte Atrium Ljungbergs h\u00f8ye krav. Installasjonen, som inkluderte b\u00e5de kunstverket og de n\u00f8dvendige elektriske og sikkerhetsmessige tiltakene, ble gjennomf\u00f8rt i l\u00f8pet av 16 netter i Sickla Shoppingcenter. Den grundige planleggingen s\u00f8rget for minimal forstyrrelse av kj\u00f8pesenterets daglige drift.<\/p>\n<p><strong>Resultatet er et fantastisk blikkfang som har forvandlet plassen over rulletrappene til et <a href=\"https:\/\/mood.admaxstage.com\/sight-solutions\/\" target=\"_blank\" rel=\"noopener\">fascinerende skue<\/a>. Bes\u00f8kende beundrer ofte skulpturen, tar bilder og nyter det forbedrede shoppingmilj\u00f8et. Kj\u00f8pesenteret har blitt en fremtredende attraksjon i byen og har \u00f8kt tilstr\u00f8mningen av bes\u00f8kende til butikkene i n\u00e6rheten.<\/strong> Atrium Ljungberg er sv\u00e6rt forn\u00f8yd med resultatet, og har oppn\u00e5dd m\u00e5let om \u00e5 skape et sl\u00e5ende og engasjerende midtpunkt som forsterker helhetsopplevelsen i Sickla.<\/p>\n<\/div>\n<ul>\n<li>\n<p>        <img decoding=\"async\" src=\"\/wp-content\/uploads\/2024\/09\/sc2.jpg\" alt=\"\"><\/p>\n<\/li>\n<li>\n<p>        <img decoding=\"async\" src=\"\/wp-content\/uploads\/2024\/09\/sc5.jpg\" alt=\"\"><\/p>\n<\/li>\n<li>\n<p>        <img decoding=\"async\" src=\"\/wp-content\/uploads\/2024\/09\/sc4.jpg\" alt=\"\"><\/p>\n<\/li>\n<li>\n<p>        <img decoding=\"async\" src=\"\/wp-content\/uploads\/2024\/09\/sc3.jpg\" alt=\"\"><\/p>\n<\/li>\n<li>\n<p>        <img decoding=\"async\" src=\"\/wp-content\/uploads\/2024\/09\/sc1.jpg\" alt=\"\"><\/p>\n<\/li>\n<\/ul>\n<h2>KONTAKT OSS<\/h2>\n<div>\n<div class=\"et_pb_module et_pb_text et_pb_text_9  et_pb_text_align_center et_pb_bg_layout_dark\">\n<div class=\"et_pb_text_inner\">\n<p class=\"intro\">Forbedre butikkopplevelsen din med Mood Nordic-l\u00f8sninger.<\/p>\n<\/div>\n<\/div>\n<div class=\"et_pb_module et_pb_code et_pb_code_1\">\n<div class=\"et_pb_code_inner\">\n<form id=\"mktoForm_1462\" __bizdiag=\"196355617\" __biza=\"WJ__\" novalidate=\"novalidate\" class=\"mktoForm mktoHasWidth mktoLayoutLeft\" action=\"\">\n<div class=\"mktoFormRow\">\n<div class=\"mktoFieldDescriptor mktoFormCol\">\n<div class=\"mktoOffset\"><\/div>\n<div class=\"mktoFieldWrap mktoRequiredField\"><\/div>\n<\/div>\n<\/div>\n<input type=\"hidden\" name=\"trp-form-language\" value=\"nb\"\/><\/form>\n<\/div>\n<\/div>\n<\/div>\n<div>\n<div class=\"wpcf7 no-js\" id=\"wpcf7-f289-o1\" lang=\"sv-SE\" dir=\"ltr\" data-wpcf7-id=\"289\">\n<div class=\"screen-reader-response\"><p role=\"status\" aria-live=\"polite\" aria-atomic=\"true\"><\/p> <ul><\/ul><\/div>\n<form action=\"\/nb\/wp-json\/wp\/v2\/pages\/5677#wpcf7-f289-o1\" method=\"post\" class=\"wpcf7-form init\" aria-label=\"Kontaktformul\u00e4r\" novalidate=\"novalidate\" data-status=\"init\" data-trp-original-action=\"\/nb\/wp-json\/wp\/v2\/pages\/5677#wpcf7-f289-o1\">\n<div style=\"display: none;\">\n<input type=\"hidden\" name=\"_wpcf7\" value=\"289\" \/>\n<input type=\"hidden\" name=\"_wpcf7_version\" value=\"6.0.6\" \/>\n<input type=\"hidden\" name=\"_wpcf7_locale\" value=\"sv_SE\" \/>\n<input type=\"hidden\" name=\"_wpcf7_unit_tag\" value=\"wpcf7-f289-o1\" \/>\n<input type=\"hidden\" name=\"_wpcf7_container_post\" value=\"0\" \/>\n<input type=\"hidden\" name=\"_wpcf7_posted_data_hash\" value=\"\" \/>\n<\/div>\n<div class=\"uk-margin\">\n\t<div class=\"uk-grid-small uk-child-width-1-2@s\" uk-grid>\n\t\t<p><span class=\"wpcf7-form-control-wrap\" data-name=\"your-first-name\"><input size=\"40\" maxlength=\"400\" class=\"wpcf7-form-control wpcf7-text wpcf7-validates-as-required uk-input\" aria-required=\"true\" aria-invalid=\"false\" placeholder=\"Fornavn\" value=\"\" type=\"text\" name=\"your-first-name\" \/><\/span>\n\t\t<\/p>\n\t\t<p><span class=\"wpcf7-form-control-wrap\" data-name=\"your-last-name\"><input size=\"40\" maxlength=\"400\" class=\"wpcf7-form-control wpcf7-text wpcf7-validates-as-required uk-input\" aria-required=\"true\" aria-invalid=\"false\" placeholder=\"Etternavn\" value=\"\" type=\"text\" name=\"your-last-name\" \/><\/span>\n\t\t<\/p>\n\t<\/div>\n<\/div>\n<div class=\"uk-margin\">\n\t<div class=\"uk-grid-small uk-child-width-1-2@s\" uk-grid>\n\t\t<p><span class=\"wpcf7-form-control-wrap\" data-name=\"your-email\"><input size=\"40\" maxlength=\"400\" class=\"wpcf7-form-control wpcf7-email wpcf7-validates-as-required wpcf7-text wpcf7-validates-as-email uk-input\" aria-required=\"true\" aria-invalid=\"false\" placeholder=\"E-postadresse\" value=\"\" type=\"email\" name=\"your-email\" \/><\/span>\n\t\t<\/p>\n\t\t<p><span class=\"wpcf7-form-control-wrap\" data-name=\"your-phone\"><input size=\"40\" maxlength=\"400\" class=\"wpcf7-form-control wpcf7-tel wpcf7-text wpcf7-validates-as-tel uk-input\" aria-invalid=\"false\" placeholder=\"Tlf.\" value=\"\" type=\"tel\" name=\"your-phone\" \/><\/span>\n\t\t<\/p>\n\t<\/div>\n<\/div>\n<div class=\"uk-margin\">\n\t<div class=\"uk-grid-small uk-child-width-1-2@s\" uk-grid>\n\t\t<p><span class=\"wpcf7-form-control-wrap\" data-name=\"your-company\"><input size=\"40\" maxlength=\"400\" class=\"wpcf7-form-control wpcf7-text uk-input\" aria-invalid=\"false\" placeholder=\"Virksomheter\" value=\"\" type=\"text\" name=\"your-company\" \/><\/span>\n\t\t<\/p>\n\t\t<p><span class=\"wpcf7-form-control-wrap\" data-name=\"your-postal-code\"><input size=\"40\" maxlength=\"400\" class=\"wpcf7-form-control wpcf7-text uk-input\" aria-invalid=\"false\" placeholder=\"Postnummer\" value=\"\" type=\"text\" name=\"your-postal-code\" \/><\/span>\n\t\t<\/p>\n\t<\/div>\n<\/div>\n<div class=\"uk-margin\">\n\t<p><span class=\"wpcf7-form-control-wrap\" data-name=\"your-message\"><textarea cols=\"40\" rows=\"3\" maxlength=\"2000\" class=\"wpcf7-form-control wpcf7-textarea uk-textarea\" aria-invalid=\"false\" placeholder=\"Din melding\" name=\"your-message\"><\/textarea><\/span>\n\t<\/p>\n<\/div>\n<input class=\"wpcf7-form-control wpcf7-hidden\" value=\"\" type=\"hidden\" name=\"page-url\" \/>\n<div class=\"uk-margin uk-text-center\">\n\t<p><input class=\"wpcf7-form-control wpcf7-submit has-spinner uk-button uk-button-primary\" type=\"submit\" value=\"SEND SKJEMA\" \/>\n\t<\/p>\n<\/div><div class=\"wpcf7-response-output\" aria-hidden=\"true\"><\/div>\n<input type=\"hidden\" name=\"trp-form-language\" value=\"nb\"\/><\/form>\n<\/div>\n<\/div>\n<p><!--more--><br \/>\n<!-- {\"type\":\"layout\",\"children\":[{\"type\":\"section\",\"props\":{\"image\":\"wp-content\\\/uploads\\\/2024\\\/09\\\/sc-dark.jpg\",\"image_position\":\"center-center\",\"image_size\":\"cover\",\"media_background\":\"#878787\",\"style\":\"default\",\"text_color\":\"light\",\"title_breakpoint\":\"xl\",\"title_position\":\"top-left\",\"title_rotation\":\"left\",\"vertical_align\":\"\",\"width\":\"default\"},\"children\":[{\"type\":\"row\",\"children\":[{\"type\":\"column\",\"props\":{\"image_position\":\"center-center\",\"position_sticky_breakpoint\":\"m\",\"width_medium\":\"1-2\"},\"children\":[{\"type\":\"headline\",\"props\":{\"class\":\"new-hero-text\",\"content\":\"\n\n<h1>ATRIUM-LJUNGBERG SKULPTUR I SICKLA K\\u00d6PKVARTER<\\\/h2>\\n\n\n<h1><span style=\\\"color: #ddd;\\\">FALLSTUDIE<br \\\/><\\\/span><\\\/h2>\",\"margin\":\"small\",\"margin_remove_bottom\":false,\"title_element\":\"h1\",\"title_style\":\"h2\"}},{\"type\":\"html\",\"props\":{\"content\":\"\n\n<div style=\\\"width: 20%; height: 10px; background: #cd102f; float: left; clear: both;\\\"><\\\/div>\"}}]},{\"type\":\"column\",\"props\":{\"image_position\":\"center-center\",\"position_sticky_breakpoint\":\"m\",\"vertical_align\":\"middle\",\"width_medium\":\"1-2\"},\"children\":[{\"type\":\"text\",\"props\":{\"class\":\"intro2 uk-text-white\",\"column_breakpoint\":\"m\",\"content\":\"\n\n<p>Under \\u00f6ver tv\\u00e5 \\u00e5rs tid s\\u00f6kte Atrium Ljungberg en spektakul\\u00e4r l\\u00f6sning f\\u00f6r att f\\u00f6rvandla det stora \\u00f6ppna utrymmet ovanf\\u00f6r rulltrapporna i Sickla K\\u00f6pkvarter i Stockholm. Jakten p\\u00e5 en riktig \\u201cWOW\\u201d-faktor fick sin v\\u00e4ndpunkt n\\u00e4r de uppt\\u00e4ckte en design f\\u00f6r <b>en imponerande 50 meter l\\u00e5ng skulptur med integrerad LED-belysning.<\\\/b><\\\/p>\\n\n\n<p><b>Atrium Ljungberg kontaktade Mood Nordic, en betrodd samarbetspartner,\\u00a0<\\\/b>f\\u00f6r att beg\\u00e4ra en offert och unders\\u00f6ka m\\u00f6jligheten att f\\u00f6rverkliga detta ambiti\\u00f6sa projekt.<\\\/p>\",\"margin\":\"default\"}},{\"type\":\"button\",\"props\":{\"grid_column_gap\":\"small\",\"grid_row_gap\":\"small\",\"margin\":\"medium\"},\"children\":[{\"type\":\"button_item\",\"props\":{\"button_style\":\"default\",\"content\":\"Kontakta oss\",\"dialog_layout\":\"modal\",\"dialog_offcanvas_flip\":true,\"icon_align\":\"left\",\"link\":\"#contact\"}}]}]}],\"props\":{\"layout\":\"1-2,1-2\"}}],\"name\":\"kuns\\u00e4ngen HERO\"},{\"type\":\"section\",\"props\":{\"image_position\":\"center-center\",\"style\":\"default\",\"title_breakpoint\":\"xl\",\"title_position\":\"top-left\",\"title_rotation\":\"left\",\"vertical_align\":\"\",\"width\":\"default\"},\"children\":[{\"type\":\"row\",\"props\":{\"column_gap\":\"large\",\"layout\":\"1-2,1-2\"},\"children\":[{\"type\":\"column\",\"props\":{\"image_position\":\"center-center\",\"position_sticky_breakpoint\":\"m\",\"width_medium\":\"1-2\"},\"children\":[{\"type\":\"image\",\"props\":{\"image\":\"wp-content\\\/uploads\\\/2024\\\/09\\\/AL-logo.png\",\"image_alt\":\"Atrium Ljungberg Sculpture at Sickla Shopping mall\",\"image_svg_color\":\"emphasis\",\"margin\":\"default\",\"maxwidth\":\"medium\"}},{\"type\":\"headline\",\"props\":{\"content\":\"OM <span class=\\\"moodred\\\">ATRIUM LJUNGBERG<\\\/span>\",\"title_element\":\"h2\"}},{\"type\":\"text\",\"props\":{\"class\":\"intro\",\"column_breakpoint\":\"m\",\"content\":\"\n\n<p>Atrium Ljungberg \\u00e4r en ledande svensk fastighetsutvecklare, k\\u00e4nd f\\u00f6r att skapa dynamiska och h\\u00e5llbara stadsmilj\\u00f6er. Med \\u00f6ver 50 \\u00e5rs erfarenhet inom branschen \\u00e4r f\\u00f6retaget specialiserat p\\u00e5 utveckling, f\\u00f6rvaltning och f\\u00f6r\\u00e4dling av kommersiella och bostadsfastigheter. Projekten k\\u00e4nnetecknas av innovativ design, starkt fokus p\\u00e5 gemenskap och ett tydligt engagemang f\\u00f6r milj\\u00f6m\\u00e4ssig h\\u00e5llbarhet. Atrium Ljungbergs arbetss\\u00e4tt integrerar modern arkitektur med funktionella ytor och formar levande stadsmilj\\u00f6er som berikar livet f\\u00f6r b\\u00e5de boende och f\\u00f6retag. Portf\\u00f6ljen speglar en str\\u00e4van efter kvalitet och excellens inom stadsutveckling. <b>Ett av deras nyckelprojekt \\u00e4r Sickla K\\u00f6pkvarter i Stockholm, d\\u00e4r de ansvarar f\\u00f6r b\\u00e5de f\\u00f6rvaltning och utveckling. Centret \\u00e4r ett tydligt exempel p\\u00e5 Atrium Ljungbergs engagemang f\\u00f6r att skapa dynamiska, funktionella milj\\u00f6er som f\\u00f6rh\\u00f6jer shoppingupplevelsen.<\\\/b><\\\/p>\",\"margin\":\"default\"}},{\"type\":\"headline\",\"props\":{\"content\":\"\n\n<h2>V\\u00c5R <span style=\\\"color: #e3000b;\\\">UTMANING<\\\/span><\\\/h2>\",\"title_element\":\"h2\"}},{\"type\":\"text\",\"props\":{\"class\":\"intro\",\"column_breakpoint\":\"m\",\"content\":\"\n\n<p><b>N\\u00e4r den v\\u00e4lk\\u00e4nde arkitekten \\u00d8yvind Nystad fr\\u00e5n Reactor presenterade ett banbrytande koncept f\\u00f6r en 50 meter l\\u00e5ng skulptur med integrerade LED-ljus, blev Atrium Ljungberg genast entusiastiska \\u00f6ver potentialen att f\\u00f6rvandla det stora utrymmet ovanf\\u00f6r rulltrapporna i Sickla K\\u00f6pkvarter.<\\\/b>\\u00a0 F\\u00f6r att f\\u00f6rverkliga denna ambiti\\u00f6sa vision v\\u00e4nde sig Atrium Ljungberg, i samarbete med investeringsbolaget JFP, till Mood Nordic som sin betrodda partner.<\\\/p>\\n\n\n<p><b>Utmaningen f\\u00f6r Mood Nordic var att samordna den komplexa tillverkningen och installationen av detta massiva konstverk,\\u00a0<\\\/b>vilket kr\\u00e4vde noggrann kommunikation med tillverkningsanl\\u00e4ggningarna f\\u00f6r att s\\u00e4kerst\\u00e4lla skulpturens detaljerade design och s\\u00e4kerhet. Installationen beh\\u00f6vde vara s\\u00e4ker och exakt, och samtidigt leverera den visuella effekt som \\u00d8yvind f\\u00f6rest\\u00e4llt sig och som motsvarar Atrium Ljungbergs h\\u00f6ga krav f\\u00f6r k\\u00f6pcentrumet.<\\\/p>\",\"margin\":\"default\"}}]},{\"type\":\"column\",\"props\":{\"image_position\":\"center-center\",\"position_sticky_breakpoint\":\"m\",\"width_medium\":\"1-2\"},\"children\":[{\"type\":\"headline\",\"props\":{\"content\":\"\n\n<h2>V\\u00c5RT <span style=\\\"color: #e3000b;\\\">TILLV\\u00c4GAG\\u00c5NGSS\\u00c4TT<\\\/span><\\\/h2>\",\"title_element\":\"h2\"}},{\"type\":\"text\",\"props\":{\"class\":\"intro\",\"column_breakpoint\":\"m\",\"content\":\"\n\n<p>F\\u00f6r att m\\u00f6ta utmaningen med att f\\u00f6rverkliga \\u00d8yvinds komplexa skulpturdesign och leva upp till Atriums h\\u00f6ga leveranskrav b\\u00f6rjade Mood Nordic med att noggrant hitta en tillverkare som kunde hantera projektets omfattning och detaljniv\\u00e5. Teamet kontaktade specialiserade anl\\u00e4ggningar med erfarenhet av storskaliga, h\\u00f6gdetaljerade konstinstallationer f\\u00f6r att s\\u00e4kerst\\u00e4lla att skulpturen skulle motsvara den visuella effekt som visades i renderingen.<\\\/p>\\n\n\n<p>N\\u00e4r tillverkningspartnern var vald ansvarade Mood Nordic f\\u00f6r hela tillverkningsprocessen och s\\u00e5g till att varje detalj f\\u00f6ljde arkitektens specifikationer och projektets ambiti\\u00f6sa vision. Det sista steget var den k\\u00e4nsliga och precisa installationen av skulpturen i det stora utrymmet ovanf\\u00f6r rulltrapporna i Sickla K\\u00f6pkvarter. <b>F\\u00f6r att minimera st\\u00f6rningar genomf\\u00f6rdes installationen nattetid n\\u00e4r k\\u00f6pcentrumet var st\\u00e4ngt. Mood Nordic samordnade den s\\u00e4kra upph\\u00e4ngningen av skulpturen i taket med hj\\u00e4lp av st\\u00e5lkablar, vilket garanterade b\\u00e5de s\\u00e4kerhet och stabilitet.<\\\/b><\\\/p>\",\"margin\":\"default\"}},{\"type\":\"headline\",\"props\":{\"content\":\"\n\n<h2><span style=\\\"color: #e3000b;\\\">RESULTATET<\\\/span><\\\/h2>\",\"title_element\":\"h2\"}},{\"type\":\"text\",\"props\":{\"class\":\"intro\",\"column_breakpoint\":\"m\",\"content\":\"\n\n<p>Mood Nordic lyckades f\\u00f6rverkliga projektet och levererade en skulptur som exakt motsvarade \\u00d8yvind Nystads detaljerade design och uppfyllde Atrium Ljungbergs h\\u00f6ga krav. Installationen, som omfattade b\\u00e5de konstverket och n\\u00f6dv\\u00e4ndiga el- och s\\u00e4kerhets\\u00e5tg\\u00e4rder, slutf\\u00f6rdes under 16 n\\u00e4tter i Sickla K\\u00f6pkvarter. Denna noggranna planering s\\u00e4kerst\\u00e4llde minimal st\\u00f6rning f\\u00f6r k\\u00f6pcentrumets dagliga verksamhet.<\\\/p>\\n\n\n<p><strong>Resultatet \\u00e4r ett hisnande blickf\\u00e5ng som har f\\u00f6rvandlat utrymmet ovanf\\u00f6r rulltrapporna till ett <a href=\\\"https:\\\/\\\/mood.admaxstage.com\\\/sight-solutions\\\/\\\">fascinerande sk\\u00e5despel<\\\/a>. Bes\\u00f6kare ses ofta beundra skulpturen, fotografera och njuta av den f\\u00f6rb\\u00e4ttrade shoppingmilj\\u00f6n. K\\u00f6pcentrumet har blivit en framtr\\u00e4dande stadsattraktion och \\u00f6kat fl\\u00f6det av bes\\u00f6kare till n\\u00e4rliggande butiker.<\\\/strong> Atrium Ljungberg \\u00e4r mycket n\\u00f6jda med resultatet och har uppn\\u00e5tt sitt m\\u00e5l att skapa en sl\\u00e5ende och engagerande mittpunkt som f\\u00f6rh\\u00f6jer helhetsupplevelsen i Sickla.<\\\/p>\",\"margin\":\"default\"}}]}]},{\"type\":\"row\",\"props\":{\"row_gap\":\"large\"},\"children\":[{\"type\":\"column\",\"props\":{\"image_position\":\"center-center\",\"position_sticky_breakpoint\":\"m\"},\"children\":[{\"type\":\"slideshow\",\"props\":{\"link_style\":\"default\",\"link_text\":\"Read more\",\"margin\":\"default\",\"meta_align\":\"below-title\",\"meta_element\":\"div\",\"meta_style\":\"text-meta\",\"nav\":\"dotnav\",\"nav_align\":\"center\",\"nav_breakpoint\":\"s\",\"nav_position\":\"bottom-center\",\"nav_position_margin\":\"medium\",\"overlay_animation\":\"parallax\",\"overlay_position\":\"center-left\",\"show_content\":true,\"show_link\":true,\"show_meta\":true,\"show_thumbnail\":true,\"show_title\":true,\"slidenav\":\"default\",\"slidenav_breakpoint\":\"s\",\"slidenav_margin\":\"medium\",\"slidenav_outside_breakpoint\":\"xl\",\"slideshow_autoplay\":true,\"slideshow_autoplay_pause\":false,\"slideshow_min_height\":\"350\",\"thumbnav_height\":\"75\",\"thumbnav_svg_color\":\"emphasis\",\"thumbnav_width\":\"100\",\"title_element\":\"h3\",\"title_hover_style\":\"reset\"},\"children\":[{\"type\":\"slideshow_item\",\"props\":{\"image\":\"wp-content\\\/uploads\\\/2024\\\/09\\\/sc2.jpg\"}},{\"type\":\"slideshow_item\",\"props\":{\"image\":\"wp-content\\\/uploads\\\/2024\\\/09\\\/sc5.jpg\"}},{\"type\":\"slideshow_item\",\"props\":{\"image\":\"wp-content\\\/uploads\\\/2024\\\/09\\\/sc4.jpg\"}},{\"type\":\"slideshow_item\",\"props\":{\"image\":\"wp-content\\\/uploads\\\/2024\\\/09\\\/sc3.jpg\"}},{\"type\":\"slideshow_item\",\"props\":{\"image\":\"wp-content\\\/uploads\\\/2024\\\/09\\\/sc1.jpg\"}}]}]}]}],\"name\":\"kuns\\u00e4ngen MIDDLE\"},{\"type\":\"section\",\"props\":{\"css\":\".el-section{\\n\\tbackground-color: #222222;\\n}\",\"id\":\"contact\",\"image_position\":\"center-center\",\"style\":\"secondary\",\"title_breakpoint\":\"xl\",\"title_position\":\"top-left\",\"title_rotation\":\"left\",\"vertical_align\":\"\",\"width\":\"default\"},\"children\":[{\"type\":\"row\",\"children\":[{\"type\":\"column\",\"props\":{\"image_position\":\"center-center\",\"position_sticky_breakpoint\":\"m\"},\"children\":[{\"type\":\"headline\",\"props\":{\"content\":\"KONTAKTA OSS\",\"text_align\":\"center\",\"title_element\":\"h2\"}},{\"type\":\"text\",\"props\":{\"column_breakpoint\":\"m\",\"content\":\"\n\n<div class=\\\"et_pb_module et_pb_text et_pb_text_9  et_pb_text_align_center et_pb_bg_layout_dark\\\">\\n\n\n<div class=\\\"et_pb_text_inner\\\">\\n\n\n<p class=\\\"intro\\\">F\\u00f6rh\\u00f6j din retailupplevelse med hj\\u00e4lp av Mood Nordics l\\u00f6sningar.<\\\/p>\\n<\\\/div>\\n<\\\/div>\\n\n\n<div class=\\\"et_pb_module et_pb_code et_pb_code_1\\\">\\n\n\n<div class=\\\"et_pb_code_inner\\\">\n\n<form id=\\\"mktoForm_1462\\\" __bizdiag=\\\"196355617\\\" __biza=\\\"WJ__\\\" novalidate=\\\"novalidate\\\" class=\\\"mktoForm mktoHasWidth mktoLayoutLeft\\\">\\n\n\n<div class=\\\"mktoFormRow\\\">\\n\n\n<div class=\\\"mktoFieldDescriptor mktoFormCol\\\">\\n\n\n<div class=\\\"mktoOffset\\\"><\\\/div>\\n\n\n<div class=\\\"mktoFieldWrap mktoRequiredField\\\"><\\\/div>\\n<\\\/div>\\n<\\\/div>\\n<\\\/form><\\\/div>\\n<\\\/div>\",\"margin\":\"default\",\"text_align\":\"center\",\"text_style\":\"large\"}},{\"type\":\"text\",\"props\":{\"block_align\":\"center\",\"column_breakpoint\":\"m\",\"content\":\"[contact-form-7 id=\\\"4287613\\\" title=\\\"Kontaktformul\\u00e4r\\\"]\",\"css\":\".el-element .wpcf7-spinner{\\n\\tposition: absolute;\\n    margin-left: -30px;\\n    margin-top: 8px;\\n}\",\"margin\":\"default\",\"maxwidth\":\"2xlarge\"}}]}]}],\"name\":\"kungs\\u00e4ngen Contact Form\"}],\"version\":\"4.5.32\"} --><\/p>","protected":false},"excerpt":{"rendered":"<p>ATRIUM-LJUNGBERG SKULPTUR I SICKLA K\u00d6PKVARTER FALLSTUDIE Under \u00f6ver tv\u00e5 \u00e5rs tid s\u00f6kte Atrium Ljungberg en spektakul\u00e4r l\u00f6sning f\u00f6r att f\u00f6rvandla det stora \u00f6ppna utrymmet ovanf\u00f6r rulltrapporna i Sickla K\u00f6pkvarter i Stockholm. Jakten p\u00e5 en riktig \u201cWOW\u201d-faktor fick sin v\u00e4ndpunkt n\u00e4r de uppt\u00e4ckte en design f\u00f6r en imponerande 50 meter l\u00e5ng skulptur med integrerad LED-belysning. Atrium [&hellip;]<\/p>","protected":false},"author":4,"featured_media":0,"parent":0,"menu_order":0,"comment_status":"closed","ping_status":"closed","template":"","meta":{"footnotes":""},"class_list":["post-5677","page","type-page","status-publish","hentry"],"_links":{"self":[{"href":"https:\/\/moodnordic.se\/nb\/wp-json\/wp\/v2\/pages\/5677"}],"collection":[{"href":"https:\/\/moodnordic.se\/nb\/wp-json\/wp\/v2\/pages"}],"about":[{"href":"https:\/\/moodnordic.se\/nb\/wp-json\/wp\/v2\/types\/page"}],"author":[{"embeddable":true,"href":"https:\/\/moodnordic.se\/nb\/wp-json\/wp\/v2\/users\/4"}],"replies":[{"embeddable":true,"href":"https:\/\/moodnordic.se\/nb\/wp-json\/wp\/v2\/comments?post=5677"}],"version-history":[{"count":43,"href":"https:\/\/moodnordic.se\/nb\/wp-json\/wp\/v2\/pages\/5677\/revisions"}],"predecessor-version":[{"id":8646,"href":"https:\/\/moodnordic.se\/nb\/wp-json\/wp\/v2\/pages\/5677\/revisions\/8646"}],"wp:attachment":[{"href":"https:\/\/moodnordic.se\/nb\/wp-json\/wp\/v2\/media?parent=5677"}],"curies":[{"name":"wp","href":"https:\/\/api.w.org\/{rel}","templated":true}]}}